{"id":45357,"date":"2020-04-27T11:59:44","date_gmt":"2020-04-27T09:59:44","guid":{"rendered":"\/?page_id=45357"},"modified":"2020-04-27T12:07:04","modified_gmt":"2020-04-27T10:07:04","slug":"rula-halawani","status":"publish","type":"page","link":"https:\/\/ivam.es\/es\/rula-halawani\/","title":{"rendered":"RULA HALAWANI"},"content":{"rendered":"<p><a href=\"\/wp-content\/uploads\/page\/rula-halawani\/rula_halawani.png\"><img loading=\"lazy\" decoding=\"async\" class=\"alignnone wp-image-45358 size-full\" src=\"\/wp-content\/uploads\/page\/rula-halawani\/rula_halawani.png\" alt=\"Rula Halawani \/ Untitled III (S\u00edn t\u00edtulo III), de la serie Negative Incursion (Incursi\u00f3n negativa), 2002\" width=\"1280\" height=\"800\" srcset=\"https:\/\/ivam.es\/wp-content\/uploads\/page\/rula-halawani\/rula_halawani.png 1280w, https:\/\/ivam.es\/wp-content\/uploads\/page\/rula-halawani\/rula_halawani-300x188.png 300w, https:\/\/ivam.es\/wp-content\/uploads\/page\/rula-halawani\/rula_halawani-1024x640.png 1024w, https:\/\/ivam.es\/wp-content\/uploads\/page\/rula-halawani\/rula_halawani-768x480.png 768w, https:\/\/ivam.es\/wp-content\/uploads\/page\/rula-halawani\/rula_halawani-280x175.png 280w, https:\/\/ivam.es\/wp-content\/uploads\/page\/rula-halawani\/rula_halawani-467x292.png 467w, https:\/\/ivam.es\/wp-content\/uploads\/page\/rula-halawani\/rula_halawani-231x144.png 231w, https:\/\/ivam.es\/wp-content\/uploads\/page\/rula-halawani\/rula_halawani-500x313.png 500w\" sizes=\"auto, (max-width: 1280px) 100vw, 1280px\" \/><\/a><\/p>\n<h4>Untitled III (S\u00edn t\u00edtulo III), de la serie Negative Incursion (Incursi\u00f3n negativa), 2002<br \/>\nFotograf\u00eda (copia de archivo). Ed. 1 de 5<br \/>\n90 x 124 cm<\/h4>\n<p>&nbsp;<\/p>\n<p><strong>Rula Halawani (Jerusal\u00e9n, 1963)<\/strong><\/p>\n<p>La serie Negative Incursions de Rula Halawani est\u00e1 tomada durante un mes despu\u00e9s de la ocupaci\u00f3n israel\u00ed de una de las zonas de Palestina. Halawani pone en pr\u00e1ctica su formaci\u00f3n y trabajo como fotoperiodista reflejando a trav\u00e9s de sus fotograf\u00edas las consecuencias del conflicto, as\u00ed como su experiencia vivencial en su propio lugar de origen. Pero la artista va m\u00e1s all\u00e1, trabajando y cuestionando la apariencia de las im\u00e1genes habituales percibidas por las y los espectadores al otro lado de los medios de comunicaci\u00f3n que tratan estas realidades distantes desde un punto de vista sensacionalista.<\/p>\n<p>Halawani muestras las im\u00e1genes en negativo creando con la aplicaci\u00f3n de esta estrategia unas escenas fantasmag\u00f3ricas que simbolizan el resultado de la violencia como elemento introducido en la cotidianeidad de un pueblo. En la obra Untitled III el espacio p\u00fablico se ha convertido en una masa de fragmentos no identificables, una figura de una mujer en primer plano con los rasgos faciales despersonalizados e irreconocibles y el cielo complemente oscuro, en tinieblas.<\/p>\n<h4>Sandra Moros<br \/>\nConservadora<\/h4>\n","protected":false},"excerpt":{"rendered":"<p>Untitled III (S\u00edn t\u00edtulo III), de la serie Negative Incursion (Incursi\u00f3n negativa), 2002 Fotograf\u00eda (copia de archivo). Ed. 1 de 5 90 x 124 cm &nbsp; Rula Halawani (Jerusal\u00e9n, 1963) La serie Negative Incursions de Rula Halawani est\u00e1 tomada durante un mes despu\u00e9s de la ocupaci\u00f3n israel\u00ed de una de las zonas de Palestina. Halawani [&hellip;]<\/p>\n","protected":false},"author":3,"featured_media":0,"parent":0,"menu_order":336,"comment_status":"closed","ping_status":"closed","template":"","meta":{"footnotes":""},"class_list":["post-45357","page","type-page","status-publish","hentry"],"yoast_head":"<!-- This site is optimized with the Yoast SEO plugin v26.0 - https:\/\/yoast.com\/wordpress\/plugins\/seo\/ -->\n<title>RULA HALAWANI - IVAM<\/title>\n<meta name=\"robots\" content=\"index, follow, max-snippet:-1, max-image-preview:large, max-video-preview:-1\" \/>\n<link rel=\"canonical\" href=\"https:\/\/ivam.es\/es\/rula-halawani\/\" \/>\n<meta property=\"og:locale\" content=\"es_ES\" \/>\n<meta property=\"og:type\" content=\"article\" \/>\n<meta property=\"og:title\" content=\"RULA HALAWANI - IVAM\" \/>\n<meta property=\"og:description\" content=\"Untitled III (S\u00edn t\u00edtulo III), de la serie Negative Incursion (Incursi\u00f3n negativa), 2002 Fotograf\u00eda (copia de archivo). Ed. 1 de 5 90 x 124 cm &nbsp; Rula Halawani (Jerusal\u00e9n, 1963) La serie Negative Incursions de Rula Halawani est\u00e1 tomada durante un mes despu\u00e9s de la ocupaci\u00f3n israel\u00ed de una de las zonas de Palestina. Halawani [&hellip;]\" \/>\n<meta property=\"og:url\" content=\"https:\/\/ivam.es\/es\/rula-halawani\/\" \/>\n<meta property=\"og:site_name\" content=\"IVAM\" \/>\n<meta property=\"article:modified_time\" content=\"2020-04-27T10:07:04+00:00\" \/>\n<meta name=\"twitter:card\" content=\"summary_large_image\" \/>\n<meta name=\"twitter:label1\" content=\"Tiempo de lectura\" \/>\n\t<meta name=\"twitter:data1\" content=\"1 minuto\" \/>\n<script type=\"application\/ld+json\" class=\"yoast-schema-graph\">{\"@context\":\"https:\/\/schema.org\",\"@graph\":[{\"@type\":\"WebPage\",\"@id\":\"https:\/\/ivam.es\/es\/rula-halawani\/\",\"url\":\"https:\/\/ivam.es\/es\/rula-halawani\/\",\"name\":\"RULA HALAWANI - IVAM\",\"isPartOf\":{\"@id\":\"https:\/\/ivam.es\/es\/#website\"},\"datePublished\":\"2020-04-27T09:59:44+00:00\",\"dateModified\":\"2020-04-27T10:07:04+00:00\",\"breadcrumb\":{\"@id\":\"https:\/\/ivam.es\/es\/rula-halawani\/#breadcrumb\"},\"inLanguage\":\"es\",\"potentialAction\":[{\"@type\":\"ReadAction\",\"target\":[\"https:\/\/ivam.es\/es\/rula-halawani\/\"]}]},{\"@type\":\"BreadcrumbList\",\"@id\":\"https:\/\/ivam.es\/es\/rula-halawani\/#breadcrumb\",\"itemListElement\":[{\"@type\":\"ListItem\",\"position\":1,\"name\":\"Home\",\"item\":\"https:\/\/ivam.es\/es\/\"},{\"@type\":\"ListItem\",\"position\":2,\"name\":\"RULA HALAWANI\"}]},{\"@type\":\"WebSite\",\"@id\":\"https:\/\/ivam.es\/es\/#website\",\"url\":\"https:\/\/ivam.es\/es\/\",\"name\":\"IVAM\",\"description\":\"Institut Valenci\u00e0 d&#039;Art Modern\",\"publisher\":{\"@id\":\"https:\/\/ivam.es\/es\/#organization\"},\"potentialAction\":[{\"@type\":\"SearchAction\",\"target\":{\"@type\":\"EntryPoint\",\"urlTemplate\":\"https:\/\/ivam.es\/es\/?s={search_term_string}\"},\"query-input\":{\"@type\":\"PropertyValueSpecification\",\"valueRequired\":true,\"valueName\":\"search_term_string\"}}],\"inLanguage\":\"es\"},{\"@type\":\"Organization\",\"@id\":\"https:\/\/ivam.es\/es\/#organization\",\"name\":\"IVAM\",\"url\":\"https:\/\/ivam.es\/es\/\",\"logo\":{\"@type\":\"ImageObject\",\"inLanguage\":\"es\",\"@id\":\"https:\/\/ivam.es\/es\/#\/schema\/logo\/image\/\",\"url\":\"https:\/\/ivam.es\/wp-content\/uploads\/logo-ok-512.png\",\"contentUrl\":\"https:\/\/ivam.es\/wp-content\/uploads\/logo-ok-512.png\",\"width\":512,\"height\":512,\"caption\":\"IVAM\"},\"image\":{\"@id\":\"https:\/\/ivam.es\/es\/#\/schema\/logo\/image\/\"}}]}<\/script>\n<!-- \/ Yoast SEO plugin. -->","yoast_head_json":{"title":"RULA HALAWANI - IVAM","robots":{"index":"index","follow":"follow","max-snippet":"max-snippet:-1","max-image-preview":"max-image-preview:large","max-video-preview":"max-video-preview:-1"},"canonical":"https:\/\/ivam.es\/es\/rula-halawani\/","og_locale":"es_ES","og_type":"article","og_title":"RULA HALAWANI - IVAM","og_description":"Untitled III (S\u00edn t\u00edtulo III), de la serie Negative Incursion (Incursi\u00f3n negativa), 2002 Fotograf\u00eda (copia de archivo). Ed. 1 de 5 90 x 124 cm &nbsp; Rula Halawani (Jerusal\u00e9n, 1963) La serie Negative Incursions de Rula Halawani est\u00e1 tomada durante un mes despu\u00e9s de la ocupaci\u00f3n israel\u00ed de una de las zonas de Palestina. Halawani [&hellip;]","og_url":"https:\/\/ivam.es\/es\/rula-halawani\/","og_site_name":"IVAM","article_modified_time":"2020-04-27T10:07:04+00:00","twitter_card":"summary_large_image","twitter_misc":{"Tiempo de lectura":"1 minuto"},"schema":{"@context":"https:\/\/schema.org","@graph":[{"@type":"WebPage","@id":"https:\/\/ivam.es\/es\/rula-halawani\/","url":"https:\/\/ivam.es\/es\/rula-halawani\/","name":"RULA HALAWANI - IVAM","isPartOf":{"@id":"https:\/\/ivam.es\/es\/#website"},"datePublished":"2020-04-27T09:59:44+00:00","dateModified":"2020-04-27T10:07:04+00:00","breadcrumb":{"@id":"https:\/\/ivam.es\/es\/rula-halawani\/#breadcrumb"},"inLanguage":"es","potentialAction":[{"@type":"ReadAction","target":["https:\/\/ivam.es\/es\/rula-halawani\/"]}]},{"@type":"BreadcrumbList","@id":"https:\/\/ivam.es\/es\/rula-halawani\/#breadcrumb","itemListElement":[{"@type":"ListItem","position":1,"name":"Home","item":"https:\/\/ivam.es\/es\/"},{"@type":"ListItem","position":2,"name":"RULA HALAWANI"}]},{"@type":"WebSite","@id":"https:\/\/ivam.es\/es\/#website","url":"https:\/\/ivam.es\/es\/","name":"IVAM","description":"Institut Valenci\u00e0 d&#039;Art Modern","publisher":{"@id":"https:\/\/ivam.es\/es\/#organization"},"potentialAction":[{"@type":"SearchAction","target":{"@type":"EntryPoint","urlTemplate":"https:\/\/ivam.es\/es\/?s={search_term_string}"},"query-input":{"@type":"PropertyValueSpecification","valueRequired":true,"valueName":"search_term_string"}}],"inLanguage":"es"},{"@type":"Organization","@id":"https:\/\/ivam.es\/es\/#organization","name":"IVAM","url":"https:\/\/ivam.es\/es\/","logo":{"@type":"ImageObject","inLanguage":"es","@id":"https:\/\/ivam.es\/es\/#\/schema\/logo\/image\/","url":"https:\/\/ivam.es\/wp-content\/uploads\/logo-ok-512.png","contentUrl":"https:\/\/ivam.es\/wp-content\/uploads\/logo-ok-512.png","width":512,"height":512,"caption":"IVAM"},"image":{"@id":"https:\/\/ivam.es\/es\/#\/schema\/logo\/image\/"}}]}},"_links":{"self":[{"href":"https:\/\/ivam.es\/es\/wp-json\/wp\/v2\/pages\/45357","targetHints":{"allow":["GET"]}}],"collection":[{"href":"https:\/\/ivam.es\/es\/wp-json\/wp\/v2\/pages"}],"about":[{"href":"https:\/\/ivam.es\/es\/wp-json\/wp\/v2\/types\/page"}],"author":[{"embeddable":true,"href":"https:\/\/ivam.es\/es\/wp-json\/wp\/v2\/users\/3"}],"replies":[{"embeddable":true,"href":"https:\/\/ivam.es\/es\/wp-json\/wp\/v2\/comments?post=45357"}],"version-history":[{"count":1,"href":"https:\/\/ivam.es\/es\/wp-json\/wp\/v2\/pages\/45357\/revisions"}],"predecessor-version":[{"id":45363,"href":"https:\/\/ivam.es\/es\/wp-json\/wp\/v2\/pages\/45357\/revisions\/45363"}],"wp:attachment":[{"href":"https:\/\/ivam.es\/es\/wp-json\/wp\/v2\/media?parent=45357"}],"curies":[{"name":"wp","href":"https:\/\/api.w.org\/{rel}","templated":true}]}}