{"id":45349,"date":"2020-04-27T12:00:20","date_gmt":"2020-04-27T10:00:20","guid":{"rendered":"\/?page_id=45349"},"modified":"2020-04-27T18:02:12","modified_gmt":"2020-04-27T16:02:12","slug":"grete-stern","status":"publish","type":"page","link":"https:\/\/ivam.es\/es\/grete-stern\/","title":{"rendered":"GRETE STERN"},"content":{"rendered":"<p><a href=\"\/wp-content\/uploads\/page\/grete\/Grete-Stern.jpg\"><img loading=\"lazy\" decoding=\"async\" class=\"alignnone wp-image-45351 size-full\" src=\"\/wp-content\/uploads\/page\/grete\/Grete-Stern.jpg\" alt=\"Grete Stern \/ Sue\u00f1o n\u00ba 45. Sin t\u00edtulo, de la serie Los Sue\u00f1os, Buenos Aires, 1949\" width=\"429\" height=\"531\" srcset=\"https:\/\/ivam.es\/wp-content\/uploads\/page\/grete\/Grete-Stern.jpg 429w, https:\/\/ivam.es\/wp-content\/uploads\/page\/grete\/Grete-Stern-242x300.jpg 242w, https:\/\/ivam.es\/wp-content\/uploads\/page\/grete\/Grete-Stern-280x347.jpg 280w, https:\/\/ivam.es\/wp-content\/uploads\/page\/grete\/Grete-Stern-231x286.jpg 231w\" sizes=\"auto, (max-width: 429px) 100vw, 429px\" \/><\/a><\/p>\n<h4>Sue\u00f1o n\u00ba 45. Sin t\u00edtulo, de la serie Los Sue\u00f1os, Buenos Aires, 1949<br \/>\nGelatina de plata sobre papel, copia realizada por Ricardo Sanguinetti en 1996, 30,4 x 23,8 cm<\/h4>\n<p>&nbsp;<\/p>\n<p><strong>Grete Stern (Elberfeld, Alemania, 1904-Buenos Aires, Argentina, 1999)<\/strong><\/p>\n<p>La publicidad fue el primer campo de acci\u00f3n de la fot\u00f3grafa Grete Stern en el Berl\u00edn de los a\u00f1os 30. Junto a Ellen Auerbach fund\u00f3 un estudio publicitario donde dise\u00f1aban sus productos atendiendo a los principios de la <em>Nueva Objetividad<\/em>\u00a0difundidos por la Bauhaus y cuya esencia defend\u00eda la idea de la <em>neue frau,<\/em> una nueva mujer libre de prejuicios morales y capaz de asumir responsabilidades laborales y liderazgo social.<\/p>\n<p>Tras el ascenso de Hitler al poder en 1933, se vio obligada a huir de Alemania y termin\u00f3 viviendo en Argentina, pa\u00eds donde permanecer\u00eda hasta su muerte. Casada con Horacio Coppola, se introdujo con rapidez en el c\u00edrculo de intelectuales argentinos surgido alrededor de la revista Sur y de Victoria Ocampo, una feminista de ideolog\u00eda liberal enemiga de Per\u00f3n. Desde 1948 hasta 1951, Stern actu\u00f3 como ilustradora de la secci\u00f3n \u201cEl psicoan\u00e1lisis te ayudar\u00e1\u201d de la revista<em> Idilio <\/em>(Editorial Abril), donde se invitaba a las lectoras a enviar sus sue\u00f1os con la promesa de psicoanalizarlos. La columna la firm\u00f3 Richard Rest, pseud\u00f3nimo que ocult\u00f3 la colaboraci\u00f3n entre Enrique Butelman y Gino Germani.<\/p>\n<p>Grete Stern realiz\u00f3 para<em> Idilio<\/em> 150 interpretaciones visuales de sue\u00f1os en forma de fotomontajes que tuvieron como hilo conductor a la mujer de clase media y como trama al conflicto y los traumas emanados de su relaci\u00f3n con la sociedad patriarcal propia del r\u00e9gimen peronista. Stern los compon\u00eda utilizando peque\u00f1as maquetas que armaba a modo de escenarios teatrales, jugando con la colocaci\u00f3n de figuras, fondos, luces y sombras, que despu\u00e9s fotografiaba. Las im\u00e1genes para fondos y detalles proced\u00edan de su archivo personal o de fotograf\u00edas de Horacio Coppola. Asimismo, us\u00f3 como protagonistas de sus fotomontajes a personas de su entorno, especialmente a su hija Silvia y su empleada, Etelvina del Carmen Alaniz \u201cCacho\u201d, quienes posaron pacientemente para ella. Desgraciadamente, la revista <em>Idilio<\/em> no conserv\u00f3 ninguno de los fotomontajes originales. Los 46 sue\u00f1os que se conservan son los que Stern guard\u00f3 en su archivo y que reprodujo para las diversas exposiciones celebradas a partir de 1956.<\/p>\n<p>Con motivo de una monogr\u00e1fica que el IVAM dedic\u00f3 a la artista en 1996, Silvia, la hija de Stern y Coppola, don\u00f3 la serie <em>Sue\u00f1os<\/em> al museo para que formase parte de su colecci\u00f3n permanente.<\/p>\n<h4>Mar\u00eda Jes\u00fas Folch<br \/>\nConservadora<\/h4>\n","protected":false},"excerpt":{"rendered":"<p>Sue\u00f1o n\u00ba 45. Sin t\u00edtulo, de la serie Los Sue\u00f1os, Buenos Aires, 1949 Gelatina de plata sobre papel, copia realizada por Ricardo Sanguinetti en 1996, 30,4 x 23,8 cm &nbsp; Grete Stern (Elberfeld, Alemania, 1904-Buenos Aires, Argentina, 1999) La publicidad fue el primer campo de acci\u00f3n de la fot\u00f3grafa Grete Stern en el Berl\u00edn de [&hellip;]<\/p>\n","protected":false},"author":3,"featured_media":0,"parent":0,"menu_order":335,"comment_status":"closed","ping_status":"closed","template":"","meta":{"footnotes":""},"class_list":["post-45349","page","type-page","status-publish","hentry"],"yoast_head":"<!-- This site is optimized with the Yoast SEO plugin v26.0 - https:\/\/yoast.com\/wordpress\/plugins\/seo\/ -->\n<title>GRETE STERN - IVAM<\/title>\n<meta name=\"robots\" content=\"index, follow, max-snippet:-1, max-image-preview:large, max-video-preview:-1\" \/>\n<link rel=\"canonical\" href=\"https:\/\/ivam.es\/es\/grete-stern\/\" \/>\n<meta property=\"og:locale\" content=\"es_ES\" \/>\n<meta property=\"og:type\" content=\"article\" \/>\n<meta property=\"og:title\" content=\"GRETE STERN - IVAM\" \/>\n<meta property=\"og:description\" content=\"Sue\u00f1o n\u00ba 45. Sin t\u00edtulo, de la serie Los Sue\u00f1os, Buenos Aires, 1949 Gelatina de plata sobre papel, copia realizada por Ricardo Sanguinetti en 1996, 30,4 x 23,8 cm &nbsp; Grete Stern (Elberfeld, Alemania, 1904-Buenos Aires, Argentina, 1999) La publicidad fue el primer campo de acci\u00f3n de la fot\u00f3grafa Grete Stern en el Berl\u00edn de [&hellip;]\" \/>\n<meta property=\"og:url\" content=\"https:\/\/ivam.es\/es\/grete-stern\/\" \/>\n<meta property=\"og:site_name\" content=\"IVAM\" \/>\n<meta property=\"article:modified_time\" content=\"2020-04-27T16:02:12+00:00\" \/>\n<meta name=\"twitter:card\" content=\"summary_large_image\" \/>\n<meta name=\"twitter:label1\" content=\"Tiempo de lectura\" \/>\n\t<meta name=\"twitter:data1\" content=\"2 minutos\" \/>\n<script type=\"application\/ld+json\" class=\"yoast-schema-graph\">{\"@context\":\"https:\/\/schema.org\",\"@graph\":[{\"@type\":\"WebPage\",\"@id\":\"https:\/\/ivam.es\/es\/grete-stern\/\",\"url\":\"https:\/\/ivam.es\/es\/grete-stern\/\",\"name\":\"GRETE STERN - IVAM\",\"isPartOf\":{\"@id\":\"https:\/\/ivam.es\/es\/#website\"},\"datePublished\":\"2020-04-27T10:00:20+00:00\",\"dateModified\":\"2020-04-27T16:02:12+00:00\",\"breadcrumb\":{\"@id\":\"https:\/\/ivam.es\/es\/grete-stern\/#breadcrumb\"},\"inLanguage\":\"es\",\"potentialAction\":[{\"@type\":\"ReadAction\",\"target\":[\"https:\/\/ivam.es\/es\/grete-stern\/\"]}]},{\"@type\":\"BreadcrumbList\",\"@id\":\"https:\/\/ivam.es\/es\/grete-stern\/#breadcrumb\",\"itemListElement\":[{\"@type\":\"ListItem\",\"position\":1,\"name\":\"Home\",\"item\":\"https:\/\/ivam.es\/es\/\"},{\"@type\":\"ListItem\",\"position\":2,\"name\":\"GRETE STERN\"}]},{\"@type\":\"WebSite\",\"@id\":\"https:\/\/ivam.es\/es\/#website\",\"url\":\"https:\/\/ivam.es\/es\/\",\"name\":\"IVAM\",\"description\":\"Institut Valenci\u00e0 d&#039;Art Modern\",\"publisher\":{\"@id\":\"https:\/\/ivam.es\/es\/#organization\"},\"potentialAction\":[{\"@type\":\"SearchAction\",\"target\":{\"@type\":\"EntryPoint\",\"urlTemplate\":\"https:\/\/ivam.es\/es\/?s={search_term_string}\"},\"query-input\":{\"@type\":\"PropertyValueSpecification\",\"valueRequired\":true,\"valueName\":\"search_term_string\"}}],\"inLanguage\":\"es\"},{\"@type\":\"Organization\",\"@id\":\"https:\/\/ivam.es\/es\/#organization\",\"name\":\"IVAM\",\"url\":\"https:\/\/ivam.es\/es\/\",\"logo\":{\"@type\":\"ImageObject\",\"inLanguage\":\"es\",\"@id\":\"https:\/\/ivam.es\/es\/#\/schema\/logo\/image\/\",\"url\":\"https:\/\/ivam.es\/wp-content\/uploads\/logo-ok-512.png\",\"contentUrl\":\"https:\/\/ivam.es\/wp-content\/uploads\/logo-ok-512.png\",\"width\":512,\"height\":512,\"caption\":\"IVAM\"},\"image\":{\"@id\":\"https:\/\/ivam.es\/es\/#\/schema\/logo\/image\/\"}}]}<\/script>\n<!-- \/ Yoast SEO plugin. -->","yoast_head_json":{"title":"GRETE STERN - IVAM","robots":{"index":"index","follow":"follow","max-snippet":"max-snippet:-1","max-image-preview":"max-image-preview:large","max-video-preview":"max-video-preview:-1"},"canonical":"https:\/\/ivam.es\/es\/grete-stern\/","og_locale":"es_ES","og_type":"article","og_title":"GRETE STERN - IVAM","og_description":"Sue\u00f1o n\u00ba 45. Sin t\u00edtulo, de la serie Los Sue\u00f1os, Buenos Aires, 1949 Gelatina de plata sobre papel, copia realizada por Ricardo Sanguinetti en 1996, 30,4 x 23,8 cm &nbsp; Grete Stern (Elberfeld, Alemania, 1904-Buenos Aires, Argentina, 1999) La publicidad fue el primer campo de acci\u00f3n de la fot\u00f3grafa Grete Stern en el Berl\u00edn de [&hellip;]","og_url":"https:\/\/ivam.es\/es\/grete-stern\/","og_site_name":"IVAM","article_modified_time":"2020-04-27T16:02:12+00:00","twitter_card":"summary_large_image","twitter_misc":{"Tiempo de lectura":"2 minutos"},"schema":{"@context":"https:\/\/schema.org","@graph":[{"@type":"WebPage","@id":"https:\/\/ivam.es\/es\/grete-stern\/","url":"https:\/\/ivam.es\/es\/grete-stern\/","name":"GRETE STERN - IVAM","isPartOf":{"@id":"https:\/\/ivam.es\/es\/#website"},"datePublished":"2020-04-27T10:00:20+00:00","dateModified":"2020-04-27T16:02:12+00:00","breadcrumb":{"@id":"https:\/\/ivam.es\/es\/grete-stern\/#breadcrumb"},"inLanguage":"es","potentialAction":[{"@type":"ReadAction","target":["https:\/\/ivam.es\/es\/grete-stern\/"]}]},{"@type":"BreadcrumbList","@id":"https:\/\/ivam.es\/es\/grete-stern\/#breadcrumb","itemListElement":[{"@type":"ListItem","position":1,"name":"Home","item":"https:\/\/ivam.es\/es\/"},{"@type":"ListItem","position":2,"name":"GRETE STERN"}]},{"@type":"WebSite","@id":"https:\/\/ivam.es\/es\/#website","url":"https:\/\/ivam.es\/es\/","name":"IVAM","description":"Institut Valenci\u00e0 d&#039;Art Modern","publisher":{"@id":"https:\/\/ivam.es\/es\/#organization"},"potentialAction":[{"@type":"SearchAction","target":{"@type":"EntryPoint","urlTemplate":"https:\/\/ivam.es\/es\/?s={search_term_string}"},"query-input":{"@type":"PropertyValueSpecification","valueRequired":true,"valueName":"search_term_string"}}],"inLanguage":"es"},{"@type":"Organization","@id":"https:\/\/ivam.es\/es\/#organization","name":"IVAM","url":"https:\/\/ivam.es\/es\/","logo":{"@type":"ImageObject","inLanguage":"es","@id":"https:\/\/ivam.es\/es\/#\/schema\/logo\/image\/","url":"https:\/\/ivam.es\/wp-content\/uploads\/logo-ok-512.png","contentUrl":"https:\/\/ivam.es\/wp-content\/uploads\/logo-ok-512.png","width":512,"height":512,"caption":"IVAM"},"image":{"@id":"https:\/\/ivam.es\/es\/#\/schema\/logo\/image\/"}}]}},"_links":{"self":[{"href":"https:\/\/ivam.es\/es\/wp-json\/wp\/v2\/pages\/45349","targetHints":{"allow":["GET"]}}],"collection":[{"href":"https:\/\/ivam.es\/es\/wp-json\/wp\/v2\/pages"}],"about":[{"href":"https:\/\/ivam.es\/es\/wp-json\/wp\/v2\/types\/page"}],"author":[{"embeddable":true,"href":"https:\/\/ivam.es\/es\/wp-json\/wp\/v2\/users\/3"}],"replies":[{"embeddable":true,"href":"https:\/\/ivam.es\/es\/wp-json\/wp\/v2\/comments?post=45349"}],"version-history":[{"count":7,"href":"https:\/\/ivam.es\/es\/wp-json\/wp\/v2\/pages\/45349\/revisions"}],"predecessor-version":[{"id":45426,"href":"https:\/\/ivam.es\/es\/wp-json\/wp\/v2\/pages\/45349\/revisions\/45426"}],"wp:attachment":[{"href":"https:\/\/ivam.es\/es\/wp-json\/wp\/v2\/media?parent=45349"}],"curies":[{"name":"wp","href":"https:\/\/api.w.org\/{rel}","templated":true}]}}