{"id":45314,"date":"2020-04-27T10:09:02","date_gmt":"2020-04-27T08:09:02","guid":{"rendered":"\/?page_id=45314"},"modified":"2020-04-29T08:26:12","modified_gmt":"2020-04-29T06:26:12","slug":"cindy-sherman","status":"publish","type":"page","link":"https:\/\/ivam.es\/es\/cindy-sherman\/","title":{"rendered":"CINDY SHERMAN"},"content":{"rendered":"<p><a href=\"\/wp-content\/uploads\/page\/cindy-sherman\/Cindy-Sherman.jpg\"><img loading=\"lazy\" decoding=\"async\" class=\"alignnone wp-image-45315 size-full\" src=\"\/wp-content\/uploads\/page\/cindy-sherman\/Cindy-Sherman.jpg\" alt=\"Cindy Sherman \/ Untitled, Film Still n. 15 (Sin t\u00edtulo, Fotograma n\u00ba 15), 1978\" width=\"979\" height=\"1258\" srcset=\"https:\/\/ivam.es\/wp-content\/uploads\/page\/cindy-sherman\/Cindy-Sherman.jpg 979w, https:\/\/ivam.es\/wp-content\/uploads\/page\/cindy-sherman\/Cindy-Sherman-233x300.jpg 233w, https:\/\/ivam.es\/wp-content\/uploads\/page\/cindy-sherman\/Cindy-Sherman-797x1024.jpg 797w, https:\/\/ivam.es\/wp-content\/uploads\/page\/cindy-sherman\/Cindy-Sherman-768x987.jpg 768w, https:\/\/ivam.es\/wp-content\/uploads\/page\/cindy-sherman\/Cindy-Sherman-280x360.jpg 280w, https:\/\/ivam.es\/wp-content\/uploads\/page\/cindy-sherman\/Cindy-Sherman-467x600.jpg 467w, https:\/\/ivam.es\/wp-content\/uploads\/page\/cindy-sherman\/Cindy-Sherman-231x297.jpg 231w, https:\/\/ivam.es\/wp-content\/uploads\/page\/cindy-sherman\/Cindy-Sherman-500x642.jpg 500w\" sizes=\"auto, (max-width: 979px) 100vw, 979px\" \/><\/a><\/p>\n<h4>Untitled, Film Still n. 15 (Sin t\u00edtulo, Fotograma n\u00ba 15), 1978<br \/>\nGelatina de plata sobre papel, copia de \u00e9poca, edici\u00f3n 1\/10<br \/>\n25,4 x 20,3 cm<\/h4>\n<p>&nbsp;<\/p>\n<p><strong>Cindy SHERMAN (Glen Ridge, EE.UU., 1954)<\/strong><\/p>\n<p>Cindy Sherman utiliza la c\u00e1mara fotogr\u00e1fica para retratarse a s\u00ed misma adoptando multitud de clich\u00e9s. Usa su propio cuerpo para, desde una perspectiva femenina, recrear infinidad de personajes propios de una sociedad machista: prostitutas, drogadictas, bailarinas, amas de casa, mujeres despechadas\u2026<\/p>\n<p>Una de sus series m\u00e1s relevantes es <em>Untitled, Film Still<\/em> a la que corresponde esta obra. Se trata de ochenta y cuatro fotograf\u00edas, realizadas en blanco y negro, que escenifican escenas de una pel\u00edcula ficticia que nos remiten visual y narrativamente al cine negro americano de los a\u00f1os cuarenta y cincuenta, a las pel\u00edculas de serie B que se proyectaban en sesi\u00f3n doble, a las de suspense de Alfred Hitchcock, o a los films franceses de la <em>Nouvelle Vague<\/em> y los neorrealistas italianos. En cada fotograf\u00eda se desarrolla una escena donde la propia Sherman, caracterizada, vestida y maquillada, utiliza su cuerpo como un objeto m\u00e1s de atrezo de ese escenario cinematogr\u00e1fico en el que la mujer s\u00f3lo se corresponde con un estereotipo.<\/p>\n<h4>Maita Ca\u00f1am\u00e1s<br \/>\nConservadora<\/h4>\n","protected":false},"excerpt":{"rendered":"<p>Untitled, Film Still n. 15 (Sin t\u00edtulo, Fotograma n\u00ba 15), 1978 Gelatina de plata sobre papel, copia de \u00e9poca, edici\u00f3n 1\/10 25,4 x 20,3 cm &nbsp; Cindy SHERMAN (Glen Ridge, EE.UU., 1954) Cindy Sherman utiliza la c\u00e1mara fotogr\u00e1fica para retratarse a s\u00ed misma adoptando multitud de clich\u00e9s. Usa su propio cuerpo para, desde una perspectiva [&hellip;]<\/p>\n","protected":false},"author":3,"featured_media":0,"parent":0,"menu_order":340,"comment_status":"closed","ping_status":"closed","template":"","meta":{"footnotes":""},"class_list":["post-45314","page","type-page","status-publish","hentry"],"yoast_head":"<!-- This site is optimized with the Yoast SEO plugin v26.0 - https:\/\/yoast.com\/wordpress\/plugins\/seo\/ -->\n<title>CINDY SHERMAN - IVAM<\/title>\n<meta name=\"robots\" content=\"index, follow, max-snippet:-1, max-image-preview:large, max-video-preview:-1\" \/>\n<link rel=\"canonical\" href=\"https:\/\/ivam.es\/es\/cindy-sherman\/\" \/>\n<meta property=\"og:locale\" content=\"es_ES\" \/>\n<meta property=\"og:type\" content=\"article\" \/>\n<meta property=\"og:title\" content=\"CINDY SHERMAN - IVAM\" \/>\n<meta property=\"og:description\" content=\"Untitled, Film Still n. 15 (Sin t\u00edtulo, Fotograma n\u00ba 15), 1978 Gelatina de plata sobre papel, copia de \u00e9poca, edici\u00f3n 1\/10 25,4 x 20,3 cm &nbsp; Cindy SHERMAN (Glen Ridge, EE.UU., 1954) Cindy Sherman utiliza la c\u00e1mara fotogr\u00e1fica para retratarse a s\u00ed misma adoptando multitud de clich\u00e9s. Usa su propio cuerpo para, desde una perspectiva [&hellip;]\" \/>\n<meta property=\"og:url\" content=\"https:\/\/ivam.es\/es\/cindy-sherman\/\" \/>\n<meta property=\"og:site_name\" content=\"IVAM\" \/>\n<meta property=\"article:modified_time\" content=\"2020-04-29T06:26:12+00:00\" \/>\n<meta name=\"twitter:card\" content=\"summary_large_image\" \/>\n<meta name=\"twitter:label1\" content=\"Tiempo de lectura\" \/>\n\t<meta name=\"twitter:data1\" content=\"1 minuto\" \/>\n<script type=\"application\/ld+json\" class=\"yoast-schema-graph\">{\"@context\":\"https:\/\/schema.org\",\"@graph\":[{\"@type\":\"WebPage\",\"@id\":\"https:\/\/ivam.es\/es\/cindy-sherman\/\",\"url\":\"https:\/\/ivam.es\/es\/cindy-sherman\/\",\"name\":\"CINDY SHERMAN - IVAM\",\"isPartOf\":{\"@id\":\"https:\/\/ivam.es\/es\/#website\"},\"datePublished\":\"2020-04-27T08:09:02+00:00\",\"dateModified\":\"2020-04-29T06:26:12+00:00\",\"breadcrumb\":{\"@id\":\"https:\/\/ivam.es\/es\/cindy-sherman\/#breadcrumb\"},\"inLanguage\":\"es\",\"potentialAction\":[{\"@type\":\"ReadAction\",\"target\":[\"https:\/\/ivam.es\/es\/cindy-sherman\/\"]}]},{\"@type\":\"BreadcrumbList\",\"@id\":\"https:\/\/ivam.es\/es\/cindy-sherman\/#breadcrumb\",\"itemListElement\":[{\"@type\":\"ListItem\",\"position\":1,\"name\":\"Home\",\"item\":\"https:\/\/ivam.es\/es\/\"},{\"@type\":\"ListItem\",\"position\":2,\"name\":\"CINDY SHERMAN\"}]},{\"@type\":\"WebSite\",\"@id\":\"https:\/\/ivam.es\/es\/#website\",\"url\":\"https:\/\/ivam.es\/es\/\",\"name\":\"IVAM\",\"description\":\"Institut Valenci\u00e0 d&#039;Art Modern\",\"publisher\":{\"@id\":\"https:\/\/ivam.es\/es\/#organization\"},\"potentialAction\":[{\"@type\":\"SearchAction\",\"target\":{\"@type\":\"EntryPoint\",\"urlTemplate\":\"https:\/\/ivam.es\/es\/?s={search_term_string}\"},\"query-input\":{\"@type\":\"PropertyValueSpecification\",\"valueRequired\":true,\"valueName\":\"search_term_string\"}}],\"inLanguage\":\"es\"},{\"@type\":\"Organization\",\"@id\":\"https:\/\/ivam.es\/es\/#organization\",\"name\":\"IVAM\",\"url\":\"https:\/\/ivam.es\/es\/\",\"logo\":{\"@type\":\"ImageObject\",\"inLanguage\":\"es\",\"@id\":\"https:\/\/ivam.es\/es\/#\/schema\/logo\/image\/\",\"url\":\"https:\/\/ivam.es\/wp-content\/uploads\/logo-ok-512.png\",\"contentUrl\":\"https:\/\/ivam.es\/wp-content\/uploads\/logo-ok-512.png\",\"width\":512,\"height\":512,\"caption\":\"IVAM\"},\"image\":{\"@id\":\"https:\/\/ivam.es\/es\/#\/schema\/logo\/image\/\"}}]}<\/script>\n<!-- \/ Yoast SEO plugin. -->","yoast_head_json":{"title":"CINDY SHERMAN - IVAM","robots":{"index":"index","follow":"follow","max-snippet":"max-snippet:-1","max-image-preview":"max-image-preview:large","max-video-preview":"max-video-preview:-1"},"canonical":"https:\/\/ivam.es\/es\/cindy-sherman\/","og_locale":"es_ES","og_type":"article","og_title":"CINDY SHERMAN - IVAM","og_description":"Untitled, Film Still n. 15 (Sin t\u00edtulo, Fotograma n\u00ba 15), 1978 Gelatina de plata sobre papel, copia de \u00e9poca, edici\u00f3n 1\/10 25,4 x 20,3 cm &nbsp; Cindy SHERMAN (Glen Ridge, EE.UU., 1954) Cindy Sherman utiliza la c\u00e1mara fotogr\u00e1fica para retratarse a s\u00ed misma adoptando multitud de clich\u00e9s. Usa su propio cuerpo para, desde una perspectiva [&hellip;]","og_url":"https:\/\/ivam.es\/es\/cindy-sherman\/","og_site_name":"IVAM","article_modified_time":"2020-04-29T06:26:12+00:00","twitter_card":"summary_large_image","twitter_misc":{"Tiempo de lectura":"1 minuto"},"schema":{"@context":"https:\/\/schema.org","@graph":[{"@type":"WebPage","@id":"https:\/\/ivam.es\/es\/cindy-sherman\/","url":"https:\/\/ivam.es\/es\/cindy-sherman\/","name":"CINDY SHERMAN - IVAM","isPartOf":{"@id":"https:\/\/ivam.es\/es\/#website"},"datePublished":"2020-04-27T08:09:02+00:00","dateModified":"2020-04-29T06:26:12+00:00","breadcrumb":{"@id":"https:\/\/ivam.es\/es\/cindy-sherman\/#breadcrumb"},"inLanguage":"es","potentialAction":[{"@type":"ReadAction","target":["https:\/\/ivam.es\/es\/cindy-sherman\/"]}]},{"@type":"BreadcrumbList","@id":"https:\/\/ivam.es\/es\/cindy-sherman\/#breadcrumb","itemListElement":[{"@type":"ListItem","position":1,"name":"Home","item":"https:\/\/ivam.es\/es\/"},{"@type":"ListItem","position":2,"name":"CINDY SHERMAN"}]},{"@type":"WebSite","@id":"https:\/\/ivam.es\/es\/#website","url":"https:\/\/ivam.es\/es\/","name":"IVAM","description":"Institut Valenci\u00e0 d&#039;Art Modern","publisher":{"@id":"https:\/\/ivam.es\/es\/#organization"},"potentialAction":[{"@type":"SearchAction","target":{"@type":"EntryPoint","urlTemplate":"https:\/\/ivam.es\/es\/?s={search_term_string}"},"query-input":{"@type":"PropertyValueSpecification","valueRequired":true,"valueName":"search_term_string"}}],"inLanguage":"es"},{"@type":"Organization","@id":"https:\/\/ivam.es\/es\/#organization","name":"IVAM","url":"https:\/\/ivam.es\/es\/","logo":{"@type":"ImageObject","inLanguage":"es","@id":"https:\/\/ivam.es\/es\/#\/schema\/logo\/image\/","url":"https:\/\/ivam.es\/wp-content\/uploads\/logo-ok-512.png","contentUrl":"https:\/\/ivam.es\/wp-content\/uploads\/logo-ok-512.png","width":512,"height":512,"caption":"IVAM"},"image":{"@id":"https:\/\/ivam.es\/es\/#\/schema\/logo\/image\/"}}]}},"_links":{"self":[{"href":"https:\/\/ivam.es\/es\/wp-json\/wp\/v2\/pages\/45314","targetHints":{"allow":["GET"]}}],"collection":[{"href":"https:\/\/ivam.es\/es\/wp-json\/wp\/v2\/pages"}],"about":[{"href":"https:\/\/ivam.es\/es\/wp-json\/wp\/v2\/types\/page"}],"author":[{"embeddable":true,"href":"https:\/\/ivam.es\/es\/wp-json\/wp\/v2\/users\/3"}],"replies":[{"embeddable":true,"href":"https:\/\/ivam.es\/es\/wp-json\/wp\/v2\/comments?post=45314"}],"version-history":[{"count":5,"href":"https:\/\/ivam.es\/es\/wp-json\/wp\/v2\/pages\/45314\/revisions"}],"predecessor-version":[{"id":45468,"href":"https:\/\/ivam.es\/es\/wp-json\/wp\/v2\/pages\/45314\/revisions\/45468"}],"wp:attachment":[{"href":"https:\/\/ivam.es\/es\/wp-json\/wp\/v2\/media?parent=45314"}],"curies":[{"name":"wp","href":"https:\/\/api.w.org\/{rel}","templated":true}]}}