{"id":45309,"date":"2020-04-27T10:08:38","date_gmt":"2020-04-27T08:08:38","guid":{"rendered":"\/?page_id=45309"},"modified":"2020-04-27T11:49:09","modified_gmt":"2020-04-27T09:49:09","slug":"carmen-calvo","status":"publish","type":"page","link":"https:\/\/ivam.es\/es\/carmen-calvo\/","title":{"rendered":"CARMEN CALVO"},"content":{"rendered":"<p><a href=\"\/wp-content\/uploads\/page\/carmen-calvo\/Carmen-Calvo.jpg\"><img loading=\"lazy\" decoding=\"async\" class=\"alignnone wp-image-45310 size-full\" src=\"\/wp-content\/uploads\/page\/carmen-calvo\/Carmen-Calvo.jpg\" alt=\"Carmen Calvo \/ Recopilaci\u00f3n, de la serie Paisajes, 1977\" width=\"752\" height=\"548\" srcset=\"https:\/\/ivam.es\/wp-content\/uploads\/page\/carmen-calvo\/Carmen-Calvo.jpg 752w, https:\/\/ivam.es\/wp-content\/uploads\/page\/carmen-calvo\/Carmen-Calvo-300x219.jpg 300w, https:\/\/ivam.es\/wp-content\/uploads\/page\/carmen-calvo\/Carmen-Calvo-280x204.jpg 280w, https:\/\/ivam.es\/wp-content\/uploads\/page\/carmen-calvo\/Carmen-Calvo-467x340.jpg 467w, https:\/\/ivam.es\/wp-content\/uploads\/page\/carmen-calvo\/Carmen-Calvo-231x168.jpg 231w, https:\/\/ivam.es\/wp-content\/uploads\/page\/carmen-calvo\/Carmen-Calvo-500x364.jpg 500w\" sizes=\"auto, (max-width: 752px) 100vw, 752px\" \/><\/a><\/p>\n<h4>Recopilaci\u00f3n, de la serie Paisajes, 1977<br \/>\n\u00d3leo y barro cocido sobre lienzo<br \/>\n85 x 118 cm<\/h4>\n<p>&nbsp;<\/p>\n<p><strong>Carmen CALVO (Valencia, 1950)<\/strong><\/p>\n<p><em>Recopilaci\u00f3n<\/em> (Serie Paisajes) de 1977, enlaza con la imagen del orden de la acumulaci\u00f3n que asociamos al trabajo de Carmen Calvo desde que empez\u00f3 a destacar como artista en la d\u00e9cada de los setenta del siglo pasado. Pintora de conceptos, como a menudo se ha definido a s\u00ed misma, Calvo recurri\u00f3 al comienzo de su trayectoria al barro como materia pict\u00f3rica para enfrentarse a la pintura tradicional, entonces la disciplina acad\u00e9mica por excelencia, pero oponi\u00e9ndose a su vez al uso decorativo del barro, dando un giro a ambas cosas: utiliz\u00f3 el barro como si fuera pintura, ennobleci\u00e9ndolo autom\u00e1ticamente.<\/p>\n<p>El descubrimiento de las colecciones de arte egipcio y mesopot\u00e1mico del Museo de Louvre de Paris, influy\u00f3 en el af\u00e1n coleccionista o de repetici\u00f3n que vemos en sus trabajos de finales de los a\u00f1os setenta donde, y siguiendo a Valeriano Bozal, peque\u00f1as piezas de barro cocido sobre soportes de tela o de madera, recrean la imagen de un paisaje o nos introducen en un ritmo de secuencias. Estas peque\u00f1as piezas que se agrupan o disgregan, componen una estructura b\u00e1sica y un principio que mantiene \u00edntegramente en la actualidad, aunque los cambios sean sustanciales. La transformaci\u00f3n fundamental afecta a la sustituci\u00f3n de las peque\u00f1as piezas de barro por objetos concretos, fragmentos o res-tos de materiales diversos que conforman el imaginario de su trabajo.<\/p>\n<p>El IVAM conserva veintinueve obras de Carmen Calvo en la colecci\u00f3n. <em>Los cielos est\u00e1n cosidos<\/em>, de 2019, es la \u00faltima obra que ha entrado a formar parte de los fondos, y tambi\u00e9n el origen de su reciente intervenci\u00f3n en la fachada.<\/p>\n<h4>Teresa Millet<br \/>\nConservadora<\/h4>\n","protected":false},"excerpt":{"rendered":"<p>Recopilaci\u00f3n, de la serie Paisajes, 1977 \u00d3leo y barro cocido sobre lienzo 85 x 118 cm &nbsp; Carmen CALVO (Valencia, 1950) Recopilaci\u00f3n (Serie Paisajes) de 1977, enlaza con la imagen del orden de la acumulaci\u00f3n que asociamos al trabajo de Carmen Calvo desde que empez\u00f3 a destacar como artista en la d\u00e9cada de los setenta [&hellip;]<\/p>\n","protected":false},"author":3,"featured_media":0,"parent":0,"menu_order":342,"comment_status":"closed","ping_status":"closed","template":"","meta":{"footnotes":""},"class_list":["post-45309","page","type-page","status-publish","hentry"],"yoast_head":"<!-- This site is optimized with the Yoast SEO plugin v26.0 - https:\/\/yoast.com\/wordpress\/plugins\/seo\/ -->\n<title>CARMEN CALVO - IVAM<\/title>\n<meta name=\"robots\" content=\"index, follow, max-snippet:-1, max-image-preview:large, max-video-preview:-1\" \/>\n<link rel=\"canonical\" href=\"https:\/\/ivam.es\/es\/carmen-calvo\/\" \/>\n<meta property=\"og:locale\" content=\"es_ES\" \/>\n<meta property=\"og:type\" content=\"article\" \/>\n<meta property=\"og:title\" content=\"CARMEN CALVO - IVAM\" \/>\n<meta property=\"og:description\" content=\"Recopilaci\u00f3n, de la serie Paisajes, 1977 \u00d3leo y barro cocido sobre lienzo 85 x 118 cm &nbsp; Carmen CALVO (Valencia, 1950) Recopilaci\u00f3n (Serie Paisajes) de 1977, enlaza con la imagen del orden de la acumulaci\u00f3n que asociamos al trabajo de Carmen Calvo desde que empez\u00f3 a destacar como artista en la d\u00e9cada de los setenta [&hellip;]\" \/>\n<meta property=\"og:url\" content=\"https:\/\/ivam.es\/es\/carmen-calvo\/\" \/>\n<meta property=\"og:site_name\" content=\"IVAM\" \/>\n<meta property=\"article:modified_time\" content=\"2020-04-27T09:49:09+00:00\" \/>\n<meta name=\"twitter:card\" content=\"summary_large_image\" \/>\n<meta name=\"twitter:label1\" content=\"Tiempo de lectura\" \/>\n\t<meta name=\"twitter:data1\" content=\"2 minutos\" \/>\n<script type=\"application\/ld+json\" class=\"yoast-schema-graph\">{\"@context\":\"https:\/\/schema.org\",\"@graph\":[{\"@type\":\"WebPage\",\"@id\":\"https:\/\/ivam.es\/es\/carmen-calvo\/\",\"url\":\"https:\/\/ivam.es\/es\/carmen-calvo\/\",\"name\":\"CARMEN CALVO - IVAM\",\"isPartOf\":{\"@id\":\"https:\/\/ivam.es\/es\/#website\"},\"datePublished\":\"2020-04-27T08:08:38+00:00\",\"dateModified\":\"2020-04-27T09:49:09+00:00\",\"breadcrumb\":{\"@id\":\"https:\/\/ivam.es\/es\/carmen-calvo\/#breadcrumb\"},\"inLanguage\":\"es\",\"potentialAction\":[{\"@type\":\"ReadAction\",\"target\":[\"https:\/\/ivam.es\/es\/carmen-calvo\/\"]}]},{\"@type\":\"BreadcrumbList\",\"@id\":\"https:\/\/ivam.es\/es\/carmen-calvo\/#breadcrumb\",\"itemListElement\":[{\"@type\":\"ListItem\",\"position\":1,\"name\":\"Home\",\"item\":\"https:\/\/ivam.es\/es\/\"},{\"@type\":\"ListItem\",\"position\":2,\"name\":\"CARMEN CALVO\"}]},{\"@type\":\"WebSite\",\"@id\":\"https:\/\/ivam.es\/es\/#website\",\"url\":\"https:\/\/ivam.es\/es\/\",\"name\":\"IVAM\",\"description\":\"Institut Valenci\u00e0 d&#039;Art Modern\",\"publisher\":{\"@id\":\"https:\/\/ivam.es\/es\/#organization\"},\"potentialAction\":[{\"@type\":\"SearchAction\",\"target\":{\"@type\":\"EntryPoint\",\"urlTemplate\":\"https:\/\/ivam.es\/es\/?s={search_term_string}\"},\"query-input\":{\"@type\":\"PropertyValueSpecification\",\"valueRequired\":true,\"valueName\":\"search_term_string\"}}],\"inLanguage\":\"es\"},{\"@type\":\"Organization\",\"@id\":\"https:\/\/ivam.es\/es\/#organization\",\"name\":\"IVAM\",\"url\":\"https:\/\/ivam.es\/es\/\",\"logo\":{\"@type\":\"ImageObject\",\"inLanguage\":\"es\",\"@id\":\"https:\/\/ivam.es\/es\/#\/schema\/logo\/image\/\",\"url\":\"https:\/\/ivam.es\/wp-content\/uploads\/logo-ok-512.png\",\"contentUrl\":\"https:\/\/ivam.es\/wp-content\/uploads\/logo-ok-512.png\",\"width\":512,\"height\":512,\"caption\":\"IVAM\"},\"image\":{\"@id\":\"https:\/\/ivam.es\/es\/#\/schema\/logo\/image\/\"}}]}<\/script>\n<!-- \/ Yoast SEO plugin. -->","yoast_head_json":{"title":"CARMEN CALVO - IVAM","robots":{"index":"index","follow":"follow","max-snippet":"max-snippet:-1","max-image-preview":"max-image-preview:large","max-video-preview":"max-video-preview:-1"},"canonical":"https:\/\/ivam.es\/es\/carmen-calvo\/","og_locale":"es_ES","og_type":"article","og_title":"CARMEN CALVO - IVAM","og_description":"Recopilaci\u00f3n, de la serie Paisajes, 1977 \u00d3leo y barro cocido sobre lienzo 85 x 118 cm &nbsp; Carmen CALVO (Valencia, 1950) Recopilaci\u00f3n (Serie Paisajes) de 1977, enlaza con la imagen del orden de la acumulaci\u00f3n que asociamos al trabajo de Carmen Calvo desde que empez\u00f3 a destacar como artista en la d\u00e9cada de los setenta [&hellip;]","og_url":"https:\/\/ivam.es\/es\/carmen-calvo\/","og_site_name":"IVAM","article_modified_time":"2020-04-27T09:49:09+00:00","twitter_card":"summary_large_image","twitter_misc":{"Tiempo de lectura":"2 minutos"},"schema":{"@context":"https:\/\/schema.org","@graph":[{"@type":"WebPage","@id":"https:\/\/ivam.es\/es\/carmen-calvo\/","url":"https:\/\/ivam.es\/es\/carmen-calvo\/","name":"CARMEN CALVO - IVAM","isPartOf":{"@id":"https:\/\/ivam.es\/es\/#website"},"datePublished":"2020-04-27T08:08:38+00:00","dateModified":"2020-04-27T09:49:09+00:00","breadcrumb":{"@id":"https:\/\/ivam.es\/es\/carmen-calvo\/#breadcrumb"},"inLanguage":"es","potentialAction":[{"@type":"ReadAction","target":["https:\/\/ivam.es\/es\/carmen-calvo\/"]}]},{"@type":"BreadcrumbList","@id":"https:\/\/ivam.es\/es\/carmen-calvo\/#breadcrumb","itemListElement":[{"@type":"ListItem","position":1,"name":"Home","item":"https:\/\/ivam.es\/es\/"},{"@type":"ListItem","position":2,"name":"CARMEN CALVO"}]},{"@type":"WebSite","@id":"https:\/\/ivam.es\/es\/#website","url":"https:\/\/ivam.es\/es\/","name":"IVAM","description":"Institut Valenci\u00e0 d&#039;Art Modern","publisher":{"@id":"https:\/\/ivam.es\/es\/#organization"},"potentialAction":[{"@type":"SearchAction","target":{"@type":"EntryPoint","urlTemplate":"https:\/\/ivam.es\/es\/?s={search_term_string}"},"query-input":{"@type":"PropertyValueSpecification","valueRequired":true,"valueName":"search_term_string"}}],"inLanguage":"es"},{"@type":"Organization","@id":"https:\/\/ivam.es\/es\/#organization","name":"IVAM","url":"https:\/\/ivam.es\/es\/","logo":{"@type":"ImageObject","inLanguage":"es","@id":"https:\/\/ivam.es\/es\/#\/schema\/logo\/image\/","url":"https:\/\/ivam.es\/wp-content\/uploads\/logo-ok-512.png","contentUrl":"https:\/\/ivam.es\/wp-content\/uploads\/logo-ok-512.png","width":512,"height":512,"caption":"IVAM"},"image":{"@id":"https:\/\/ivam.es\/es\/#\/schema\/logo\/image\/"}}]}},"_links":{"self":[{"href":"https:\/\/ivam.es\/es\/wp-json\/wp\/v2\/pages\/45309","targetHints":{"allow":["GET"]}}],"collection":[{"href":"https:\/\/ivam.es\/es\/wp-json\/wp\/v2\/pages"}],"about":[{"href":"https:\/\/ivam.es\/es\/wp-json\/wp\/v2\/types\/page"}],"author":[{"embeddable":true,"href":"https:\/\/ivam.es\/es\/wp-json\/wp\/v2\/users\/3"}],"replies":[{"embeddable":true,"href":"https:\/\/ivam.es\/es\/wp-json\/wp\/v2\/comments?post=45309"}],"version-history":[{"count":2,"href":"https:\/\/ivam.es\/es\/wp-json\/wp\/v2\/pages\/45309\/revisions"}],"predecessor-version":[{"id":45323,"href":"https:\/\/ivam.es\/es\/wp-json\/wp\/v2\/pages\/45309\/revisions\/45323"}],"wp:attachment":[{"href":"https:\/\/ivam.es\/es\/wp-json\/wp\/v2\/media?parent=45309"}],"curies":[{"name":"wp","href":"https:\/\/api.w.org\/{rel}","templated":true}]}}