{"id":45299,"date":"2020-04-27T09:44:27","date_gmt":"2020-04-27T07:44:27","guid":{"rendered":"\/?page_id=45299"},"modified":"2020-04-27T11:59:47","modified_gmt":"2020-04-27T09:59:47","slug":"margaret-bourke-white","status":"publish","type":"page","link":"https:\/\/ivam.es\/es\/margaret-bourke-white\/","title":{"rendered":"MARGARET BOURKE-WHITE"},"content":{"rendered":"<p><a href=\"\/wp-content\/uploads\/page\/margaret-bourke-white\/Bourke-White.jpg\"><img loading=\"lazy\" decoding=\"async\" class=\"alignnone wp-image-45300 size-full\" src=\"\/wp-content\/uploads\/page\/margaret-bourke-white\/Bourke-White.jpg\" alt=\"Margaret Bourke-White \/ Eyes on Russia. Nueva York: Simon and Schuster, 1931\" width=\"1600\" height=\"1201\" srcset=\"https:\/\/ivam.es\/wp-content\/uploads\/page\/margaret-bourke-white\/Bourke-White.jpg 1600w, https:\/\/ivam.es\/wp-content\/uploads\/page\/margaret-bourke-white\/Bourke-White-300x225.jpg 300w, https:\/\/ivam.es\/wp-content\/uploads\/page\/margaret-bourke-white\/Bourke-White-1024x769.jpg 1024w, https:\/\/ivam.es\/wp-content\/uploads\/page\/margaret-bourke-white\/Bourke-White-768x576.jpg 768w, https:\/\/ivam.es\/wp-content\/uploads\/page\/margaret-bourke-white\/Bourke-White-1536x1153.jpg 1536w, https:\/\/ivam.es\/wp-content\/uploads\/page\/margaret-bourke-white\/Bourke-White-280x210.jpg 280w, https:\/\/ivam.es\/wp-content\/uploads\/page\/margaret-bourke-white\/Bourke-White-467x351.jpg 467w, https:\/\/ivam.es\/wp-content\/uploads\/page\/margaret-bourke-white\/Bourke-White-231x173.jpg 231w, https:\/\/ivam.es\/wp-content\/uploads\/page\/margaret-bourke-white\/Bourke-White-500x375.jpg 500w\" sizes=\"auto, (max-width: 1600px) 100vw, 1600px\" \/><\/a><\/p>\n<h4 class=\"text-left\">Eyes on Russia. Nueva York: Simon and Schuster, 1931<\/h4>\n<p>&nbsp;<\/p>\n<p><strong>Margaret BOURKE-WHITE (Nueva York, 1904-Stamford, EE.UU., 1971)<\/strong><\/p>\n<p>Una de las im\u00e1genes quiz\u00e1s m\u00e1s fascinantes del siglo XX muestra a la fot\u00f3grafa Margaret Bourke-White en lo alto del edificio Chrysler prepar\u00e1ndose para fotografiar la ciudad de Nueva York encaramada a una de sus g\u00e1rgolas met\u00e1licas. La imagen no es s\u00f3lo una poderosa met\u00e1fora del v\u00e9rtigo de esa nueva visi\u00f3n de la gran ciudad, sino tambi\u00e9n del ascenso imparable de un nuevo modelo de mujer que esta intr\u00e9pida artista encarn\u00f3 como pocas en su \u00e9poca. \u201cEst\u00e1 sentada en la cima del mundo\u201d. As\u00ed de rotundo rezaba el titular del art\u00edculo del Chicago Daily News que glosaba la brillante trayectoria de esta mujer que tendr\u00eda el privilegio de ser la primera fot\u00f3grafa extranjera que la Uni\u00f3n Sovi\u00e9tica autoriz\u00f3 para retratar la gesta del Primer Plan Quinquenal estalinista. La joven fot\u00f3grafa hab\u00eda contado para ello con el aval del cineasta Sergei Einsenstein, quien hab\u00eda ca\u00eddo rendido ante la majestuosa est\u00e9tica que destilaban sus fotograf\u00edas de f\u00e1bricas, rascacielos e ingenios mec\u00e1nicos publicadas en los semanarios de la \u00e9poca. Henry Luce, poderoso editor americano, la reclutar\u00eda en 1929 como fot\u00f3grafa principal para su revista Fortune, y poco tiempo despu\u00e9s se convertir\u00eda en la estrella indiscutible de <em>Life magazine<\/em>.<\/p>\n<p><em>Eyes on Russia<\/em> (1931) es el primer foto libro de Margaret Bourke-White. Incorporado recientemente a la Biblioteca del IVAM, la publicaci\u00f3n re\u00fane una selecci\u00f3n de cuarenta fotograf\u00edas (de las m\u00e1s de ochocientas realizadas) y un texto escrito en primera persona donde la artista daba cuenta del primero de los tres viajes que realiz\u00f3 al pa\u00eds de los soviets entre 1930 y 1932. Este libro, y una serie de fotorreportajes que fueron publicados en la prensa americana de la \u00e9poca como <em>The New York Times Sunday Magazine<\/em>, contribuyeron a expandir entre el gran p\u00fablico de Nortam\u00e9rica la ficci\u00f3n de una pr\u00f3spera y mec\u00e1nica arcadia sovi\u00e9tica: \u201csilueteado contra el cielo \u2013dir\u00e1 en una de sus p\u00e1ginas- majestuoso en la ma\u00f1ana, he aqu\u00ed el nuevo Dios de Rusia, el tractor. La tierra negra se remueve debajo de sus engranajes. Una procesi\u00f3n de delgadas nubes desfila tras de s\u00ed. Pareciera que el tractor dibujara el firmamento entero tras su paso, y la tierra y el cielo guardaran reverencia a esta nueva divinidad\u201d.<\/p>\n<p>Palabras e im\u00e1genes, las de Margaret Bourke-White, que construyeron un ut\u00f3pico y bru\u00f1ido espejo en el que mirarse un pueblo, el estadounidense, hundido en aquel tiempo en el barrizal de la miseria y el desencanto.<\/p>\n<h4>Joan Ramon Escriv\u00e0<br \/>\nConservador<\/h4>\n","protected":false},"excerpt":{"rendered":"<p>Eyes on Russia. Nueva York: Simon and Schuster, 1931 &nbsp; Margaret BOURKE-WHITE (Nueva York, 1904-Stamford, EE.UU., 1971) Una de las im\u00e1genes quiz\u00e1s m\u00e1s fascinantes del siglo XX muestra a la fot\u00f3grafa Margaret Bourke-White en lo alto del edificio Chrysler prepar\u00e1ndose para fotografiar la ciudad de Nueva York encaramada a una de sus g\u00e1rgolas met\u00e1licas. La [&hellip;]<\/p>\n","protected":false},"author":3,"featured_media":0,"parent":0,"menu_order":343,"comment_status":"closed","ping_status":"closed","template":"","meta":{"footnotes":""},"class_list":["post-45299","page","type-page","status-publish","hentry"],"yoast_head":"<!-- This site is optimized with the Yoast SEO plugin v26.0 - https:\/\/yoast.com\/wordpress\/plugins\/seo\/ -->\n<title>MARGARET BOURKE-WHITE - IVAM<\/title>\n<meta name=\"robots\" content=\"index, follow, max-snippet:-1, max-image-preview:large, max-video-preview:-1\" \/>\n<link rel=\"canonical\" href=\"https:\/\/ivam.es\/es\/margaret-bourke-white\/\" \/>\n<meta property=\"og:locale\" content=\"es_ES\" \/>\n<meta property=\"og:type\" content=\"article\" \/>\n<meta property=\"og:title\" content=\"MARGARET BOURKE-WHITE - IVAM\" \/>\n<meta property=\"og:description\" content=\"Eyes on Russia. Nueva York: Simon and Schuster, 1931 &nbsp; Margaret BOURKE-WHITE (Nueva York, 1904-Stamford, EE.UU., 1971) Una de las im\u00e1genes quiz\u00e1s m\u00e1s fascinantes del siglo XX muestra a la fot\u00f3grafa Margaret Bourke-White en lo alto del edificio Chrysler prepar\u00e1ndose para fotografiar la ciudad de Nueva York encaramada a una de sus g\u00e1rgolas met\u00e1licas. La [&hellip;]\" \/>\n<meta property=\"og:url\" content=\"https:\/\/ivam.es\/es\/margaret-bourke-white\/\" \/>\n<meta property=\"og:site_name\" content=\"IVAM\" \/>\n<meta property=\"article:modified_time\" content=\"2020-04-27T09:59:47+00:00\" \/>\n<meta name=\"twitter:card\" content=\"summary_large_image\" \/>\n<meta name=\"twitter:label1\" content=\"Tiempo de lectura\" \/>\n\t<meta name=\"twitter:data1\" content=\"2 minutos\" \/>\n<script type=\"application\/ld+json\" class=\"yoast-schema-graph\">{\"@context\":\"https:\/\/schema.org\",\"@graph\":[{\"@type\":\"WebPage\",\"@id\":\"https:\/\/ivam.es\/es\/margaret-bourke-white\/\",\"url\":\"https:\/\/ivam.es\/es\/margaret-bourke-white\/\",\"name\":\"MARGARET BOURKE-WHITE - IVAM\",\"isPartOf\":{\"@id\":\"https:\/\/ivam.es\/es\/#website\"},\"datePublished\":\"2020-04-27T07:44:27+00:00\",\"dateModified\":\"2020-04-27T09:59:47+00:00\",\"breadcrumb\":{\"@id\":\"https:\/\/ivam.es\/es\/margaret-bourke-white\/#breadcrumb\"},\"inLanguage\":\"es\",\"potentialAction\":[{\"@type\":\"ReadAction\",\"target\":[\"https:\/\/ivam.es\/es\/margaret-bourke-white\/\"]}]},{\"@type\":\"BreadcrumbList\",\"@id\":\"https:\/\/ivam.es\/es\/margaret-bourke-white\/#breadcrumb\",\"itemListElement\":[{\"@type\":\"ListItem\",\"position\":1,\"name\":\"Home\",\"item\":\"https:\/\/ivam.es\/es\/\"},{\"@type\":\"ListItem\",\"position\":2,\"name\":\"MARGARET BOURKE-WHITE\"}]},{\"@type\":\"WebSite\",\"@id\":\"https:\/\/ivam.es\/es\/#website\",\"url\":\"https:\/\/ivam.es\/es\/\",\"name\":\"IVAM\",\"description\":\"Institut Valenci\u00e0 d&#039;Art Modern\",\"publisher\":{\"@id\":\"https:\/\/ivam.es\/es\/#organization\"},\"potentialAction\":[{\"@type\":\"SearchAction\",\"target\":{\"@type\":\"EntryPoint\",\"urlTemplate\":\"https:\/\/ivam.es\/es\/?s={search_term_string}\"},\"query-input\":{\"@type\":\"PropertyValueSpecification\",\"valueRequired\":true,\"valueName\":\"search_term_string\"}}],\"inLanguage\":\"es\"},{\"@type\":\"Organization\",\"@id\":\"https:\/\/ivam.es\/es\/#organization\",\"name\":\"IVAM\",\"url\":\"https:\/\/ivam.es\/es\/\",\"logo\":{\"@type\":\"ImageObject\",\"inLanguage\":\"es\",\"@id\":\"https:\/\/ivam.es\/es\/#\/schema\/logo\/image\/\",\"url\":\"https:\/\/ivam.es\/wp-content\/uploads\/logo-ok-512.png\",\"contentUrl\":\"https:\/\/ivam.es\/wp-content\/uploads\/logo-ok-512.png\",\"width\":512,\"height\":512,\"caption\":\"IVAM\"},\"image\":{\"@id\":\"https:\/\/ivam.es\/es\/#\/schema\/logo\/image\/\"}}]}<\/script>\n<!-- \/ Yoast SEO plugin. -->","yoast_head_json":{"title":"MARGARET BOURKE-WHITE - IVAM","robots":{"index":"index","follow":"follow","max-snippet":"max-snippet:-1","max-image-preview":"max-image-preview:large","max-video-preview":"max-video-preview:-1"},"canonical":"https:\/\/ivam.es\/es\/margaret-bourke-white\/","og_locale":"es_ES","og_type":"article","og_title":"MARGARET BOURKE-WHITE - IVAM","og_description":"Eyes on Russia. Nueva York: Simon and Schuster, 1931 &nbsp; Margaret BOURKE-WHITE (Nueva York, 1904-Stamford, EE.UU., 1971) Una de las im\u00e1genes quiz\u00e1s m\u00e1s fascinantes del siglo XX muestra a la fot\u00f3grafa Margaret Bourke-White en lo alto del edificio Chrysler prepar\u00e1ndose para fotografiar la ciudad de Nueva York encaramada a una de sus g\u00e1rgolas met\u00e1licas. La [&hellip;]","og_url":"https:\/\/ivam.es\/es\/margaret-bourke-white\/","og_site_name":"IVAM","article_modified_time":"2020-04-27T09:59:47+00:00","twitter_card":"summary_large_image","twitter_misc":{"Tiempo de lectura":"2 minutos"},"schema":{"@context":"https:\/\/schema.org","@graph":[{"@type":"WebPage","@id":"https:\/\/ivam.es\/es\/margaret-bourke-white\/","url":"https:\/\/ivam.es\/es\/margaret-bourke-white\/","name":"MARGARET BOURKE-WHITE - IVAM","isPartOf":{"@id":"https:\/\/ivam.es\/es\/#website"},"datePublished":"2020-04-27T07:44:27+00:00","dateModified":"2020-04-27T09:59:47+00:00","breadcrumb":{"@id":"https:\/\/ivam.es\/es\/margaret-bourke-white\/#breadcrumb"},"inLanguage":"es","potentialAction":[{"@type":"ReadAction","target":["https:\/\/ivam.es\/es\/margaret-bourke-white\/"]}]},{"@type":"BreadcrumbList","@id":"https:\/\/ivam.es\/es\/margaret-bourke-white\/#breadcrumb","itemListElement":[{"@type":"ListItem","position":1,"name":"Home","item":"https:\/\/ivam.es\/es\/"},{"@type":"ListItem","position":2,"name":"MARGARET BOURKE-WHITE"}]},{"@type":"WebSite","@id":"https:\/\/ivam.es\/es\/#website","url":"https:\/\/ivam.es\/es\/","name":"IVAM","description":"Institut Valenci\u00e0 d&#039;Art Modern","publisher":{"@id":"https:\/\/ivam.es\/es\/#organization"},"potentialAction":[{"@type":"SearchAction","target":{"@type":"EntryPoint","urlTemplate":"https:\/\/ivam.es\/es\/?s={search_term_string}"},"query-input":{"@type":"PropertyValueSpecification","valueRequired":true,"valueName":"search_term_string"}}],"inLanguage":"es"},{"@type":"Organization","@id":"https:\/\/ivam.es\/es\/#organization","name":"IVAM","url":"https:\/\/ivam.es\/es\/","logo":{"@type":"ImageObject","inLanguage":"es","@id":"https:\/\/ivam.es\/es\/#\/schema\/logo\/image\/","url":"https:\/\/ivam.es\/wp-content\/uploads\/logo-ok-512.png","contentUrl":"https:\/\/ivam.es\/wp-content\/uploads\/logo-ok-512.png","width":512,"height":512,"caption":"IVAM"},"image":{"@id":"https:\/\/ivam.es\/es\/#\/schema\/logo\/image\/"}}]}},"_links":{"self":[{"href":"https:\/\/ivam.es\/es\/wp-json\/wp\/v2\/pages\/45299","targetHints":{"allow":["GET"]}}],"collection":[{"href":"https:\/\/ivam.es\/es\/wp-json\/wp\/v2\/pages"}],"about":[{"href":"https:\/\/ivam.es\/es\/wp-json\/wp\/v2\/types\/page"}],"author":[{"embeddable":true,"href":"https:\/\/ivam.es\/es\/wp-json\/wp\/v2\/users\/3"}],"replies":[{"embeddable":true,"href":"https:\/\/ivam.es\/es\/wp-json\/wp\/v2\/comments?post=45299"}],"version-history":[{"count":6,"href":"https:\/\/ivam.es\/es\/wp-json\/wp\/v2\/pages\/45299\/revisions"}],"predecessor-version":[{"id":45308,"href":"https:\/\/ivam.es\/es\/wp-json\/wp\/v2\/pages\/45299\/revisions\/45308"}],"wp:attachment":[{"href":"https:\/\/ivam.es\/es\/wp-json\/wp\/v2\/media?parent=45299"}],"curies":[{"name":"wp","href":"https:\/\/api.w.org\/{rel}","templated":true}]}}