{"id":45011,"date":"2020-04-16T14:33:17","date_gmt":"2020-04-16T12:33:17","guid":{"rendered":"\/?page_id=45011"},"modified":"2020-04-17T14:48:20","modified_gmt":"2020-04-17T12:48:20","slug":"sara-mur-au-agenda-urbana","status":"publish","type":"page","link":"https:\/\/ivam.es\/es\/sara-mur-au-agenda-urbana\/","title":{"rendered":"Sara Mut. AU &#8211; Agenda Urbana"},"content":{"rendered":"<p><a href=\"\/wp-content\/uploads\/page\/sara-mur-au-agenda-urbana\/HABITAR-MEDITERRANEO-AGENDA-URBANA.jpg\"><img loading=\"lazy\" decoding=\"async\" class=\"alignnone wp-image-45012\" src=\"\/wp-content\/uploads\/page\/sara-mur-au-agenda-urbana\/HABITAR-MEDITERRANEO-AGENDA-URBANA.jpg\" alt=\"\" width=\"391\" height=\"600\" srcset=\"https:\/\/ivam.es\/wp-content\/uploads\/page\/sara-mur-au-agenda-urbana\/HABITAR-MEDITERRANEO-AGENDA-URBANA.jpg 1200w, https:\/\/ivam.es\/wp-content\/uploads\/page\/sara-mur-au-agenda-urbana\/HABITAR-MEDITERRANEO-AGENDA-URBANA-195x300.jpg 195w, https:\/\/ivam.es\/wp-content\/uploads\/page\/sara-mur-au-agenda-urbana\/HABITAR-MEDITERRANEO-AGENDA-URBANA-667x1024.jpg 667w, https:\/\/ivam.es\/wp-content\/uploads\/page\/sara-mur-au-agenda-urbana\/HABITAR-MEDITERRANEO-AGENDA-URBANA-768x1179.jpg 768w, https:\/\/ivam.es\/wp-content\/uploads\/page\/sara-mur-au-agenda-urbana\/HABITAR-MEDITERRANEO-AGENDA-URBANA-1001x1536.jpg 1001w, https:\/\/ivam.es\/wp-content\/uploads\/page\/sara-mur-au-agenda-urbana\/HABITAR-MEDITERRANEO-AGENDA-URBANA-280x430.jpg 280w, https:\/\/ivam.es\/wp-content\/uploads\/page\/sara-mur-au-agenda-urbana\/HABITAR-MEDITERRANEO-AGENDA-URBANA-467x717.jpg 467w, https:\/\/ivam.es\/wp-content\/uploads\/page\/sara-mur-au-agenda-urbana\/HABITAR-MEDITERRANEO-AGENDA-URBANA-231x355.jpg 231w, https:\/\/ivam.es\/wp-content\/uploads\/page\/sara-mur-au-agenda-urbana\/HABITAR-MEDITERRANEO-AGENDA-URBANA-500x768.jpg 500w\" sizes=\"auto, (max-width: 391px) 100vw, 391px\" \/><\/a><\/p>\n<p>&nbsp;<\/p>\n<h4>Habitar el Mediterr\u00e1neo<br \/>\nGaler\u00eda 1. IVAM. 2018<\/h4>\n<p style=\"text-align: justify;\">Una de las exposiciones del IVAM que m\u00e1s me ha gustado de los \u00faltimos a\u00f1os es <a href=\"\/es\/exposiciones\/habitar-el-mediterraneo\/\">Habitar el Mediterr\u00e1neo<\/a>. A trav\u00e9s del arte, mostraba la arquitectura y el urbanismo de diferentes ciudades mediterr\u00e1neas (L\u00edbano, Siria, Palestina\u2026) y los modos de vida que estas cobijan. No lo hac\u00eda de una manera amable y edulcorada, sino desvistiendo tambi\u00e9n sus verg\u00fcenzas en forma de muros, ejecuciones, dictadores, campos de refugiados, bunkers y aberraciones urban\u00edsticas, que empa\u00f1an la cara amable de una cultura abierta al exterior a trav\u00e9s de plazas, patios, celos\u00edas y balcones. Todo un tesoro, los balcones, en estos d\u00edas de confinamiento.<\/p>\n<p style=\"text-align: justify;\"><strong>Sara Mut<\/strong><br \/>\n<strong>AU &#8211; Agenda Urbana<\/strong><\/p>\n<p>&nbsp;<\/p>\n","protected":false},"excerpt":{"rendered":"<p>&nbsp; Habitar el Mediterr\u00e1neo Galer\u00eda 1. IVAM. 2018 Una de las exposiciones del IVAM que m\u00e1s me ha gustado de los \u00faltimos a\u00f1os es Habitar el Mediterr\u00e1neo. A trav\u00e9s del arte, mostraba la arquitectura y el urbanismo de diferentes ciudades mediterr\u00e1neas (L\u00edbano, Siria, Palestina\u2026) y los modos de vida que estas cobijan. No lo hac\u00eda [&hellip;]<\/p>\n","protected":false},"author":3,"featured_media":0,"parent":0,"menu_order":382,"comment_status":"closed","ping_status":"closed","template":"","meta":{"footnotes":""},"class_list":["post-45011","page","type-page","status-publish","hentry"],"yoast_head":"<!-- This site is optimized with the Yoast SEO plugin v26.0 - https:\/\/yoast.com\/wordpress\/plugins\/seo\/ -->\n<title>Sara Mut. AU - Agenda Urbana - IVAM<\/title>\n<meta name=\"robots\" content=\"index, follow, max-snippet:-1, max-image-preview:large, max-video-preview:-1\" \/>\n<link rel=\"canonical\" href=\"https:\/\/ivam.es\/es\/sara-mur-au-agenda-urbana\/\" \/>\n<meta property=\"og:locale\" content=\"es_ES\" \/>\n<meta property=\"og:type\" content=\"article\" \/>\n<meta property=\"og:title\" content=\"Sara Mut. AU - Agenda Urbana - IVAM\" \/>\n<meta property=\"og:description\" content=\"&nbsp; Habitar el Mediterr\u00e1neo Galer\u00eda 1. IVAM. 2018 Una de las exposiciones del IVAM que m\u00e1s me ha gustado de los \u00faltimos a\u00f1os es Habitar el Mediterr\u00e1neo. A trav\u00e9s del arte, mostraba la arquitectura y el urbanismo de diferentes ciudades mediterr\u00e1neas (L\u00edbano, Siria, Palestina\u2026) y los modos de vida que estas cobijan. No lo hac\u00eda [&hellip;]\" \/>\n<meta property=\"og:url\" content=\"https:\/\/ivam.es\/es\/sara-mur-au-agenda-urbana\/\" \/>\n<meta property=\"og:site_name\" content=\"IVAM\" \/>\n<meta property=\"article:modified_time\" content=\"2020-04-17T12:48:20+00:00\" \/>\n<meta name=\"twitter:card\" content=\"summary_large_image\" \/>\n<meta name=\"twitter:label1\" content=\"Tiempo de lectura\" \/>\n\t<meta name=\"twitter:data1\" content=\"1 minuto\" \/>\n<script type=\"application\/ld+json\" class=\"yoast-schema-graph\">{\"@context\":\"https:\/\/schema.org\",\"@graph\":[{\"@type\":\"WebPage\",\"@id\":\"https:\/\/ivam.es\/es\/sara-mur-au-agenda-urbana\/\",\"url\":\"https:\/\/ivam.es\/es\/sara-mur-au-agenda-urbana\/\",\"name\":\"Sara Mut. AU - Agenda Urbana - IVAM\",\"isPartOf\":{\"@id\":\"https:\/\/ivam.es\/es\/#website\"},\"datePublished\":\"2020-04-16T12:33:17+00:00\",\"dateModified\":\"2020-04-17T12:48:20+00:00\",\"breadcrumb\":{\"@id\":\"https:\/\/ivam.es\/es\/sara-mur-au-agenda-urbana\/#breadcrumb\"},\"inLanguage\":\"es\",\"potentialAction\":[{\"@type\":\"ReadAction\",\"target\":[\"https:\/\/ivam.es\/es\/sara-mur-au-agenda-urbana\/\"]}]},{\"@type\":\"BreadcrumbList\",\"@id\":\"https:\/\/ivam.es\/es\/sara-mur-au-agenda-urbana\/#breadcrumb\",\"itemListElement\":[{\"@type\":\"ListItem\",\"position\":1,\"name\":\"Home\",\"item\":\"https:\/\/ivam.es\/es\/\"},{\"@type\":\"ListItem\",\"position\":2,\"name\":\"Sara Mut. AU &#8211; Agenda Urbana\"}]},{\"@type\":\"WebSite\",\"@id\":\"https:\/\/ivam.es\/es\/#website\",\"url\":\"https:\/\/ivam.es\/es\/\",\"name\":\"IVAM\",\"description\":\"Institut Valenci\u00e0 d&#039;Art Modern\",\"publisher\":{\"@id\":\"https:\/\/ivam.es\/es\/#organization\"},\"potentialAction\":[{\"@type\":\"SearchAction\",\"target\":{\"@type\":\"EntryPoint\",\"urlTemplate\":\"https:\/\/ivam.es\/es\/?s={search_term_string}\"},\"query-input\":{\"@type\":\"PropertyValueSpecification\",\"valueRequired\":true,\"valueName\":\"search_term_string\"}}],\"inLanguage\":\"es\"},{\"@type\":\"Organization\",\"@id\":\"https:\/\/ivam.es\/es\/#organization\",\"name\":\"IVAM\",\"url\":\"https:\/\/ivam.es\/es\/\",\"logo\":{\"@type\":\"ImageObject\",\"inLanguage\":\"es\",\"@id\":\"https:\/\/ivam.es\/es\/#\/schema\/logo\/image\/\",\"url\":\"https:\/\/ivam.es\/wp-content\/uploads\/logo-ok-512.png\",\"contentUrl\":\"https:\/\/ivam.es\/wp-content\/uploads\/logo-ok-512.png\",\"width\":512,\"height\":512,\"caption\":\"IVAM\"},\"image\":{\"@id\":\"https:\/\/ivam.es\/es\/#\/schema\/logo\/image\/\"}}]}<\/script>\n<!-- \/ Yoast SEO plugin. -->","yoast_head_json":{"title":"Sara Mut. AU - Agenda Urbana - IVAM","robots":{"index":"index","follow":"follow","max-snippet":"max-snippet:-1","max-image-preview":"max-image-preview:large","max-video-preview":"max-video-preview:-1"},"canonical":"https:\/\/ivam.es\/es\/sara-mur-au-agenda-urbana\/","og_locale":"es_ES","og_type":"article","og_title":"Sara Mut. AU - Agenda Urbana - IVAM","og_description":"&nbsp; Habitar el Mediterr\u00e1neo Galer\u00eda 1. IVAM. 2018 Una de las exposiciones del IVAM que m\u00e1s me ha gustado de los \u00faltimos a\u00f1os es Habitar el Mediterr\u00e1neo. A trav\u00e9s del arte, mostraba la arquitectura y el urbanismo de diferentes ciudades mediterr\u00e1neas (L\u00edbano, Siria, Palestina\u2026) y los modos de vida que estas cobijan. No lo hac\u00eda [&hellip;]","og_url":"https:\/\/ivam.es\/es\/sara-mur-au-agenda-urbana\/","og_site_name":"IVAM","article_modified_time":"2020-04-17T12:48:20+00:00","twitter_card":"summary_large_image","twitter_misc":{"Tiempo de lectura":"1 minuto"},"schema":{"@context":"https:\/\/schema.org","@graph":[{"@type":"WebPage","@id":"https:\/\/ivam.es\/es\/sara-mur-au-agenda-urbana\/","url":"https:\/\/ivam.es\/es\/sara-mur-au-agenda-urbana\/","name":"Sara Mut. AU - Agenda Urbana - IVAM","isPartOf":{"@id":"https:\/\/ivam.es\/es\/#website"},"datePublished":"2020-04-16T12:33:17+00:00","dateModified":"2020-04-17T12:48:20+00:00","breadcrumb":{"@id":"https:\/\/ivam.es\/es\/sara-mur-au-agenda-urbana\/#breadcrumb"},"inLanguage":"es","potentialAction":[{"@type":"ReadAction","target":["https:\/\/ivam.es\/es\/sara-mur-au-agenda-urbana\/"]}]},{"@type":"BreadcrumbList","@id":"https:\/\/ivam.es\/es\/sara-mur-au-agenda-urbana\/#breadcrumb","itemListElement":[{"@type":"ListItem","position":1,"name":"Home","item":"https:\/\/ivam.es\/es\/"},{"@type":"ListItem","position":2,"name":"Sara Mut. AU &#8211; Agenda Urbana"}]},{"@type":"WebSite","@id":"https:\/\/ivam.es\/es\/#website","url":"https:\/\/ivam.es\/es\/","name":"IVAM","description":"Institut Valenci\u00e0 d&#039;Art Modern","publisher":{"@id":"https:\/\/ivam.es\/es\/#organization"},"potentialAction":[{"@type":"SearchAction","target":{"@type":"EntryPoint","urlTemplate":"https:\/\/ivam.es\/es\/?s={search_term_string}"},"query-input":{"@type":"PropertyValueSpecification","valueRequired":true,"valueName":"search_term_string"}}],"inLanguage":"es"},{"@type":"Organization","@id":"https:\/\/ivam.es\/es\/#organization","name":"IVAM","url":"https:\/\/ivam.es\/es\/","logo":{"@type":"ImageObject","inLanguage":"es","@id":"https:\/\/ivam.es\/es\/#\/schema\/logo\/image\/","url":"https:\/\/ivam.es\/wp-content\/uploads\/logo-ok-512.png","contentUrl":"https:\/\/ivam.es\/wp-content\/uploads\/logo-ok-512.png","width":512,"height":512,"caption":"IVAM"},"image":{"@id":"https:\/\/ivam.es\/es\/#\/schema\/logo\/image\/"}}]}},"_links":{"self":[{"href":"https:\/\/ivam.es\/es\/wp-json\/wp\/v2\/pages\/45011","targetHints":{"allow":["GET"]}}],"collection":[{"href":"https:\/\/ivam.es\/es\/wp-json\/wp\/v2\/pages"}],"about":[{"href":"https:\/\/ivam.es\/es\/wp-json\/wp\/v2\/types\/page"}],"author":[{"embeddable":true,"href":"https:\/\/ivam.es\/es\/wp-json\/wp\/v2\/users\/3"}],"replies":[{"embeddable":true,"href":"https:\/\/ivam.es\/es\/wp-json\/wp\/v2\/comments?post=45011"}],"version-history":[{"count":6,"href":"https:\/\/ivam.es\/es\/wp-json\/wp\/v2\/pages\/45011\/revisions"}],"predecessor-version":[{"id":45180,"href":"https:\/\/ivam.es\/es\/wp-json\/wp\/v2\/pages\/45011\/revisions\/45180"}],"wp:attachment":[{"href":"https:\/\/ivam.es\/es\/wp-json\/wp\/v2\/media?parent=45011"}],"curies":[{"name":"wp","href":"https:\/\/api.w.org\/{rel}","templated":true}]}}