{"id":44964,"date":"2020-04-16T14:17:58","date_gmt":"2020-04-16T12:17:58","guid":{"rendered":"\/?page_id=44964"},"modified":"2020-04-17T14:51:10","modified_gmt":"2020-04-17T12:51:10","slug":"merce-ibarz-el-pais","status":"publish","type":"page","link":"https:\/\/ivam.es\/es\/merce-ibarz-el-pais\/","title":{"rendered":"Merc\u00e8 Ibarz. El Pa\u00eds"},"content":{"rendered":"<p><a href=\"\/wp-content\/uploads\/page\/merce-ibarz-el-pais\/Jean-Dubuffet_-Henri-Michaux-acteur-japonais_-1946-Collection-Financiere-Saint-James_-Paris-Cortesia-Applicat_Prazan-EL-PAIS-CAT.jpg\"><img loading=\"lazy\" decoding=\"async\" class=\"alignnone wp-image-44965\" src=\"\/wp-content\/uploads\/page\/merce-ibarz-el-pais\/Jean-Dubuffet_-Henri-Michaux-acteur-japonais_-1946-Collection-Financiere-Saint-James_-Paris-Cortesia-Applicat_Prazan-EL-PAIS-CAT-759x1024.jpg\" alt=\"\" width=\"444\" height=\"600\" srcset=\"https:\/\/ivam.es\/wp-content\/uploads\/page\/merce-ibarz-el-pais\/Jean-Dubuffet_-Henri-Michaux-acteur-japonais_-1946-Collection-Financiere-Saint-James_-Paris-Cortesia-Applicat_Prazan-EL-PAIS-CAT-759x1024.jpg 759w, https:\/\/ivam.es\/wp-content\/uploads\/page\/merce-ibarz-el-pais\/Jean-Dubuffet_-Henri-Michaux-acteur-japonais_-1946-Collection-Financiere-Saint-James_-Paris-Cortesia-Applicat_Prazan-EL-PAIS-CAT-222x300.jpg 222w, https:\/\/ivam.es\/wp-content\/uploads\/page\/merce-ibarz-el-pais\/Jean-Dubuffet_-Henri-Michaux-acteur-japonais_-1946-Collection-Financiere-Saint-James_-Paris-Cortesia-Applicat_Prazan-EL-PAIS-CAT-768x1037.jpg 768w, https:\/\/ivam.es\/wp-content\/uploads\/page\/merce-ibarz-el-pais\/Jean-Dubuffet_-Henri-Michaux-acteur-japonais_-1946-Collection-Financiere-Saint-James_-Paris-Cortesia-Applicat_Prazan-EL-PAIS-CAT-280x378.jpg 280w, https:\/\/ivam.es\/wp-content\/uploads\/page\/merce-ibarz-el-pais\/Jean-Dubuffet_-Henri-Michaux-acteur-japonais_-1946-Collection-Financiere-Saint-James_-Paris-Cortesia-Applicat_Prazan-EL-PAIS-CAT-467x630.jpg 467w, https:\/\/ivam.es\/wp-content\/uploads\/page\/merce-ibarz-el-pais\/Jean-Dubuffet_-Henri-Michaux-acteur-japonais_-1946-Collection-Financiere-Saint-James_-Paris-Cortesia-Applicat_Prazan-EL-PAIS-CAT-231x312.jpg 231w, https:\/\/ivam.es\/wp-content\/uploads\/page\/merce-ibarz-el-pais\/Jean-Dubuffet_-Henri-Michaux-acteur-japonais_-1946-Collection-Financiere-Saint-James_-Paris-Cortesia-Applicat_Prazan-EL-PAIS-CAT-500x675.jpg 500w, https:\/\/ivam.es\/wp-content\/uploads\/page\/merce-ibarz-el-pais\/Jean-Dubuffet_-Henri-Michaux-acteur-japonais_-1946-Collection-Financiere-Saint-James_-Paris-Cortesia-Applicat_Prazan-EL-PAIS-CAT.jpg 1000w\" sizes=\"auto, (max-width: 444px) 100vw, 444px\" \/><\/a><\/p>\n<p>&nbsp;<\/p>\n<h4>Jean Dubuffet. Un b\u00e1rbaro en Europa<br \/>\nGaler\u00eda 1. IVAM. 2019<\/h4>\n<p style=\"text-align: justify;\">Algunas de las mejores exposiciones las he visto en el IVAM, forman parte de la educaci\u00f3n sentimental que me sostiene, en todos los sentidos. De las antiguas, la que tengo m\u00e1s a menudo en la cabeza es \u201cInfancia y arte moderno\u201d, de Carlos P\u00e9rez, de 1998. De las recientes, la de Dubuffet, \u201c<a href=\"\/es\/exposiciones\/jean-dubuffet-un-barbaro-en-europa\/\">Un b\u00e1rbaro en Europa<\/a>\u201d, por el punto de vista de Baptiste Brun, que ahora mismo me parece premonitorio, por la conjugaci\u00f3n en clave contempor\u00e0nea de la instituci\u00f3n arte y del artista. \u201cComo si museos y espectadores fu\u00e9semos locos conscientes de lo que vemos\u201d, escrib\u00ed a prop\u00f3sito. Es el trabajo de ahora y el que viene, dir\u00eda.<\/p>\n<p><strong>Merc\u00e8 Ibarz<\/strong><br \/>\n<strong>El Pa\u00eds<\/strong><\/p>\n<p>&nbsp;<\/p>\n","protected":false},"excerpt":{"rendered":"<p>&nbsp; Jean Dubuffet. Un b\u00e1rbaro en Europa Galer\u00eda 1. IVAM. 2019 Algunas de las mejores exposiciones las he visto en el IVAM, forman parte de la educaci\u00f3n sentimental que me sostiene, en todos los sentidos. De las antiguas, la que tengo m\u00e1s a menudo en la cabeza es \u201cInfancia y arte moderno\u201d, de Carlos P\u00e9rez, [&hellip;]<\/p>\n","protected":false},"author":3,"featured_media":0,"parent":0,"menu_order":395,"comment_status":"closed","ping_status":"closed","template":"","meta":{"footnotes":""},"class_list":["post-44964","page","type-page","status-publish","hentry"],"yoast_head":"<!-- This site is optimized with the Yoast SEO plugin v26.0 - https:\/\/yoast.com\/wordpress\/plugins\/seo\/ -->\n<title>Merc\u00e8 Ibarz. El Pa\u00eds - IVAM<\/title>\n<meta name=\"robots\" content=\"index, follow, max-snippet:-1, max-image-preview:large, max-video-preview:-1\" \/>\n<link rel=\"canonical\" href=\"https:\/\/ivam.es\/es\/merce-ibarz-el-pais\/\" \/>\n<meta property=\"og:locale\" content=\"es_ES\" \/>\n<meta property=\"og:type\" content=\"article\" \/>\n<meta property=\"og:title\" content=\"Merc\u00e8 Ibarz. El Pa\u00eds - IVAM\" \/>\n<meta property=\"og:description\" content=\"&nbsp; Jean Dubuffet. Un b\u00e1rbaro en Europa Galer\u00eda 1. IVAM. 2019 Algunas de las mejores exposiciones las he visto en el IVAM, forman parte de la educaci\u00f3n sentimental que me sostiene, en todos los sentidos. De las antiguas, la que tengo m\u00e1s a menudo en la cabeza es \u201cInfancia y arte moderno\u201d, de Carlos P\u00e9rez, [&hellip;]\" \/>\n<meta property=\"og:url\" content=\"https:\/\/ivam.es\/es\/merce-ibarz-el-pais\/\" \/>\n<meta property=\"og:site_name\" content=\"IVAM\" \/>\n<meta property=\"article:modified_time\" content=\"2020-04-17T12:51:10+00:00\" \/>\n<meta name=\"twitter:card\" content=\"summary_large_image\" \/>\n<meta name=\"twitter:label1\" content=\"Tiempo de lectura\" \/>\n\t<meta name=\"twitter:data1\" content=\"1 minuto\" \/>\n<script type=\"application\/ld+json\" class=\"yoast-schema-graph\">{\"@context\":\"https:\/\/schema.org\",\"@graph\":[{\"@type\":\"WebPage\",\"@id\":\"https:\/\/ivam.es\/es\/merce-ibarz-el-pais\/\",\"url\":\"https:\/\/ivam.es\/es\/merce-ibarz-el-pais\/\",\"name\":\"Merc\u00e8 Ibarz. El Pa\u00eds - IVAM\",\"isPartOf\":{\"@id\":\"https:\/\/ivam.es\/es\/#website\"},\"datePublished\":\"2020-04-16T12:17:58+00:00\",\"dateModified\":\"2020-04-17T12:51:10+00:00\",\"breadcrumb\":{\"@id\":\"https:\/\/ivam.es\/es\/merce-ibarz-el-pais\/#breadcrumb\"},\"inLanguage\":\"es\",\"potentialAction\":[{\"@type\":\"ReadAction\",\"target\":[\"https:\/\/ivam.es\/es\/merce-ibarz-el-pais\/\"]}]},{\"@type\":\"BreadcrumbList\",\"@id\":\"https:\/\/ivam.es\/es\/merce-ibarz-el-pais\/#breadcrumb\",\"itemListElement\":[{\"@type\":\"ListItem\",\"position\":1,\"name\":\"Home\",\"item\":\"https:\/\/ivam.es\/es\/\"},{\"@type\":\"ListItem\",\"position\":2,\"name\":\"Merc\u00e8 Ibarz. El Pa\u00eds\"}]},{\"@type\":\"WebSite\",\"@id\":\"https:\/\/ivam.es\/es\/#website\",\"url\":\"https:\/\/ivam.es\/es\/\",\"name\":\"IVAM\",\"description\":\"Institut Valenci\u00e0 d&#039;Art Modern\",\"publisher\":{\"@id\":\"https:\/\/ivam.es\/es\/#organization\"},\"potentialAction\":[{\"@type\":\"SearchAction\",\"target\":{\"@type\":\"EntryPoint\",\"urlTemplate\":\"https:\/\/ivam.es\/es\/?s={search_term_string}\"},\"query-input\":{\"@type\":\"PropertyValueSpecification\",\"valueRequired\":true,\"valueName\":\"search_term_string\"}}],\"inLanguage\":\"es\"},{\"@type\":\"Organization\",\"@id\":\"https:\/\/ivam.es\/es\/#organization\",\"name\":\"IVAM\",\"url\":\"https:\/\/ivam.es\/es\/\",\"logo\":{\"@type\":\"ImageObject\",\"inLanguage\":\"es\",\"@id\":\"https:\/\/ivam.es\/es\/#\/schema\/logo\/image\/\",\"url\":\"https:\/\/ivam.es\/wp-content\/uploads\/logo-ok-512.png\",\"contentUrl\":\"https:\/\/ivam.es\/wp-content\/uploads\/logo-ok-512.png\",\"width\":512,\"height\":512,\"caption\":\"IVAM\"},\"image\":{\"@id\":\"https:\/\/ivam.es\/es\/#\/schema\/logo\/image\/\"}}]}<\/script>\n<!-- \/ Yoast SEO plugin. -->","yoast_head_json":{"title":"Merc\u00e8 Ibarz. El Pa\u00eds - IVAM","robots":{"index":"index","follow":"follow","max-snippet":"max-snippet:-1","max-image-preview":"max-image-preview:large","max-video-preview":"max-video-preview:-1"},"canonical":"https:\/\/ivam.es\/es\/merce-ibarz-el-pais\/","og_locale":"es_ES","og_type":"article","og_title":"Merc\u00e8 Ibarz. El Pa\u00eds - IVAM","og_description":"&nbsp; Jean Dubuffet. Un b\u00e1rbaro en Europa Galer\u00eda 1. IVAM. 2019 Algunas de las mejores exposiciones las he visto en el IVAM, forman parte de la educaci\u00f3n sentimental que me sostiene, en todos los sentidos. De las antiguas, la que tengo m\u00e1s a menudo en la cabeza es \u201cInfancia y arte moderno\u201d, de Carlos P\u00e9rez, [&hellip;]","og_url":"https:\/\/ivam.es\/es\/merce-ibarz-el-pais\/","og_site_name":"IVAM","article_modified_time":"2020-04-17T12:51:10+00:00","twitter_card":"summary_large_image","twitter_misc":{"Tiempo de lectura":"1 minuto"},"schema":{"@context":"https:\/\/schema.org","@graph":[{"@type":"WebPage","@id":"https:\/\/ivam.es\/es\/merce-ibarz-el-pais\/","url":"https:\/\/ivam.es\/es\/merce-ibarz-el-pais\/","name":"Merc\u00e8 Ibarz. El Pa\u00eds - IVAM","isPartOf":{"@id":"https:\/\/ivam.es\/es\/#website"},"datePublished":"2020-04-16T12:17:58+00:00","dateModified":"2020-04-17T12:51:10+00:00","breadcrumb":{"@id":"https:\/\/ivam.es\/es\/merce-ibarz-el-pais\/#breadcrumb"},"inLanguage":"es","potentialAction":[{"@type":"ReadAction","target":["https:\/\/ivam.es\/es\/merce-ibarz-el-pais\/"]}]},{"@type":"BreadcrumbList","@id":"https:\/\/ivam.es\/es\/merce-ibarz-el-pais\/#breadcrumb","itemListElement":[{"@type":"ListItem","position":1,"name":"Home","item":"https:\/\/ivam.es\/es\/"},{"@type":"ListItem","position":2,"name":"Merc\u00e8 Ibarz. El Pa\u00eds"}]},{"@type":"WebSite","@id":"https:\/\/ivam.es\/es\/#website","url":"https:\/\/ivam.es\/es\/","name":"IVAM","description":"Institut Valenci\u00e0 d&#039;Art Modern","publisher":{"@id":"https:\/\/ivam.es\/es\/#organization"},"potentialAction":[{"@type":"SearchAction","target":{"@type":"EntryPoint","urlTemplate":"https:\/\/ivam.es\/es\/?s={search_term_string}"},"query-input":{"@type":"PropertyValueSpecification","valueRequired":true,"valueName":"search_term_string"}}],"inLanguage":"es"},{"@type":"Organization","@id":"https:\/\/ivam.es\/es\/#organization","name":"IVAM","url":"https:\/\/ivam.es\/es\/","logo":{"@type":"ImageObject","inLanguage":"es","@id":"https:\/\/ivam.es\/es\/#\/schema\/logo\/image\/","url":"https:\/\/ivam.es\/wp-content\/uploads\/logo-ok-512.png","contentUrl":"https:\/\/ivam.es\/wp-content\/uploads\/logo-ok-512.png","width":512,"height":512,"caption":"IVAM"},"image":{"@id":"https:\/\/ivam.es\/es\/#\/schema\/logo\/image\/"}}]}},"_links":{"self":[{"href":"https:\/\/ivam.es\/es\/wp-json\/wp\/v2\/pages\/44964","targetHints":{"allow":["GET"]}}],"collection":[{"href":"https:\/\/ivam.es\/es\/wp-json\/wp\/v2\/pages"}],"about":[{"href":"https:\/\/ivam.es\/es\/wp-json\/wp\/v2\/types\/page"}],"author":[{"embeddable":true,"href":"https:\/\/ivam.es\/es\/wp-json\/wp\/v2\/users\/3"}],"replies":[{"embeddable":true,"href":"https:\/\/ivam.es\/es\/wp-json\/wp\/v2\/comments?post=44964"}],"version-history":[{"count":3,"href":"https:\/\/ivam.es\/es\/wp-json\/wp\/v2\/pages\/44964\/revisions"}],"predecessor-version":[{"id":45186,"href":"https:\/\/ivam.es\/es\/wp-json\/wp\/v2\/pages\/44964\/revisions\/45186"}],"wp:attachment":[{"href":"https:\/\/ivam.es\/es\/wp-json\/wp\/v2\/media?parent=44964"}],"curies":[{"name":"wp","href":"https:\/\/api.w.org\/{rel}","templated":true}]}}