{"id":44913,"date":"2020-04-16T14:04:05","date_gmt":"2020-04-16T12:04:05","guid":{"rendered":"\/?page_id=44913"},"modified":"2020-04-17T13:14:24","modified_gmt":"2020-04-17T11:14:24","slug":"javier-gonzalez-cotta-mercurio","status":"publish","type":"page","link":"https:\/\/ivam.es\/es\/javier-gonzalez-cotta-mercurio\/","title":{"rendered":"Javier Gonz\u00e1lez-Cotta. Mercurio"},"content":{"rendered":"<p><a href=\"\/wp-content\/uploads\/page\/javier-gonzalez-cotta-mercurio\/HABITAR-MEDIT-MERCURIO-scaled.jpg\"><img loading=\"lazy\" decoding=\"async\" class=\"alignnone wp-image-44914 size-full\" src=\"\/wp-content\/uploads\/page\/javier-gonzalez-cotta-mercurio\/HABITAR-MEDIT-MERCURIO-scaled.jpg\" alt=\"\" width=\"2560\" height=\"1707\" srcset=\"https:\/\/ivam.es\/wp-content\/uploads\/page\/javier-gonzalez-cotta-mercurio\/HABITAR-MEDIT-MERCURIO-scaled.jpg 2560w, https:\/\/ivam.es\/wp-content\/uploads\/page\/javier-gonzalez-cotta-mercurio\/HABITAR-MEDIT-MERCURIO-300x200.jpg 300w, https:\/\/ivam.es\/wp-content\/uploads\/page\/javier-gonzalez-cotta-mercurio\/HABITAR-MEDIT-MERCURIO-1024x683.jpg 1024w, https:\/\/ivam.es\/wp-content\/uploads\/page\/javier-gonzalez-cotta-mercurio\/HABITAR-MEDIT-MERCURIO-768x512.jpg 768w, https:\/\/ivam.es\/wp-content\/uploads\/page\/javier-gonzalez-cotta-mercurio\/HABITAR-MEDIT-MERCURIO-1536x1024.jpg 1536w, https:\/\/ivam.es\/wp-content\/uploads\/page\/javier-gonzalez-cotta-mercurio\/HABITAR-MEDIT-MERCURIO-2048x1365.jpg 2048w, https:\/\/ivam.es\/wp-content\/uploads\/page\/javier-gonzalez-cotta-mercurio\/HABITAR-MEDIT-MERCURIO-280x187.jpg 280w, https:\/\/ivam.es\/wp-content\/uploads\/page\/javier-gonzalez-cotta-mercurio\/HABITAR-MEDIT-MERCURIO-467x311.jpg 467w, https:\/\/ivam.es\/wp-content\/uploads\/page\/javier-gonzalez-cotta-mercurio\/HABITAR-MEDIT-MERCURIO-231x154.jpg 231w, https:\/\/ivam.es\/wp-content\/uploads\/page\/javier-gonzalez-cotta-mercurio\/HABITAR-MEDIT-MERCURIO-500x333.jpg 500w\" sizes=\"auto, (max-width: 2560px) 100vw, 2560px\" \/><\/a><\/p>\n<p>&nbsp;<\/p>\n<h4>Habitar el Mediterr\u00e1neo<br \/>\nGaler\u00eda 1. IVAM. 2018<\/h4>\n<p style=\"text-align: justify;\">Desde Homero el Mediterr\u00e1neo siempre ha sido el mar del mito, un espacio para la vecindad amiga y para el recelo (para los turcos otomanos era el Mar Blanco, el mar hostil). Quienes vivimos asomados al antiguo azul sabemos que es una habitaci\u00f3n con vistas, pero hacia dentro. Es el mar que edifica y alza sociolog\u00edas, formas de vida, arquitecturas (incluidas aberraciones en pvc como Marina d\u2019Or). La exposici\u00f3n <a href=\"\/es\/exposiciones\/habitar-el-mediterraneo\/\">Habitar el Mediterr\u00e1neo<\/a> (2018) nos mostr\u00f3 la obra varia de una cuarentena de artistas vinculados al m\u00edtico espacio lagunero (decimos \u2018cuarentena\u2019 porque hace dos a\u00f1os la palabra no remit\u00eda a nada terrible ni pand\u00e9mico). El Mediterr\u00e1neo es hoy la construcci\u00f3n de un imaginario y es una forma de edificaci\u00f3n a pie de suelo. Con mirada cr\u00edtica pudimos comprobarlo en esta exposici\u00f3n.<\/p>\n<p><strong>Javier Gonz\u00e1lez-Cotta<\/strong><br \/>\n<strong>Mercurio<\/strong><\/p>\n","protected":false},"excerpt":{"rendered":"<p>&nbsp; Habitar el Mediterr\u00e1neo Galer\u00eda 1. IVAM. 2018 Desde Homero el Mediterr\u00e1neo siempre ha sido el mar del mito, un espacio para la vecindad amiga y para el recelo (para los turcos otomanos era el Mar Blanco, el mar hostil). Quienes vivimos asomados al antiguo azul sabemos que es una habitaci\u00f3n con vistas, pero hacia [&hellip;]<\/p>\n","protected":false},"author":3,"featured_media":0,"parent":0,"menu_order":404,"comment_status":"closed","ping_status":"closed","template":"","meta":{"footnotes":""},"class_list":["post-44913","page","type-page","status-publish","hentry"],"yoast_head":"<!-- This site is optimized with the Yoast SEO plugin v26.0 - https:\/\/yoast.com\/wordpress\/plugins\/seo\/ -->\n<title>Javier Gonz\u00e1lez-Cotta. Mercurio - IVAM<\/title>\n<meta name=\"robots\" content=\"index, follow, max-snippet:-1, max-image-preview:large, max-video-preview:-1\" \/>\n<link rel=\"canonical\" href=\"https:\/\/ivam.es\/es\/javier-gonzalez-cotta-mercurio\/\" \/>\n<meta property=\"og:locale\" content=\"es_ES\" \/>\n<meta property=\"og:type\" content=\"article\" \/>\n<meta property=\"og:title\" content=\"Javier Gonz\u00e1lez-Cotta. Mercurio - IVAM\" \/>\n<meta property=\"og:description\" content=\"&nbsp; Habitar el Mediterr\u00e1neo Galer\u00eda 1. IVAM. 2018 Desde Homero el Mediterr\u00e1neo siempre ha sido el mar del mito, un espacio para la vecindad amiga y para el recelo (para los turcos otomanos era el Mar Blanco, el mar hostil). Quienes vivimos asomados al antiguo azul sabemos que es una habitaci\u00f3n con vistas, pero hacia [&hellip;]\" \/>\n<meta property=\"og:url\" content=\"https:\/\/ivam.es\/es\/javier-gonzalez-cotta-mercurio\/\" \/>\n<meta property=\"og:site_name\" content=\"IVAM\" \/>\n<meta property=\"article:modified_time\" content=\"2020-04-17T11:14:24+00:00\" \/>\n<meta name=\"twitter:card\" content=\"summary_large_image\" \/>\n<meta name=\"twitter:label1\" content=\"Tiempo de lectura\" \/>\n\t<meta name=\"twitter:data1\" content=\"1 minuto\" \/>\n<script type=\"application\/ld+json\" class=\"yoast-schema-graph\">{\"@context\":\"https:\/\/schema.org\",\"@graph\":[{\"@type\":\"WebPage\",\"@id\":\"https:\/\/ivam.es\/es\/javier-gonzalez-cotta-mercurio\/\",\"url\":\"https:\/\/ivam.es\/es\/javier-gonzalez-cotta-mercurio\/\",\"name\":\"Javier Gonz\u00e1lez-Cotta. Mercurio - IVAM\",\"isPartOf\":{\"@id\":\"https:\/\/ivam.es\/es\/#website\"},\"datePublished\":\"2020-04-16T12:04:05+00:00\",\"dateModified\":\"2020-04-17T11:14:24+00:00\",\"breadcrumb\":{\"@id\":\"https:\/\/ivam.es\/es\/javier-gonzalez-cotta-mercurio\/#breadcrumb\"},\"inLanguage\":\"es\",\"potentialAction\":[{\"@type\":\"ReadAction\",\"target\":[\"https:\/\/ivam.es\/es\/javier-gonzalez-cotta-mercurio\/\"]}]},{\"@type\":\"BreadcrumbList\",\"@id\":\"https:\/\/ivam.es\/es\/javier-gonzalez-cotta-mercurio\/#breadcrumb\",\"itemListElement\":[{\"@type\":\"ListItem\",\"position\":1,\"name\":\"Home\",\"item\":\"https:\/\/ivam.es\/es\/\"},{\"@type\":\"ListItem\",\"position\":2,\"name\":\"Javier Gonz\u00e1lez-Cotta. Mercurio\"}]},{\"@type\":\"WebSite\",\"@id\":\"https:\/\/ivam.es\/es\/#website\",\"url\":\"https:\/\/ivam.es\/es\/\",\"name\":\"IVAM\",\"description\":\"Institut Valenci\u00e0 d&#039;Art Modern\",\"publisher\":{\"@id\":\"https:\/\/ivam.es\/es\/#organization\"},\"potentialAction\":[{\"@type\":\"SearchAction\",\"target\":{\"@type\":\"EntryPoint\",\"urlTemplate\":\"https:\/\/ivam.es\/es\/?s={search_term_string}\"},\"query-input\":{\"@type\":\"PropertyValueSpecification\",\"valueRequired\":true,\"valueName\":\"search_term_string\"}}],\"inLanguage\":\"es\"},{\"@type\":\"Organization\",\"@id\":\"https:\/\/ivam.es\/es\/#organization\",\"name\":\"IVAM\",\"url\":\"https:\/\/ivam.es\/es\/\",\"logo\":{\"@type\":\"ImageObject\",\"inLanguage\":\"es\",\"@id\":\"https:\/\/ivam.es\/es\/#\/schema\/logo\/image\/\",\"url\":\"https:\/\/ivam.es\/wp-content\/uploads\/logo-ok-512.png\",\"contentUrl\":\"https:\/\/ivam.es\/wp-content\/uploads\/logo-ok-512.png\",\"width\":512,\"height\":512,\"caption\":\"IVAM\"},\"image\":{\"@id\":\"https:\/\/ivam.es\/es\/#\/schema\/logo\/image\/\"}}]}<\/script>\n<!-- \/ Yoast SEO plugin. -->","yoast_head_json":{"title":"Javier Gonz\u00e1lez-Cotta. Mercurio - IVAM","robots":{"index":"index","follow":"follow","max-snippet":"max-snippet:-1","max-image-preview":"max-image-preview:large","max-video-preview":"max-video-preview:-1"},"canonical":"https:\/\/ivam.es\/es\/javier-gonzalez-cotta-mercurio\/","og_locale":"es_ES","og_type":"article","og_title":"Javier Gonz\u00e1lez-Cotta. Mercurio - IVAM","og_description":"&nbsp; Habitar el Mediterr\u00e1neo Galer\u00eda 1. IVAM. 2018 Desde Homero el Mediterr\u00e1neo siempre ha sido el mar del mito, un espacio para la vecindad amiga y para el recelo (para los turcos otomanos era el Mar Blanco, el mar hostil). Quienes vivimos asomados al antiguo azul sabemos que es una habitaci\u00f3n con vistas, pero hacia [&hellip;]","og_url":"https:\/\/ivam.es\/es\/javier-gonzalez-cotta-mercurio\/","og_site_name":"IVAM","article_modified_time":"2020-04-17T11:14:24+00:00","twitter_card":"summary_large_image","twitter_misc":{"Tiempo de lectura":"1 minuto"},"schema":{"@context":"https:\/\/schema.org","@graph":[{"@type":"WebPage","@id":"https:\/\/ivam.es\/es\/javier-gonzalez-cotta-mercurio\/","url":"https:\/\/ivam.es\/es\/javier-gonzalez-cotta-mercurio\/","name":"Javier Gonz\u00e1lez-Cotta. Mercurio - IVAM","isPartOf":{"@id":"https:\/\/ivam.es\/es\/#website"},"datePublished":"2020-04-16T12:04:05+00:00","dateModified":"2020-04-17T11:14:24+00:00","breadcrumb":{"@id":"https:\/\/ivam.es\/es\/javier-gonzalez-cotta-mercurio\/#breadcrumb"},"inLanguage":"es","potentialAction":[{"@type":"ReadAction","target":["https:\/\/ivam.es\/es\/javier-gonzalez-cotta-mercurio\/"]}]},{"@type":"BreadcrumbList","@id":"https:\/\/ivam.es\/es\/javier-gonzalez-cotta-mercurio\/#breadcrumb","itemListElement":[{"@type":"ListItem","position":1,"name":"Home","item":"https:\/\/ivam.es\/es\/"},{"@type":"ListItem","position":2,"name":"Javier Gonz\u00e1lez-Cotta. Mercurio"}]},{"@type":"WebSite","@id":"https:\/\/ivam.es\/es\/#website","url":"https:\/\/ivam.es\/es\/","name":"IVAM","description":"Institut Valenci\u00e0 d&#039;Art Modern","publisher":{"@id":"https:\/\/ivam.es\/es\/#organization"},"potentialAction":[{"@type":"SearchAction","target":{"@type":"EntryPoint","urlTemplate":"https:\/\/ivam.es\/es\/?s={search_term_string}"},"query-input":{"@type":"PropertyValueSpecification","valueRequired":true,"valueName":"search_term_string"}}],"inLanguage":"es"},{"@type":"Organization","@id":"https:\/\/ivam.es\/es\/#organization","name":"IVAM","url":"https:\/\/ivam.es\/es\/","logo":{"@type":"ImageObject","inLanguage":"es","@id":"https:\/\/ivam.es\/es\/#\/schema\/logo\/image\/","url":"https:\/\/ivam.es\/wp-content\/uploads\/logo-ok-512.png","contentUrl":"https:\/\/ivam.es\/wp-content\/uploads\/logo-ok-512.png","width":512,"height":512,"caption":"IVAM"},"image":{"@id":"https:\/\/ivam.es\/es\/#\/schema\/logo\/image\/"}}]}},"_links":{"self":[{"href":"https:\/\/ivam.es\/es\/wp-json\/wp\/v2\/pages\/44913","targetHints":{"allow":["GET"]}}],"collection":[{"href":"https:\/\/ivam.es\/es\/wp-json\/wp\/v2\/pages"}],"about":[{"href":"https:\/\/ivam.es\/es\/wp-json\/wp\/v2\/types\/page"}],"author":[{"embeddable":true,"href":"https:\/\/ivam.es\/es\/wp-json\/wp\/v2\/users\/3"}],"replies":[{"embeddable":true,"href":"https:\/\/ivam.es\/es\/wp-json\/wp\/v2\/comments?post=44913"}],"version-history":[{"count":2,"href":"https:\/\/ivam.es\/es\/wp-json\/wp\/v2\/pages\/44913\/revisions"}],"predecessor-version":[{"id":45125,"href":"https:\/\/ivam.es\/es\/wp-json\/wp\/v2\/pages\/44913\/revisions\/45125"}],"wp:attachment":[{"href":"https:\/\/ivam.es\/es\/wp-json\/wp\/v2\/media?parent=44913"}],"curies":[{"name":"wp","href":"https:\/\/api.w.org\/{rel}","templated":true}]}}