{"id":44795,"date":"2020-04-16T13:46:42","date_gmt":"2020-04-16T11:46:42","guid":{"rendered":"\/?page_id=44795"},"modified":"2020-04-17T14:58:08","modified_gmt":"2020-04-17T12:58:08","slug":"fernando-castro-florez-abc","status":"publish","type":"page","link":"https:\/\/ivam.es\/es\/fernando-castro-florez-abc\/","title":{"rendered":"Fernando Castro Fl\u00f3rez. ABC"},"content":{"rendered":"<p><a href=\"\/wp-content\/uploads\/page\/f\/LOST-IN-TRANSITION-FDO-FLOREZ-ABC-scaled.jpg\"><img loading=\"lazy\" decoding=\"async\" class=\"alignnone wp-image-44797\" src=\"\/wp-content\/uploads\/page\/f\/LOST-IN-TRANSITION-FDO-FLOREZ-ABC-scaled.jpg\" alt=\"\" width=\"393\" height=\"600\" srcset=\"https:\/\/ivam.es\/wp-content\/uploads\/page\/f\/LOST-IN-TRANSITION-FDO-FLOREZ-ABC-scaled.jpg 1675w, https:\/\/ivam.es\/wp-content\/uploads\/page\/f\/LOST-IN-TRANSITION-FDO-FLOREZ-ABC-196x300.jpg 196w, https:\/\/ivam.es\/wp-content\/uploads\/page\/f\/LOST-IN-TRANSITION-FDO-FLOREZ-ABC-670x1024.jpg 670w, https:\/\/ivam.es\/wp-content\/uploads\/page\/f\/LOST-IN-TRANSITION-FDO-FLOREZ-ABC-768x1174.jpg 768w, https:\/\/ivam.es\/wp-content\/uploads\/page\/f\/LOST-IN-TRANSITION-FDO-FLOREZ-ABC-1005x1536.jpg 1005w, https:\/\/ivam.es\/wp-content\/uploads\/page\/f\/LOST-IN-TRANSITION-FDO-FLOREZ-ABC-1340x2048.jpg 1340w, https:\/\/ivam.es\/wp-content\/uploads\/page\/f\/LOST-IN-TRANSITION-FDO-FLOREZ-ABC-280x428.jpg 280w, https:\/\/ivam.es\/wp-content\/uploads\/page\/f\/LOST-IN-TRANSITION-FDO-FLOREZ-ABC-467x714.jpg 467w, https:\/\/ivam.es\/wp-content\/uploads\/page\/f\/LOST-IN-TRANSITION-FDO-FLOREZ-ABC-231x353.jpg 231w, https:\/\/ivam.es\/wp-content\/uploads\/page\/f\/LOST-IN-TRANSITION-FDO-FLOREZ-ABC-500x764.jpg 500w\" sizes=\"auto, (max-width: 393px) 100vw, 393px\" \/><\/a><\/p>\n<p>&nbsp;<\/p>\n<h4>\u201cLost in Transition_ un poema performativo de Cabello\/Carceller.\u201d<br \/>\nGaler\u00eda 6. IVAM. 2016.<\/h4>\n<p style=\"text-align: justify;\">Uno de los proyectos que m\u00e1s me ha interesado de cuantos se han realizado en los \u00faltimos a\u00f1os en el IVAM fue <a href=\"\/es\/exposiciones\/lost-in-transition-_un-poema-performativo-de-cabello-carceller\/\">\u201cLost in transition<\/a>\u201d de Cabello\/Carceller, unas artistas a las que admiro much\u00edsimo, verdaderas pioneras de la est\u00e9tica queer en nuestro pa\u00eds. Convocaron a una serie de personas que tuvieran una \u201caproximaci\u00f3n problem\u00e1tica al g\u00e9nero\u201d a participar, en la galer\u00eda 6 del museo valenciano, en lo que calificaron como \u201cpoema performativo\u201d. Lo que se puso en escena fue, ciertamente, la condici\u00f3n pol\u00edtica del drag, pero tambi\u00e9n se hizo manifiesta una voluntad de deconstruir las l\u00f3gicas heteronormativas, realizando un \u201cacting out\u201d que parodia el m\u00edtico \u201cdesnudo bajando una escalera\u201d duchampiano. Asistimos, gracias al coraje de estas creadoras, a una singular \u201crebeld\u00eda por medio de los afectos\u201d. M\u00e1s que una muestra, una memorable de-mostraci\u00f3n.<\/p>\n<p style=\"text-align: justify;\"><strong>Fernando Castro Fl\u00f3rez. <\/strong><br \/>\n<strong>ABC<\/strong><\/p>\n","protected":false},"excerpt":{"rendered":"<p>&nbsp; \u201cLost in Transition_ un poema performativo de Cabello\/Carceller.\u201d Galer\u00eda 6. IVAM. 2016. Uno de los proyectos que m\u00e1s me ha interesado de cuantos se han realizado en los \u00faltimos a\u00f1os en el IVAM fue \u201cLost in transition\u201d de Cabello\/Carceller, unas artistas a las que admiro much\u00edsimo, verdaderas pioneras de la est\u00e9tica queer en nuestro [&hellip;]<\/p>\n","protected":false},"author":3,"featured_media":0,"parent":0,"menu_order":198,"comment_status":"closed","ping_status":"closed","template":"","meta":{"footnotes":""},"class_list":["post-44795","page","type-page","status-publish","hentry"],"yoast_head":"<!-- This site is optimized with the Yoast SEO plugin v26.0 - https:\/\/yoast.com\/wordpress\/plugins\/seo\/ -->\n<title>Fernando Castro Fl\u00f3rez. ABC - IVAM<\/title>\n<meta name=\"robots\" content=\"index, follow, max-snippet:-1, max-image-preview:large, max-video-preview:-1\" \/>\n<link rel=\"canonical\" href=\"https:\/\/ivam.es\/es\/fernando-castro-florez-abc\/\" \/>\n<meta property=\"og:locale\" content=\"es_ES\" \/>\n<meta property=\"og:type\" content=\"article\" \/>\n<meta property=\"og:title\" content=\"Fernando Castro Fl\u00f3rez. ABC - IVAM\" \/>\n<meta property=\"og:description\" content=\"&nbsp; \u201cLost in Transition_ un poema performativo de Cabello\/Carceller.\u201d Galer\u00eda 6. IVAM. 2016. Uno de los proyectos que m\u00e1s me ha interesado de cuantos se han realizado en los \u00faltimos a\u00f1os en el IVAM fue \u201cLost in transition\u201d de Cabello\/Carceller, unas artistas a las que admiro much\u00edsimo, verdaderas pioneras de la est\u00e9tica queer en nuestro [&hellip;]\" \/>\n<meta property=\"og:url\" content=\"https:\/\/ivam.es\/es\/fernando-castro-florez-abc\/\" \/>\n<meta property=\"og:site_name\" content=\"IVAM\" \/>\n<meta property=\"article:modified_time\" content=\"2020-04-17T12:58:08+00:00\" \/>\n<meta name=\"twitter:card\" content=\"summary_large_image\" \/>\n<meta name=\"twitter:label1\" content=\"Tiempo de lectura\" \/>\n\t<meta name=\"twitter:data1\" content=\"1 minuto\" \/>\n<script type=\"application\/ld+json\" class=\"yoast-schema-graph\">{\"@context\":\"https:\/\/schema.org\",\"@graph\":[{\"@type\":\"WebPage\",\"@id\":\"https:\/\/ivam.es\/es\/fernando-castro-florez-abc\/\",\"url\":\"https:\/\/ivam.es\/es\/fernando-castro-florez-abc\/\",\"name\":\"Fernando Castro Fl\u00f3rez. ABC - IVAM\",\"isPartOf\":{\"@id\":\"https:\/\/ivam.es\/es\/#website\"},\"datePublished\":\"2020-04-16T11:46:42+00:00\",\"dateModified\":\"2020-04-17T12:58:08+00:00\",\"breadcrumb\":{\"@id\":\"https:\/\/ivam.es\/es\/fernando-castro-florez-abc\/#breadcrumb\"},\"inLanguage\":\"es\",\"potentialAction\":[{\"@type\":\"ReadAction\",\"target\":[\"https:\/\/ivam.es\/es\/fernando-castro-florez-abc\/\"]}]},{\"@type\":\"BreadcrumbList\",\"@id\":\"https:\/\/ivam.es\/es\/fernando-castro-florez-abc\/#breadcrumb\",\"itemListElement\":[{\"@type\":\"ListItem\",\"position\":1,\"name\":\"Home\",\"item\":\"https:\/\/ivam.es\/es\/\"},{\"@type\":\"ListItem\",\"position\":2,\"name\":\"Fernando Castro Fl\u00f3rez. ABC\"}]},{\"@type\":\"WebSite\",\"@id\":\"https:\/\/ivam.es\/es\/#website\",\"url\":\"https:\/\/ivam.es\/es\/\",\"name\":\"IVAM\",\"description\":\"Institut Valenci\u00e0 d&#039;Art Modern\",\"publisher\":{\"@id\":\"https:\/\/ivam.es\/es\/#organization\"},\"potentialAction\":[{\"@type\":\"SearchAction\",\"target\":{\"@type\":\"EntryPoint\",\"urlTemplate\":\"https:\/\/ivam.es\/es\/?s={search_term_string}\"},\"query-input\":{\"@type\":\"PropertyValueSpecification\",\"valueRequired\":true,\"valueName\":\"search_term_string\"}}],\"inLanguage\":\"es\"},{\"@type\":\"Organization\",\"@id\":\"https:\/\/ivam.es\/es\/#organization\",\"name\":\"IVAM\",\"url\":\"https:\/\/ivam.es\/es\/\",\"logo\":{\"@type\":\"ImageObject\",\"inLanguage\":\"es\",\"@id\":\"https:\/\/ivam.es\/es\/#\/schema\/logo\/image\/\",\"url\":\"https:\/\/ivam.es\/wp-content\/uploads\/logo-ok-512.png\",\"contentUrl\":\"https:\/\/ivam.es\/wp-content\/uploads\/logo-ok-512.png\",\"width\":512,\"height\":512,\"caption\":\"IVAM\"},\"image\":{\"@id\":\"https:\/\/ivam.es\/es\/#\/schema\/logo\/image\/\"}}]}<\/script>\n<!-- \/ Yoast SEO plugin. -->","yoast_head_json":{"title":"Fernando Castro Fl\u00f3rez. ABC - IVAM","robots":{"index":"index","follow":"follow","max-snippet":"max-snippet:-1","max-image-preview":"max-image-preview:large","max-video-preview":"max-video-preview:-1"},"canonical":"https:\/\/ivam.es\/es\/fernando-castro-florez-abc\/","og_locale":"es_ES","og_type":"article","og_title":"Fernando Castro Fl\u00f3rez. ABC - IVAM","og_description":"&nbsp; \u201cLost in Transition_ un poema performativo de Cabello\/Carceller.\u201d Galer\u00eda 6. IVAM. 2016. Uno de los proyectos que m\u00e1s me ha interesado de cuantos se han realizado en los \u00faltimos a\u00f1os en el IVAM fue \u201cLost in transition\u201d de Cabello\/Carceller, unas artistas a las que admiro much\u00edsimo, verdaderas pioneras de la est\u00e9tica queer en nuestro [&hellip;]","og_url":"https:\/\/ivam.es\/es\/fernando-castro-florez-abc\/","og_site_name":"IVAM","article_modified_time":"2020-04-17T12:58:08+00:00","twitter_card":"summary_large_image","twitter_misc":{"Tiempo de lectura":"1 minuto"},"schema":{"@context":"https:\/\/schema.org","@graph":[{"@type":"WebPage","@id":"https:\/\/ivam.es\/es\/fernando-castro-florez-abc\/","url":"https:\/\/ivam.es\/es\/fernando-castro-florez-abc\/","name":"Fernando Castro Fl\u00f3rez. ABC - IVAM","isPartOf":{"@id":"https:\/\/ivam.es\/es\/#website"},"datePublished":"2020-04-16T11:46:42+00:00","dateModified":"2020-04-17T12:58:08+00:00","breadcrumb":{"@id":"https:\/\/ivam.es\/es\/fernando-castro-florez-abc\/#breadcrumb"},"inLanguage":"es","potentialAction":[{"@type":"ReadAction","target":["https:\/\/ivam.es\/es\/fernando-castro-florez-abc\/"]}]},{"@type":"BreadcrumbList","@id":"https:\/\/ivam.es\/es\/fernando-castro-florez-abc\/#breadcrumb","itemListElement":[{"@type":"ListItem","position":1,"name":"Home","item":"https:\/\/ivam.es\/es\/"},{"@type":"ListItem","position":2,"name":"Fernando Castro Fl\u00f3rez. ABC"}]},{"@type":"WebSite","@id":"https:\/\/ivam.es\/es\/#website","url":"https:\/\/ivam.es\/es\/","name":"IVAM","description":"Institut Valenci\u00e0 d&#039;Art Modern","publisher":{"@id":"https:\/\/ivam.es\/es\/#organization"},"potentialAction":[{"@type":"SearchAction","target":{"@type":"EntryPoint","urlTemplate":"https:\/\/ivam.es\/es\/?s={search_term_string}"},"query-input":{"@type":"PropertyValueSpecification","valueRequired":true,"valueName":"search_term_string"}}],"inLanguage":"es"},{"@type":"Organization","@id":"https:\/\/ivam.es\/es\/#organization","name":"IVAM","url":"https:\/\/ivam.es\/es\/","logo":{"@type":"ImageObject","inLanguage":"es","@id":"https:\/\/ivam.es\/es\/#\/schema\/logo\/image\/","url":"https:\/\/ivam.es\/wp-content\/uploads\/logo-ok-512.png","contentUrl":"https:\/\/ivam.es\/wp-content\/uploads\/logo-ok-512.png","width":512,"height":512,"caption":"IVAM"},"image":{"@id":"https:\/\/ivam.es\/es\/#\/schema\/logo\/image\/"}}]}},"_links":{"self":[{"href":"https:\/\/ivam.es\/es\/wp-json\/wp\/v2\/pages\/44795","targetHints":{"allow":["GET"]}}],"collection":[{"href":"https:\/\/ivam.es\/es\/wp-json\/wp\/v2\/pages"}],"about":[{"href":"https:\/\/ivam.es\/es\/wp-json\/wp\/v2\/types\/page"}],"author":[{"embeddable":true,"href":"https:\/\/ivam.es\/es\/wp-json\/wp\/v2\/users\/3"}],"replies":[{"embeddable":true,"href":"https:\/\/ivam.es\/es\/wp-json\/wp\/v2\/comments?post=44795"}],"version-history":[{"count":6,"href":"https:\/\/ivam.es\/es\/wp-json\/wp\/v2\/pages\/44795\/revisions"}],"predecessor-version":[{"id":45203,"href":"https:\/\/ivam.es\/es\/wp-json\/wp\/v2\/pages\/44795\/revisions\/45203"}],"wp:attachment":[{"href":"https:\/\/ivam.es\/es\/wp-json\/wp\/v2\/media?parent=44795"}],"curies":[{"name":"wp","href":"https:\/\/api.w.org\/{rel}","templated":true}]}}