{"id":44503,"date":"2020-04-06T15:23:50","date_gmt":"2020-04-06T13:23:50","guid":{"rendered":"\/?page_id=44503"},"modified":"2020-04-06T15:23:50","modified_gmt":"2020-04-06T13:23:50","slug":"alexander-calder","status":"publish","type":"page","link":"https:\/\/ivam.es\/es\/alexander-calder\/","title":{"rendered":"ALEXANDER CALDER"},"content":{"rendered":"<p><a href=\"\/wp-content\/uploads\/page\/alexander-calder\/CALDER.jpg\"><img loading=\"lazy\" decoding=\"async\" class=\"alignnone wp-image-44504 size-full\" style=\"width: 100%; height: auto;\" src=\"\/wp-content\/uploads\/page\/alexander-calder\/CALDER.jpg\" alt=\"\" width=\"1300\" height=\"1070\" srcset=\"https:\/\/ivam.es\/wp-content\/uploads\/page\/alexander-calder\/CALDER.jpg 1300w, https:\/\/ivam.es\/wp-content\/uploads\/page\/alexander-calder\/CALDER-300x247.jpg 300w, https:\/\/ivam.es\/wp-content\/uploads\/page\/alexander-calder\/CALDER-1024x843.jpg 1024w, https:\/\/ivam.es\/wp-content\/uploads\/page\/alexander-calder\/CALDER-768x632.jpg 768w, https:\/\/ivam.es\/wp-content\/uploads\/page\/alexander-calder\/CALDER-280x230.jpg 280w, https:\/\/ivam.es\/wp-content\/uploads\/page\/alexander-calder\/CALDER-467x384.jpg 467w, https:\/\/ivam.es\/wp-content\/uploads\/page\/alexander-calder\/CALDER-231x190.jpg 231w, https:\/\/ivam.es\/wp-content\/uploads\/page\/alexander-calder\/CALDER-500x412.jpg 500w\" sizes=\"auto, (max-width: 1300px) 100vw, 1300px\" \/><\/a><\/p>\n<h4 style=\"text-align: justify;\">Sin T\u00edtulo, ca. 1934<br \/>\nMadera, metal<br \/>\n85 x 170 cm<\/h4>\n<p>&nbsp;<\/p>\n<p style=\"text-align: justify;\">\u201c<em>(&#8230;) los objetos son constantes, pero sus relaciones var\u00edan siempre<\/em>\u201d. Alexander Calder<\/p>\n<p style=\"text-align: justify;\"><strong>Alexander CALDER (Lawton, EE.UU., 1898-Nueva York, 1976)<\/strong><\/p>\n<p style=\"text-align: justify;\">Calder es uno de los artistas mas influyentes del siglo XX. Comenz\u00f3 creando peque\u00f1as piezas realizadas con madera y alambre que torsionaba y flexionaba, dibujando con \u00e9l peque\u00f1as figuras tridimensionales inspiradas en el mundo del circo. Estas figuras se fueron simplificando y abstrayendo a la vez que eran dotadas de movimiento para ganar dinamismo. Surgen as\u00ed en los a\u00f1os 30 sus primeros m\u00f3viles: esculturas formadas por piezas abstractas y org\u00e1nicas de madera o metal y suspendidas en el aire que se balancean de manera suave, arm\u00f3nica y casi hipn\u00f3tica e imperceptible. Las sombras y las luces cambiantes, junto con el leve sonido que generan las figuras al chocar entre s\u00ed, consiguen que el conjunto vaya modificando su forma para generar, continuamente, infinitas m\u00e1s.<\/p>\n<p style=\"text-align: justify;\"><strong>Ma\u00edta Ca\u00f1am\u00e1s<\/strong><br \/>\n<strong>Conservadora<\/strong><\/p>\n<p>&nbsp;<\/p>\n","protected":false},"excerpt":{"rendered":"<p>Sin T\u00edtulo, ca. 1934 Madera, metal 85 x 170 cm &nbsp; \u201c(&#8230;) los objetos son constantes, pero sus relaciones var\u00edan siempre\u201d. Alexander Calder Alexander CALDER (Lawton, EE.UU., 1898-Nueva York, 1976) Calder es uno de los artistas mas influyentes del siglo XX. Comenz\u00f3 creando peque\u00f1as piezas realizadas con madera y alambre que torsionaba y flexionaba, dibujando [&hellip;]<\/p>\n","protected":false},"author":3,"featured_media":0,"parent":0,"menu_order":28,"comment_status":"closed","ping_status":"closed","template":"","meta":{"footnotes":""},"class_list":["post-44503","page","type-page","status-publish","hentry"],"yoast_head":"<!-- This site is optimized with the Yoast SEO plugin v26.0 - https:\/\/yoast.com\/wordpress\/plugins\/seo\/ -->\n<title>ALEXANDER CALDER - IVAM<\/title>\n<meta name=\"robots\" content=\"index, follow, max-snippet:-1, max-image-preview:large, max-video-preview:-1\" \/>\n<link rel=\"canonical\" href=\"https:\/\/ivam.es\/es\/alexander-calder\/\" \/>\n<meta property=\"og:locale\" content=\"es_ES\" \/>\n<meta property=\"og:type\" content=\"article\" \/>\n<meta property=\"og:title\" content=\"ALEXANDER CALDER - IVAM\" \/>\n<meta property=\"og:description\" content=\"Sin T\u00edtulo, ca. 1934 Madera, metal 85 x 170 cm &nbsp; \u201c(&#8230;) los objetos son constantes, pero sus relaciones var\u00edan siempre\u201d. Alexander Calder Alexander CALDER (Lawton, EE.UU., 1898-Nueva York, 1976) Calder es uno de los artistas mas influyentes del siglo XX. Comenz\u00f3 creando peque\u00f1as piezas realizadas con madera y alambre que torsionaba y flexionaba, dibujando [&hellip;]\" \/>\n<meta property=\"og:url\" content=\"https:\/\/ivam.es\/es\/alexander-calder\/\" \/>\n<meta property=\"og:site_name\" content=\"IVAM\" \/>\n<meta name=\"twitter:card\" content=\"summary_large_image\" \/>\n<meta name=\"twitter:label1\" content=\"Tiempo de lectura\" \/>\n\t<meta name=\"twitter:data1\" content=\"1 minuto\" \/>\n<script type=\"application\/ld+json\" class=\"yoast-schema-graph\">{\"@context\":\"https:\/\/schema.org\",\"@graph\":[{\"@type\":\"WebPage\",\"@id\":\"https:\/\/ivam.es\/es\/alexander-calder\/\",\"url\":\"https:\/\/ivam.es\/es\/alexander-calder\/\",\"name\":\"ALEXANDER CALDER - IVAM\",\"isPartOf\":{\"@id\":\"https:\/\/ivam.es\/es\/#website\"},\"datePublished\":\"2020-04-06T13:23:50+00:00\",\"breadcrumb\":{\"@id\":\"https:\/\/ivam.es\/es\/alexander-calder\/#breadcrumb\"},\"inLanguage\":\"es\",\"potentialAction\":[{\"@type\":\"ReadAction\",\"target\":[\"https:\/\/ivam.es\/es\/alexander-calder\/\"]}]},{\"@type\":\"BreadcrumbList\",\"@id\":\"https:\/\/ivam.es\/es\/alexander-calder\/#breadcrumb\",\"itemListElement\":[{\"@type\":\"ListItem\",\"position\":1,\"name\":\"Home\",\"item\":\"https:\/\/ivam.es\/es\/\"},{\"@type\":\"ListItem\",\"position\":2,\"name\":\"ALEXANDER CALDER\"}]},{\"@type\":\"WebSite\",\"@id\":\"https:\/\/ivam.es\/es\/#website\",\"url\":\"https:\/\/ivam.es\/es\/\",\"name\":\"IVAM\",\"description\":\"Institut Valenci\u00e0 d&#039;Art Modern\",\"publisher\":{\"@id\":\"https:\/\/ivam.es\/es\/#organization\"},\"potentialAction\":[{\"@type\":\"SearchAction\",\"target\":{\"@type\":\"EntryPoint\",\"urlTemplate\":\"https:\/\/ivam.es\/es\/?s={search_term_string}\"},\"query-input\":{\"@type\":\"PropertyValueSpecification\",\"valueRequired\":true,\"valueName\":\"search_term_string\"}}],\"inLanguage\":\"es\"},{\"@type\":\"Organization\",\"@id\":\"https:\/\/ivam.es\/es\/#organization\",\"name\":\"IVAM\",\"url\":\"https:\/\/ivam.es\/es\/\",\"logo\":{\"@type\":\"ImageObject\",\"inLanguage\":\"es\",\"@id\":\"https:\/\/ivam.es\/es\/#\/schema\/logo\/image\/\",\"url\":\"https:\/\/ivam.es\/wp-content\/uploads\/logo-ok-512.png\",\"contentUrl\":\"https:\/\/ivam.es\/wp-content\/uploads\/logo-ok-512.png\",\"width\":512,\"height\":512,\"caption\":\"IVAM\"},\"image\":{\"@id\":\"https:\/\/ivam.es\/es\/#\/schema\/logo\/image\/\"}}]}<\/script>\n<!-- \/ Yoast SEO plugin. -->","yoast_head_json":{"title":"ALEXANDER CALDER - IVAM","robots":{"index":"index","follow":"follow","max-snippet":"max-snippet:-1","max-image-preview":"max-image-preview:large","max-video-preview":"max-video-preview:-1"},"canonical":"https:\/\/ivam.es\/es\/alexander-calder\/","og_locale":"es_ES","og_type":"article","og_title":"ALEXANDER CALDER - IVAM","og_description":"Sin T\u00edtulo, ca. 1934 Madera, metal 85 x 170 cm &nbsp; \u201c(&#8230;) los objetos son constantes, pero sus relaciones var\u00edan siempre\u201d. Alexander Calder Alexander CALDER (Lawton, EE.UU., 1898-Nueva York, 1976) Calder es uno de los artistas mas influyentes del siglo XX. Comenz\u00f3 creando peque\u00f1as piezas realizadas con madera y alambre que torsionaba y flexionaba, dibujando [&hellip;]","og_url":"https:\/\/ivam.es\/es\/alexander-calder\/","og_site_name":"IVAM","twitter_card":"summary_large_image","twitter_misc":{"Tiempo de lectura":"1 minuto"},"schema":{"@context":"https:\/\/schema.org","@graph":[{"@type":"WebPage","@id":"https:\/\/ivam.es\/es\/alexander-calder\/","url":"https:\/\/ivam.es\/es\/alexander-calder\/","name":"ALEXANDER CALDER - IVAM","isPartOf":{"@id":"https:\/\/ivam.es\/es\/#website"},"datePublished":"2020-04-06T13:23:50+00:00","breadcrumb":{"@id":"https:\/\/ivam.es\/es\/alexander-calder\/#breadcrumb"},"inLanguage":"es","potentialAction":[{"@type":"ReadAction","target":["https:\/\/ivam.es\/es\/alexander-calder\/"]}]},{"@type":"BreadcrumbList","@id":"https:\/\/ivam.es\/es\/alexander-calder\/#breadcrumb","itemListElement":[{"@type":"ListItem","position":1,"name":"Home","item":"https:\/\/ivam.es\/es\/"},{"@type":"ListItem","position":2,"name":"ALEXANDER CALDER"}]},{"@type":"WebSite","@id":"https:\/\/ivam.es\/es\/#website","url":"https:\/\/ivam.es\/es\/","name":"IVAM","description":"Institut Valenci\u00e0 d&#039;Art Modern","publisher":{"@id":"https:\/\/ivam.es\/es\/#organization"},"potentialAction":[{"@type":"SearchAction","target":{"@type":"EntryPoint","urlTemplate":"https:\/\/ivam.es\/es\/?s={search_term_string}"},"query-input":{"@type":"PropertyValueSpecification","valueRequired":true,"valueName":"search_term_string"}}],"inLanguage":"es"},{"@type":"Organization","@id":"https:\/\/ivam.es\/es\/#organization","name":"IVAM","url":"https:\/\/ivam.es\/es\/","logo":{"@type":"ImageObject","inLanguage":"es","@id":"https:\/\/ivam.es\/es\/#\/schema\/logo\/image\/","url":"https:\/\/ivam.es\/wp-content\/uploads\/logo-ok-512.png","contentUrl":"https:\/\/ivam.es\/wp-content\/uploads\/logo-ok-512.png","width":512,"height":512,"caption":"IVAM"},"image":{"@id":"https:\/\/ivam.es\/es\/#\/schema\/logo\/image\/"}}]}},"_links":{"self":[{"href":"https:\/\/ivam.es\/es\/wp-json\/wp\/v2\/pages\/44503","targetHints":{"allow":["GET"]}}],"collection":[{"href":"https:\/\/ivam.es\/es\/wp-json\/wp\/v2\/pages"}],"about":[{"href":"https:\/\/ivam.es\/es\/wp-json\/wp\/v2\/types\/page"}],"author":[{"embeddable":true,"href":"https:\/\/ivam.es\/es\/wp-json\/wp\/v2\/users\/3"}],"replies":[{"embeddable":true,"href":"https:\/\/ivam.es\/es\/wp-json\/wp\/v2\/comments?post=44503"}],"version-history":[{"count":5,"href":"https:\/\/ivam.es\/es\/wp-json\/wp\/v2\/pages\/44503\/revisions"}],"predecessor-version":[{"id":44543,"href":"https:\/\/ivam.es\/es\/wp-json\/wp\/v2\/pages\/44503\/revisions\/44543"}],"wp:attachment":[{"href":"https:\/\/ivam.es\/es\/wp-json\/wp\/v2\/media?parent=44503"}],"curies":[{"name":"wp","href":"https:\/\/api.w.org\/{rel}","templated":true}]}}