{"id":44492,"date":"2020-04-06T15:18:12","date_gmt":"2020-04-06T13:18:12","guid":{"rendered":"\/?page_id=44492"},"modified":"2020-04-06T15:18:12","modified_gmt":"2020-04-06T13:18:12","slug":"robert-rauschenberg","status":"publish","type":"page","link":"https:\/\/ivam.es\/es\/robert-rauschenberg\/","title":{"rendered":"ROBERT RAUSCHENBERG"},"content":{"rendered":"<p><a href=\"\/wp-content\/uploads\/page\/robert-rauschenberg\/ROBERT-RAUSCHENBERG_DANTES-INFERNO.jpg\"><img loading=\"lazy\" decoding=\"async\" class=\"alignnone wp-image-44493 size-full\" style=\"width: 100%; height: auto;\" src=\"\/wp-content\/uploads\/page\/robert-rauschenberg\/ROBERT-RAUSCHENBERG_DANTES-INFERNO.jpg\" alt=\"\" width=\"476\" height=\"600\" srcset=\"https:\/\/ivam.es\/wp-content\/uploads\/page\/robert-rauschenberg\/ROBERT-RAUSCHENBERG_DANTES-INFERNO.jpg 476w, https:\/\/ivam.es\/wp-content\/uploads\/page\/robert-rauschenberg\/ROBERT-RAUSCHENBERG_DANTES-INFERNO-238x300.jpg 238w, https:\/\/ivam.es\/wp-content\/uploads\/page\/robert-rauschenberg\/ROBERT-RAUSCHENBERG_DANTES-INFERNO-280x353.jpg 280w, https:\/\/ivam.es\/wp-content\/uploads\/page\/robert-rauschenberg\/ROBERT-RAUSCHENBERG_DANTES-INFERNO-467x589.jpg 467w, https:\/\/ivam.es\/wp-content\/uploads\/page\/robert-rauschenberg\/ROBERT-RAUSCHENBERG_DANTES-INFERNO-231x291.jpg 231w\" sizes=\"auto, (max-width: 476px) 100vw, 476px\" \/><\/a><\/p>\n<h4>XXXIV Drawings for Dante\u00b4s Inferno, 1969<br \/>\nEdici\u00f3n 254\/300.<br \/>\nOffset sobre papel, 36,7 x 29 cm.<\/h4>\n<p>&nbsp;<\/p>\n<p style=\"text-align: justify;\"><strong>Robert RAUSCHENBERG (Port Arthur, EE.UU., 1925-Captiva Island, EE.UU., 2008)<\/strong><\/p>\n<p style=\"text-align: justify;\">Robert Rauschenberg realiz\u00f3 sus XXXIV Drawings for Dante\u00b4s Inferno, tomando como base un hito de la literatura medieval, La Divina Comedia de Dante, y le otorg\u00f3 un nuevo significado m\u00e1s acorde a su tiempo. Entre 1958 y 1960, ilustr\u00f3 treinta y cuatro c\u00e1nticos de una de las tres partes de esa epopeya del siglo XIV, el Infierno, con im\u00e1genes que busc\u00f3 en revistas de la \u00e9poca como Life o Sports, elaborando con ellas collages que transfer\u00eda luego al papel. Una vez montadas, las im\u00e1genes encontradas se ve\u00edan circundadas por nuevos contextos y su apariencia deformada por la yuxtaposici\u00f3n de componentes, la manipulaci\u00f3n pict\u00f3rica, el encuadre ampliado y por la presi\u00f3n ejercida durante el proceso de transferencia.<\/p>\n<p style=\"text-align: justify;\">Apropiaci\u00f3n, montaje y deformaci\u00f3n fueron las claves de esas composiciones dantescas, repletas de personajes p\u00fablicos habituales en revistas y peri\u00f3dicos estadounidenses, cuyos comportamientos Rauschenberg pon\u00eda en el punto de mira con la intenci\u00f3n de proponer una reflexi\u00f3n cr\u00edtica sobre la sociedad y la pol\u00edtica del momento.<\/p>\n<p style=\"text-align: justify;\"><strong>Mar\u00eda Jes\u00fas Folch<\/strong><br \/>\n<strong>Conservadora<\/strong><\/p>\n","protected":false},"excerpt":{"rendered":"<p>XXXIV Drawings for Dante\u00b4s Inferno, 1969 Edici\u00f3n 254\/300. Offset sobre papel, 36,7 x 29 cm. &nbsp; Robert RAUSCHENBERG (Port Arthur, EE.UU., 1925-Captiva Island, EE.UU., 2008) Robert Rauschenberg realiz\u00f3 sus XXXIV Drawings for Dante\u00b4s Inferno, tomando como base un hito de la literatura medieval, La Divina Comedia de Dante, y le otorg\u00f3 un nuevo significado m\u00e1s [&hellip;]<\/p>\n","protected":false},"author":3,"featured_media":0,"parent":0,"menu_order":31,"comment_status":"closed","ping_status":"closed","template":"","meta":{"footnotes":""},"class_list":["post-44492","page","type-page","status-publish","hentry"],"yoast_head":"<!-- This site is optimized with the Yoast SEO plugin v26.0 - https:\/\/yoast.com\/wordpress\/plugins\/seo\/ -->\n<title>ROBERT RAUSCHENBERG - IVAM<\/title>\n<meta name=\"robots\" content=\"index, follow, max-snippet:-1, max-image-preview:large, max-video-preview:-1\" \/>\n<link rel=\"canonical\" href=\"https:\/\/ivam.es\/es\/robert-rauschenberg\/\" \/>\n<meta property=\"og:locale\" content=\"es_ES\" \/>\n<meta property=\"og:type\" content=\"article\" \/>\n<meta property=\"og:title\" content=\"ROBERT RAUSCHENBERG - IVAM\" \/>\n<meta property=\"og:description\" content=\"XXXIV Drawings for Dante\u00b4s Inferno, 1969 Edici\u00f3n 254\/300. Offset sobre papel, 36,7 x 29 cm. &nbsp; Robert RAUSCHENBERG (Port Arthur, EE.UU., 1925-Captiva Island, EE.UU., 2008) Robert Rauschenberg realiz\u00f3 sus XXXIV Drawings for Dante\u00b4s Inferno, tomando como base un hito de la literatura medieval, La Divina Comedia de Dante, y le otorg\u00f3 un nuevo significado m\u00e1s [&hellip;]\" \/>\n<meta property=\"og:url\" content=\"https:\/\/ivam.es\/es\/robert-rauschenberg\/\" \/>\n<meta property=\"og:site_name\" content=\"IVAM\" \/>\n<meta name=\"twitter:card\" content=\"summary_large_image\" \/>\n<meta name=\"twitter:label1\" content=\"Tiempo de lectura\" \/>\n\t<meta name=\"twitter:data1\" content=\"1 minuto\" \/>\n<script type=\"application\/ld+json\" class=\"yoast-schema-graph\">{\"@context\":\"https:\/\/schema.org\",\"@graph\":[{\"@type\":\"WebPage\",\"@id\":\"https:\/\/ivam.es\/es\/robert-rauschenberg\/\",\"url\":\"https:\/\/ivam.es\/es\/robert-rauschenberg\/\",\"name\":\"ROBERT RAUSCHENBERG - IVAM\",\"isPartOf\":{\"@id\":\"https:\/\/ivam.es\/es\/#website\"},\"datePublished\":\"2020-04-06T13:18:12+00:00\",\"breadcrumb\":{\"@id\":\"https:\/\/ivam.es\/es\/robert-rauschenberg\/#breadcrumb\"},\"inLanguage\":\"es\",\"potentialAction\":[{\"@type\":\"ReadAction\",\"target\":[\"https:\/\/ivam.es\/es\/robert-rauschenberg\/\"]}]},{\"@type\":\"BreadcrumbList\",\"@id\":\"https:\/\/ivam.es\/es\/robert-rauschenberg\/#breadcrumb\",\"itemListElement\":[{\"@type\":\"ListItem\",\"position\":1,\"name\":\"Home\",\"item\":\"https:\/\/ivam.es\/es\/\"},{\"@type\":\"ListItem\",\"position\":2,\"name\":\"ROBERT RAUSCHENBERG\"}]},{\"@type\":\"WebSite\",\"@id\":\"https:\/\/ivam.es\/es\/#website\",\"url\":\"https:\/\/ivam.es\/es\/\",\"name\":\"IVAM\",\"description\":\"Institut Valenci\u00e0 d&#039;Art Modern\",\"publisher\":{\"@id\":\"https:\/\/ivam.es\/es\/#organization\"},\"potentialAction\":[{\"@type\":\"SearchAction\",\"target\":{\"@type\":\"EntryPoint\",\"urlTemplate\":\"https:\/\/ivam.es\/es\/?s={search_term_string}\"},\"query-input\":{\"@type\":\"PropertyValueSpecification\",\"valueRequired\":true,\"valueName\":\"search_term_string\"}}],\"inLanguage\":\"es\"},{\"@type\":\"Organization\",\"@id\":\"https:\/\/ivam.es\/es\/#organization\",\"name\":\"IVAM\",\"url\":\"https:\/\/ivam.es\/es\/\",\"logo\":{\"@type\":\"ImageObject\",\"inLanguage\":\"es\",\"@id\":\"https:\/\/ivam.es\/es\/#\/schema\/logo\/image\/\",\"url\":\"https:\/\/ivam.es\/wp-content\/uploads\/logo-ok-512.png\",\"contentUrl\":\"https:\/\/ivam.es\/wp-content\/uploads\/logo-ok-512.png\",\"width\":512,\"height\":512,\"caption\":\"IVAM\"},\"image\":{\"@id\":\"https:\/\/ivam.es\/es\/#\/schema\/logo\/image\/\"}}]}<\/script>\n<!-- \/ Yoast SEO plugin. -->","yoast_head_json":{"title":"ROBERT RAUSCHENBERG - IVAM","robots":{"index":"index","follow":"follow","max-snippet":"max-snippet:-1","max-image-preview":"max-image-preview:large","max-video-preview":"max-video-preview:-1"},"canonical":"https:\/\/ivam.es\/es\/robert-rauschenberg\/","og_locale":"es_ES","og_type":"article","og_title":"ROBERT RAUSCHENBERG - IVAM","og_description":"XXXIV Drawings for Dante\u00b4s Inferno, 1969 Edici\u00f3n 254\/300. Offset sobre papel, 36,7 x 29 cm. &nbsp; Robert RAUSCHENBERG (Port Arthur, EE.UU., 1925-Captiva Island, EE.UU., 2008) Robert Rauschenberg realiz\u00f3 sus XXXIV Drawings for Dante\u00b4s Inferno, tomando como base un hito de la literatura medieval, La Divina Comedia de Dante, y le otorg\u00f3 un nuevo significado m\u00e1s [&hellip;]","og_url":"https:\/\/ivam.es\/es\/robert-rauschenberg\/","og_site_name":"IVAM","twitter_card":"summary_large_image","twitter_misc":{"Tiempo de lectura":"1 minuto"},"schema":{"@context":"https:\/\/schema.org","@graph":[{"@type":"WebPage","@id":"https:\/\/ivam.es\/es\/robert-rauschenberg\/","url":"https:\/\/ivam.es\/es\/robert-rauschenberg\/","name":"ROBERT RAUSCHENBERG - IVAM","isPartOf":{"@id":"https:\/\/ivam.es\/es\/#website"},"datePublished":"2020-04-06T13:18:12+00:00","breadcrumb":{"@id":"https:\/\/ivam.es\/es\/robert-rauschenberg\/#breadcrumb"},"inLanguage":"es","potentialAction":[{"@type":"ReadAction","target":["https:\/\/ivam.es\/es\/robert-rauschenberg\/"]}]},{"@type":"BreadcrumbList","@id":"https:\/\/ivam.es\/es\/robert-rauschenberg\/#breadcrumb","itemListElement":[{"@type":"ListItem","position":1,"name":"Home","item":"https:\/\/ivam.es\/es\/"},{"@type":"ListItem","position":2,"name":"ROBERT RAUSCHENBERG"}]},{"@type":"WebSite","@id":"https:\/\/ivam.es\/es\/#website","url":"https:\/\/ivam.es\/es\/","name":"IVAM","description":"Institut Valenci\u00e0 d&#039;Art Modern","publisher":{"@id":"https:\/\/ivam.es\/es\/#organization"},"potentialAction":[{"@type":"SearchAction","target":{"@type":"EntryPoint","urlTemplate":"https:\/\/ivam.es\/es\/?s={search_term_string}"},"query-input":{"@type":"PropertyValueSpecification","valueRequired":true,"valueName":"search_term_string"}}],"inLanguage":"es"},{"@type":"Organization","@id":"https:\/\/ivam.es\/es\/#organization","name":"IVAM","url":"https:\/\/ivam.es\/es\/","logo":{"@type":"ImageObject","inLanguage":"es","@id":"https:\/\/ivam.es\/es\/#\/schema\/logo\/image\/","url":"https:\/\/ivam.es\/wp-content\/uploads\/logo-ok-512.png","contentUrl":"https:\/\/ivam.es\/wp-content\/uploads\/logo-ok-512.png","width":512,"height":512,"caption":"IVAM"},"image":{"@id":"https:\/\/ivam.es\/es\/#\/schema\/logo\/image\/"}}]}},"_links":{"self":[{"href":"https:\/\/ivam.es\/es\/wp-json\/wp\/v2\/pages\/44492","targetHints":{"allow":["GET"]}}],"collection":[{"href":"https:\/\/ivam.es\/es\/wp-json\/wp\/v2\/pages"}],"about":[{"href":"https:\/\/ivam.es\/es\/wp-json\/wp\/v2\/types\/page"}],"author":[{"embeddable":true,"href":"https:\/\/ivam.es\/es\/wp-json\/wp\/v2\/users\/3"}],"replies":[{"embeddable":true,"href":"https:\/\/ivam.es\/es\/wp-json\/wp\/v2\/comments?post=44492"}],"version-history":[{"count":4,"href":"https:\/\/ivam.es\/es\/wp-json\/wp\/v2\/pages\/44492\/revisions"}],"predecessor-version":[{"id":44516,"href":"https:\/\/ivam.es\/es\/wp-json\/wp\/v2\/pages\/44492\/revisions\/44516"}],"wp:attachment":[{"href":"https:\/\/ivam.es\/es\/wp-json\/wp\/v2\/media?parent=44492"}],"curies":[{"name":"wp","href":"https:\/\/api.w.org\/{rel}","templated":true}]}}