{"id":44385,"date":"2020-04-04T08:03:28","date_gmt":"2020-04-04T06:03:28","guid":{"rendered":"\/?page_id=44385"},"modified":"2020-04-04T11:27:06","modified_gmt":"2020-04-04T09:27:06","slug":"jean-dubuffet","status":"publish","type":"page","link":"https:\/\/ivam.es\/es\/jean-dubuffet\/","title":{"rendered":"JEAN DUBUFFET"},"content":{"rendered":"<p><a href=\"\/wp-content\/uploads\/page\/ivamcuratorschoice\/JEAN-DUBUFFET_MISSIONS-SECRETES.jpg\"><img loading=\"lazy\" decoding=\"async\" class=\"alignnone wp-image-44386\" style=\"width: 100%; height: auto;\" src=\"\/wp-content\/uploads\/page\/ivamcuratorschoice\/JEAN-DUBUFFET_MISSIONS-SECRETES-1024x793.jpg\" alt=\"Missions secr\u00e8tes, 1953 \u00d3leo sobre lienzo 89 x 116 cm\" width=\"1024\" height=\"793\" srcset=\"https:\/\/ivam.es\/wp-content\/uploads\/page\/ivamcuratorschoice\/JEAN-DUBUFFET_MISSIONS-SECRETES-1024x793.jpg 1024w, https:\/\/ivam.es\/wp-content\/uploads\/page\/ivamcuratorschoice\/JEAN-DUBUFFET_MISSIONS-SECRETES-300x232.jpg 300w, https:\/\/ivam.es\/wp-content\/uploads\/page\/ivamcuratorschoice\/JEAN-DUBUFFET_MISSIONS-SECRETES-768x595.jpg 768w, https:\/\/ivam.es\/wp-content\/uploads\/page\/ivamcuratorschoice\/JEAN-DUBUFFET_MISSIONS-SECRETES-280x217.jpg 280w, https:\/\/ivam.es\/wp-content\/uploads\/page\/ivamcuratorschoice\/JEAN-DUBUFFET_MISSIONS-SECRETES-467x362.jpg 467w, https:\/\/ivam.es\/wp-content\/uploads\/page\/ivamcuratorschoice\/JEAN-DUBUFFET_MISSIONS-SECRETES-231x179.jpg 231w, https:\/\/ivam.es\/wp-content\/uploads\/page\/ivamcuratorschoice\/JEAN-DUBUFFET_MISSIONS-SECRETES-500x387.jpg 500w, https:\/\/ivam.es\/wp-content\/uploads\/page\/ivamcuratorschoice\/JEAN-DUBUFFET_MISSIONS-SECRETES.jpg 1536w\" sizes=\"auto, (max-width: 1024px) 100vw, 1024px\" \/><\/a><\/p>\n<h4 class=\"text-left\">Missions secr\u00e8tes, 1953. \u00d3leo sobre lienzo. 89 x 116 cm<\/h4>\n<p>&nbsp;<\/p>\n<p><strong>JEAN DUBUFFET (Le Havre, Francia, 1901-Par\u00eds, 1985)<\/strong><\/p>\n<p class=\"p1\">La vocaci\u00f3n art\u00edstica de Jean Dubuffet se manifest\u00f3 tard\u00edamente y uno de los revulsivos que marcar\u00eda su producci\u00f3n, tanto pl\u00e1stica como escrita, fue la segunda guerra mundial que asol\u00f3 Europa y que fue entendida por \u00e9l, y por muchos otros, como el fracaso de la cultura occidental. As\u00ed pues, y como bien explica Baptiste Brun, especialista en la obra de Dubuffet y comisario de la muestra <i>Jean Dubuffet. Un b\u00e1rbaro en Europa<\/i> (9 de octubre de 2019 &#8211; 16 de febrero de 2020), uno de los objetivos del artista era construir una nueva sociedad cambiando sus par\u00e1metros culturales y reivindicando la figura del hombre com\u00fan, en contraposici\u00f3n con unas elites que hab\u00edan llevado al continente europeo al desastre por segunda vez en menos de treinta a\u00f1os. Este objetivo no implic\u00f3, sin embargo, que Dubuffet no hiciera un profundo an\u00e1lisis de la cultura, tanto occidental como de otros lugares del mundo, y que no se rodeara, como bien hizo, de intelectuales, artistas, escritores, editores o psiquiatras, en su b\u00fasqueda de un modelo de cultura que se deshiciera de prejuicios y estereotipos y recuperara la esencia de lo humano, en todas sus facetas.<\/p>\n<p class=\"p1\"><i>Missions secr\u00e8tes<\/i> (1953), actualmente expuesta en la muestra del IVAM <i>Tiempos convulsos<\/i>, fue adquirida hace m\u00e1s de veinte a\u00f1os y forma parte del amplio fondo del IVAM dedicado a los Informalismos, obras que el p\u00fablico ha podido contemplar tanto en el IVAM como en otras instituciones. Pertenece a la serie de los paisajes mat\u00e9ricos de Dubuffet en los que el artista destruye deliberadamente el concepto de cuadro como ventana al subvertir las leyes de la perspectiva tradicional. Los paisajes son muros en los que, en palabras de Baptiste Brun e Isabelle Marquet: Dubuffet recurre \u201cal uso de materias primas naturales, brutas, que mezcla en composiciones en las que la figura y la materia se confunden, del mismo modo que sus personajes se funden en los paisajes, desafiando as\u00ed la costumbre de la mirada\u201d.<\/p>\n<p class=\"p1\">En estos momentos de crisis nos encontramos en una situaci\u00f3n de incertidumbre. Si bien el lenguaje b\u00e9lico abunda, y gusta, esto no es una guerra; afortunadamente, no hay en nuestras sociedades europeas una serie de seres humanos esforz\u00e1ndose al m\u00e1ximo para asesinar o hacer desaparecer a otros seres humanos. Sin embargo, s\u00ed hay una forma de vida en crisis y que est\u00e1 mostrando, en los momentos dif\u00edciles, todas sus carencias a la luz cruda de una emergencia sanitaria sin precedentes en las \u00faltimas d\u00e9cadas.<\/p>\n<p class=\"p1\">Al igual que Jean Dubuffet tom\u00f3 el testigo de una sociedad en ruinas para apostar por nuevos valores, \u00e9ste puede ser un momento apropiado para la reflexi\u00f3n personal sobre los valores que sustentan nuestra sociedad, ahora conmocionada por un presente de emergencia que ha trastocado toda normalidad, y conmocionada tambi\u00e9n por un futuro incierto, y para decidir qu\u00e9 valores nos representan como seres humanos y de qu\u00e9 manera nuestro comportamiento y nuestra forma de vida pueden contribuir a hacer realidad esos valores.<\/p>\n<h4 class=\"text-left\">Marta Arroyo Planelles. Conservadora<\/h4>\n<p>&nbsp;<\/p>\n","protected":false},"excerpt":{"rendered":"<p>Missions secr\u00e8tes, 1953. \u00d3leo sobre lienzo. 89 x 116 cm &nbsp; JEAN DUBUFFET (Le Havre, Francia, 1901-Par\u00eds, 1985) La vocaci\u00f3n art\u00edstica de Jean Dubuffet se manifest\u00f3 tard\u00edamente y uno de los revulsivos que marcar\u00eda su producci\u00f3n, tanto pl\u00e1stica como escrita, fue la segunda guerra mundial que asol\u00f3 Europa y que fue entendida por \u00e9l, y [&hellip;]<\/p>\n","protected":false},"author":13,"featured_media":0,"parent":0,"menu_order":39,"comment_status":"closed","ping_status":"closed","template":"","meta":{"footnotes":""},"class_list":["post-44385","page","type-page","status-publish","hentry"],"yoast_head":"<!-- This site is optimized with the Yoast SEO plugin v26.0 - https:\/\/yoast.com\/wordpress\/plugins\/seo\/ -->\n<title>JEAN DUBUFFET - IVAM<\/title>\n<meta name=\"robots\" content=\"index, follow, max-snippet:-1, max-image-preview:large, max-video-preview:-1\" \/>\n<link rel=\"canonical\" href=\"https:\/\/ivam.es\/es\/jean-dubuffet\/\" \/>\n<meta property=\"og:locale\" content=\"es_ES\" \/>\n<meta property=\"og:type\" content=\"article\" \/>\n<meta property=\"og:title\" content=\"JEAN DUBUFFET - IVAM\" \/>\n<meta property=\"og:description\" content=\"Missions secr\u00e8tes, 1953. \u00d3leo sobre lienzo. 89 x 116 cm &nbsp; JEAN DUBUFFET (Le Havre, Francia, 1901-Par\u00eds, 1985) La vocaci\u00f3n art\u00edstica de Jean Dubuffet se manifest\u00f3 tard\u00edamente y uno de los revulsivos que marcar\u00eda su producci\u00f3n, tanto pl\u00e1stica como escrita, fue la segunda guerra mundial que asol\u00f3 Europa y que fue entendida por \u00e9l, y [&hellip;]\" \/>\n<meta property=\"og:url\" content=\"https:\/\/ivam.es\/es\/jean-dubuffet\/\" \/>\n<meta property=\"og:site_name\" content=\"IVAM\" \/>\n<meta property=\"article:modified_time\" content=\"2020-04-04T09:27:06+00:00\" \/>\n<meta name=\"twitter:card\" content=\"summary_large_image\" \/>\n<meta name=\"twitter:label1\" content=\"Tiempo de lectura\" \/>\n\t<meta name=\"twitter:data1\" content=\"3 minutos\" \/>\n<script type=\"application\/ld+json\" class=\"yoast-schema-graph\">{\"@context\":\"https:\/\/schema.org\",\"@graph\":[{\"@type\":\"WebPage\",\"@id\":\"https:\/\/ivam.es\/es\/jean-dubuffet\/\",\"url\":\"https:\/\/ivam.es\/es\/jean-dubuffet\/\",\"name\":\"JEAN DUBUFFET - IVAM\",\"isPartOf\":{\"@id\":\"https:\/\/ivam.es\/es\/#website\"},\"datePublished\":\"2020-04-04T06:03:28+00:00\",\"dateModified\":\"2020-04-04T09:27:06+00:00\",\"breadcrumb\":{\"@id\":\"https:\/\/ivam.es\/es\/jean-dubuffet\/#breadcrumb\"},\"inLanguage\":\"es\",\"potentialAction\":[{\"@type\":\"ReadAction\",\"target\":[\"https:\/\/ivam.es\/es\/jean-dubuffet\/\"]}]},{\"@type\":\"BreadcrumbList\",\"@id\":\"https:\/\/ivam.es\/es\/jean-dubuffet\/#breadcrumb\",\"itemListElement\":[{\"@type\":\"ListItem\",\"position\":1,\"name\":\"Home\",\"item\":\"https:\/\/ivam.es\/es\/\"},{\"@type\":\"ListItem\",\"position\":2,\"name\":\"JEAN DUBUFFET\"}]},{\"@type\":\"WebSite\",\"@id\":\"https:\/\/ivam.es\/es\/#website\",\"url\":\"https:\/\/ivam.es\/es\/\",\"name\":\"IVAM\",\"description\":\"Institut Valenci\u00e0 d&#039;Art Modern\",\"publisher\":{\"@id\":\"https:\/\/ivam.es\/es\/#organization\"},\"potentialAction\":[{\"@type\":\"SearchAction\",\"target\":{\"@type\":\"EntryPoint\",\"urlTemplate\":\"https:\/\/ivam.es\/es\/?s={search_term_string}\"},\"query-input\":{\"@type\":\"PropertyValueSpecification\",\"valueRequired\":true,\"valueName\":\"search_term_string\"}}],\"inLanguage\":\"es\"},{\"@type\":\"Organization\",\"@id\":\"https:\/\/ivam.es\/es\/#organization\",\"name\":\"IVAM\",\"url\":\"https:\/\/ivam.es\/es\/\",\"logo\":{\"@type\":\"ImageObject\",\"inLanguage\":\"es\",\"@id\":\"https:\/\/ivam.es\/es\/#\/schema\/logo\/image\/\",\"url\":\"https:\/\/ivam.es\/wp-content\/uploads\/logo-ok-512.png\",\"contentUrl\":\"https:\/\/ivam.es\/wp-content\/uploads\/logo-ok-512.png\",\"width\":512,\"height\":512,\"caption\":\"IVAM\"},\"image\":{\"@id\":\"https:\/\/ivam.es\/es\/#\/schema\/logo\/image\/\"}}]}<\/script>\n<!-- \/ Yoast SEO plugin. -->","yoast_head_json":{"title":"JEAN DUBUFFET - IVAM","robots":{"index":"index","follow":"follow","max-snippet":"max-snippet:-1","max-image-preview":"max-image-preview:large","max-video-preview":"max-video-preview:-1"},"canonical":"https:\/\/ivam.es\/es\/jean-dubuffet\/","og_locale":"es_ES","og_type":"article","og_title":"JEAN DUBUFFET - IVAM","og_description":"Missions secr\u00e8tes, 1953. \u00d3leo sobre lienzo. 89 x 116 cm &nbsp; JEAN DUBUFFET (Le Havre, Francia, 1901-Par\u00eds, 1985) La vocaci\u00f3n art\u00edstica de Jean Dubuffet se manifest\u00f3 tard\u00edamente y uno de los revulsivos que marcar\u00eda su producci\u00f3n, tanto pl\u00e1stica como escrita, fue la segunda guerra mundial que asol\u00f3 Europa y que fue entendida por \u00e9l, y [&hellip;]","og_url":"https:\/\/ivam.es\/es\/jean-dubuffet\/","og_site_name":"IVAM","article_modified_time":"2020-04-04T09:27:06+00:00","twitter_card":"summary_large_image","twitter_misc":{"Tiempo de lectura":"3 minutos"},"schema":{"@context":"https:\/\/schema.org","@graph":[{"@type":"WebPage","@id":"https:\/\/ivam.es\/es\/jean-dubuffet\/","url":"https:\/\/ivam.es\/es\/jean-dubuffet\/","name":"JEAN DUBUFFET - IVAM","isPartOf":{"@id":"https:\/\/ivam.es\/es\/#website"},"datePublished":"2020-04-04T06:03:28+00:00","dateModified":"2020-04-04T09:27:06+00:00","breadcrumb":{"@id":"https:\/\/ivam.es\/es\/jean-dubuffet\/#breadcrumb"},"inLanguage":"es","potentialAction":[{"@type":"ReadAction","target":["https:\/\/ivam.es\/es\/jean-dubuffet\/"]}]},{"@type":"BreadcrumbList","@id":"https:\/\/ivam.es\/es\/jean-dubuffet\/#breadcrumb","itemListElement":[{"@type":"ListItem","position":1,"name":"Home","item":"https:\/\/ivam.es\/es\/"},{"@type":"ListItem","position":2,"name":"JEAN DUBUFFET"}]},{"@type":"WebSite","@id":"https:\/\/ivam.es\/es\/#website","url":"https:\/\/ivam.es\/es\/","name":"IVAM","description":"Institut Valenci\u00e0 d&#039;Art Modern","publisher":{"@id":"https:\/\/ivam.es\/es\/#organization"},"potentialAction":[{"@type":"SearchAction","target":{"@type":"EntryPoint","urlTemplate":"https:\/\/ivam.es\/es\/?s={search_term_string}"},"query-input":{"@type":"PropertyValueSpecification","valueRequired":true,"valueName":"search_term_string"}}],"inLanguage":"es"},{"@type":"Organization","@id":"https:\/\/ivam.es\/es\/#organization","name":"IVAM","url":"https:\/\/ivam.es\/es\/","logo":{"@type":"ImageObject","inLanguage":"es","@id":"https:\/\/ivam.es\/es\/#\/schema\/logo\/image\/","url":"https:\/\/ivam.es\/wp-content\/uploads\/logo-ok-512.png","contentUrl":"https:\/\/ivam.es\/wp-content\/uploads\/logo-ok-512.png","width":512,"height":512,"caption":"IVAM"},"image":{"@id":"https:\/\/ivam.es\/es\/#\/schema\/logo\/image\/"}}]}},"_links":{"self":[{"href":"https:\/\/ivam.es\/es\/wp-json\/wp\/v2\/pages\/44385","targetHints":{"allow":["GET"]}}],"collection":[{"href":"https:\/\/ivam.es\/es\/wp-json\/wp\/v2\/pages"}],"about":[{"href":"https:\/\/ivam.es\/es\/wp-json\/wp\/v2\/types\/page"}],"author":[{"embeddable":true,"href":"https:\/\/ivam.es\/es\/wp-json\/wp\/v2\/users\/13"}],"replies":[{"embeddable":true,"href":"https:\/\/ivam.es\/es\/wp-json\/wp\/v2\/comments?post=44385"}],"version-history":[{"count":10,"href":"https:\/\/ivam.es\/es\/wp-json\/wp\/v2\/pages\/44385\/revisions"}],"predecessor-version":[{"id":44412,"href":"https:\/\/ivam.es\/es\/wp-json\/wp\/v2\/pages\/44385\/revisions\/44412"}],"wp:attachment":[{"href":"https:\/\/ivam.es\/es\/wp-json\/wp\/v2\/media?parent=44385"}],"curies":[{"name":"wp","href":"https:\/\/api.w.org\/{rel}","templated":true}]}}