{"id":44362,"date":"2020-04-04T07:37:09","date_gmt":"2020-04-04T05:37:09","guid":{"rendered":"\/?page_id=44362"},"modified":"2020-04-07T09:40:08","modified_gmt":"2020-04-07T07:40:08","slug":"aspen-la-revista-multimedia-en-una-caja","status":"publish","type":"page","link":"https:\/\/ivam.es\/es\/aspen-la-revista-multimedia-en-una-caja\/","title":{"rendered":"ASPEN: LA REVISTA MULTIMEDIA EN UNA CAJA"},"content":{"rendered":"<p><a href=\"\/wp-content\/uploads\/page\/prueba\/ASPEN-MAGAZINE.jpg\"><img loading=\"lazy\" decoding=\"async\" class=\"alignnone size-full wp-image-44321\" src=\"\/wp-content\/uploads\/page\/prueba\/ASPEN-MAGAZINE.jpg\" alt=\"\" width=\"600\" height=\"768\" srcset=\"https:\/\/ivam.es\/wp-content\/uploads\/page\/prueba\/ASPEN-MAGAZINE.jpg 600w, https:\/\/ivam.es\/wp-content\/uploads\/page\/prueba\/ASPEN-MAGAZINE-234x300.jpg 234w, https:\/\/ivam.es\/wp-content\/uploads\/page\/prueba\/ASPEN-MAGAZINE-280x358.jpg 280w, https:\/\/ivam.es\/wp-content\/uploads\/page\/prueba\/ASPEN-MAGAZINE-467x598.jpg 467w, https:\/\/ivam.es\/wp-content\/uploads\/page\/prueba\/ASPEN-MAGAZINE-231x296.jpg 231w, https:\/\/ivam.es\/wp-content\/uploads\/page\/prueba\/ASPEN-MAGAZINE-500x640.jpg 500w\" sizes=\"auto, (max-width: 600px) 100vw, 600px\" \/><\/a><\/p>\n<h4 class=\"text-left\">Aspen: the Multimedia Magazine in a Box, 1965 &#8211; 1971. n.1 &#8211; n.10<\/h4>\n<h2 class=\"text-left\"><\/h2>\n<p style=\"text-align: justify;\">Esta revista se publica por primera vez en Nueva York en 1965. Surge gracias a la innovadora idea de la editora Phyllis Johnson, que propuso a determinados artistas crear una revista que aunara cultura y juego. En los diez n\u00fameros publicados cont\u00f3 con la colaboraci\u00f3n de artistas como John Cage, Andy Warhol, Merce Cunningham, Marcel Duchamp, Yoko Ono, Robert Rauschenberg o The Velvet Underground. Cada n\u00famero se entregaba a sus suscriptores dentro de una caja y respond\u00eda a un proyecto nuevo y diferente dedicado a un tema espec\u00edfico. Todos los n\u00fameros estaban compuestos por una gran variedad de materiales \u00a0como folletos, grabaciones, \u00abflexidisc\u00bb, carteles, postales, recortes de prensa, puzles, correspondencia, e incluso una pel\u00edcula en super-8. <em>Aspen<\/em> se considera una obra emblem\u00e1tica del arte experimental y un icono de las publicaciones de vanguardia.<\/p>\n<p style=\"text-align: justify;\">En la exposici\u00f3n <em>Tiempos convulsos<\/em> se muestra la m\u00edtica caja n\u00famero 3 conocida con el t\u00edtulo <em>The Pop Art Issue<\/em>. Fue dise\u00f1ada por Andy Warhol y David Dalton y publicada en diciembre de 1966 por Roaring Fork Press, NYC.<\/p>\n<p style=\"text-align: justify;\">La biblioteca del IVAM compr\u00f3 recientemente los diez n\u00fameros que la componen y los conserva en su archivo.<\/p>\n<h4 class=\"text-left\">Irene Bonilla. Conservadora<\/h4>\n","protected":false},"excerpt":{"rendered":"<p>Aspen: the Multimedia Magazine in a Box, 1965 &#8211; 1971. n.1 &#8211; n.10 Esta revista se publica por primera vez en Nueva York en 1965. Surge gracias a la innovadora idea de la editora Phyllis Johnson, que propuso a determinados artistas crear una revista que aunara cultura y juego. En los diez n\u00fameros publicados cont\u00f3 [&hellip;]<\/p>\n","protected":false},"author":13,"featured_media":0,"parent":0,"menu_order":42,"comment_status":"closed","ping_status":"closed","template":"","meta":{"footnotes":""},"class_list":["post-44362","page","type-page","status-publish","hentry"],"yoast_head":"<!-- This site is optimized with the Yoast SEO plugin v26.0 - https:\/\/yoast.com\/wordpress\/plugins\/seo\/ -->\n<title>ASPEN: LA REVISTA MULTIMEDIA EN UNA CAJA - IVAM<\/title>\n<meta name=\"robots\" content=\"index, follow, max-snippet:-1, max-image-preview:large, max-video-preview:-1\" \/>\n<link rel=\"canonical\" href=\"https:\/\/ivam.es\/es\/aspen-la-revista-multimedia-en-una-caja\/\" \/>\n<meta property=\"og:locale\" content=\"es_ES\" \/>\n<meta property=\"og:type\" content=\"article\" \/>\n<meta property=\"og:title\" content=\"ASPEN: LA REVISTA MULTIMEDIA EN UNA CAJA - IVAM\" \/>\n<meta property=\"og:description\" content=\"Aspen: the Multimedia Magazine in a Box, 1965 &#8211; 1971. n.1 &#8211; n.10 Esta revista se publica por primera vez en Nueva York en 1965. Surge gracias a la innovadora idea de la editora Phyllis Johnson, que propuso a determinados artistas crear una revista que aunara cultura y juego. En los diez n\u00fameros publicados cont\u00f3 [&hellip;]\" \/>\n<meta property=\"og:url\" content=\"https:\/\/ivam.es\/es\/aspen-la-revista-multimedia-en-una-caja\/\" \/>\n<meta property=\"og:site_name\" content=\"IVAM\" \/>\n<meta property=\"article:modified_time\" content=\"2020-04-07T07:40:08+00:00\" \/>\n<meta name=\"twitter:card\" content=\"summary_large_image\" \/>\n<meta name=\"twitter:label1\" content=\"Tiempo de lectura\" \/>\n\t<meta name=\"twitter:data1\" content=\"1 minuto\" \/>\n<script type=\"application\/ld+json\" class=\"yoast-schema-graph\">{\"@context\":\"https:\/\/schema.org\",\"@graph\":[{\"@type\":\"WebPage\",\"@id\":\"https:\/\/ivam.es\/es\/aspen-la-revista-multimedia-en-una-caja\/\",\"url\":\"https:\/\/ivam.es\/es\/aspen-la-revista-multimedia-en-una-caja\/\",\"name\":\"ASPEN: LA REVISTA MULTIMEDIA EN UNA CAJA - IVAM\",\"isPartOf\":{\"@id\":\"https:\/\/ivam.es\/es\/#website\"},\"datePublished\":\"2020-04-04T05:37:09+00:00\",\"dateModified\":\"2020-04-07T07:40:08+00:00\",\"breadcrumb\":{\"@id\":\"https:\/\/ivam.es\/es\/aspen-la-revista-multimedia-en-una-caja\/#breadcrumb\"},\"inLanguage\":\"es\",\"potentialAction\":[{\"@type\":\"ReadAction\",\"target\":[\"https:\/\/ivam.es\/es\/aspen-la-revista-multimedia-en-una-caja\/\"]}]},{\"@type\":\"BreadcrumbList\",\"@id\":\"https:\/\/ivam.es\/es\/aspen-la-revista-multimedia-en-una-caja\/#breadcrumb\",\"itemListElement\":[{\"@type\":\"ListItem\",\"position\":1,\"name\":\"Home\",\"item\":\"https:\/\/ivam.es\/es\/\"},{\"@type\":\"ListItem\",\"position\":2,\"name\":\"ASPEN: LA REVISTA MULTIMEDIA EN UNA CAJA\"}]},{\"@type\":\"WebSite\",\"@id\":\"https:\/\/ivam.es\/es\/#website\",\"url\":\"https:\/\/ivam.es\/es\/\",\"name\":\"IVAM\",\"description\":\"Institut Valenci\u00e0 d&#039;Art Modern\",\"publisher\":{\"@id\":\"https:\/\/ivam.es\/es\/#organization\"},\"potentialAction\":[{\"@type\":\"SearchAction\",\"target\":{\"@type\":\"EntryPoint\",\"urlTemplate\":\"https:\/\/ivam.es\/es\/?s={search_term_string}\"},\"query-input\":{\"@type\":\"PropertyValueSpecification\",\"valueRequired\":true,\"valueName\":\"search_term_string\"}}],\"inLanguage\":\"es\"},{\"@type\":\"Organization\",\"@id\":\"https:\/\/ivam.es\/es\/#organization\",\"name\":\"IVAM\",\"url\":\"https:\/\/ivam.es\/es\/\",\"logo\":{\"@type\":\"ImageObject\",\"inLanguage\":\"es\",\"@id\":\"https:\/\/ivam.es\/es\/#\/schema\/logo\/image\/\",\"url\":\"https:\/\/ivam.es\/wp-content\/uploads\/logo-ok-512.png\",\"contentUrl\":\"https:\/\/ivam.es\/wp-content\/uploads\/logo-ok-512.png\",\"width\":512,\"height\":512,\"caption\":\"IVAM\"},\"image\":{\"@id\":\"https:\/\/ivam.es\/es\/#\/schema\/logo\/image\/\"}}]}<\/script>\n<!-- \/ Yoast SEO plugin. -->","yoast_head_json":{"title":"ASPEN: LA REVISTA MULTIMEDIA EN UNA CAJA - IVAM","robots":{"index":"index","follow":"follow","max-snippet":"max-snippet:-1","max-image-preview":"max-image-preview:large","max-video-preview":"max-video-preview:-1"},"canonical":"https:\/\/ivam.es\/es\/aspen-la-revista-multimedia-en-una-caja\/","og_locale":"es_ES","og_type":"article","og_title":"ASPEN: LA REVISTA MULTIMEDIA EN UNA CAJA - IVAM","og_description":"Aspen: the Multimedia Magazine in a Box, 1965 &#8211; 1971. n.1 &#8211; n.10 Esta revista se publica por primera vez en Nueva York en 1965. Surge gracias a la innovadora idea de la editora Phyllis Johnson, que propuso a determinados artistas crear una revista que aunara cultura y juego. En los diez n\u00fameros publicados cont\u00f3 [&hellip;]","og_url":"https:\/\/ivam.es\/es\/aspen-la-revista-multimedia-en-una-caja\/","og_site_name":"IVAM","article_modified_time":"2020-04-07T07:40:08+00:00","twitter_card":"summary_large_image","twitter_misc":{"Tiempo de lectura":"1 minuto"},"schema":{"@context":"https:\/\/schema.org","@graph":[{"@type":"WebPage","@id":"https:\/\/ivam.es\/es\/aspen-la-revista-multimedia-en-una-caja\/","url":"https:\/\/ivam.es\/es\/aspen-la-revista-multimedia-en-una-caja\/","name":"ASPEN: LA REVISTA MULTIMEDIA EN UNA CAJA - IVAM","isPartOf":{"@id":"https:\/\/ivam.es\/es\/#website"},"datePublished":"2020-04-04T05:37:09+00:00","dateModified":"2020-04-07T07:40:08+00:00","breadcrumb":{"@id":"https:\/\/ivam.es\/es\/aspen-la-revista-multimedia-en-una-caja\/#breadcrumb"},"inLanguage":"es","potentialAction":[{"@type":"ReadAction","target":["https:\/\/ivam.es\/es\/aspen-la-revista-multimedia-en-una-caja\/"]}]},{"@type":"BreadcrumbList","@id":"https:\/\/ivam.es\/es\/aspen-la-revista-multimedia-en-una-caja\/#breadcrumb","itemListElement":[{"@type":"ListItem","position":1,"name":"Home","item":"https:\/\/ivam.es\/es\/"},{"@type":"ListItem","position":2,"name":"ASPEN: LA REVISTA MULTIMEDIA EN UNA CAJA"}]},{"@type":"WebSite","@id":"https:\/\/ivam.es\/es\/#website","url":"https:\/\/ivam.es\/es\/","name":"IVAM","description":"Institut Valenci\u00e0 d&#039;Art Modern","publisher":{"@id":"https:\/\/ivam.es\/es\/#organization"},"potentialAction":[{"@type":"SearchAction","target":{"@type":"EntryPoint","urlTemplate":"https:\/\/ivam.es\/es\/?s={search_term_string}"},"query-input":{"@type":"PropertyValueSpecification","valueRequired":true,"valueName":"search_term_string"}}],"inLanguage":"es"},{"@type":"Organization","@id":"https:\/\/ivam.es\/es\/#organization","name":"IVAM","url":"https:\/\/ivam.es\/es\/","logo":{"@type":"ImageObject","inLanguage":"es","@id":"https:\/\/ivam.es\/es\/#\/schema\/logo\/image\/","url":"https:\/\/ivam.es\/wp-content\/uploads\/logo-ok-512.png","contentUrl":"https:\/\/ivam.es\/wp-content\/uploads\/logo-ok-512.png","width":512,"height":512,"caption":"IVAM"},"image":{"@id":"https:\/\/ivam.es\/es\/#\/schema\/logo\/image\/"}}]}},"_links":{"self":[{"href":"https:\/\/ivam.es\/es\/wp-json\/wp\/v2\/pages\/44362","targetHints":{"allow":["GET"]}}],"collection":[{"href":"https:\/\/ivam.es\/es\/wp-json\/wp\/v2\/pages"}],"about":[{"href":"https:\/\/ivam.es\/es\/wp-json\/wp\/v2\/types\/page"}],"author":[{"embeddable":true,"href":"https:\/\/ivam.es\/es\/wp-json\/wp\/v2\/users\/13"}],"replies":[{"embeddable":true,"href":"https:\/\/ivam.es\/es\/wp-json\/wp\/v2\/comments?post=44362"}],"version-history":[{"count":15,"href":"https:\/\/ivam.es\/es\/wp-json\/wp\/v2\/pages\/44362\/revisions"}],"predecessor-version":[{"id":44609,"href":"https:\/\/ivam.es\/es\/wp-json\/wp\/v2\/pages\/44362\/revisions\/44609"}],"wp:attachment":[{"href":"https:\/\/ivam.es\/es\/wp-json\/wp\/v2\/media?parent=44362"}],"curies":[{"name":"wp","href":"https:\/\/api.w.org\/{rel}","templated":true}]}}