{"id":41491,"date":"2019-05-16T10:43:08","date_gmt":"2019-05-16T08:43:08","guid":{"rendered":"\/?page_id=41491"},"modified":"2019-05-16T10:49:26","modified_gmt":"2019-05-16T08:49:26","slug":"politica-de-cookies","status":"publish","type":"page","link":"https:\/\/ivam.es\/es\/politica-de-cookies\/","title":{"rendered":"Pol\u00edtica de Cookies"},"content":{"rendered":"<h2 class=\"text-left\">USO DE COOKIES<\/h2>\n<p>Seg\u00fan lo dispuesto en el art\u00edculo 22.2 de la Ley 34\/2002, de 11 de julio, de Servicios de la Sociedad de la Informaci\u00f3n y de Comercio Electr\u00f3nico (LSSI-CE), el IVAM Institut Valenci\u00e0 d\u2019Art Modern informa que este sitio web utiliza cookies propias y de terceros para recopilar informaci\u00f3n con la finalidad de mejorar nuestros servicios.<\/p>\n<p>Las cookies propias no almacenan dato personal alguno, ni ning\u00fan tipo de informaci\u00f3n que pueda identificarles, salvo que quiera registrase en nuestra Newsletter.<\/p>\n<p>Los servicios de terceros corresponden a Google Analytics, Twitter, Facebook, Instagram y Youtube, quienes usan cookies que son almacenadas en el mismo momento en que el visitante entra en el Website, para realizar estad\u00edsticas sobre visitas y tiempos de visita, y comunicar el mismo con las redes sociales expuestas, para una finalidad de promoci\u00f3n y comunicaci\u00f3n. Estas cookies son gestionadas enteramente por Google y por las redes sociales expuestas arriba.<\/p>\n<p>Si continua navegando, supone la aceptaci\u00f3n de la instalaci\u00f3n de las mismas.<\/p>\n<p>El usuario tiene la posibilidad de configurar su navegador pudiendo, si as\u00ed lo desea, impedir que sean instaladas en su disco duro, aunque deber\u00e1 tener en cuenta que dicha acci\u00f3n podr\u00e1 ocasionar dificultades de navegaci\u00f3n de la p\u00e1gina web.<\/p>\n<p>A continuaci\u00f3n le proporcionamos los enlaces de diversos navegadores, a trav\u00e9s de los cuales podr\u00e1 realizar dicha configuraci\u00f3n:<\/p>\n<p>Firefox desde aqu\u00ed: <a href=\"http:\/\/support.mozilla.org\/es\/kb\/habilitar-y-deshabilitar-cookies-que-lossitios-we\">http:\/\/support.mozilla.org\/es\/kb\/habilitar-y-deshabilitar-cookies-que-lossitios-we<\/a><\/p>\n<p>Chrome desde aqu\u00ed: <a href=\"http:\/\/support.google.com\/chrome\/bin\/answer.py?hl=es&amp;answer=95647\">http:\/\/support.google.com\/chrome\/bin\/answer.py?hl=es&amp;answer=95647<\/a><\/p>\n<p>Explorer desde aqu\u00ed: <a href=\"http:\/\/windows.microsoft.com\/es-es\/internet-explorer\/delete-managecookies#ie=ie-10\">http:\/\/windows.microsoft.com\/es-es\/internet-explorer\/delete-managecookies#ie=ie-10<\/a><\/p>\n<p>Safari desde aqu\u00ed: <a href=\"http:\/\/support.apple.com\/kb\/ph5042\">http:\/\/support.apple.com\/kb\/ph5042<\/a><\/p>\n<p>Opera desde aqu\u00ed: <a href=\"http:\/\/help.opera.com\/Windows\/11.50\/es-ES\/cookies.html\">http:\/\/help.opera.com\/Windows\/11.50\/es-ES\/cookies.html<\/a><\/p>\n<p>&nbsp;<\/p>\n<h2 class=\"text-left\">CONDICIONES DE USO<\/h2>\n<p>En cumplimiento de la Ley 34\/2002, de 11 de julio, de Servicios de la Sociedad de la Informaci\u00f3n y de Comercio Electr\u00f3nico (LSSI-CE), el IVAM Institut Valenci\u00e0 d\u2019Art Modern informa que es titular del sitio web <a href=\"\/\">\/<\/a>. De acuerdo con la exigencia del art\u00edculo 10 de la citada Ley, el IVAM Institut Valenci\u00e0 d\u2019Art Modern informa de los siguientes datos:<\/p>\n<p>El titular de este sitio web es IVAM Institut Valenci\u00e0 d\u2019Art Modern, con CIF Q9655140C y domicilio social en C\/ Guillem de Castro, 118 46003 Valencia. La direcci\u00f3n de correo electr\u00f3nico de contacto es: <a href=\"mailto:ivam@ivam.es\">ivam@ivam.es<\/a><\/p>\n<p>Le informamos, no obstante, que la posibilidad de que la desactivaci\u00f3n de alguna cookie impida o dificulte la navegaci\u00f3n o a la prestaci\u00f3n de los servicios en la p\u00e1gina web.<\/p>\n<p>&nbsp;<\/p>\n<h2 class=\"text-left\">POL\u00cdTICA DE ENLACES Y EXENCIONES DE RESPONSABILIDAD<\/h2>\n<p>El IVAM Institut Valenci\u00e0 d\u2019Art Modern no se hace responsable del contenido de los sitios web a los que el usuario pueda acceder a trav\u00e9s de los enlaces establecidos en su sitio web y declara que en ning\u00fan caso proceder\u00e1 a examinar o ejercitar ning\u00fan tipo de control sobre el contenido de otros sitios de la red. Asimismo, tampoco garantizar\u00e1 la disponibilidad t\u00e9cnica, exactitud, veracidad, validez o legalidad de sitios ajenos a su propiedad a los que se pueda acceder por medio de los enlaces.<\/p>\n<p>El IVAM Institut Valenci\u00e0 d\u2019Art Modern declara haber adoptado todas las medidas necesarias para evitar cualquier da\u00f1o a los usuarios de su sitio web, que pudieran derivarse de la navegaci\u00f3n por su sitio web. En consecuencia, el IVAM Institut Valenci\u00e0 d\u2019Art Modern no se hace responsable, en ning\u00fan caso, de los eventuales da\u00f1os que por la navegaci\u00f3n por Internet pudiera sufrir el usuario.<\/p>\n<p>&nbsp;<\/p>\n<h2 class=\"text-left\">MODIFICACIONES<\/h2>\n<p>El IVAM Institut Valenci\u00e0 d\u2019Art Modern puede modificar esta pol\u00edtica de cookies en funci\u00f3n de exigencias legales, o con la finalidad de adaptar dicha pol\u00edtica a las instrucciones dictadas por la Agencia Espa\u00f1ola de Protecci\u00f3n de Datos.<\/p>\n<p>Por esta raz\u00f3n, aconsejamos a los usuarios que la visiten peri\u00f3dicamente. Cuando se produzcan cambios significativos en esta pol\u00edtica de cookies, se cominicar\u00e1 mediante la web o a trav\u00e9s de correo electr\u00f3nico para aquellos usuarios registrados.<\/p>\n","protected":false},"excerpt":{"rendered":"<p>USO DE COOKIES Seg\u00fan lo dispuesto en el art\u00edculo 22.2 de la Ley 34\/2002, de 11 de julio, de Servicios de la Sociedad de la Informaci\u00f3n y de Comercio Electr\u00f3nico (LSSI-CE), el IVAM Institut Valenci\u00e0 d\u2019Art Modern informa que este sitio web utiliza cookies propias y de terceros para recopilar informaci\u00f3n con la finalidad de [&hellip;]<\/p>\n","protected":false},"author":13,"featured_media":0,"parent":0,"menu_order":49,"comment_status":"closed","ping_status":"closed","template":"","meta":{"footnotes":""},"class_list":["post-41491","page","type-page","status-publish","hentry"],"yoast_head":"<!-- This site is optimized with the Yoast SEO plugin v26.0 - https:\/\/yoast.com\/wordpress\/plugins\/seo\/ -->\n<title>Pol\u00edtica de Cookies - IVAM<\/title>\n<meta name=\"robots\" content=\"index, follow, max-snippet:-1, max-image-preview:large, max-video-preview:-1\" \/>\n<link rel=\"canonical\" href=\"https:\/\/ivam.es\/es\/politica-de-cookies\/\" \/>\n<meta property=\"og:locale\" content=\"es_ES\" \/>\n<meta property=\"og:type\" content=\"article\" \/>\n<meta property=\"og:title\" content=\"Pol\u00edtica de Cookies - IVAM\" \/>\n<meta property=\"og:description\" content=\"USO DE COOKIES Seg\u00fan lo dispuesto en el art\u00edculo 22.2 de la Ley 34\/2002, de 11 de julio, de Servicios de la Sociedad de la Informaci\u00f3n y de Comercio Electr\u00f3nico (LSSI-CE), el IVAM Institut Valenci\u00e0 d\u2019Art Modern informa que este sitio web utiliza cookies propias y de terceros para recopilar informaci\u00f3n con la finalidad de [&hellip;]\" \/>\n<meta property=\"og:url\" content=\"https:\/\/ivam.es\/es\/politica-de-cookies\/\" \/>\n<meta property=\"og:site_name\" content=\"IVAM\" \/>\n<meta property=\"article:modified_time\" content=\"2019-05-16T08:49:26+00:00\" \/>\n<meta name=\"twitter:card\" content=\"summary_large_image\" \/>\n<meta name=\"twitter:label1\" content=\"Tiempo de lectura\" \/>\n\t<meta name=\"twitter:data1\" content=\"3 minutos\" \/>\n<script type=\"application\/ld+json\" class=\"yoast-schema-graph\">{\"@context\":\"https:\/\/schema.org\",\"@graph\":[{\"@type\":\"WebPage\",\"@id\":\"https:\/\/ivam.es\/es\/politica-de-cookies\/\",\"url\":\"https:\/\/ivam.es\/es\/politica-de-cookies\/\",\"name\":\"Pol\u00edtica de Cookies - IVAM\",\"isPartOf\":{\"@id\":\"https:\/\/ivam.es\/es\/#website\"},\"datePublished\":\"2019-05-16T08:43:08+00:00\",\"dateModified\":\"2019-05-16T08:49:26+00:00\",\"breadcrumb\":{\"@id\":\"https:\/\/ivam.es\/es\/politica-de-cookies\/#breadcrumb\"},\"inLanguage\":\"es\",\"potentialAction\":[{\"@type\":\"ReadAction\",\"target\":[\"https:\/\/ivam.es\/es\/politica-de-cookies\/\"]}]},{\"@type\":\"BreadcrumbList\",\"@id\":\"https:\/\/ivam.es\/es\/politica-de-cookies\/#breadcrumb\",\"itemListElement\":[{\"@type\":\"ListItem\",\"position\":1,\"name\":\"Home\",\"item\":\"https:\/\/ivam.es\/es\/\"},{\"@type\":\"ListItem\",\"position\":2,\"name\":\"Pol\u00edtica de Cookies\"}]},{\"@type\":\"WebSite\",\"@id\":\"https:\/\/ivam.es\/es\/#website\",\"url\":\"https:\/\/ivam.es\/es\/\",\"name\":\"IVAM\",\"description\":\"Institut Valenci\u00e0 d&#039;Art Modern\",\"publisher\":{\"@id\":\"https:\/\/ivam.es\/es\/#organization\"},\"potentialAction\":[{\"@type\":\"SearchAction\",\"target\":{\"@type\":\"EntryPoint\",\"urlTemplate\":\"https:\/\/ivam.es\/es\/?s={search_term_string}\"},\"query-input\":{\"@type\":\"PropertyValueSpecification\",\"valueRequired\":true,\"valueName\":\"search_term_string\"}}],\"inLanguage\":\"es\"},{\"@type\":\"Organization\",\"@id\":\"https:\/\/ivam.es\/es\/#organization\",\"name\":\"IVAM\",\"url\":\"https:\/\/ivam.es\/es\/\",\"logo\":{\"@type\":\"ImageObject\",\"inLanguage\":\"es\",\"@id\":\"https:\/\/ivam.es\/es\/#\/schema\/logo\/image\/\",\"url\":\"https:\/\/ivam.es\/wp-content\/uploads\/logo-ok-512.png\",\"contentUrl\":\"https:\/\/ivam.es\/wp-content\/uploads\/logo-ok-512.png\",\"width\":512,\"height\":512,\"caption\":\"IVAM\"},\"image\":{\"@id\":\"https:\/\/ivam.es\/es\/#\/schema\/logo\/image\/\"}}]}<\/script>\n<!-- \/ Yoast SEO plugin. -->","yoast_head_json":{"title":"Pol\u00edtica de Cookies - IVAM","robots":{"index":"index","follow":"follow","max-snippet":"max-snippet:-1","max-image-preview":"max-image-preview:large","max-video-preview":"max-video-preview:-1"},"canonical":"https:\/\/ivam.es\/es\/politica-de-cookies\/","og_locale":"es_ES","og_type":"article","og_title":"Pol\u00edtica de Cookies - IVAM","og_description":"USO DE COOKIES Seg\u00fan lo dispuesto en el art\u00edculo 22.2 de la Ley 34\/2002, de 11 de julio, de Servicios de la Sociedad de la Informaci\u00f3n y de Comercio Electr\u00f3nico (LSSI-CE), el IVAM Institut Valenci\u00e0 d\u2019Art Modern informa que este sitio web utiliza cookies propias y de terceros para recopilar informaci\u00f3n con la finalidad de [&hellip;]","og_url":"https:\/\/ivam.es\/es\/politica-de-cookies\/","og_site_name":"IVAM","article_modified_time":"2019-05-16T08:49:26+00:00","twitter_card":"summary_large_image","twitter_misc":{"Tiempo de lectura":"3 minutos"},"schema":{"@context":"https:\/\/schema.org","@graph":[{"@type":"WebPage","@id":"https:\/\/ivam.es\/es\/politica-de-cookies\/","url":"https:\/\/ivam.es\/es\/politica-de-cookies\/","name":"Pol\u00edtica de Cookies - IVAM","isPartOf":{"@id":"https:\/\/ivam.es\/es\/#website"},"datePublished":"2019-05-16T08:43:08+00:00","dateModified":"2019-05-16T08:49:26+00:00","breadcrumb":{"@id":"https:\/\/ivam.es\/es\/politica-de-cookies\/#breadcrumb"},"inLanguage":"es","potentialAction":[{"@type":"ReadAction","target":["https:\/\/ivam.es\/es\/politica-de-cookies\/"]}]},{"@type":"BreadcrumbList","@id":"https:\/\/ivam.es\/es\/politica-de-cookies\/#breadcrumb","itemListElement":[{"@type":"ListItem","position":1,"name":"Home","item":"https:\/\/ivam.es\/es\/"},{"@type":"ListItem","position":2,"name":"Pol\u00edtica de Cookies"}]},{"@type":"WebSite","@id":"https:\/\/ivam.es\/es\/#website","url":"https:\/\/ivam.es\/es\/","name":"IVAM","description":"Institut Valenci\u00e0 d&#039;Art Modern","publisher":{"@id":"https:\/\/ivam.es\/es\/#organization"},"potentialAction":[{"@type":"SearchAction","target":{"@type":"EntryPoint","urlTemplate":"https:\/\/ivam.es\/es\/?s={search_term_string}"},"query-input":{"@type":"PropertyValueSpecification","valueRequired":true,"valueName":"search_term_string"}}],"inLanguage":"es"},{"@type":"Organization","@id":"https:\/\/ivam.es\/es\/#organization","name":"IVAM","url":"https:\/\/ivam.es\/es\/","logo":{"@type":"ImageObject","inLanguage":"es","@id":"https:\/\/ivam.es\/es\/#\/schema\/logo\/image\/","url":"https:\/\/ivam.es\/wp-content\/uploads\/logo-ok-512.png","contentUrl":"https:\/\/ivam.es\/wp-content\/uploads\/logo-ok-512.png","width":512,"height":512,"caption":"IVAM"},"image":{"@id":"https:\/\/ivam.es\/es\/#\/schema\/logo\/image\/"}}]}},"_links":{"self":[{"href":"https:\/\/ivam.es\/es\/wp-json\/wp\/v2\/pages\/41491","targetHints":{"allow":["GET"]}}],"collection":[{"href":"https:\/\/ivam.es\/es\/wp-json\/wp\/v2\/pages"}],"about":[{"href":"https:\/\/ivam.es\/es\/wp-json\/wp\/v2\/types\/page"}],"author":[{"embeddable":true,"href":"https:\/\/ivam.es\/es\/wp-json\/wp\/v2\/users\/13"}],"replies":[{"embeddable":true,"href":"https:\/\/ivam.es\/es\/wp-json\/wp\/v2\/comments?post=41491"}],"version-history":[{"count":6,"href":"https:\/\/ivam.es\/es\/wp-json\/wp\/v2\/pages\/41491\/revisions"}],"predecessor-version":[{"id":41497,"href":"https:\/\/ivam.es\/es\/wp-json\/wp\/v2\/pages\/41491\/revisions\/41497"}],"wp:attachment":[{"href":"https:\/\/ivam.es\/es\/wp-json\/wp\/v2\/media?parent=41491"}],"curies":[{"name":"wp","href":"https:\/\/api.w.org\/{rel}","templated":true}]}}