{"id":37522,"date":"2018-06-18T13:17:54","date_gmt":"2018-06-18T11:17:54","guid":{"rendered":"\/?page_id=37522"},"modified":"2018-06-18T13:37:06","modified_gmt":"2018-06-18T11:37:06","slug":"boletin","status":"publish","type":"page","link":"https:\/\/ivam.es\/es\/boletin\/","title":{"rendered":"Bolet\u00edn"},"content":{"rendered":"<script>(function() {\n\twindow.mc4wp = window.mc4wp || {\n\t\tlisteners: [],\n\t\tforms: {\n\t\t\ton: function(evt, cb) {\n\t\t\t\twindow.mc4wp.listeners.push(\n\t\t\t\t\t{\n\t\t\t\t\t\tevent   : evt,\n\t\t\t\t\t\tcallback: cb\n\t\t\t\t\t}\n\t\t\t\t);\n\t\t\t}\n\t\t}\n\t}\n})();\n<\/script><!-- Mailchimp for WordPress v4.9.0 - https:\/\/wordpress.org\/plugins\/mailchimp-for-wp\/ --><form id=\"mc4wp-form-1\" class=\"mc4wp-form mc4wp-form-37530\" method=\"post\" data-id=\"37530\" data-name=\"Bolet\u00edn ES\" ><div class=\"mc4wp-form-fields\"><p>\r\n    <label>E-mail<\/label>\r\n    <input type=\"email\" name=\"EMAIL\" size=\"40\" required=\"\">\r\n<\/p>\r\n\r\n<p>\r\n    <label>Nombre<\/label>\r\n    <input type=\"text\" size=\"40\" name=\"FNAME\">\r\n<\/p>\r\n\r\n<p>\r\n    <label>Apellidos<\/label>\r\n    <input type=\"text\" size=\"40\" name=\"LNAME\">\r\n<\/p>\r\n\r\n<p>\r\n    <label>C\u00f3digo Postal<\/label>\r\n    <input type=\"number\" size=\"10\" name=\"MMERGE5\">\r\n<\/p>\r\n\r\n<p>\r\n    <label>Idioma<\/label>\r\n    <select name=\"MMERGE4\" required=\"\">\r\n        <option value=\"Castellano\">Castellano<\/option>\r\n        <option value=\"Valenci\u00e0\" selected=\"true\">Valenci\u00e0<\/option>\r\n    <\/select>\r\n<\/p>\r\n<p>\r\n    <label>Butllet\u00ed<\/label>\r\n    <label>\r\n        <input name=\"INTERESTS[8669f27bd2][]\" type=\"checkbox\" value=\"61e5090520\"> <span>Agenda e inauguraciones (Castellano)<\/span>\r\n    <\/label>\r\n    <label>\r\n        <input name=\"INTERESTS[8669f27bd2][]\" type=\"checkbox\" value=\"3821ea0533\"> <span>Agenda i inauguracions (Valenci\u00e0)<\/span>\r\n    <\/label>\r\n<\/p>\r\n\r\n<p>\r\n    <label>\r\n        <input name=\"AGREE\" type=\"checkbox\" value=\"1\" required=\"\"> He le\u00eddo y acepto la <a href=\"https:\/\/ivam.es\/es\/politica-de-privacidad\/\" target=\"_blank\">pol\u00edtica de privacidad<\/a>\r\n    <\/label>\r\n<\/p>\r\n\r\n<p class=\"text-normal-size\">\r\n  Puede cambiar de opini\u00f3n en cualquier momento haciendo clic en el enlace desuscribir que hay en el pie de p\u00e1gina de cualquier correo electr\u00f3nico que reciba de nuestra parte, o poni\u00e9ndose en contacto con nosotros a trav\u00e9s de <a href=\"mailto:ivam@ivam.es\">ivam@ivam.es<\/a>. Trataremos su informaci\u00f3n con respeto. Para obtener m\u00e1s informaci\u00f3n acerca de nuestras pr\u00e1cticas de privacidad, visite nuestra web. Al hacer clic a continuaci\u00f3n, acepta que podamos procesar su informaci\u00f3n de acuerdo con estos t\u00e9rminos.\r\n<\/p>\r\n\r\n<p>\r\n\t<input type=\"submit\" value=\"Suscribirse\" \/>\r\n<\/p><\/div><label style=\"display: none !important;\">Deja vac\u00edo este campo si eres humano: <input type=\"text\" name=\"_mc4wp_honeypot\" value=\"\" tabindex=\"-1\" autocomplete=\"off\" \/><\/label><input type=\"hidden\" name=\"_mc4wp_timestamp\" value=\"1777680977\" \/><input type=\"hidden\" name=\"_mc4wp_form_id\" value=\"37530\" \/><input type=\"hidden\" name=\"_mc4wp_form_element_id\" value=\"mc4wp-form-1\" \/><div class=\"mc4wp-response\"><\/div><\/form><!-- \/ Mailchimp for WordPress Plugin -->\n","protected":false},"excerpt":{"rendered":"","protected":false},"author":3,"featured_media":0,"parent":0,"menu_order":55,"comment_status":"closed","ping_status":"closed","template":"","meta":{"footnotes":""},"class_list":["post-37522","page","type-page","status-publish","hentry"],"yoast_head":"<!-- This site is optimized with the Yoast SEO plugin v26.0 - https:\/\/yoast.com\/wordpress\/plugins\/seo\/ -->\n<title>Bolet\u00edn - IVAM<\/title>\n<meta name=\"robots\" content=\"index, follow, max-snippet:-1, max-image-preview:large, max-video-preview:-1\" \/>\n<link rel=\"canonical\" href=\"https:\/\/ivam.es\/es\/boletin\/\" \/>\n<meta property=\"og:locale\" content=\"es_ES\" \/>\n<meta property=\"og:type\" content=\"article\" \/>\n<meta property=\"og:title\" content=\"Bolet\u00edn - IVAM\" \/>\n<meta property=\"og:url\" content=\"https:\/\/ivam.es\/es\/boletin\/\" \/>\n<meta property=\"og:site_name\" content=\"IVAM\" \/>\n<meta property=\"article:modified_time\" content=\"2018-06-18T11:37:06+00:00\" \/>\n<meta name=\"twitter:card\" content=\"summary_large_image\" \/>\n<script type=\"application\/ld+json\" class=\"yoast-schema-graph\">{\"@context\":\"https:\/\/schema.org\",\"@graph\":[{\"@type\":\"WebPage\",\"@id\":\"https:\/\/ivam.es\/es\/boletin\/\",\"url\":\"https:\/\/ivam.es\/es\/boletin\/\",\"name\":\"Bolet\u00edn - IVAM\",\"isPartOf\":{\"@id\":\"https:\/\/ivam.es\/es\/#website\"},\"datePublished\":\"2018-06-18T11:17:54+00:00\",\"dateModified\":\"2018-06-18T11:37:06+00:00\",\"breadcrumb\":{\"@id\":\"https:\/\/ivam.es\/es\/boletin\/#breadcrumb\"},\"inLanguage\":\"es\",\"potentialAction\":[{\"@type\":\"ReadAction\",\"target\":[\"https:\/\/ivam.es\/es\/boletin\/\"]}]},{\"@type\":\"BreadcrumbList\",\"@id\":\"https:\/\/ivam.es\/es\/boletin\/#breadcrumb\",\"itemListElement\":[{\"@type\":\"ListItem\",\"position\":1,\"name\":\"Home\",\"item\":\"https:\/\/ivam.es\/es\/\"},{\"@type\":\"ListItem\",\"position\":2,\"name\":\"Bolet\u00edn\"}]},{\"@type\":\"WebSite\",\"@id\":\"https:\/\/ivam.es\/es\/#website\",\"url\":\"https:\/\/ivam.es\/es\/\",\"name\":\"IVAM\",\"description\":\"Institut Valenci\u00e0 d&#039;Art Modern\",\"publisher\":{\"@id\":\"https:\/\/ivam.es\/es\/#organization\"},\"potentialAction\":[{\"@type\":\"SearchAction\",\"target\":{\"@type\":\"EntryPoint\",\"urlTemplate\":\"https:\/\/ivam.es\/es\/?s={search_term_string}\"},\"query-input\":{\"@type\":\"PropertyValueSpecification\",\"valueRequired\":true,\"valueName\":\"search_term_string\"}}],\"inLanguage\":\"es\"},{\"@type\":\"Organization\",\"@id\":\"https:\/\/ivam.es\/es\/#organization\",\"name\":\"IVAM\",\"url\":\"https:\/\/ivam.es\/es\/\",\"logo\":{\"@type\":\"ImageObject\",\"inLanguage\":\"es\",\"@id\":\"https:\/\/ivam.es\/es\/#\/schema\/logo\/image\/\",\"url\":\"https:\/\/ivam.es\/wp-content\/uploads\/logo-ok-512.png\",\"contentUrl\":\"https:\/\/ivam.es\/wp-content\/uploads\/logo-ok-512.png\",\"width\":512,\"height\":512,\"caption\":\"IVAM\"},\"image\":{\"@id\":\"https:\/\/ivam.es\/es\/#\/schema\/logo\/image\/\"}}]}<\/script>\n<!-- \/ Yoast SEO plugin. -->","yoast_head_json":{"title":"Bolet\u00edn - IVAM","robots":{"index":"index","follow":"follow","max-snippet":"max-snippet:-1","max-image-preview":"max-image-preview:large","max-video-preview":"max-video-preview:-1"},"canonical":"https:\/\/ivam.es\/es\/boletin\/","og_locale":"es_ES","og_type":"article","og_title":"Bolet\u00edn - IVAM","og_url":"https:\/\/ivam.es\/es\/boletin\/","og_site_name":"IVAM","article_modified_time":"2018-06-18T11:37:06+00:00","twitter_card":"summary_large_image","schema":{"@context":"https:\/\/schema.org","@graph":[{"@type":"WebPage","@id":"https:\/\/ivam.es\/es\/boletin\/","url":"https:\/\/ivam.es\/es\/boletin\/","name":"Bolet\u00edn - IVAM","isPartOf":{"@id":"https:\/\/ivam.es\/es\/#website"},"datePublished":"2018-06-18T11:17:54+00:00","dateModified":"2018-06-18T11:37:06+00:00","breadcrumb":{"@id":"https:\/\/ivam.es\/es\/boletin\/#breadcrumb"},"inLanguage":"es","potentialAction":[{"@type":"ReadAction","target":["https:\/\/ivam.es\/es\/boletin\/"]}]},{"@type":"BreadcrumbList","@id":"https:\/\/ivam.es\/es\/boletin\/#breadcrumb","itemListElement":[{"@type":"ListItem","position":1,"name":"Home","item":"https:\/\/ivam.es\/es\/"},{"@type":"ListItem","position":2,"name":"Bolet\u00edn"}]},{"@type":"WebSite","@id":"https:\/\/ivam.es\/es\/#website","url":"https:\/\/ivam.es\/es\/","name":"IVAM","description":"Institut Valenci\u00e0 d&#039;Art Modern","publisher":{"@id":"https:\/\/ivam.es\/es\/#organization"},"potentialAction":[{"@type":"SearchAction","target":{"@type":"EntryPoint","urlTemplate":"https:\/\/ivam.es\/es\/?s={search_term_string}"},"query-input":{"@type":"PropertyValueSpecification","valueRequired":true,"valueName":"search_term_string"}}],"inLanguage":"es"},{"@type":"Organization","@id":"https:\/\/ivam.es\/es\/#organization","name":"IVAM","url":"https:\/\/ivam.es\/es\/","logo":{"@type":"ImageObject","inLanguage":"es","@id":"https:\/\/ivam.es\/es\/#\/schema\/logo\/image\/","url":"https:\/\/ivam.es\/wp-content\/uploads\/logo-ok-512.png","contentUrl":"https:\/\/ivam.es\/wp-content\/uploads\/logo-ok-512.png","width":512,"height":512,"caption":"IVAM"},"image":{"@id":"https:\/\/ivam.es\/es\/#\/schema\/logo\/image\/"}}]}},"_links":{"self":[{"href":"https:\/\/ivam.es\/es\/wp-json\/wp\/v2\/pages\/37522","targetHints":{"allow":["GET"]}}],"collection":[{"href":"https:\/\/ivam.es\/es\/wp-json\/wp\/v2\/pages"}],"about":[{"href":"https:\/\/ivam.es\/es\/wp-json\/wp\/v2\/types\/page"}],"author":[{"embeddable":true,"href":"https:\/\/ivam.es\/es\/wp-json\/wp\/v2\/users\/3"}],"replies":[{"embeddable":true,"href":"https:\/\/ivam.es\/es\/wp-json\/wp\/v2\/comments?post=37522"}],"version-history":[{"count":2,"href":"https:\/\/ivam.es\/es\/wp-json\/wp\/v2\/pages\/37522\/revisions"}],"predecessor-version":[{"id":37531,"href":"https:\/\/ivam.es\/es\/wp-json\/wp\/v2\/pages\/37522\/revisions\/37531"}],"wp:attachment":[{"href":"https:\/\/ivam.es\/es\/wp-json\/wp\/v2\/media?parent=37522"}],"curies":[{"name":"wp","href":"https:\/\/api.w.org\/{rel}","templated":true}]}}