{"id":3525,"date":"2015-05-02T19:36:20","date_gmt":"2015-05-02T18:36:20","guid":{"rendered":"http:\/\/new.ivam.es\/?page_id=3525"},"modified":"2024-09-25T12:15:02","modified_gmt":"2024-09-25T10:15:02","slug":"aviso-legal","status":"publish","type":"page","link":"https:\/\/ivam.es\/es\/aviso-legal\/","title":{"rendered":"Aviso Legal"},"content":{"rendered":"<p><a href=\"#Objeto\">Objeto<\/a><br \/>\n<a href=\"#Propiedad\">Propiedad del sitio<\/a><br \/>\n<a href=\"#Responsabilidad\">Responsabilidad<\/a><br \/>\n<a href=\"#Protecci\u00f3n\">Protecci\u00f3n de datos personales<\/a><br \/>\n<a href=\"#Intelectual\">Propiedad intelectual<\/a><br \/>\n<a href=\"#Ley\">Ley aplicable y jurisdicci\u00f3n<\/a><br \/>\n<a href=\"#cookies\">Uso de cookies y del fichero de actividad<\/a><br \/>\n<a id=\"Objeto\" name=\"Objeto\"><\/a><\/p>\n<h2 class=\"text-left\"><\/h2>\n<h2 class=\"text-left\">Objeto<\/h2>\n<p>El presente aviso legal regula el uso del servicio de los sitios de Internet:<\/p>\n<p>www.ivam.es<\/p>\n<p>tienda.ivam.es<\/p>\n<p>El uso o el acceso a estos sitios\u00a0implica que usted reconoce haber le\u00eddo y comprendido las presentes condiciones legales de uso, y acuerda cumplirlas en su totalidad.<\/p>\n<p>Si usted como usuario no est\u00e1 de acuerdo con alguna de las presentes condiciones deber\u00e1 dejar de acceder a este sitio.<\/p>\n<p>El prestador, responsable del sitio web, pone a disposici\u00f3n de los usuarios el presente documento con el que pretende dar cumplimiento a las obligaciones dispuestas en la Ley 34\/2002, de Servicios de la Sociedad de la Informaci\u00f3n y del Comercio Electr\u00f3nico (LSSI-CE), as\u00ed como informar a todos los usuarios del sitio web respecto a cu\u00e1les son las condiciones de uso del sitio web.<\/p>\n<p>Toda persona que acceda a este sitio web asume el papel de usuario, comprometi\u00e9ndose a la observancia y cumplimiento riguroso de las disposiciones\u00a0aqu\u00ed expuestas, as\u00ed como a cualesquiera otras disposiciones legales que fueran de aplicaci\u00f3n.<\/p>\n<p>El prestador se reserva el derecho a modificar cualquier tipo de informaci\u00f3n que pudiera aparecer en el sitio web, sin que exista obligaci\u00f3n de preavisar o poner en conocimiento de los usuarios dichas informaciones, entendi\u00e9ndose como suficiente con la publicaci\u00f3n en el sitio web del prestador.<\/p>\n<h2 class=\"text-left\"><\/h2>\n<h2 class=\"text-left\">Propiedad del sitio<\/h2>\n<p>De conformidad con la Ley 34\/2002, de 11 de julio, de servicios de la sociedad de la informaci\u00f3n y comercio electr\u00f3nico, y dem\u00e1s legislaci\u00f3n aplicable le informamos que este sitio web ivam.es y todos sus subdominios, son propiedad del <strong>Institut Valenci\u00e0 d&#8217;Art Modern, con C.I.F. Q9655140C; y domicilio en Espa\u00f1a, en calle Guillem de Castro n\u00ba118 de Valencia, provincia de Valencia.<\/strong><\/p>\n<p>Puede contactar con el propietario de la web en la direcci\u00f3n de correo electr\u00f3nico\u00a0<a href=\"mailto:ivam@ivam.es\">ivam@ivam.es<\/a><\/p>\n<p>Salvo que expresamente se establezca de otro modo, las comunicaciones con el propietario se podr\u00e1n realizar mediante correo ordinario en la direcci\u00f3n f\u00edsica o mediante correo electr\u00f3nico. El propietario se pondr\u00e1 en contacto con el usuario v\u00eda correo electr\u00f3nico, en la direcci\u00f3n que obre en su poder o le sea facilitada al respecto.<\/p>\n<h2 class=\"text-left\">Responsabilidad<\/h2>\n<p>El prestador se exime de cualquier tipo de responsabilidad derivada de la informaci\u00f3n publicada en su sitio web, siempre que esta informaci\u00f3n haya sido manipulada o introducida por un tercero ajeno al mismo.<\/p>\n<p>El sitio web del prestador puede utilizar cookies (peque\u00f1os archivos de informaci\u00f3n que el servidor env\u00eda al ordenador de quien accede a la p\u00e1gina) para llevar a cabo determinadas funciones que son consideradas imprescindibles para el correcto funcionamiento y visualizaci\u00f3n del sitio. Las cookies utilizadas en el sitio web tienen, en todo caso, car\u00e1cter temporal con la \u00fanica finalidad de hacer m\u00e1s eficaz su transmisi\u00f3n ulterior y desaparecen al terminar la sesi\u00f3n del usuario. En ning\u00fan caso se utilizar\u00e1n las cookies para recoger informaci\u00f3n de car\u00e1cter personal.<\/p>\n<p>Desde el sitio web del cliente es posible que se redirija a contenidos de terceros sitios web. Dado que el prestador no puede controlar siempre los contenidos introducidos por los terceros en sus sitios web, \u00e9ste no asume ning\u00fan tipo de responsabilidad respecto a dichos contenidos. En todo caso, el prestador manifiesta que proceder\u00e1 a la retirada inmediata de cualquier contenido que pudiera contravenir la legislaci\u00f3n nacional o internacional, la moral o el orden p\u00fablico, procediendo a la retirada inmediata de la redirecci\u00f3n a dicho sitio web, poniendo en conocimiento de las autoridades competentes el contenido en cuesti\u00f3n.<\/p>\n<p>El prestador no se hace responsable de la informaci\u00f3n y contenidos almacenados, a t\u00edtulo enunciativo pero no limitativo, en foros, chat\u00b4s, generadores de blogs, comentarios, redes sociales o cualesquiera otros medios que permitan a terceros publicar contenidos de forma independiente en la p\u00e1gina web del prestador. No obstante y en cumplimiento de lo dispuesto en el art. 11 y 16 de la LSSI-CE, el prestador se pone a disposici\u00f3n de todos los usuarios, autoridades y fuerzas de seguridad, colaborando de forma activa en la retirada o en su caso bloqueo de todos aquellos contenidos que pudieran afectar o contravenir la legislaci\u00f3n nacional, o internacional, derechos de terceros o la moral y el orden p\u00fablico. En caso de que el usuario considere que existe en el sitio web alg\u00fan contenido que pudiera ser susceptible de esta clasificaci\u00f3n, se ruega lo notifique de forma inmediata al administrador del sitio web.<\/p>\n<p>Este sitio web ha sido revisado y probado para que funcione correctamente. En principio, puede garantizarse el correcto funcionamiento los 365 d\u00edas del a\u00f1o, 24 horas al d\u00eda. No obstante, el prestador no descarta la posibilidad de que existan ciertos errores de programaci\u00f3n, o que acontezcan causas de fuerza mayor, cat\u00e1strofes naturales, huelgas, o circunstancias semejantes que hagan imposible el acceso a la p\u00e1gina web.<\/p>\n<h2 class=\"text-left\"><\/h2>\n<h2 class=\"text-left\">Protecci\u00f3n de datos personales<\/h2>\n<p>En cumplimiento de la Ley Org\u00e1nica 15\/1999, de Protecci\u00f3n de Datos de Car\u00e1cter Personal, le informamos que su direcci\u00f3n de correo electr\u00f3nico, tel\u00e9fonos de contacto, datos postales, su imagen facial y sus datos personales y de empresa pasar\u00e1n a formar parte de los ficheros del Institut Valenci\u00e0 d&#8217;Art Modern (IVAM), registrados ante la Agencia Espa\u00f1ola de Protecci\u00f3n de Datos.<\/p>\n<p>Sus datos ser\u00e1n utilizados para los fines propios del Instituto y su posterior gesti\u00f3n. Los datos personales que existen en nuestro poder est\u00e1n protegidos por nuestra Pol\u00edtica de Seguridad, y no ser\u00e1n compartidos con ninguna otra entidad, excepto por obligaciones y a la Conselleria de Cultura. La direcci\u00f3n de correo electr\u00f3nico podr\u00e1 enviarse a terceras empresas para la remisi\u00f3n de \u201cnewsletter\u201d en el caso de que haya marcado la aceptaci\u00f3n de recibir publicidad, estas empresas no podr\u00e1n usar su direcci\u00f3n de correo para ning\u00fan otro cometido. Los campos marcados con un asterisco debe cumplimentarlos obligatoriamente y los restantes son opcionales.<\/p>\n<p>En cumplimiento de la Ley 34\/2002, de Servicios de la Sociedad de la Informaci\u00f3n y el Comercio Electr\u00f3nico, le informamos que, si usted da su consentimiento, sus datos personales ser\u00e1n tambi\u00e9n utilizados para el env\u00edo de informaci\u00f3n cultural y de la actividad de nuestra entidad. Si no desea seguir recibiendo informaci\u00f3n comun\u00edquenoslo v\u00eda correo electr\u00f3nico a la direcci\u00f3n\u00a0<a href=\"mailto:ivam@ivam.es\">ivam@ivam.es<\/a>\u00a0o por correo postal. Si desea ejercitar sus derechos de acceso, rectificaci\u00f3n o cancelaci\u00f3n, solic\u00edtelo por escrito dirigido al Institut Valenci\u00e0 d&#8217;Art Modern,\u00a0<a title=\"maps\" href=\"https:\/\/www.google.es\/maps\/place\/Instituto+Valenciano+de+Arte+Moderno\/@39.479332,-0.382601,17z\/data=!4m7!1m4!3m3!1s0xd604f508a2e2f45:0x3559890c9d4a374b!2sCarrer+de+Guillem+de+Castro,+118,+46003+Val%C3%A8ncia,+Valencia!3b1!3m1!1s0x0000000000000000:0x52c66f1c90a5a733?hl=es\" target=\"_blank\" rel=\"noopener\">Guillem de Castro, 118<\/a><br \/>\n<a title=\"maps\" href=\"https:\/\/www.google.es\/maps\/place\/Instituto+Valenciano+de+Arte+Moderno\/@39.479332,-0.382601,17z\/data=!4m7!1m4!3m3!1s0xd604f508a2e2f45:0x3559890c9d4a374b!2sCarrer+de+Guillem+de+Castro,+118,+46003+Val%C3%A8ncia,+Valencia!3b1!3m1!1s0x0000000000000000:0x52c66f1c90a5a733?hl=es\" target=\"_blank\" rel=\"noopener\">46003 Valencia<\/a><a id=\"Intelectual\" name=\"Intelectual\"><\/a><\/p>\n<h2 class=\"text-left\"><\/h2>\n<h2 class=\"text-left\">Propiedad Intelectual<\/h2>\n<p>El sitio web, incluyendo a t\u00edtulo enunciativo pero no limitativo, su programaci\u00f3n, edici\u00f3n, compilaci\u00f3n y dem\u00e1s elementos necesarios para su funcionamiento, los dise\u00f1os, logotipos, texto y\/o gr\u00e1ficos son propiedad del prestador o en su caso dispone de licencia o autorizaci\u00f3n expresa por parte de los autores. Todos los contenidos del sitio web se encuentran debidamente protegidos por la normativa de propiedad intelectual e industrial, as\u00ed como inscritos en los registros p\u00fablicos correspondientes.<\/p>\n<p>Independientemente de la finalidad para la que fueran destinados, la reproducci\u00f3n total o parcial, uso, explotaci\u00f3n, distribuci\u00f3n y comercializaci\u00f3n, requiere en todo caso de la autorizaci\u00f3n escrita previa por parte del prestador. Cualquier uso no autorizado previamente por parte del prestador ser\u00e1 considerado un incumplimiento grave de los derechos de propiedad intelectual o industrial del autor.<\/p>\n<p>Los dise\u00f1os, logotipos, texto y\/o gr\u00e1ficos ajenos al prestador y que pudieran aparecer en el sitio web por estar incorporados a los productos que se comercializan, pertenecen a sus respectivos propietarios, siendo ellos mismos responsables de cualquier posible controversia que pudiera suscitarse respecto a los mismos.<\/p>\n<p>El prestador reconoce a favor de sus titulares los correspondientes derechos de propiedad industrial e intelectual, no implicando su sola menci\u00f3n o aparici\u00f3n en el sitio web la existencia de derechos o responsabilidad alguna del prestador sobre los mismos.<\/p>\n<h2 class=\"text-left\"><\/h2>\n<h2 class=\"text-left\">Ley Aplicable y Jurisdicci\u00f3n<\/h2>\n<p>Para la resoluci\u00f3n de todas las controversias o cuestiones relacionadas con el presente sitio web o de las actividades en \u00e9l desarrolladas, ser\u00e1 de aplicaci\u00f3n la legislaci\u00f3n espa\u00f1ola, a la que se someten expresamente las partes, siendo competentes para la resoluci\u00f3n de todos los conflictos derivados o relacionados con su uso los Juzgados y Tribunales de la ciudad de Valencia (Espa\u00f1a).<\/p>\n<h2 class=\"text-left\"><\/h2>\n<h2 class=\"text-left\">Uso de Cookies y del fichero de actividad<\/h2>\n<h3 class=\"text-left\"><\/h3>\n<h3 class=\"text-left\">POL\u00cdTICA DE COOKIES<\/h3>\n<p>Cookie\u00a0es un fichero que se descarga en su ordenador al acceder a determinadas p\u00e1ginas web. Las cookies permiten a una p\u00e1gina web, entre otras cosas, almacenar y recuperar informaci\u00f3n sobre los h\u00e1bitos de navegaci\u00f3n de un usuario o de su equipo y, dependiendo de la informaci\u00f3n que contengan y de la forma en que utilice su equipo, pueden utilizarse para reconocer al usuario. El navegador del usuario memoriza cookies en el disco duro solamente durante la sesi\u00f3n actual ocupando un espacio de memoria m\u00ednimo y no perjudicando al ordenador. Las cookies no contienen ninguna clase de informaci\u00f3n personal espec\u00edfica, y la mayor\u00eda de las mismas se borran del disco duro al finalizar la sesi\u00f3n de navegador (las denominadas cookies de sesi\u00f3n).<\/p>\n<p>La mayor\u00eda de los navegadores aceptan como est\u00e1ndar a las cookies y, con independencia de las mismas, permiten o impiden en los ajustes de seguridad las cookies temporales o memorizadas.<\/p>\n<p>Sin su expreso consentimiento \u2013mediante la activaci\u00f3n de las cookies en su navegador, ivam.es\u00a0no enlazar\u00e1 en las cookies los datos memorizados con sus datos personales proporcionados en el momento del registro en el supuesto de que se d\u00e9.<\/p>\n<h3 class=\"text-left\">\u00bfQu\u00e9 tipos de cookies utiliza esta p\u00e1gina web?<\/h3>\n<p><strong>&#8211; Cookies\u00a0t\u00e9cnicas:<\/strong> Son aqu\u00e9llas que permiten al usuario la navegaci\u00f3n a trav\u00e9s de una p\u00e1gina web, plataforma o aplicaci\u00f3n y la utilizaci\u00f3n de las diferentes opciones o servicios que en ella existan como, por ejemplo, controlar el tr\u00e1fico y la comunicaci\u00f3n de datos, identificar la sesi\u00f3n, acceder a partes de acceso restringido, recordar los elementos que integran un pedido, realizar el proceso de compra de un pedido, realizar la solicitud de inscripci\u00f3n o participaci\u00f3n en un evento, utilizar elementos de seguridad durante la navegaci\u00f3n, almacenar contenidos para la difusi\u00f3n de videos o sonido o compartir contenidos a trav\u00e9s de redes sociales.<\/p>\n<p><strong>&#8211; Cookies de an\u00e1lisis:<\/strong> Son aqu\u00e9llas que bien tratadas por nosotros o por terceros, nos permiten cuantificar el n\u00famero de usuarios y as\u00ed realizar la medici\u00f3n y an\u00e1lisis estad\u00edstico de la utilizaci\u00f3n que hacen los usuarios del servicio ofertado. Para ello se analiza su navegaci\u00f3n en nuestra p\u00e1gina web con el fin de mejorar la oferta de productos o servicios que le ofrecemos.<\/p>\n<p>En particular, este sitio Web utiliza <strong>Google Analytics<\/strong>, un servicio anal\u00edtico de web prestado por Google, Inc. con domicilio en los Estados Unidos con sede central en 1600 Amphitheatre Parkway, Mountain View, California 94043.\u00a0 Para la prestaci\u00f3n de estos servicios, estos\u00a0utilizan cookies que recopilan la informaci\u00f3n, incluida la direcci\u00f3n IP del usuario, que ser\u00e1\u00a0transmitida, tratada y almacenada por\u00a0Google\u00a0en los t\u00e9rminos fijados en la Web Google.com. Incluyendo la posible\u00a0transmisi\u00f3n de dicha informaci\u00f3n a terceros por razones de exigencia legal o cuando dichos terceros\u00a0procesen la informaci\u00f3n por cuenta de Google.<\/p>\n<p><strong>El Usuario acepta expresamente, por la utilizaci\u00f3n de este Site,\u00a0el tratamiento de la informaci\u00f3n\u00a0recabada en la forma y con los fines anteriormente mencionados.\u00a0Y asimismo reconoce conocer la posibilidad de rechazar el tratamiento de\u00a0tales datos o informaci\u00f3n\u00a0rechazando el uso de Cookies mediante la selecci\u00f3n de la configuraci\u00f3n apropiada a tal fin en su navegador.<\/strong>\u00a0Si bien esta opci\u00f3n de bloqueo de Cookies en su navegador puede no permitirle el uso pleno de todas las funcionalidades del Website.<\/p>\n<p>Puede usted permitir, bloquear o eliminar las cookies instaladas en su equipo mediante la configuraci\u00f3n de las opciones del navegador instalado en su ordenador:<\/p>\n<p><a href=\"https:\/\/support.google.com\/chrome\/answer\/95647?hl=es\" target=\"_blank\" rel=\"noopener\">Chrome<\/a><br \/>\n<a href=\"http:\/\/windows.microsoft.com\/es-es\/windows7\/how-to-manage-cookies-in-internet-explorer-9\" target=\"_blank\" rel=\"noopener\">Explorer<\/a><br \/>\n<a href=\"https:\/\/support.mozilla.org\/es\/kb\/habilitar-y-deshabilitar-cookies-que-los-sitios-we\" target=\"_blank\" rel=\"noopener\">Firefox<\/a><br \/>\n<a href=\"http:\/\/support.apple.com\/kb\/ph5042\" target=\"_blank\" rel=\"noopener\">Safari<\/a><\/p>\n<p>Si tiene dudas sobre esta pol\u00edtica de cookies, puede contactar en\u00a0<a href=\"mailto:ivam@ivam.es\">ivam@ivam.es<\/a><\/p>\n<h2 class=\"text-left\">Direcciones IP<\/h2>\n<p>Los servidores del sitio web podr\u00e1n detectar de manera autom\u00e1tica la direcci\u00f3n IP y el nombre de dominio utilizados por el usuario. Una direcci\u00f3n IP es un n\u00famero asignado autom\u00e1ticamente a un ordenador cuando \u00e9sta se conecta a Internet. Toda esta informaci\u00f3n es registrada en un fichero de actividad del servidor debidamente inscrito que permite el posterior procesamiento de los datos con el fin de obtener mediciones \u00fanicamente estad\u00edsticas que permitan conocer el n\u00famero de impresiones de p\u00e1ginas, el n\u00famero de visitas realizadas a los servicios web, el orden de visitas, el punto de acceso, etc.<\/p>\n<h2 class=\"text-left\">Seguridad<\/h2>\n<p>El sitio web utiliza t\u00e9cnicas de seguridad de la informaci\u00f3n generalmente aceptadas en la industria, tales como firewalls, procedimientos de control de acceso y mecanismos criptogr\u00e1ficos, todo ello con el objeto de evitar el acceso no autorizado a los datos. Para lograr estos fines, el usuario\/cliente acepta que el prestador obtenga datos para efectos de la correspondiente autenticaci\u00f3n de los controles de acceso.<\/p>\n<p>Todo proceso de contrataci\u00f3n o que conlleve la introducci\u00f3n de datos personales de nivel alto\u00a0 ser\u00e1n siempre transmitidos mediante protocolo de comunicaci\u00f3n segura, de tal forma que ning\u00fan tercero tenga acceso a la informaci\u00f3n transmitida v\u00eda electr\u00f3nica.<\/p>\n","protected":false},"excerpt":{"rendered":"<p>Objeto Propiedad del sitio Responsabilidad Protecci\u00f3n de datos personales Propiedad intelectual Ley aplicable y jurisdicci\u00f3n Uso de cookies y del fichero de actividad Objeto El presente aviso legal regula el uso del servicio de los sitios de Internet: www.ivam.es tienda.ivam.es El uso o el acceso a estos sitios\u00a0implica que usted reconoce haber le\u00eddo y comprendido [&hellip;]<\/p>\n","protected":false},"author":3,"featured_media":0,"parent":0,"menu_order":97,"comment_status":"closed","ping_status":"closed","template":"","meta":{"footnotes":""},"class_list":["post-3525","page","type-page","status-publish","hentry"],"yoast_head":"<!-- This site is optimized with the Yoast SEO plugin v26.0 - https:\/\/yoast.com\/wordpress\/plugins\/seo\/ -->\n<title>Aviso Legal - IVAM<\/title>\n<meta name=\"robots\" content=\"index, follow, max-snippet:-1, max-image-preview:large, max-video-preview:-1\" \/>\n<link rel=\"canonical\" href=\"https:\/\/ivam.es\/es\/aviso-legal\/\" \/>\n<meta property=\"og:locale\" content=\"es_ES\" \/>\n<meta property=\"og:type\" content=\"article\" \/>\n<meta property=\"og:title\" content=\"Aviso Legal - IVAM\" \/>\n<meta property=\"og:description\" content=\"Objeto Propiedad del sitio Responsabilidad Protecci\u00f3n de datos personales Propiedad intelectual Ley aplicable y jurisdicci\u00f3n Uso de cookies y del fichero de actividad Objeto El presente aviso legal regula el uso del servicio de los sitios de Internet: www.ivam.es tienda.ivam.es El uso o el acceso a estos sitios\u00a0implica que usted reconoce haber le\u00eddo y comprendido [&hellip;]\" \/>\n<meta property=\"og:url\" content=\"https:\/\/ivam.es\/es\/aviso-legal\/\" \/>\n<meta property=\"og:site_name\" content=\"IVAM\" \/>\n<meta property=\"article:modified_time\" content=\"2024-09-25T10:15:02+00:00\" \/>\n<meta name=\"twitter:card\" content=\"summary_large_image\" \/>\n<meta name=\"twitter:label1\" content=\"Tiempo de lectura\" \/>\n\t<meta name=\"twitter:data1\" content=\"12 minutos\" \/>\n<script type=\"application\/ld+json\" class=\"yoast-schema-graph\">{\"@context\":\"https:\/\/schema.org\",\"@graph\":[{\"@type\":\"WebPage\",\"@id\":\"https:\/\/ivam.es\/es\/aviso-legal\/\",\"url\":\"https:\/\/ivam.es\/es\/aviso-legal\/\",\"name\":\"Aviso Legal - IVAM\",\"isPartOf\":{\"@id\":\"https:\/\/ivam.es\/es\/#website\"},\"datePublished\":\"2015-05-02T18:36:20+00:00\",\"dateModified\":\"2024-09-25T10:15:02+00:00\",\"breadcrumb\":{\"@id\":\"https:\/\/ivam.es\/es\/aviso-legal\/#breadcrumb\"},\"inLanguage\":\"es\",\"potentialAction\":[{\"@type\":\"ReadAction\",\"target\":[\"https:\/\/ivam.es\/es\/aviso-legal\/\"]}]},{\"@type\":\"BreadcrumbList\",\"@id\":\"https:\/\/ivam.es\/es\/aviso-legal\/#breadcrumb\",\"itemListElement\":[{\"@type\":\"ListItem\",\"position\":1,\"name\":\"Home\",\"item\":\"https:\/\/ivam.es\/es\/\"},{\"@type\":\"ListItem\",\"position\":2,\"name\":\"Aviso Legal\"}]},{\"@type\":\"WebSite\",\"@id\":\"https:\/\/ivam.es\/es\/#website\",\"url\":\"https:\/\/ivam.es\/es\/\",\"name\":\"IVAM\",\"description\":\"Institut Valenci\u00e0 d&#039;Art Modern\",\"publisher\":{\"@id\":\"https:\/\/ivam.es\/es\/#organization\"},\"potentialAction\":[{\"@type\":\"SearchAction\",\"target\":{\"@type\":\"EntryPoint\",\"urlTemplate\":\"https:\/\/ivam.es\/es\/?s={search_term_string}\"},\"query-input\":{\"@type\":\"PropertyValueSpecification\",\"valueRequired\":true,\"valueName\":\"search_term_string\"}}],\"inLanguage\":\"es\"},{\"@type\":\"Organization\",\"@id\":\"https:\/\/ivam.es\/es\/#organization\",\"name\":\"IVAM\",\"url\":\"https:\/\/ivam.es\/es\/\",\"logo\":{\"@type\":\"ImageObject\",\"inLanguage\":\"es\",\"@id\":\"https:\/\/ivam.es\/es\/#\/schema\/logo\/image\/\",\"url\":\"https:\/\/ivam.es\/wp-content\/uploads\/logo-ok-512.png\",\"contentUrl\":\"https:\/\/ivam.es\/wp-content\/uploads\/logo-ok-512.png\",\"width\":512,\"height\":512,\"caption\":\"IVAM\"},\"image\":{\"@id\":\"https:\/\/ivam.es\/es\/#\/schema\/logo\/image\/\"}}]}<\/script>\n<!-- \/ Yoast SEO plugin. -->","yoast_head_json":{"title":"Aviso Legal - IVAM","robots":{"index":"index","follow":"follow","max-snippet":"max-snippet:-1","max-image-preview":"max-image-preview:large","max-video-preview":"max-video-preview:-1"},"canonical":"https:\/\/ivam.es\/es\/aviso-legal\/","og_locale":"es_ES","og_type":"article","og_title":"Aviso Legal - IVAM","og_description":"Objeto Propiedad del sitio Responsabilidad Protecci\u00f3n de datos personales Propiedad intelectual Ley aplicable y jurisdicci\u00f3n Uso de cookies y del fichero de actividad Objeto El presente aviso legal regula el uso del servicio de los sitios de Internet: www.ivam.es tienda.ivam.es El uso o el acceso a estos sitios\u00a0implica que usted reconoce haber le\u00eddo y comprendido [&hellip;]","og_url":"https:\/\/ivam.es\/es\/aviso-legal\/","og_site_name":"IVAM","article_modified_time":"2024-09-25T10:15:02+00:00","twitter_card":"summary_large_image","twitter_misc":{"Tiempo de lectura":"12 minutos"},"schema":{"@context":"https:\/\/schema.org","@graph":[{"@type":"WebPage","@id":"https:\/\/ivam.es\/es\/aviso-legal\/","url":"https:\/\/ivam.es\/es\/aviso-legal\/","name":"Aviso Legal - IVAM","isPartOf":{"@id":"https:\/\/ivam.es\/es\/#website"},"datePublished":"2015-05-02T18:36:20+00:00","dateModified":"2024-09-25T10:15:02+00:00","breadcrumb":{"@id":"https:\/\/ivam.es\/es\/aviso-legal\/#breadcrumb"},"inLanguage":"es","potentialAction":[{"@type":"ReadAction","target":["https:\/\/ivam.es\/es\/aviso-legal\/"]}]},{"@type":"BreadcrumbList","@id":"https:\/\/ivam.es\/es\/aviso-legal\/#breadcrumb","itemListElement":[{"@type":"ListItem","position":1,"name":"Home","item":"https:\/\/ivam.es\/es\/"},{"@type":"ListItem","position":2,"name":"Aviso Legal"}]},{"@type":"WebSite","@id":"https:\/\/ivam.es\/es\/#website","url":"https:\/\/ivam.es\/es\/","name":"IVAM","description":"Institut Valenci\u00e0 d&#039;Art Modern","publisher":{"@id":"https:\/\/ivam.es\/es\/#organization"},"potentialAction":[{"@type":"SearchAction","target":{"@type":"EntryPoint","urlTemplate":"https:\/\/ivam.es\/es\/?s={search_term_string}"},"query-input":{"@type":"PropertyValueSpecification","valueRequired":true,"valueName":"search_term_string"}}],"inLanguage":"es"},{"@type":"Organization","@id":"https:\/\/ivam.es\/es\/#organization","name":"IVAM","url":"https:\/\/ivam.es\/es\/","logo":{"@type":"ImageObject","inLanguage":"es","@id":"https:\/\/ivam.es\/es\/#\/schema\/logo\/image\/","url":"https:\/\/ivam.es\/wp-content\/uploads\/logo-ok-512.png","contentUrl":"https:\/\/ivam.es\/wp-content\/uploads\/logo-ok-512.png","width":512,"height":512,"caption":"IVAM"},"image":{"@id":"https:\/\/ivam.es\/es\/#\/schema\/logo\/image\/"}}]}},"_links":{"self":[{"href":"https:\/\/ivam.es\/es\/wp-json\/wp\/v2\/pages\/3525","targetHints":{"allow":["GET"]}}],"collection":[{"href":"https:\/\/ivam.es\/es\/wp-json\/wp\/v2\/pages"}],"about":[{"href":"https:\/\/ivam.es\/es\/wp-json\/wp\/v2\/types\/page"}],"author":[{"embeddable":true,"href":"https:\/\/ivam.es\/es\/wp-json\/wp\/v2\/users\/3"}],"replies":[{"embeddable":true,"href":"https:\/\/ivam.es\/es\/wp-json\/wp\/v2\/comments?post=3525"}],"version-history":[{"count":15,"href":"https:\/\/ivam.es\/es\/wp-json\/wp\/v2\/pages\/3525\/revisions"}],"predecessor-version":[{"id":92683,"href":"https:\/\/ivam.es\/es\/wp-json\/wp\/v2\/pages\/3525\/revisions\/92683"}],"wp:attachment":[{"href":"https:\/\/ivam.es\/es\/wp-json\/wp\/v2\/media?parent=3525"}],"curies":[{"name":"wp","href":"https:\/\/api.w.org\/{rel}","templated":true}]}}