{"id":3431,"date":"2015-04-28T19:40:03","date_gmt":"2015-04-28T18:40:03","guid":{"rendered":"http:\/\/new.ivam.es\/?page_id=3431"},"modified":"2022-07-27T15:55:38","modified_gmt":"2022-07-27T13:55:38","slug":"form_friends","status":"publish","type":"page","link":"https:\/\/ivam.es\/es\/form_friends\/","title":{"rendered":"Formulario de inscripci\u00f3n"},"content":{"rendered":"\n<div class=\"wpcf7 no-js\" id=\"wpcf7-f3430-o1\" lang=\"es-ES\" dir=\"ltr\" data-wpcf7-id=\"3430\">\n<div class=\"screen-reader-response\"><p role=\"status\" aria-live=\"polite\" aria-atomic=\"true\"><\/p> <ul><\/ul><\/div>\n<form action=\"\/es\/wp-json\/wp\/v2\/pages\/3431#wpcf7-f3430-o1\" method=\"post\" class=\"wpcf7-form init\" aria-label=\"Formulario de contacto\" novalidate=\"novalidate\" data-status=\"init\">\n<fieldset class=\"hidden-fields-container\"><input type=\"hidden\" name=\"_wpcf7\" value=\"3430\" \/><input type=\"hidden\" name=\"_wpcf7_version\" value=\"6.1.1\" \/><input type=\"hidden\" name=\"_wpcf7_locale\" value=\"es_ES\" \/><input type=\"hidden\" name=\"_wpcf7_unit_tag\" value=\"wpcf7-f3430-o1\" \/><input type=\"hidden\" name=\"_wpcf7_container_post\" value=\"0\" \/><input type=\"hidden\" name=\"_wpcf7_posted_data_hash\" value=\"\" \/>\n<\/fieldset>\n<p><label>Tipo*<\/label><span class=\"wpcf7-form-control-wrap\" data-name=\"menu-290\"><select class=\"wpcf7-form-control wpcf7-select\" aria-invalid=\"false\" name=\"menu-290\"><option value=\"AMIGO Y AMIGA JOVEN - 20\u20ac\">AMIGO Y AMIGA JOVEN - 20\u20ac<\/option><option value=\"AMIGO Y AMIGA del IVAM - 40\u20ac\">AMIGO Y AMIGA del IVAM - 40\u20ac<\/option><option value=\"AMIGO Y AMIGA FAMILIA - 60\u20ac\">AMIGO Y AMIGA FAMILIA - 60\u20ac<\/option><option value=\"AMIGO IMPULSOR, AMIGA IMPULSORA - 300\u20ac\">AMIGO IMPULSOR, AMIGA IMPULSORA - 300\u20ac<\/option><option value=\"AMIGO PATROCINADOR, AMIGA PATROCINADORA - 5000\u20ac\">AMIGO PATROCINADOR, AMIGA PATROCINADORA - 5000\u20ac<\/option><\/select><\/span>\n<\/p>\n<p><label>Nombre y apellidos*<\/label><span class=\"wpcf7-form-control-wrap\" data-name=\"your-name\"><input size=\"40\" maxlength=\"400\" class=\"wpcf7-form-control wpcf7-text wpcf7-validates-as-required\" aria-required=\"true\" aria-invalid=\"false\" value=\"\" type=\"text\" name=\"your-name\" \/><\/span>\n<\/p>\n<p><label>NIF*<\/label><span class=\"wpcf7-form-control-wrap\" data-name=\"text-145\"><input size=\"40\" maxlength=\"400\" class=\"wpcf7-form-control wpcf7-text wpcf7-validates-as-required\" aria-required=\"true\" aria-invalid=\"false\" value=\"\" type=\"text\" name=\"text-145\" \/><\/span>\n<\/p>\n<p><label>Direcci\u00f3n*<\/label><span class=\"wpcf7-form-control-wrap\" data-name=\"text-142\"><input size=\"40\" maxlength=\"400\" class=\"wpcf7-form-control wpcf7-text wpcf7-validates-as-required\" aria-required=\"true\" aria-invalid=\"false\" value=\"\" type=\"text\" name=\"text-142\" \/><\/span>\n<\/p>\n<p><label>N\u00famero<\/label><span class=\"wpcf7-form-control-wrap\" data-name=\"text-830\"><input size=\"10\" maxlength=\"400\" class=\"wpcf7-form-control wpcf7-text\" aria-invalid=\"false\" value=\"\" type=\"text\" name=\"text-830\" \/><\/span>\n<\/p>\n<p><label>Piso<\/label><span class=\"wpcf7-form-control-wrap\" data-name=\"text-226\"><input size=\"10\" maxlength=\"400\" class=\"wpcf7-form-control wpcf7-text\" aria-invalid=\"false\" value=\"\" type=\"text\" name=\"text-226\" \/><\/span>\n<\/p>\n<p><label>Puerta<\/label><span class=\"wpcf7-form-control-wrap\" data-name=\"text-250\"><input size=\"10\" maxlength=\"400\" class=\"wpcf7-form-control wpcf7-text\" aria-invalid=\"false\" value=\"\" type=\"text\" name=\"text-250\" \/><\/span>\n<\/p>\n<p><label>C\u00f3digo Postal<\/label><span class=\"wpcf7-form-control-wrap\" data-name=\"text-710\"><input size=\"10\" maxlength=\"400\" class=\"wpcf7-form-control wpcf7-text\" aria-invalid=\"false\" value=\"\" type=\"text\" name=\"text-710\" \/><\/span>\n<\/p>\n<p><label>Localidad<\/label><span class=\"wpcf7-form-control-wrap\" data-name=\"text-637\"><input size=\"40\" maxlength=\"400\" class=\"wpcf7-form-control wpcf7-text\" aria-invalid=\"false\" value=\"\" type=\"text\" name=\"text-637\" \/><\/span>\n<\/p>\n<p><label>Provincia<\/label><span class=\"wpcf7-form-control-wrap\" data-name=\"text-153\"><input size=\"40\" maxlength=\"400\" class=\"wpcf7-form-control wpcf7-text\" aria-invalid=\"false\" value=\"\" type=\"text\" name=\"text-153\" \/><\/span>\n<\/p>\n<p><label>Tel\u00e9fono*<\/label><span class=\"wpcf7-form-control-wrap\" data-name=\"tel-138\"><input size=\"40\" maxlength=\"400\" class=\"wpcf7-form-control wpcf7-tel wpcf7-validates-as-required wpcf7-text wpcf7-validates-as-tel\" aria-required=\"true\" aria-invalid=\"false\" value=\"\" type=\"tel\" name=\"tel-138\" \/><\/span>\n<\/p>\n<p><label>E-mail*<\/label><span class=\"wpcf7-form-control-wrap\" data-name=\"your-email\"><input size=\"40\" maxlength=\"400\" class=\"wpcf7-form-control wpcf7-email wpcf7-validates-as-required wpcf7-text wpcf7-validates-as-email\" aria-required=\"true\" aria-invalid=\"false\" value=\"\" type=\"email\" name=\"your-email\" \/><\/span>\n<\/p>\n<h2>Datos Bancarios\n<\/h2>\n<p><label>Banco*<\/label><span class=\"wpcf7-form-control-wrap\" data-name=\"Banco\"><input size=\"40\" maxlength=\"400\" class=\"wpcf7-form-control wpcf7-text wpcf7-validates-as-required\" aria-required=\"true\" aria-invalid=\"false\" value=\"\" type=\"text\" name=\"Banco\" \/><\/span>\n<\/p>\n<p><label>Titular*<\/label><span class=\"wpcf7-form-control-wrap\" data-name=\"titular\"><input size=\"40\" maxlength=\"400\" class=\"wpcf7-form-control wpcf7-text wpcf7-validates-as-required\" aria-required=\"true\" aria-invalid=\"false\" value=\"\" type=\"text\" name=\"titular\" \/><\/span>\n<\/p>\n<p><label>NIF Titular*<\/label><span class=\"wpcf7-form-control-wrap\" data-name=\"niftitular\"><input size=\"40\" maxlength=\"400\" class=\"wpcf7-form-control wpcf7-text wpcf7-validates-as-required\" aria-required=\"true\" aria-invalid=\"false\" value=\"\" type=\"text\" name=\"niftitular\" \/><\/span>\n<\/p>\n<p><label>Tel\u00e9fono Titular*<\/label><span class=\"wpcf7-form-control-wrap\" data-name=\"telefonotitular\"><input size=\"40\" maxlength=\"400\" class=\"wpcf7-form-control wpcf7-tel wpcf7-validates-as-required wpcf7-text wpcf7-validates-as-tel\" aria-required=\"true\" aria-invalid=\"false\" value=\"\" type=\"tel\" name=\"telefonotitular\" \/><\/span>\n<\/p>\n<p class=\"multi-field-wrapper\"><label>IBAN<\/label><span class=\"multi-field\"><span class=\"wpcf7-form-control-wrap\" data-name=\"text-556\"><input size=\"40\" maxlength=\"2\" minlength=\"2\" class=\"wpcf7-form-control wpcf7-text wpcf7-validates-as-required\" aria-required=\"true\" aria-invalid=\"false\" placeholder=\"Pa\u00eds\" value=\"\" type=\"text\" name=\"text-556\" \/><\/span> <span class=\"wpcf7-form-control-wrap\" data-name=\"number-556\"><input class=\"wpcf7-form-control wpcf7-number wpcf7-validates-as-required wpcf7-validates-as-number\" min=\"00\" max=\"99\" aria-required=\"true\" aria-invalid=\"false\" placeholder=\"Control\" value=\"\" type=\"number\" name=\"number-556\" \/><\/span> - <span class=\"wpcf7-form-control-wrap\" data-name=\"number-161\"><input class=\"wpcf7-form-control wpcf7-number wpcf7-validates-as-required wpcf7-validates-as-number\" min=\"0000\" max=\"9999\" aria-required=\"true\" aria-invalid=\"false\" placeholder=\"Entidad\/Banco\" value=\"\" type=\"number\" name=\"number-161\" \/><\/span> - <span class=\"wpcf7-form-control-wrap\" data-name=\"number-289\"><input class=\"wpcf7-form-control wpcf7-number wpcf7-validates-as-required wpcf7-validates-as-number\" min=\"0000\" max=\"9999\" aria-required=\"true\" aria-invalid=\"false\" placeholder=\"Sucursal\" value=\"\" type=\"number\" name=\"number-289\" \/><\/span> - <span class=\"wpcf7-form-control-wrap\" data-name=\"number-845\"><input class=\"wpcf7-form-control wpcf7-number wpcf7-validates-as-required wpcf7-validates-as-number\" min=\"000000000000\" max=\"999999999999\" aria-required=\"true\" aria-invalid=\"false\" placeholder=\"DC+N\u00ba de cuenta\" value=\"\" type=\"number\" name=\"number-845\" \/><\/span><\/span>\n<\/p>\n<p><input class=\"wpcf7-form-control wpcf7-submit has-spinner\" type=\"submit\" value=\"Enviar\" \/>\n<\/p><input type='hidden' class='wpcf7-pum' value='{\"closepopup\":false,\"closedelay\":0,\"openpopup\":false,\"openpopup_id\":0}' \/><div class=\"wpcf7-response-output\" aria-hidden=\"true\"><\/div>\n<\/form>\n<\/div>\n\n<p class=\"text-normal-size\"><strong>PROTECCI\u00d3N DE DATOS<\/strong><\/p>\n<p class=\"text-normal-size\">Le informamos que de acuerdo con la normativa de Protecci\u00f3n de Datos aplicable, el IVAM es responsable del tratamiento de los datos facilitados que ser\u00e1n tratados para gestionar su solicitud y condici\u00f3n de \u201cAmigo\u201d, proceder a la emisi\u00f3n de su documentaci\u00f3n acreditativa y el env\u00edo de informaci\u00f3n relacionada con el museo y sus actividades, ampar\u00e1ndose el IVAM en su consentimiento al rellenar y enviar o entregar presencialmente el formulario. El IVAM no ceder\u00e1 sus datos a terceros, salvo por obligaci\u00f3n legal y para el estricto cumplimiento de gesti\u00f3n de los tr\u00e1mites de la inscripci\u00f3n y se conservar\u00e1n durante el tiempo necesario para cumplir con la finalidad para la cual fueron recogidos, sin perjuicio de su conservaci\u00f3n para cumplir con los plazos legales establecidos. Asimismo, le informamos que cuenta con los derechos de acceso, rectificaci\u00f3n, supresi\u00f3n, oposici\u00f3n, limitaci\u00f3n del tratamiento y portabilidad, respecto de sus datos de car\u00e1cter personal, as\u00ed como con la posibilidad de revocar su consentimiento, pudi\u00e9ndolos ejercitar remitiendo un correo electr\u00f3nico a ivam@ivam.es, o bien de manera presencial o mediante correo postal a la calle Guillem de Castro n\u00ba118 de Valencia. Para m\u00e1s informaci\u00f3n puede visitar nuestra Pol\u00edtica de Privacidad en www.ivam.es. Finalmente, tiene derecho a presentar reclamaci\u00f3n ante la Autoridad Nacional de Control; a estos efectos puede dirigirse a la Agencia Espa\u00f1ola de Protecci\u00f3n de Datos www.aepd.es<\/p>\n<p class=\"text-normal-size\">\u00a9 <strong>IVAM Institut Valenci\u00e0 d&#8217;Art Modern. Generalitat.<\/strong><br \/>\nGuillem de Castro, 118 &#8211; 46003 VALENCIA<br \/>\nTel. 96 317 66 00 &#8211; Fax 96 317 66 03 E-mail: <a href=\"mailto:amicsdelivam@ivam.es\">amicsdelivam@ivam.es<\/a><\/p>\n","protected":false},"excerpt":{"rendered":"<p>PROTECCI\u00d3N DE DATOS Le informamos que de acuerdo con la normativa de Protecci\u00f3n de Datos aplicable, el IVAM es responsable del tratamiento de los datos facilitados que ser\u00e1n tratados para gestionar su solicitud y condici\u00f3n de \u201cAmigo\u201d, proceder a la emisi\u00f3n de su documentaci\u00f3n acreditativa y el env\u00edo de informaci\u00f3n relacionada con el museo y [&hellip;]<\/p>\n","protected":false},"author":3,"featured_media":0,"parent":0,"menu_order":99,"comment_status":"closed","ping_status":"closed","template":"","meta":{"footnotes":""},"class_list":["post-3431","page","type-page","status-publish","hentry"],"yoast_head":"<!-- This site is optimized with the Yoast SEO plugin v26.0 - https:\/\/yoast.com\/wordpress\/plugins\/seo\/ -->\n<title>Formulario de inscripci\u00f3n - IVAM<\/title>\n<meta name=\"robots\" content=\"index, follow, max-snippet:-1, max-image-preview:large, max-video-preview:-1\" \/>\n<link rel=\"canonical\" href=\"https:\/\/ivam.es\/es\/form_friends\/\" \/>\n<meta property=\"og:locale\" content=\"es_ES\" \/>\n<meta property=\"og:type\" content=\"article\" \/>\n<meta property=\"og:title\" content=\"Formulario de inscripci\u00f3n - IVAM\" \/>\n<meta property=\"og:description\" content=\"PROTECCI\u00d3N DE DATOS Le informamos que de acuerdo con la normativa de Protecci\u00f3n de Datos aplicable, el IVAM es responsable del tratamiento de los datos facilitados que ser\u00e1n tratados para gestionar su solicitud y condici\u00f3n de \u201cAmigo\u201d, proceder a la emisi\u00f3n de su documentaci\u00f3n acreditativa y el env\u00edo de informaci\u00f3n relacionada con el museo y [&hellip;]\" \/>\n<meta property=\"og:url\" content=\"https:\/\/ivam.es\/es\/form_friends\/\" \/>\n<meta property=\"og:site_name\" content=\"IVAM\" \/>\n<meta property=\"article:modified_time\" content=\"2022-07-27T13:55:38+00:00\" \/>\n<meta name=\"twitter:card\" content=\"summary_large_image\" \/>\n<meta name=\"twitter:label1\" content=\"Tiempo de lectura\" \/>\n\t<meta name=\"twitter:data1\" content=\"1 minuto\" \/>\n<script type=\"application\/ld+json\" class=\"yoast-schema-graph\">{\"@context\":\"https:\/\/schema.org\",\"@graph\":[{\"@type\":\"WebPage\",\"@id\":\"https:\/\/ivam.es\/es\/form_friends\/\",\"url\":\"https:\/\/ivam.es\/es\/form_friends\/\",\"name\":\"Formulario de inscripci\u00f3n - IVAM\",\"isPartOf\":{\"@id\":\"https:\/\/ivam.es\/es\/#website\"},\"datePublished\":\"2015-04-28T18:40:03+00:00\",\"dateModified\":\"2022-07-27T13:55:38+00:00\",\"breadcrumb\":{\"@id\":\"https:\/\/ivam.es\/es\/form_friends\/#breadcrumb\"},\"inLanguage\":\"es\",\"potentialAction\":[{\"@type\":\"ReadAction\",\"target\":[\"https:\/\/ivam.es\/es\/form_friends\/\"]}]},{\"@type\":\"BreadcrumbList\",\"@id\":\"https:\/\/ivam.es\/es\/form_friends\/#breadcrumb\",\"itemListElement\":[{\"@type\":\"ListItem\",\"position\":1,\"name\":\"Home\",\"item\":\"https:\/\/ivam.es\/es\/\"},{\"@type\":\"ListItem\",\"position\":2,\"name\":\"Formulario de inscripci\u00f3n\"}]},{\"@type\":\"WebSite\",\"@id\":\"https:\/\/ivam.es\/es\/#website\",\"url\":\"https:\/\/ivam.es\/es\/\",\"name\":\"IVAM\",\"description\":\"Institut Valenci\u00e0 d&#039;Art Modern\",\"publisher\":{\"@id\":\"https:\/\/ivam.es\/es\/#organization\"},\"potentialAction\":[{\"@type\":\"SearchAction\",\"target\":{\"@type\":\"EntryPoint\",\"urlTemplate\":\"https:\/\/ivam.es\/es\/?s={search_term_string}\"},\"query-input\":{\"@type\":\"PropertyValueSpecification\",\"valueRequired\":true,\"valueName\":\"search_term_string\"}}],\"inLanguage\":\"es\"},{\"@type\":\"Organization\",\"@id\":\"https:\/\/ivam.es\/es\/#organization\",\"name\":\"IVAM\",\"url\":\"https:\/\/ivam.es\/es\/\",\"logo\":{\"@type\":\"ImageObject\",\"inLanguage\":\"es\",\"@id\":\"https:\/\/ivam.es\/es\/#\/schema\/logo\/image\/\",\"url\":\"https:\/\/ivam.es\/wp-content\/uploads\/logo-ok-512.png\",\"contentUrl\":\"https:\/\/ivam.es\/wp-content\/uploads\/logo-ok-512.png\",\"width\":512,\"height\":512,\"caption\":\"IVAM\"},\"image\":{\"@id\":\"https:\/\/ivam.es\/es\/#\/schema\/logo\/image\/\"}}]}<\/script>\n<!-- \/ Yoast SEO plugin. -->","yoast_head_json":{"title":"Formulario de inscripci\u00f3n - IVAM","robots":{"index":"index","follow":"follow","max-snippet":"max-snippet:-1","max-image-preview":"max-image-preview:large","max-video-preview":"max-video-preview:-1"},"canonical":"https:\/\/ivam.es\/es\/form_friends\/","og_locale":"es_ES","og_type":"article","og_title":"Formulario de inscripci\u00f3n - IVAM","og_description":"PROTECCI\u00d3N DE DATOS Le informamos que de acuerdo con la normativa de Protecci\u00f3n de Datos aplicable, el IVAM es responsable del tratamiento de los datos facilitados que ser\u00e1n tratados para gestionar su solicitud y condici\u00f3n de \u201cAmigo\u201d, proceder a la emisi\u00f3n de su documentaci\u00f3n acreditativa y el env\u00edo de informaci\u00f3n relacionada con el museo y [&hellip;]","og_url":"https:\/\/ivam.es\/es\/form_friends\/","og_site_name":"IVAM","article_modified_time":"2022-07-27T13:55:38+00:00","twitter_card":"summary_large_image","twitter_misc":{"Tiempo de lectura":"1 minuto"},"schema":{"@context":"https:\/\/schema.org","@graph":[{"@type":"WebPage","@id":"https:\/\/ivam.es\/es\/form_friends\/","url":"https:\/\/ivam.es\/es\/form_friends\/","name":"Formulario de inscripci\u00f3n - IVAM","isPartOf":{"@id":"https:\/\/ivam.es\/es\/#website"},"datePublished":"2015-04-28T18:40:03+00:00","dateModified":"2022-07-27T13:55:38+00:00","breadcrumb":{"@id":"https:\/\/ivam.es\/es\/form_friends\/#breadcrumb"},"inLanguage":"es","potentialAction":[{"@type":"ReadAction","target":["https:\/\/ivam.es\/es\/form_friends\/"]}]},{"@type":"BreadcrumbList","@id":"https:\/\/ivam.es\/es\/form_friends\/#breadcrumb","itemListElement":[{"@type":"ListItem","position":1,"name":"Home","item":"https:\/\/ivam.es\/es\/"},{"@type":"ListItem","position":2,"name":"Formulario de inscripci\u00f3n"}]},{"@type":"WebSite","@id":"https:\/\/ivam.es\/es\/#website","url":"https:\/\/ivam.es\/es\/","name":"IVAM","description":"Institut Valenci\u00e0 d&#039;Art Modern","publisher":{"@id":"https:\/\/ivam.es\/es\/#organization"},"potentialAction":[{"@type":"SearchAction","target":{"@type":"EntryPoint","urlTemplate":"https:\/\/ivam.es\/es\/?s={search_term_string}"},"query-input":{"@type":"PropertyValueSpecification","valueRequired":true,"valueName":"search_term_string"}}],"inLanguage":"es"},{"@type":"Organization","@id":"https:\/\/ivam.es\/es\/#organization","name":"IVAM","url":"https:\/\/ivam.es\/es\/","logo":{"@type":"ImageObject","inLanguage":"es","@id":"https:\/\/ivam.es\/es\/#\/schema\/logo\/image\/","url":"https:\/\/ivam.es\/wp-content\/uploads\/logo-ok-512.png","contentUrl":"https:\/\/ivam.es\/wp-content\/uploads\/logo-ok-512.png","width":512,"height":512,"caption":"IVAM"},"image":{"@id":"https:\/\/ivam.es\/es\/#\/schema\/logo\/image\/"}}]}},"_links":{"self":[{"href":"https:\/\/ivam.es\/es\/wp-json\/wp\/v2\/pages\/3431","targetHints":{"allow":["GET"]}}],"collection":[{"href":"https:\/\/ivam.es\/es\/wp-json\/wp\/v2\/pages"}],"about":[{"href":"https:\/\/ivam.es\/es\/wp-json\/wp\/v2\/types\/page"}],"author":[{"embeddable":true,"href":"https:\/\/ivam.es\/es\/wp-json\/wp\/v2\/users\/3"}],"replies":[{"embeddable":true,"href":"https:\/\/ivam.es\/es\/wp-json\/wp\/v2\/comments?post=3431"}],"version-history":[{"count":15,"href":"https:\/\/ivam.es\/es\/wp-json\/wp\/v2\/pages\/3431\/revisions"}],"predecessor-version":[{"id":65051,"href":"https:\/\/ivam.es\/es\/wp-json\/wp\/v2\/pages\/3431\/revisions\/65051"}],"wp:attachment":[{"href":"https:\/\/ivam.es\/es\/wp-json\/wp\/v2\/media?parent=3431"}],"curies":[{"name":"wp","href":"https:\/\/api.w.org\/{rel}","templated":true}]}}