{"id":31027,"date":"2017-02-22T20:22:25","date_gmt":"2017-02-22T18:22:25","guid":{"rendered":"http:\/\/www.ivam.es\/?page_id=31027"},"modified":"2017-09-05T08:57:05","modified_gmt":"2017-09-05T06:57:05","slug":"congreso-imaginar-el-mediterraneo","status":"publish","type":"page","link":"https:\/\/ivam.es\/es\/congreso-imaginar-el-mediterraneo\/","title":{"rendered":"Congreso Imaginar el Mediterr\u00e1neo"},"content":{"rendered":"<p style=\"text-align: left;\"><strong>\u00a1Inscripci\u00f3n abierta!<br \/>\n<\/strong>Para formalizarla env\u00eda un correo a\u00a0<a href=\"mailto:actividades@ivam.es\">actividades@ivam.es<br \/>\n<\/a><\/p>\n<ul>\n<li>Asistentes al congreso: 30 euros<\/li>\n<li>Estudiantes (previa acreditaci\u00f3n): 15 euros<\/li>\n<li><em>Amics de l\u2019IVAM<\/em>: gratuito<\/li>\n<li>Comunicaciones aceptadas: gratuito<\/li>\n<\/ul>\n<p style=\"text-align: justify;\"><strong>22 \u2013 23 SEPTIEMBRE\u00a02017<\/strong><\/p>\n<p style=\"text-align: justify;\">En la actualidad no se puede obviar que el Mediterr\u00e1neo es un factor com\u00fan determinante en la construcci\u00f3n de la identidad de los territorios que lo delimitan. Este espacio l\u00edmite se ha ido construyendo en los imaginarios culturales, marcados por el devenir de la historia y los acontecimientos socioculturales. Los momentos presentes nos empujan a preguntarnos por la visi\u00f3n actual que existe en torno al Mediterr\u00e1neo y c\u00f3mo \u00e9sta est\u00e1 cambiando de acuerdo a las diferentes condiciones sociopol\u00edticas.<\/p>\n<p style=\"text-align: justify;\">El congreso<strong>\u00a0Imaginar el Mediterr\u00e1neo<\/strong>\u00a0surge con el objetivo de conocer, construir y desarrollar nuevas narraciones y relaciones en torno al contexto sociopol\u00edtico y art\u00edstico del Mediterr\u00e1neo en el siglo XXI teniendo presente tiempos pasados. Para ello, se plantea una profundizaci\u00f3n en los diferentes \u00e1mbitos que componen este espacio cultural y art\u00edstico a partir de la presencia de diferentes perfiles del \u00e1mbito te\u00f3rico y art\u00edstico procedentes de diversas geograf\u00edas.<\/p>\n<p style=\"text-align: justify;\">El contenido se articular\u00e1 en torno a conferenciantes invitados y comunicaciones seleccionadas a trav\u00e9s de una convocatoria internacional, que permitan mostrar la pluralidad de identidades y posicionamientos activos.<\/p>\n<p style=\"text-align: justify;\">La finalidad principal de este congreso es plantear un espacio de debate e intercambio de conocimientos y experiencias para potenciar redes de comunicaci\u00f3n en el contexto del Mediterr\u00e1neo.<\/p>\n<p style=\"text-align: justify;\"><strong>PROGRAMA<\/strong><\/p>\n<p style=\"text-align: justify;\"><strong><u>Viernes 22\u00a0 de septiembre<\/u><\/strong><\/p>\n<p style=\"text-align: justify;\">10:00 h.- \u00a0 \u00a0\u00a0<strong>\u00a0 \u00a0 Presentaci\u00f3n del Congreso a cargo del Conseller de Educaci\u00f3n, Investigaci\u00f3n, Cultura y Deporte y el Director del IVAM.<\/strong><\/p>\n<p style=\"text-align: justify;\">10:30 h.- \u00a0 \u00a0 \u00a0 \u00a0<strong>\u00a0Conferencia \u201cFloating Representations\u201d de Marie Muracciole.<\/strong><\/p>\n<p style=\"text-align: justify;\">DESCANSO<\/p>\n<p style=\"text-align: justify;\">12:00 h.- \u00a0\u00a0\u00a0\u00a0\u00a0\u00a0\u00a0\u00a0<strong>Presentaci\u00f3n\u00a0<em>Quaderns de la Mediterr\u00e0nia<\/em><\/strong><\/p>\n<p style=\"text-align: justify;\">12:30 h. \u2013 14:00h.-<strong>\u00a0Comunicaciones<\/strong><\/p>\n<p style=\"text-align: justify;\">Mesa 1 (Sal\u00f3n de Actos):<\/p>\n<ul style=\"text-align: justify;\">\n<li>Lola Ba\u00f1\u00f3n: \u201cRepresentaci\u00f3n cultural, medi\u00e1tica y pol\u00edtica de la contemporaneidad: visibilidad, wahabismo y exilio interior en el imaginario colectivo del Mediterr\u00e1neo.\u201d<\/li>\n<li>M\u00aa \u00c0ngels Roque: \u201cObservaciones y percepciones\u00a0mediterr\u00e1neas.\u201d<\/li>\n<li>Josep Su\u00f1er: \u201cCremar el Mediterrani. Anarquisme i S\u00e0tira al pensament del Migdia.\u201d<\/li>\n<li>Roc\u00edo Villalonga: \u201cIn limbo there is control.<\/li>\n<\/ul>\n<p style=\"text-align: justify;\">Mesa 2 (IVAMlab):<\/p>\n<ul style=\"text-align: justify;\">\n<li>Jos\u00e9 Luis Albelda, Chiara Sgaramella y Nuria S\u00e1nchez Le\u00f3n: \u201cMediterr\u00e1neo(s) en transici\u00f3n a la sostenibilidad. Carr\u00edcola, un estudio de caso.\u201d<\/li>\n<li>Maite Ib\u00e1\u00f1ez:\u00a0\u201cLa Fundaci\u00f3n ACM como espacio de diversidad cultural.\u201d<\/li>\n<li>Elena Azzedin:\u201dEspejismo y distop\u00eda. Proyectos art\u00edsticos sobre el contexto sociopol\u00edtico del Mediterr\u00e1neo. Artistas en residencia de AADK Spain.\u201d<\/li>\n<li>Antonino Margagliotta: \u201cCasas que miran al Mediterr\u00e1neo para aprender a habitar y ense\u00f1ar a proyectar\u201d.<\/li>\n<\/ul>\n<p style=\"text-align: justify;\">16:00 h. \u2013 17:30 h.-<strong>\u00a0Comunicaciones<\/strong><\/p>\n<p style=\"text-align: justify;\">Mesa 3 (Sal\u00f3n de Actos):<\/p>\n<ul style=\"text-align: justify;\">\n<li>Domingo Pujante: \u201cSexualidades e identidades diasp\u00f3ricas en la creaci\u00f3n francomagreb\u00ed.\u201d<\/li>\n<li>Adela Cortijo: \u201cLa imagen del nuevo har\u00e9n en el cine contempor\u00e1neo de las directoras marroqu\u00edes: Narjiss Nejjar y La\u00efla Marrakchi y las tunecinas: Moufida Tlatli y Raja Amari.\u201d<\/li>\n<li>Ana Monle\u00f3n: \u201cNadia El Fani: Compromiso y creaci\u00f3n.\u201d<\/li>\n<li>Inmaculada Tamarit: \u201cMiradas sobre la sexualidad femenina en el contexto mediterr\u00e1neo a trav\u00e9s del cine marroqu\u00ed.\u201d<\/li>\n<\/ul>\n<p style=\"text-align: justify;\">Mesa 4 (IVAMlab):<\/p>\n<ul style=\"text-align: justify;\">\n<li>Fran Ayuso y Anna Colomer: \u201cFrontera, cuerpo e identidad: el concepto de \u201cintruso\u201d en los films La Blessure (Nicolas Klotz, 2004) y L\u2019intrus (Claire Denis, 2004).\u201d<\/li>\n<li>Andrea Gimeno y Lluis Juan: \u201cLa Exciudad como imaginario colectivo\u201d<\/li>\n<li>Javier Moreno y Daniel Tejero: \u201cArcadismo y mediterraneidad en la representaci\u00f3n fotogr\u00e1fica del muchacho adolescente desnudo a finales del siglo XIX y principios del siglo XX en el Sur de Italia.\u201d<\/li>\n<li>M\u00aa \u00c1ngeles P\u00e9rez-Mart\u00edn: \u201cPaisajes de hormig\u00f3n, periferia y memoria\u201d<\/li>\n<\/ul>\n<p style=\"text-align: justify;\">17:45 h.- \u00a0\u00a0\u00a0\u00a0\u00a0\u00a0\u00a0\u00a0<strong>Conferencia \u201cEntre le rev\u00e9 et la r\u00e9alit\u00e9: la M\u00e9dit\u00e9rran\u00e9e\u201d de Nadira Laggoune<\/strong><\/p>\n<p style=\"text-align: justify;\">19:00 h.- \u00a0\u00a0\u00a0\u00a0\u00a0\u00a0\u00a0<strong>\u00a0Conferencia de Nicolas Bourriaud<\/strong><\/p>\n<p style=\"text-align: justify;\">20:30 h.- \u00a0\u00a0\u00a0\u00a0\u00a0\u00a0\u00a0\u00a0<strong>\u00a0Lectura teatralizada de textos de Jean Genet a cargo del actor Ximo Solano en la exposici\u00f3n \u201cEn rebeld\u00eda\u201d<\/strong><\/p>\n<p style=\"text-align: justify;\"><strong><u>S\u00e1bado 23 de septiembre<\/u><\/strong><\/p>\n<p style=\"text-align: justify;\">10:15 h. \u2013 11:45 h.-\u00a0<strong>Comunicaciones<\/strong><\/p>\n<p style=\"text-align: justify;\">Mesa 5 (Sal\u00f3n de Actos):<\/p>\n<ul style=\"text-align: justify;\">\n<li>Mar\u00eda G\u00f3mez: \u201cCartograf\u00edas de un no-lugar. El Mediterr\u00e1neo como espacio de tr\u00e1nsito.\u201d<\/li>\n<li>Elsa Gomis: \u201cA renewed anthropology of images. Representing exile around the Mediterranean sea since 2000.\u201d<\/li>\n<li>\u00c1lvaro Pons: \u201cOriente Medio desde el c\u00f3mic: de la reconstrucci\u00f3n de la memoria a los puentes entre civilizaciones.\u201d<\/li>\n<li>Luis Vives: \u201cAnte el naufragio de los dem\u00e1s.\u201d<\/li>\n<\/ul>\n<p style=\"text-align: justify;\">Mesa 6 (IVAMlab):<\/p>\n<ul style=\"text-align: justify;\">\n<li>Maite Aldaz: \u201cRe-imaginar el Mediterr\u00e1neo: Rogelio L\u00f3pez Cuenca, Hito Steyerl, Mar\u00eda Ruido.\u201d<\/li>\n<li>Johanna Caplliure: \u201cThis isn\u2019t my story, I don\u2019t know how it got in there. Bilocaci\u00f3n e historia en la obra de Basma Alsharif.\u201d<\/li>\n<li>Lourdes Santamar\u00eda: \u201cBanksy Hotel: Odisea Horror Story\u201d<\/li>\n<li>David Segarra: \u201cDe Val\u00e8ncia a Gaza. Ra\u00edces disidentes en el Mediterr\u00e1neo\u201d<\/li>\n<\/ul>\n<p style=\"text-align: justify;\">11:45 h.- \u00a0 \u00a0 \u00a0 \u00a0<strong>\u00a0Conferencia \u201cPatterns of revolt\u201d de Begum Ozden Firat<\/strong><\/p>\n<p style=\"text-align: justify;\">13:00 h.- \u00a0 \u00a0\u00a0<strong>\u00a0 Conferencia \u201cNotas sobre el espacio com\u00fan en el Mediterr\u00e1neo (del \u00e1gora a la plaza)\u201d de Pedro Azara<\/strong><\/p>\n<p style=\"text-align: justify;\">Adem\u00e1s de las conferencias principales, a trav\u00e9s de una convocatoria internacional se han seleccionado diversas comunicaciones que trabajan sobre la construcci\u00f3n de imaginarios vinculados al contexto del Mediterr\u00e1neo desde diferentes disciplinas: historia y teor\u00eda del arte, gesti\u00f3n cultural, pr\u00e1ctica art\u00edstica, cultura visual, antropolog\u00eda, cine, c\u00f3mic, etc<\/p>\n<h4 class=\"text-left\">\u00a0CERTIFICADOS<\/h4>\n<p style=\"text-align: justify;\">El IVAM expedir\u00e1 certificados de asistencia y comunicaci\u00f3n a los participantes del congreso que hayan asistido a un 80% de las sesiones.<\/p>\n<h4 class=\"text-left\">CONFERENCIANTES INVITADOS<\/h4>\n<p style=\"text-align: justify;\"><strong>Nicolas Bourriaud<\/strong>\u00a0(Par\u00eds, Francia)<br \/>\nDirector del Espace d\u2019Art Contemporain La Panac\u00e9e<em>,<\/em>\u00a0en Montpeller. Comisario, cr\u00edtico y te\u00f3rico del arte, cofundador del Palais de Tokyo, en Par\u00eds, y codirector del mismo centro desde 1999 a 2006. Tambi\u00e9n fue fundador y director de la revista\u00a0<em>Documents sur l\u2019Art<\/em>\u00a0(1992-2000) y corresponsal en Par\u00eds para\u00a0<em>Flash Art<\/em>\u00a0(1987-1995). En 2007 fue nombrado, en la Tate Britain, Gulbenkian curator for contemporary art responsable de la\u00a0<em>Tate Triennial<\/em>\u00a0de 2009. Ha sido\u00a0director de la\u00a0\u00c9cole Nationale Sup\u00e9rieure des Beaux-Arts (2011-2015). De su bibliograf\u00eda destacan t\u00edtulos dedicados a la teor\u00eda del arte como\u00a0<em>Formes de vie<\/em>.\u00a0<em>Une g\u00e9n\u00e9alogie de la modernit\u00e9, Esth\u00e9tique relationnelle, Postproduction<\/em>\u00a0o\u00a0<em>Radicant<\/em>, que han sido traducidos a diversos idiomas.<\/p>\n<p style=\"text-align: justify;\"><strong>Pedro Azara<\/strong>\u00a0(Barcelona, Espa\u00f1a)<br \/>\nArquitecto y profesor de Est\u00e9tica en la Escuela T\u00e9cnica Superior de Arquitectura de Barcelona. Ha realizado diversos comisariados como\u00a0<em>Casas del alma<\/em>\u00a0(1997) y\u00a0<em>La fundaci\u00f3n de la ciudad. Mitos y ritos en el mundo antiguo<\/em>\u00a0(2000) en el CCCB (Barcelona),\u00a0<em>Antes del diluvio. Mesopotamia 3500-2100 aC<\/em>\u00a0(Caixaforum, Madrid y Barcelona, 2012-2013) y\u00a0<em>From Ancient to Modern. Archaeology and Aesthetics<\/em>\u00a0(ISAW, Nueva York, 2015). Entre sus publicaciones se encuentran\u00a0<em>La imagen y el olvido. El arte como enga\u00f1o en la filosof\u00eda de Plat\u00f3n<\/em>\u00a0(1995) y\u00a0<em>Castillos en el aire. Mito y arquitectura en Occidente<\/em>\u00a0(2002). Es miembro de la misi\u00f3n arqueol\u00f3gica internacional de Tell Massa\u00efkh (Siria, 2007-2010), Qasr Shamamok (Iraq, 2011-), del IPOA (UB, Barcelona) y de la ASOR (Chicago).<\/p>\n<p style=\"text-align: justify;\"><strong>Beg\u00fcm \u00d6zden Firat<\/strong>\u00a0(Estambul, Turqu\u00eda)<br \/>\nProfesora asociada de Sociolog\u00eda en la Universidad Mimar Sinan Fine Arts University de Estambul. Sus l\u00edneas de investigaci\u00f3n giran en torno a la cultura visual, la sociolog\u00eda urbana y los estudios sobre movimientos sociales. Es coeditora de t\u00edtulos como\u00a0<em>Commitment and Complicity in Cultural Theory and Practice<\/em>\u00a0(2009),\u00a0<em>Cultural Activism: Practices, Dilemmas, Possibilities<\/em>\u00a0(2011) y\u00a0<em>Resistance and Aesthetics in the Age of Global Uprisings<\/em>\u00a0(2015). Es autora de la reciente publicaci\u00f3n\u00a0<em>Encounters with the Ottoman Miniature Contemporary Readings of an Imperial<\/em>\u00a0(2015).<\/p>\n<p style=\"text-align: justify;\"><strong>Maria Muracciole<\/strong>\u00a0(Beirut, L\u00edbano)<br \/>\nDirectora del Beirut Art Center. Es profesora de Teor\u00eda de la Imagen en diversos centros como en la \u00c9cole Sup\u00e9rieure des Beaux Arts de Burdeos o la Universit\u00e9 of Balamand (L\u00edbano). Desde 1991 hasta 2011 fue jefa del Departamento de Programas Culturales del Jeu de Paume, en Par\u00eds. Ha comisariado exposiciones de artistas como Allan Sekula, en Akbank Sanat-Istambul o Yto Barrada en Deutsche Guggenheim (Berl\u00edn). Regularmente colabora con revistas como\u00a0<em>Texte zur Kunst, Les Cahiers du Mus\u00e9e d\u2019Art Moderne<\/em>\u00a0y\u00a0<em>Art Press<\/em>. Es editora de Allan Sekula, Yto Barrada y Claude Closky.<\/p>\n<p style=\"text-align: justify;\"><strong>Nadira Laggoune<\/strong>\u00a0(Argel, Argelia)<br \/>\nDirectora del MAMA (Mus\u00e9e Public National d\u2019Art Moderne et Contemporain d\u2019Alger). Cr\u00edtica de arte y curadora, es profesora de Historia de la Imagen Contempor\u00e1nea en la Escuela de Bellas Artes de Argel. Es licenciada en Derecho y egresada del M\u00e1ster en Cr\u00edtica Audiovisual y Teor\u00eda del Arte. Especialista en arte contempor\u00e1neo, su tema principal de investigaci\u00f3n se centra en otorgar la visibilidad a las nuevas generaciones de artistas de Argelia y del Magreb. Ha sido miembro de numerosos jurados y ha organizado exposiciones internacionales como el Festival International d\u2019Art Contemporain d\u2019Alger (2009 y 2011),\u00a0<em>D<\/em>ak\u2019Art 10\u00e8me Biennale de l\u2019Art Africain Contemporain de Dakar (2012) y la Bienal BJCEM,\u00a0<em>16\u00e8me Biennale des Jeunes Cr\u00e9ateurs d\u2019Europe et de la M\u00e9diterran\u00e9e<\/em>\u00a0(2013). Recientemente ha comisariado la muestra\u00a0<em>Arab Territoires<\/em>, que se enmarca en el programa Constantine-Capital de la Cultura \u00c1rabe 2015.<\/p>\n<p style=\"text-align: justify;\">\u00a0\u00a0<a href=\"http:\/\/www.ivam.es\/wp-content\/uploads\/page\/congreso-imaginar-el-mediterraneo\/Logos-Congreso-Mediterr\u00e1neo.jpg\"><img loading=\"lazy\" decoding=\"async\" class=\"alignnone size-medium wp-image-34184\" src=\"http:\/\/www.ivam.es\/wp-content\/uploads\/page\/congreso-imaginar-el-mediterraneo\/Logos-Congreso-Mediterr\u00e1neo-300x45.jpg\" alt=\"\" width=\"300\" height=\"45\" srcset=\"https:\/\/ivam.es\/wp-content\/uploads\/page\/congreso-imaginar-el-mediterraneo\/Logos-Congreso-Mediterr\u00e1neo-300x45.jpg 300w, https:\/\/ivam.es\/wp-content\/uploads\/page\/congreso-imaginar-el-mediterraneo\/Logos-Congreso-Mediterr\u00e1neo-768x116.jpg 768w, https:\/\/ivam.es\/wp-content\/uploads\/page\/congreso-imaginar-el-mediterraneo\/Logos-Congreso-Mediterr\u00e1neo-1024x154.jpg 1024w, https:\/\/ivam.es\/wp-content\/uploads\/page\/congreso-imaginar-el-mediterraneo\/Logos-Congreso-Mediterr\u00e1neo-280x42.jpg 280w, https:\/\/ivam.es\/wp-content\/uploads\/page\/congreso-imaginar-el-mediterraneo\/Logos-Congreso-Mediterr\u00e1neo-467x70.jpg 467w, https:\/\/ivam.es\/wp-content\/uploads\/page\/congreso-imaginar-el-mediterraneo\/Logos-Congreso-Mediterr\u00e1neo-231x35.jpg 231w, https:\/\/ivam.es\/wp-content\/uploads\/page\/congreso-imaginar-el-mediterraneo\/Logos-Congreso-Mediterr\u00e1neo-500x75.jpg 500w\" sizes=\"auto, (max-width: 300px) 100vw, 300px\" \/><\/a><\/p>\n","protected":false},"excerpt":{"rendered":"<p>\u00a1Inscripci\u00f3n abierta! Para formalizarla env\u00eda un correo a\u00a0actividades@ivam.es Asistentes al congreso: 30 euros Estudiantes (previa acreditaci\u00f3n): 15 euros Amics de l\u2019IVAM: gratuito Comunicaciones aceptadas: gratuito 22 \u2013 23 SEPTIEMBRE\u00a02017 En la actualidad no se puede obviar que el Mediterr\u00e1neo es un factor com\u00fan determinante en la construcci\u00f3n de la identidad de los territorios que lo [&hellip;]<\/p>\n","protected":false},"author":13,"featured_media":0,"parent":0,"menu_order":69,"comment_status":"closed","ping_status":"closed","template":"","meta":{"footnotes":""},"class_list":["post-31027","page","type-page","status-publish","hentry"],"yoast_head":"<!-- This site is optimized with the Yoast SEO plugin v26.0 - https:\/\/yoast.com\/wordpress\/plugins\/seo\/ -->\n<title>Congreso Imaginar el Mediterr\u00e1neo - IVAM<\/title>\n<meta name=\"robots\" content=\"index, follow, max-snippet:-1, max-image-preview:large, max-video-preview:-1\" \/>\n<link rel=\"canonical\" href=\"https:\/\/ivam.es\/es\/congreso-imaginar-el-mediterraneo\/\" \/>\n<meta property=\"og:locale\" content=\"es_ES\" \/>\n<meta property=\"og:type\" content=\"article\" \/>\n<meta property=\"og:title\" content=\"Congreso Imaginar el Mediterr\u00e1neo - IVAM\" \/>\n<meta property=\"og:description\" content=\"\u00a1Inscripci\u00f3n abierta! Para formalizarla env\u00eda un correo a\u00a0actividades@ivam.es Asistentes al congreso: 30 euros Estudiantes (previa acreditaci\u00f3n): 15 euros Amics de l\u2019IVAM: gratuito Comunicaciones aceptadas: gratuito 22 \u2013 23 SEPTIEMBRE\u00a02017 En la actualidad no se puede obviar que el Mediterr\u00e1neo es un factor com\u00fan determinante en la construcci\u00f3n de la identidad de los territorios que lo [&hellip;]\" \/>\n<meta property=\"og:url\" content=\"https:\/\/ivam.es\/es\/congreso-imaginar-el-mediterraneo\/\" \/>\n<meta property=\"og:site_name\" content=\"IVAM\" \/>\n<meta property=\"article:modified_time\" content=\"2017-09-05T06:57:05+00:00\" \/>\n<meta name=\"twitter:card\" content=\"summary_large_image\" \/>\n<meta name=\"twitter:label1\" content=\"Tiempo de lectura\" \/>\n\t<meta name=\"twitter:data1\" content=\"8 minutos\" \/>\n<script type=\"application\/ld+json\" class=\"yoast-schema-graph\">{\"@context\":\"https:\/\/schema.org\",\"@graph\":[{\"@type\":\"WebPage\",\"@id\":\"https:\/\/ivam.es\/es\/congreso-imaginar-el-mediterraneo\/\",\"url\":\"https:\/\/ivam.es\/es\/congreso-imaginar-el-mediterraneo\/\",\"name\":\"Congreso Imaginar el Mediterr\u00e1neo - IVAM\",\"isPartOf\":{\"@id\":\"https:\/\/ivam.es\/es\/#website\"},\"datePublished\":\"2017-02-22T18:22:25+00:00\",\"dateModified\":\"2017-09-05T06:57:05+00:00\",\"breadcrumb\":{\"@id\":\"https:\/\/ivam.es\/es\/congreso-imaginar-el-mediterraneo\/#breadcrumb\"},\"inLanguage\":\"es\",\"potentialAction\":[{\"@type\":\"ReadAction\",\"target\":[\"https:\/\/ivam.es\/es\/congreso-imaginar-el-mediterraneo\/\"]}]},{\"@type\":\"BreadcrumbList\",\"@id\":\"https:\/\/ivam.es\/es\/congreso-imaginar-el-mediterraneo\/#breadcrumb\",\"itemListElement\":[{\"@type\":\"ListItem\",\"position\":1,\"name\":\"Home\",\"item\":\"https:\/\/ivam.es\/es\/\"},{\"@type\":\"ListItem\",\"position\":2,\"name\":\"Congreso Imaginar el Mediterr\u00e1neo\"}]},{\"@type\":\"WebSite\",\"@id\":\"https:\/\/ivam.es\/es\/#website\",\"url\":\"https:\/\/ivam.es\/es\/\",\"name\":\"IVAM\",\"description\":\"Institut Valenci\u00e0 d&#039;Art Modern\",\"publisher\":{\"@id\":\"https:\/\/ivam.es\/es\/#organization\"},\"potentialAction\":[{\"@type\":\"SearchAction\",\"target\":{\"@type\":\"EntryPoint\",\"urlTemplate\":\"https:\/\/ivam.es\/es\/?s={search_term_string}\"},\"query-input\":{\"@type\":\"PropertyValueSpecification\",\"valueRequired\":true,\"valueName\":\"search_term_string\"}}],\"inLanguage\":\"es\"},{\"@type\":\"Organization\",\"@id\":\"https:\/\/ivam.es\/es\/#organization\",\"name\":\"IVAM\",\"url\":\"https:\/\/ivam.es\/es\/\",\"logo\":{\"@type\":\"ImageObject\",\"inLanguage\":\"es\",\"@id\":\"https:\/\/ivam.es\/es\/#\/schema\/logo\/image\/\",\"url\":\"https:\/\/ivam.es\/wp-content\/uploads\/logo-ok-512.png\",\"contentUrl\":\"https:\/\/ivam.es\/wp-content\/uploads\/logo-ok-512.png\",\"width\":512,\"height\":512,\"caption\":\"IVAM\"},\"image\":{\"@id\":\"https:\/\/ivam.es\/es\/#\/schema\/logo\/image\/\"}}]}<\/script>\n<!-- \/ Yoast SEO plugin. -->","yoast_head_json":{"title":"Congreso Imaginar el Mediterr\u00e1neo - IVAM","robots":{"index":"index","follow":"follow","max-snippet":"max-snippet:-1","max-image-preview":"max-image-preview:large","max-video-preview":"max-video-preview:-1"},"canonical":"https:\/\/ivam.es\/es\/congreso-imaginar-el-mediterraneo\/","og_locale":"es_ES","og_type":"article","og_title":"Congreso Imaginar el Mediterr\u00e1neo - IVAM","og_description":"\u00a1Inscripci\u00f3n abierta! Para formalizarla env\u00eda un correo a\u00a0actividades@ivam.es Asistentes al congreso: 30 euros Estudiantes (previa acreditaci\u00f3n): 15 euros Amics de l\u2019IVAM: gratuito Comunicaciones aceptadas: gratuito 22 \u2013 23 SEPTIEMBRE\u00a02017 En la actualidad no se puede obviar que el Mediterr\u00e1neo es un factor com\u00fan determinante en la construcci\u00f3n de la identidad de los territorios que lo [&hellip;]","og_url":"https:\/\/ivam.es\/es\/congreso-imaginar-el-mediterraneo\/","og_site_name":"IVAM","article_modified_time":"2017-09-05T06:57:05+00:00","twitter_card":"summary_large_image","twitter_misc":{"Tiempo de lectura":"8 minutos"},"schema":{"@context":"https:\/\/schema.org","@graph":[{"@type":"WebPage","@id":"https:\/\/ivam.es\/es\/congreso-imaginar-el-mediterraneo\/","url":"https:\/\/ivam.es\/es\/congreso-imaginar-el-mediterraneo\/","name":"Congreso Imaginar el Mediterr\u00e1neo - IVAM","isPartOf":{"@id":"https:\/\/ivam.es\/es\/#website"},"datePublished":"2017-02-22T18:22:25+00:00","dateModified":"2017-09-05T06:57:05+00:00","breadcrumb":{"@id":"https:\/\/ivam.es\/es\/congreso-imaginar-el-mediterraneo\/#breadcrumb"},"inLanguage":"es","potentialAction":[{"@type":"ReadAction","target":["https:\/\/ivam.es\/es\/congreso-imaginar-el-mediterraneo\/"]}]},{"@type":"BreadcrumbList","@id":"https:\/\/ivam.es\/es\/congreso-imaginar-el-mediterraneo\/#breadcrumb","itemListElement":[{"@type":"ListItem","position":1,"name":"Home","item":"https:\/\/ivam.es\/es\/"},{"@type":"ListItem","position":2,"name":"Congreso Imaginar el Mediterr\u00e1neo"}]},{"@type":"WebSite","@id":"https:\/\/ivam.es\/es\/#website","url":"https:\/\/ivam.es\/es\/","name":"IVAM","description":"Institut Valenci\u00e0 d&#039;Art Modern","publisher":{"@id":"https:\/\/ivam.es\/es\/#organization"},"potentialAction":[{"@type":"SearchAction","target":{"@type":"EntryPoint","urlTemplate":"https:\/\/ivam.es\/es\/?s={search_term_string}"},"query-input":{"@type":"PropertyValueSpecification","valueRequired":true,"valueName":"search_term_string"}}],"inLanguage":"es"},{"@type":"Organization","@id":"https:\/\/ivam.es\/es\/#organization","name":"IVAM","url":"https:\/\/ivam.es\/es\/","logo":{"@type":"ImageObject","inLanguage":"es","@id":"https:\/\/ivam.es\/es\/#\/schema\/logo\/image\/","url":"https:\/\/ivam.es\/wp-content\/uploads\/logo-ok-512.png","contentUrl":"https:\/\/ivam.es\/wp-content\/uploads\/logo-ok-512.png","width":512,"height":512,"caption":"IVAM"},"image":{"@id":"https:\/\/ivam.es\/es\/#\/schema\/logo\/image\/"}}]}},"_links":{"self":[{"href":"https:\/\/ivam.es\/es\/wp-json\/wp\/v2\/pages\/31027","targetHints":{"allow":["GET"]}}],"collection":[{"href":"https:\/\/ivam.es\/es\/wp-json\/wp\/v2\/pages"}],"about":[{"href":"https:\/\/ivam.es\/es\/wp-json\/wp\/v2\/types\/page"}],"author":[{"embeddable":true,"href":"https:\/\/ivam.es\/es\/wp-json\/wp\/v2\/users\/13"}],"replies":[{"embeddable":true,"href":"https:\/\/ivam.es\/es\/wp-json\/wp\/v2\/comments?post=31027"}],"version-history":[{"count":48,"href":"https:\/\/ivam.es\/es\/wp-json\/wp\/v2\/pages\/31027\/revisions"}],"predecessor-version":[{"id":34187,"href":"https:\/\/ivam.es\/es\/wp-json\/wp\/v2\/pages\/31027\/revisions\/34187"}],"wp:attachment":[{"href":"https:\/\/ivam.es\/es\/wp-json\/wp\/v2\/media?parent=31027"}],"curies":[{"name":"wp","href":"https:\/\/api.w.org\/{rel}","templated":true}]}}