{"id":28098,"date":"2016-07-15T15:30:44","date_gmt":"2016-07-15T13:30:44","guid":{"rendered":"http:\/\/www.ivam.es\/?page_id=28098"},"modified":"2022-02-15T17:59:52","modified_gmt":"2022-02-15T15:59:52","slug":"el-ivam-produce","status":"publish","type":"page","link":"https:\/\/ivam.es\/es\/el-ivam-produce\/","title":{"rendered":"El IVAM produce"},"content":{"rendered":"<p><em><strong>L\u2019IVAM produeix,<\/strong><\/em> es una l\u00ednea de trabajo e investigaci\u00f3n procesual y transversal a las exposiciones y los programas p\u00fablicos del museo. Su punto de partida es el di\u00e1logo con la ciudad y el contexto inmediato (IVAM Ciutat) y\/ o con el territorio (l\u2019IVAM al territori). Las formas que toman los proyectos se adec\u00faan a las especificidades y particularidades de cada entorno, pudiendo materializarse y visibilizarse tanto en acciones ef\u00edmeras como en muestras m\u00e1s cercanas a lo expositivo.<\/p>\n","protected":false},"excerpt":{"rendered":"<p>L\u2019IVAM produeix, es una l\u00ednea de trabajo e investigaci\u00f3n procesual y transversal a las exposiciones y los programas p\u00fablicos del museo. Su punto de partida es el di\u00e1logo con la ciudad y el contexto inmediato (IVAM Ciutat) y\/ o con el territorio (l\u2019IVAM al territori). Las formas que toman los proyectos se adec\u00faan a las [&hellip;]<\/p>\n","protected":false},"author":3,"featured_media":0,"parent":0,"menu_order":76,"comment_status":"closed","ping_status":"closed","template":"","meta":{"footnotes":""},"class_list":["post-28098","page","type-page","status-publish","hentry"],"yoast_head":"<!-- This site is optimized with the Yoast SEO plugin v26.0 - https:\/\/yoast.com\/wordpress\/plugins\/seo\/ -->\n<title>El IVAM produce - IVAM<\/title>\n<meta name=\"robots\" content=\"index, follow, max-snippet:-1, max-image-preview:large, max-video-preview:-1\" \/>\n<link rel=\"canonical\" href=\"https:\/\/ivam.es\/es\/el-ivam-produce\/\" \/>\n<meta property=\"og:locale\" content=\"es_ES\" \/>\n<meta property=\"og:type\" content=\"article\" \/>\n<meta property=\"og:title\" content=\"El IVAM produce - IVAM\" \/>\n<meta property=\"og:description\" content=\"L\u2019IVAM produeix, es una l\u00ednea de trabajo e investigaci\u00f3n procesual y transversal a las exposiciones y los programas p\u00fablicos del museo. Su punto de partida es el di\u00e1logo con la ciudad y el contexto inmediato (IVAM Ciutat) y\/ o con el territorio (l\u2019IVAM al territori). Las formas que toman los proyectos se adec\u00faan a las [&hellip;]\" \/>\n<meta property=\"og:url\" content=\"https:\/\/ivam.es\/es\/el-ivam-produce\/\" \/>\n<meta property=\"og:site_name\" content=\"IVAM\" \/>\n<meta property=\"article:modified_time\" content=\"2022-02-15T15:59:52+00:00\" \/>\n<meta name=\"twitter:card\" content=\"summary_large_image\" \/>\n<script type=\"application\/ld+json\" class=\"yoast-schema-graph\">{\"@context\":\"https:\/\/schema.org\",\"@graph\":[{\"@type\":\"WebPage\",\"@id\":\"https:\/\/ivam.es\/es\/el-ivam-produce\/\",\"url\":\"https:\/\/ivam.es\/es\/el-ivam-produce\/\",\"name\":\"El IVAM produce - IVAM\",\"isPartOf\":{\"@id\":\"https:\/\/ivam.es\/es\/#website\"},\"datePublished\":\"2016-07-15T13:30:44+00:00\",\"dateModified\":\"2022-02-15T15:59:52+00:00\",\"breadcrumb\":{\"@id\":\"https:\/\/ivam.es\/es\/el-ivam-produce\/#breadcrumb\"},\"inLanguage\":\"es\",\"potentialAction\":[{\"@type\":\"ReadAction\",\"target\":[\"https:\/\/ivam.es\/es\/el-ivam-produce\/\"]}]},{\"@type\":\"BreadcrumbList\",\"@id\":\"https:\/\/ivam.es\/es\/el-ivam-produce\/#breadcrumb\",\"itemListElement\":[{\"@type\":\"ListItem\",\"position\":1,\"name\":\"Home\",\"item\":\"https:\/\/ivam.es\/es\/\"},{\"@type\":\"ListItem\",\"position\":2,\"name\":\"El IVAM produce\"}]},{\"@type\":\"WebSite\",\"@id\":\"https:\/\/ivam.es\/es\/#website\",\"url\":\"https:\/\/ivam.es\/es\/\",\"name\":\"IVAM\",\"description\":\"Institut Valenci\u00e0 d&#039;Art Modern\",\"publisher\":{\"@id\":\"https:\/\/ivam.es\/es\/#organization\"},\"potentialAction\":[{\"@type\":\"SearchAction\",\"target\":{\"@type\":\"EntryPoint\",\"urlTemplate\":\"https:\/\/ivam.es\/es\/?s={search_term_string}\"},\"query-input\":{\"@type\":\"PropertyValueSpecification\",\"valueRequired\":true,\"valueName\":\"search_term_string\"}}],\"inLanguage\":\"es\"},{\"@type\":\"Organization\",\"@id\":\"https:\/\/ivam.es\/es\/#organization\",\"name\":\"IVAM\",\"url\":\"https:\/\/ivam.es\/es\/\",\"logo\":{\"@type\":\"ImageObject\",\"inLanguage\":\"es\",\"@id\":\"https:\/\/ivam.es\/es\/#\/schema\/logo\/image\/\",\"url\":\"https:\/\/ivam.es\/wp-content\/uploads\/logo-ok-512.png\",\"contentUrl\":\"https:\/\/ivam.es\/wp-content\/uploads\/logo-ok-512.png\",\"width\":512,\"height\":512,\"caption\":\"IVAM\"},\"image\":{\"@id\":\"https:\/\/ivam.es\/es\/#\/schema\/logo\/image\/\"}}]}<\/script>\n<!-- \/ Yoast SEO plugin. -->","yoast_head_json":{"title":"El IVAM produce - IVAM","robots":{"index":"index","follow":"follow","max-snippet":"max-snippet:-1","max-image-preview":"max-image-preview:large","max-video-preview":"max-video-preview:-1"},"canonical":"https:\/\/ivam.es\/es\/el-ivam-produce\/","og_locale":"es_ES","og_type":"article","og_title":"El IVAM produce - IVAM","og_description":"L\u2019IVAM produeix, es una l\u00ednea de trabajo e investigaci\u00f3n procesual y transversal a las exposiciones y los programas p\u00fablicos del museo. Su punto de partida es el di\u00e1logo con la ciudad y el contexto inmediato (IVAM Ciutat) y\/ o con el territorio (l\u2019IVAM al territori). Las formas que toman los proyectos se adec\u00faan a las [&hellip;]","og_url":"https:\/\/ivam.es\/es\/el-ivam-produce\/","og_site_name":"IVAM","article_modified_time":"2022-02-15T15:59:52+00:00","twitter_card":"summary_large_image","schema":{"@context":"https:\/\/schema.org","@graph":[{"@type":"WebPage","@id":"https:\/\/ivam.es\/es\/el-ivam-produce\/","url":"https:\/\/ivam.es\/es\/el-ivam-produce\/","name":"El IVAM produce - IVAM","isPartOf":{"@id":"https:\/\/ivam.es\/es\/#website"},"datePublished":"2016-07-15T13:30:44+00:00","dateModified":"2022-02-15T15:59:52+00:00","breadcrumb":{"@id":"https:\/\/ivam.es\/es\/el-ivam-produce\/#breadcrumb"},"inLanguage":"es","potentialAction":[{"@type":"ReadAction","target":["https:\/\/ivam.es\/es\/el-ivam-produce\/"]}]},{"@type":"BreadcrumbList","@id":"https:\/\/ivam.es\/es\/el-ivam-produce\/#breadcrumb","itemListElement":[{"@type":"ListItem","position":1,"name":"Home","item":"https:\/\/ivam.es\/es\/"},{"@type":"ListItem","position":2,"name":"El IVAM produce"}]},{"@type":"WebSite","@id":"https:\/\/ivam.es\/es\/#website","url":"https:\/\/ivam.es\/es\/","name":"IVAM","description":"Institut Valenci\u00e0 d&#039;Art Modern","publisher":{"@id":"https:\/\/ivam.es\/es\/#organization"},"potentialAction":[{"@type":"SearchAction","target":{"@type":"EntryPoint","urlTemplate":"https:\/\/ivam.es\/es\/?s={search_term_string}"},"query-input":{"@type":"PropertyValueSpecification","valueRequired":true,"valueName":"search_term_string"}}],"inLanguage":"es"},{"@type":"Organization","@id":"https:\/\/ivam.es\/es\/#organization","name":"IVAM","url":"https:\/\/ivam.es\/es\/","logo":{"@type":"ImageObject","inLanguage":"es","@id":"https:\/\/ivam.es\/es\/#\/schema\/logo\/image\/","url":"https:\/\/ivam.es\/wp-content\/uploads\/logo-ok-512.png","contentUrl":"https:\/\/ivam.es\/wp-content\/uploads\/logo-ok-512.png","width":512,"height":512,"caption":"IVAM"},"image":{"@id":"https:\/\/ivam.es\/es\/#\/schema\/logo\/image\/"}}]}},"_links":{"self":[{"href":"https:\/\/ivam.es\/es\/wp-json\/wp\/v2\/pages\/28098","targetHints":{"allow":["GET"]}}],"collection":[{"href":"https:\/\/ivam.es\/es\/wp-json\/wp\/v2\/pages"}],"about":[{"href":"https:\/\/ivam.es\/es\/wp-json\/wp\/v2\/types\/page"}],"author":[{"embeddable":true,"href":"https:\/\/ivam.es\/es\/wp-json\/wp\/v2\/users\/3"}],"replies":[{"embeddable":true,"href":"https:\/\/ivam.es\/es\/wp-json\/wp\/v2\/comments?post=28098"}],"version-history":[{"count":11,"href":"https:\/\/ivam.es\/es\/wp-json\/wp\/v2\/pages\/28098\/revisions"}],"predecessor-version":[{"id":60259,"href":"https:\/\/ivam.es\/es\/wp-json\/wp\/v2\/pages\/28098\/revisions\/60259"}],"wp:attachment":[{"href":"https:\/\/ivam.es\/es\/wp-json\/wp\/v2\/media?parent=28098"}],"curies":[{"name":"wp","href":"https:\/\/api.w.org\/{rel}","templated":true}]}}