{"id":2468,"date":"2015-03-25T18:17:26","date_gmt":"2015-03-25T18:17:26","guid":{"rendered":"http:\/\/ivam.jomanetworks.com\/?page_id=2468"},"modified":"2016-01-20T11:15:29","modified_gmt":"2016-01-20T09:15:29","slug":"ventajas-de-ser-patrocinador-del-ivam","status":"publish","type":"page","link":"https:\/\/ivam.es\/es\/ventajas-de-ser-patrocinador-del-ivam\/","title":{"rendered":"Ventajas de ser patrocinador del IVAM"},"content":{"rendered":"<p>El Institut Valenci\u00e0 d&#8217;Art Modern, primer museo de arte moderno que se cre\u00f3 en Espa\u00f1a, es un centro abierto que a trav\u00e9s de su colecci\u00f3n consigue aunar desde una perspectiva novedosa los distintos objetivos de un Museo fomentando la investigaci\u00f3n y la difusi\u00f3n del arte moderno. Para el IVAM, es de gran importancia la participaci\u00f3n de la sociedad civil en el Museo y el patrocinio es una de las expresiones m\u00e1s caracter\u00edsticas del compromiso de la sociedad con la cultura. El programa de actividades del IVAM ofrece: colecciones permanentes, exposiciones temporales de arte moderno y contempor\u00e1neo, conferencias, cursos, eventos, talleres did\u00e1cticos, edici\u00f3n de publicaciones y otras actividades que interrelacionan las artes (m\u00fasica, performances, cine&#8230;) Ser Patrocinador del IVAM permite a su empresa tener una presencia en un entorno sociocultural que refuerza su imagen de marca e incrementa su notoriedad. Si lo desea, puede hacerse patrocinador del IVAM completando el formulario de inscripci\u00f3n.<\/p>\n<ul>\n<li>Acceso libre y gratuito a todas las exposiciones del IVAM.<\/li>\n<li>Invitaci\u00f3n a todas las inauguraciones.<\/li>\n<li>Recibir informaci\u00f3n puntual de todas las actividades.<\/li>\n<li>Entrada especial a los Talleres Did\u00e1cticos organizados en el IVAM<\/li>\n<li>Visitas guiadas para p\u00fablico infantil y juvenil para familiares de <a href=\"mailto:Amig@s\">Amig@s<\/a> del IVAM<\/li>\n<li>Entrada gratuita al Museo Guggenheim-Bilbao, al Museo Picasso de M\u00e1laga y al Museo Patio Herreriano de Valladolid.<\/li>\n<li>Descuento en la entrada Laboral, Ciudad de la Cultura &#8211; Gij\u00f3n.<\/li>\n<li>Descuento del 25% en la entrada de los cines Babel.<\/li>\n<li>Acceso a la biblioteca y centro de documentaci\u00f3n del IVAM.<\/li>\n<li>Descuento del 10% en la tienda-librer\u00eda y\u00a0en el men\u00fa de la cafeter\u00eda del IVAM.<\/li>\n<li>Posibilidad de apuntarse a los viajes culturales organizados exclusivamente para los miembros de honor y patrocinadores y un acompa\u00f1ante para visitar otras exposiciones y lugares de inter\u00e9s.<\/li>\n<li>Pase privado previo a la inauguraci\u00f3n de la exposici\u00f3n con el comisario de la muestra.<\/li>\n<li>Asistencia a c\u00f3cteles con artistas o comisarios de las exposiciones.<\/li>\n<li>Matr\u00edcula gratuita a los cursos que organice el IVAM.<\/li>\n<li>Obsequio de dos cat\u00e1logos producidos por el IVAM.<\/li>\n<li>Cesi\u00f3n gratuita 2 veces al a\u00f1o en el alquiler de espacios del IVAM para actos corporativos de la empresa.<\/li>\n<\/ul>\n","protected":false},"excerpt":{"rendered":"<p>El Institut Valenci\u00e0 d&#8217;Art Modern, primer museo de arte moderno que se cre\u00f3 en Espa\u00f1a, es un centro abierto que a trav\u00e9s de su colecci\u00f3n consigue aunar desde una perspectiva novedosa los distintos objetivos de un Museo fomentando la investigaci\u00f3n y la difusi\u00f3n del arte moderno. Para el IVAM, es de gran importancia la participaci\u00f3n [&hellip;]<\/p>\n","protected":false},"author":3,"featured_media":0,"parent":0,"menu_order":105,"comment_status":"open","ping_status":"open","template":"","meta":{"footnotes":""},"class_list":["post-2468","page","type-page","status-publish","hentry"],"yoast_head":"<!-- This site is optimized with the Yoast SEO plugin v26.0 - https:\/\/yoast.com\/wordpress\/plugins\/seo\/ -->\n<title>Ventajas de ser patrocinador del IVAM - IVAM<\/title>\n<meta name=\"robots\" content=\"index, follow, max-snippet:-1, max-image-preview:large, max-video-preview:-1\" \/>\n<link rel=\"canonical\" href=\"https:\/\/ivam.es\/es\/ventajas-de-ser-patrocinador-del-ivam\/\" \/>\n<meta property=\"og:locale\" content=\"es_ES\" \/>\n<meta property=\"og:type\" content=\"article\" \/>\n<meta property=\"og:title\" content=\"Ventajas de ser patrocinador del IVAM - IVAM\" \/>\n<meta property=\"og:description\" content=\"El Institut Valenci\u00e0 d&#8217;Art Modern, primer museo de arte moderno que se cre\u00f3 en Espa\u00f1a, es un centro abierto que a trav\u00e9s de su colecci\u00f3n consigue aunar desde una perspectiva novedosa los distintos objetivos de un Museo fomentando la investigaci\u00f3n y la difusi\u00f3n del arte moderno. Para el IVAM, es de gran importancia la participaci\u00f3n [&hellip;]\" \/>\n<meta property=\"og:url\" content=\"https:\/\/ivam.es\/es\/ventajas-de-ser-patrocinador-del-ivam\/\" \/>\n<meta property=\"og:site_name\" content=\"IVAM\" \/>\n<meta property=\"article:modified_time\" content=\"2016-01-20T09:15:29+00:00\" \/>\n<meta name=\"twitter:card\" content=\"summary_large_image\" \/>\n<meta name=\"twitter:label1\" content=\"Tiempo de lectura\" \/>\n\t<meta name=\"twitter:data1\" content=\"2 minutos\" \/>\n<script type=\"application\/ld+json\" class=\"yoast-schema-graph\">{\"@context\":\"https:\/\/schema.org\",\"@graph\":[{\"@type\":\"WebPage\",\"@id\":\"https:\/\/ivam.es\/es\/ventajas-de-ser-patrocinador-del-ivam\/\",\"url\":\"https:\/\/ivam.es\/es\/ventajas-de-ser-patrocinador-del-ivam\/\",\"name\":\"Ventajas de ser patrocinador del IVAM - IVAM\",\"isPartOf\":{\"@id\":\"https:\/\/ivam.es\/es\/#website\"},\"datePublished\":\"2015-03-25T18:17:26+00:00\",\"dateModified\":\"2016-01-20T09:15:29+00:00\",\"breadcrumb\":{\"@id\":\"https:\/\/ivam.es\/es\/ventajas-de-ser-patrocinador-del-ivam\/#breadcrumb\"},\"inLanguage\":\"es\",\"potentialAction\":[{\"@type\":\"ReadAction\",\"target\":[\"https:\/\/ivam.es\/es\/ventajas-de-ser-patrocinador-del-ivam\/\"]}]},{\"@type\":\"BreadcrumbList\",\"@id\":\"https:\/\/ivam.es\/es\/ventajas-de-ser-patrocinador-del-ivam\/#breadcrumb\",\"itemListElement\":[{\"@type\":\"ListItem\",\"position\":1,\"name\":\"Home\",\"item\":\"https:\/\/ivam.es\/es\/\"},{\"@type\":\"ListItem\",\"position\":2,\"name\":\"Ventajas de ser patrocinador del IVAM\"}]},{\"@type\":\"WebSite\",\"@id\":\"https:\/\/ivam.es\/es\/#website\",\"url\":\"https:\/\/ivam.es\/es\/\",\"name\":\"IVAM\",\"description\":\"Institut Valenci\u00e0 d&#039;Art Modern\",\"publisher\":{\"@id\":\"https:\/\/ivam.es\/es\/#organization\"},\"potentialAction\":[{\"@type\":\"SearchAction\",\"target\":{\"@type\":\"EntryPoint\",\"urlTemplate\":\"https:\/\/ivam.es\/es\/?s={search_term_string}\"},\"query-input\":{\"@type\":\"PropertyValueSpecification\",\"valueRequired\":true,\"valueName\":\"search_term_string\"}}],\"inLanguage\":\"es\"},{\"@type\":\"Organization\",\"@id\":\"https:\/\/ivam.es\/es\/#organization\",\"name\":\"IVAM\",\"url\":\"https:\/\/ivam.es\/es\/\",\"logo\":{\"@type\":\"ImageObject\",\"inLanguage\":\"es\",\"@id\":\"https:\/\/ivam.es\/es\/#\/schema\/logo\/image\/\",\"url\":\"https:\/\/ivam.es\/wp-content\/uploads\/logo-ok-512.png\",\"contentUrl\":\"https:\/\/ivam.es\/wp-content\/uploads\/logo-ok-512.png\",\"width\":512,\"height\":512,\"caption\":\"IVAM\"},\"image\":{\"@id\":\"https:\/\/ivam.es\/es\/#\/schema\/logo\/image\/\"}}]}<\/script>\n<!-- \/ Yoast SEO plugin. -->","yoast_head_json":{"title":"Ventajas de ser patrocinador del IVAM - IVAM","robots":{"index":"index","follow":"follow","max-snippet":"max-snippet:-1","max-image-preview":"max-image-preview:large","max-video-preview":"max-video-preview:-1"},"canonical":"https:\/\/ivam.es\/es\/ventajas-de-ser-patrocinador-del-ivam\/","og_locale":"es_ES","og_type":"article","og_title":"Ventajas de ser patrocinador del IVAM - IVAM","og_description":"El Institut Valenci\u00e0 d&#8217;Art Modern, primer museo de arte moderno que se cre\u00f3 en Espa\u00f1a, es un centro abierto que a trav\u00e9s de su colecci\u00f3n consigue aunar desde una perspectiva novedosa los distintos objetivos de un Museo fomentando la investigaci\u00f3n y la difusi\u00f3n del arte moderno. Para el IVAM, es de gran importancia la participaci\u00f3n [&hellip;]","og_url":"https:\/\/ivam.es\/es\/ventajas-de-ser-patrocinador-del-ivam\/","og_site_name":"IVAM","article_modified_time":"2016-01-20T09:15:29+00:00","twitter_card":"summary_large_image","twitter_misc":{"Tiempo de lectura":"2 minutos"},"schema":{"@context":"https:\/\/schema.org","@graph":[{"@type":"WebPage","@id":"https:\/\/ivam.es\/es\/ventajas-de-ser-patrocinador-del-ivam\/","url":"https:\/\/ivam.es\/es\/ventajas-de-ser-patrocinador-del-ivam\/","name":"Ventajas de ser patrocinador del IVAM - IVAM","isPartOf":{"@id":"https:\/\/ivam.es\/es\/#website"},"datePublished":"2015-03-25T18:17:26+00:00","dateModified":"2016-01-20T09:15:29+00:00","breadcrumb":{"@id":"https:\/\/ivam.es\/es\/ventajas-de-ser-patrocinador-del-ivam\/#breadcrumb"},"inLanguage":"es","potentialAction":[{"@type":"ReadAction","target":["https:\/\/ivam.es\/es\/ventajas-de-ser-patrocinador-del-ivam\/"]}]},{"@type":"BreadcrumbList","@id":"https:\/\/ivam.es\/es\/ventajas-de-ser-patrocinador-del-ivam\/#breadcrumb","itemListElement":[{"@type":"ListItem","position":1,"name":"Home","item":"https:\/\/ivam.es\/es\/"},{"@type":"ListItem","position":2,"name":"Ventajas de ser patrocinador del IVAM"}]},{"@type":"WebSite","@id":"https:\/\/ivam.es\/es\/#website","url":"https:\/\/ivam.es\/es\/","name":"IVAM","description":"Institut Valenci\u00e0 d&#039;Art Modern","publisher":{"@id":"https:\/\/ivam.es\/es\/#organization"},"potentialAction":[{"@type":"SearchAction","target":{"@type":"EntryPoint","urlTemplate":"https:\/\/ivam.es\/es\/?s={search_term_string}"},"query-input":{"@type":"PropertyValueSpecification","valueRequired":true,"valueName":"search_term_string"}}],"inLanguage":"es"},{"@type":"Organization","@id":"https:\/\/ivam.es\/es\/#organization","name":"IVAM","url":"https:\/\/ivam.es\/es\/","logo":{"@type":"ImageObject","inLanguage":"es","@id":"https:\/\/ivam.es\/es\/#\/schema\/logo\/image\/","url":"https:\/\/ivam.es\/wp-content\/uploads\/logo-ok-512.png","contentUrl":"https:\/\/ivam.es\/wp-content\/uploads\/logo-ok-512.png","width":512,"height":512,"caption":"IVAM"},"image":{"@id":"https:\/\/ivam.es\/es\/#\/schema\/logo\/image\/"}}]}},"_links":{"self":[{"href":"https:\/\/ivam.es\/es\/wp-json\/wp\/v2\/pages\/2468","targetHints":{"allow":["GET"]}}],"collection":[{"href":"https:\/\/ivam.es\/es\/wp-json\/wp\/v2\/pages"}],"about":[{"href":"https:\/\/ivam.es\/es\/wp-json\/wp\/v2\/types\/page"}],"author":[{"embeddable":true,"href":"https:\/\/ivam.es\/es\/wp-json\/wp\/v2\/users\/3"}],"replies":[{"embeddable":true,"href":"https:\/\/ivam.es\/es\/wp-json\/wp\/v2\/comments?post=2468"}],"version-history":[{"count":6,"href":"https:\/\/ivam.es\/es\/wp-json\/wp\/v2\/pages\/2468\/revisions"}],"predecessor-version":[{"id":19611,"href":"https:\/\/ivam.es\/es\/wp-json\/wp\/v2\/pages\/2468\/revisions\/19611"}],"wp:attachment":[{"href":"https:\/\/ivam.es\/es\/wp-json\/wp\/v2\/media?parent=2468"}],"curies":[{"name":"wp","href":"https:\/\/api.w.org\/{rel}","templated":true}]}}