{"id":2456,"date":"2015-03-25T18:05:21","date_gmt":"2015-03-25T18:05:21","guid":{"rendered":"http:\/\/ivam.jomanetworks.com\/?page_id=2456"},"modified":"2016-01-20T11:17:04","modified_gmt":"2016-01-20T09:17:04","slug":"ventajas-de-ser-miembro-de-honor-del-ivam","status":"publish","type":"page","link":"https:\/\/ivam.es\/es\/ventajas-de-ser-miembro-de-honor-del-ivam\/","title":{"rendered":"Ventajas de ser Miembro de honor del IVAM"},"content":{"rendered":"<ul>\n<li>Acceso libre y gratuito a todas las exposiciones del IVAM.<\/li>\n<li>Invitaci\u00f3n a todas las inauguraciones.<\/li>\n<li>Recibir informaci\u00f3n puntual de todas las actividades.<\/li>\n<li>Entrada especial a los Talleres Did\u00e1cticos organizados en el IVAM<\/li>\n<li>Visitas guiadas para p\u00fablico infantil y juvenil para familiares de Amig@s del IVAM<\/li>\n<li>Entrada gratuita al Museo Guggenheim-Bilbao, al Museo Picasso de M\u00e1laga y al Museo Patio Herreriano de Valladolid.<\/li>\n<li>Descuento en la entrada Laboral, Ciudad de la Cultura &#8211; Gij\u00f3n.<\/li>\n<li>Descuento del 25% en la entrada de los cines Babel.<\/li>\n<li>Acceso a la biblioteca y centro de documentaci\u00f3n del IVAM.<\/li>\n<li>Descuento del 10% en la tienda-librer\u00eda del IVAM y en el men\u00fa de la cafeter\u00eda del IVAM.<\/li>\n<li>Posibilidad de apuntarse a los viajes culturales organizados exclusivamente para los miembros de honor y un\u00a0acompa\u00f1ante para visitar otras exposiciones y lugares de inter\u00e9s.<\/li>\n<li>Pase privado previo a la inauguraci\u00f3n de la exposici\u00f3n con el comisario de la muestra.<\/li>\n<li>Asistencia a c\u00f3cteles con artistas o comisarios de las exposiciones.<\/li>\n<li>Matr\u00edcula gratuita a los cursos que organice el IVAM.<\/li>\n<li>Obsequio de dos cat\u00e1logos producidos por el IVAM.<\/li>\n<\/ul>\n","protected":false},"excerpt":{"rendered":"<p>Acceso libre y gratuito a todas las exposiciones del IVAM. Invitaci\u00f3n a todas las inauguraciones. Recibir informaci\u00f3n puntual de todas las actividades. Entrada especial a los Talleres Did\u00e1cticos organizados en el IVAM Visitas guiadas para p\u00fablico infantil y juvenil para familiares de Amig@s del IVAM Entrada gratuita al Museo Guggenheim-Bilbao, al Museo Picasso de M\u00e1laga [&hellip;]<\/p>\n","protected":false},"author":3,"featured_media":0,"parent":0,"menu_order":348,"comment_status":"open","ping_status":"open","template":"","meta":{"footnotes":""},"class_list":["post-2456","page","type-page","status-publish","hentry"],"yoast_head":"<!-- This site is optimized with the Yoast SEO plugin v26.0 - https:\/\/yoast.com\/wordpress\/plugins\/seo\/ -->\n<title>Ventajas de ser Miembro de honor del IVAM - IVAM<\/title>\n<meta name=\"robots\" content=\"index, follow, max-snippet:-1, max-image-preview:large, max-video-preview:-1\" \/>\n<link rel=\"canonical\" href=\"https:\/\/ivam.es\/es\/ventajas-de-ser-miembro-de-honor-del-ivam\/\" \/>\n<meta property=\"og:locale\" content=\"es_ES\" \/>\n<meta property=\"og:type\" content=\"article\" \/>\n<meta property=\"og:title\" content=\"Ventajas de ser Miembro de honor del IVAM - IVAM\" \/>\n<meta property=\"og:description\" content=\"Acceso libre y gratuito a todas las exposiciones del IVAM. Invitaci\u00f3n a todas las inauguraciones. Recibir informaci\u00f3n puntual de todas las actividades. Entrada especial a los Talleres Did\u00e1cticos organizados en el IVAM Visitas guiadas para p\u00fablico infantil y juvenil para familiares de Amig@s del IVAM Entrada gratuita al Museo Guggenheim-Bilbao, al Museo Picasso de M\u00e1laga [&hellip;]\" \/>\n<meta property=\"og:url\" content=\"https:\/\/ivam.es\/es\/ventajas-de-ser-miembro-de-honor-del-ivam\/\" \/>\n<meta property=\"og:site_name\" content=\"IVAM\" \/>\n<meta property=\"article:modified_time\" content=\"2016-01-20T09:17:04+00:00\" \/>\n<meta name=\"twitter:card\" content=\"summary_large_image\" \/>\n<meta name=\"twitter:label1\" content=\"Tiempo de lectura\" \/>\n\t<meta name=\"twitter:data1\" content=\"1 minuto\" \/>\n<script type=\"application\/ld+json\" class=\"yoast-schema-graph\">{\"@context\":\"https:\/\/schema.org\",\"@graph\":[{\"@type\":\"WebPage\",\"@id\":\"https:\/\/ivam.es\/es\/ventajas-de-ser-miembro-de-honor-del-ivam\/\",\"url\":\"https:\/\/ivam.es\/es\/ventajas-de-ser-miembro-de-honor-del-ivam\/\",\"name\":\"Ventajas de ser Miembro de honor del IVAM - IVAM\",\"isPartOf\":{\"@id\":\"https:\/\/ivam.es\/es\/#website\"},\"datePublished\":\"2015-03-25T18:05:21+00:00\",\"dateModified\":\"2016-01-20T09:17:04+00:00\",\"breadcrumb\":{\"@id\":\"https:\/\/ivam.es\/es\/ventajas-de-ser-miembro-de-honor-del-ivam\/#breadcrumb\"},\"inLanguage\":\"es\",\"potentialAction\":[{\"@type\":\"ReadAction\",\"target\":[\"https:\/\/ivam.es\/es\/ventajas-de-ser-miembro-de-honor-del-ivam\/\"]}]},{\"@type\":\"BreadcrumbList\",\"@id\":\"https:\/\/ivam.es\/es\/ventajas-de-ser-miembro-de-honor-del-ivam\/#breadcrumb\",\"itemListElement\":[{\"@type\":\"ListItem\",\"position\":1,\"name\":\"Home\",\"item\":\"https:\/\/ivam.es\/es\/\"},{\"@type\":\"ListItem\",\"position\":2,\"name\":\"Ventajas de ser Miembro de honor del IVAM\"}]},{\"@type\":\"WebSite\",\"@id\":\"https:\/\/ivam.es\/es\/#website\",\"url\":\"https:\/\/ivam.es\/es\/\",\"name\":\"IVAM\",\"description\":\"Institut Valenci\u00e0 d&#039;Art Modern\",\"publisher\":{\"@id\":\"https:\/\/ivam.es\/es\/#organization\"},\"potentialAction\":[{\"@type\":\"SearchAction\",\"target\":{\"@type\":\"EntryPoint\",\"urlTemplate\":\"https:\/\/ivam.es\/es\/?s={search_term_string}\"},\"query-input\":{\"@type\":\"PropertyValueSpecification\",\"valueRequired\":true,\"valueName\":\"search_term_string\"}}],\"inLanguage\":\"es\"},{\"@type\":\"Organization\",\"@id\":\"https:\/\/ivam.es\/es\/#organization\",\"name\":\"IVAM\",\"url\":\"https:\/\/ivam.es\/es\/\",\"logo\":{\"@type\":\"ImageObject\",\"inLanguage\":\"es\",\"@id\":\"https:\/\/ivam.es\/es\/#\/schema\/logo\/image\/\",\"url\":\"https:\/\/ivam.es\/wp-content\/uploads\/logo-ok-512.png\",\"contentUrl\":\"https:\/\/ivam.es\/wp-content\/uploads\/logo-ok-512.png\",\"width\":512,\"height\":512,\"caption\":\"IVAM\"},\"image\":{\"@id\":\"https:\/\/ivam.es\/es\/#\/schema\/logo\/image\/\"}}]}<\/script>\n<!-- \/ Yoast SEO plugin. -->","yoast_head_json":{"title":"Ventajas de ser Miembro de honor del IVAM - IVAM","robots":{"index":"index","follow":"follow","max-snippet":"max-snippet:-1","max-image-preview":"max-image-preview:large","max-video-preview":"max-video-preview:-1"},"canonical":"https:\/\/ivam.es\/es\/ventajas-de-ser-miembro-de-honor-del-ivam\/","og_locale":"es_ES","og_type":"article","og_title":"Ventajas de ser Miembro de honor del IVAM - IVAM","og_description":"Acceso libre y gratuito a todas las exposiciones del IVAM. Invitaci\u00f3n a todas las inauguraciones. Recibir informaci\u00f3n puntual de todas las actividades. Entrada especial a los Talleres Did\u00e1cticos organizados en el IVAM Visitas guiadas para p\u00fablico infantil y juvenil para familiares de Amig@s del IVAM Entrada gratuita al Museo Guggenheim-Bilbao, al Museo Picasso de M\u00e1laga [&hellip;]","og_url":"https:\/\/ivam.es\/es\/ventajas-de-ser-miembro-de-honor-del-ivam\/","og_site_name":"IVAM","article_modified_time":"2016-01-20T09:17:04+00:00","twitter_card":"summary_large_image","twitter_misc":{"Tiempo de lectura":"1 minuto"},"schema":{"@context":"https:\/\/schema.org","@graph":[{"@type":"WebPage","@id":"https:\/\/ivam.es\/es\/ventajas-de-ser-miembro-de-honor-del-ivam\/","url":"https:\/\/ivam.es\/es\/ventajas-de-ser-miembro-de-honor-del-ivam\/","name":"Ventajas de ser Miembro de honor del IVAM - IVAM","isPartOf":{"@id":"https:\/\/ivam.es\/es\/#website"},"datePublished":"2015-03-25T18:05:21+00:00","dateModified":"2016-01-20T09:17:04+00:00","breadcrumb":{"@id":"https:\/\/ivam.es\/es\/ventajas-de-ser-miembro-de-honor-del-ivam\/#breadcrumb"},"inLanguage":"es","potentialAction":[{"@type":"ReadAction","target":["https:\/\/ivam.es\/es\/ventajas-de-ser-miembro-de-honor-del-ivam\/"]}]},{"@type":"BreadcrumbList","@id":"https:\/\/ivam.es\/es\/ventajas-de-ser-miembro-de-honor-del-ivam\/#breadcrumb","itemListElement":[{"@type":"ListItem","position":1,"name":"Home","item":"https:\/\/ivam.es\/es\/"},{"@type":"ListItem","position":2,"name":"Ventajas de ser Miembro de honor del IVAM"}]},{"@type":"WebSite","@id":"https:\/\/ivam.es\/es\/#website","url":"https:\/\/ivam.es\/es\/","name":"IVAM","description":"Institut Valenci\u00e0 d&#039;Art Modern","publisher":{"@id":"https:\/\/ivam.es\/es\/#organization"},"potentialAction":[{"@type":"SearchAction","target":{"@type":"EntryPoint","urlTemplate":"https:\/\/ivam.es\/es\/?s={search_term_string}"},"query-input":{"@type":"PropertyValueSpecification","valueRequired":true,"valueName":"search_term_string"}}],"inLanguage":"es"},{"@type":"Organization","@id":"https:\/\/ivam.es\/es\/#organization","name":"IVAM","url":"https:\/\/ivam.es\/es\/","logo":{"@type":"ImageObject","inLanguage":"es","@id":"https:\/\/ivam.es\/es\/#\/schema\/logo\/image\/","url":"https:\/\/ivam.es\/wp-content\/uploads\/logo-ok-512.png","contentUrl":"https:\/\/ivam.es\/wp-content\/uploads\/logo-ok-512.png","width":512,"height":512,"caption":"IVAM"},"image":{"@id":"https:\/\/ivam.es\/es\/#\/schema\/logo\/image\/"}}]}},"_links":{"self":[{"href":"https:\/\/ivam.es\/es\/wp-json\/wp\/v2\/pages\/2456","targetHints":{"allow":["GET"]}}],"collection":[{"href":"https:\/\/ivam.es\/es\/wp-json\/wp\/v2\/pages"}],"about":[{"href":"https:\/\/ivam.es\/es\/wp-json\/wp\/v2\/types\/page"}],"author":[{"embeddable":true,"href":"https:\/\/ivam.es\/es\/wp-json\/wp\/v2\/users\/3"}],"replies":[{"embeddable":true,"href":"https:\/\/ivam.es\/es\/wp-json\/wp\/v2\/comments?post=2456"}],"version-history":[{"count":9,"href":"https:\/\/ivam.es\/es\/wp-json\/wp\/v2\/pages\/2456\/revisions"}],"predecessor-version":[{"id":19614,"href":"https:\/\/ivam.es\/es\/wp-json\/wp\/v2\/pages\/2456\/revisions\/19614"}],"wp:attachment":[{"href":"https:\/\/ivam.es\/es\/wp-json\/wp\/v2\/media?parent=2456"}],"curies":[{"name":"wp","href":"https:\/\/api.w.org\/{rel}","templated":true}]}}