{"id":19786,"date":"2016-02-04T12:27:21","date_gmt":"2016-02-04T10:27:21","guid":{"rendered":"http:\/\/www.ivam.es\/?page_id=19786"},"modified":"2024-03-27T10:11:13","modified_gmt":"2024-03-27T08:11:13","slug":"relacion-con-la-ciudadania","status":"publish","type":"page","link":"https:\/\/ivam.es\/es\/ivam-obert-portal-de-transparencia-3\/relacion-con-la-ciudadania\/","title":{"rendered":"Relaci\u00f3n con la ciudadan\u00eda"},"content":{"rendered":"<p>B.1 Cartera de servicios (9.3.2.h)<\/p>\n<p>B.2 Relaci\u00f3n actualizada de procedimientos (9.3.2.g)<\/p>\n<ul>\n<li>Indicaci\u00f3n de los que est\u00e1n disponibles en formato electr\u00f3nico y sedes de los registros\n<ul>\n<li>Horario del Registro general<\/li>\n<\/ul>\n<\/li>\n<\/ul>\n<p>B.3 Informes de evaluaci\u00f3n de pol\u00edticas p\u00fablicas y calidad de servicios p\u00fablicos (9.3.2.k)<\/p>\n<p>B.4 Carta de servicios (9.3.2.h)<\/p>\n<ul>\n<li><a href=\"https:\/\/www.dogv.gva.es\/datos\/2019\/04\/08\/pdf\/2019_2992.pdf\">Carta de servicios<\/a><\/li>\n<li>Procedimientos para quejas y reclamaciones\n<ul>\n<li><a href=\"https:\/\/seuelectronica.ivam.es\/sta\/CarpetaPublic\/doEvent?APP_CODE=STA&amp;PAGE_CODE=CATALOGO&amp;DETALLE=6269000000444079407998\">Formulario reclamaci\u00f3n castellano<\/a><\/li>\n<li><a href=\"https:\/\/seuelectronica.ivam.es\/sta\/CarpetaPublic\/doEvent?APP_CODE=STA&amp;PAGE_CODE=CATALOGO&amp;DETALLE=6269000000444079407998&amp;lang=CA\">Formulario reclamaci\u00f3n valenciano<\/a><\/li>\n<\/ul>\n<\/li>\n<li>Informes sobre grado de cumplimiento y calidad de SS.PP.<\/li>\n<li>Informaci\u00f3n disponible que permita su valoraci\u00f3n<\/li>\n<\/ul>\n","protected":false},"excerpt":{"rendered":"<p>B.1 Cartera de servicios (9.3.2.h) B.2 Relaci\u00f3n actualizada de procedimientos (9.3.2.g) Indicaci\u00f3n de los que est\u00e1n disponibles en formato electr\u00f3nico y sedes de los registros Horario del Registro general B.3 Informes de evaluaci\u00f3n de pol\u00edticas p\u00fablicas y calidad de servicios p\u00fablicos (9.3.2.k) B.4 Carta de servicios (9.3.2.h) Carta de servicios Procedimientos para quejas y reclamaciones [&hellip;]<\/p>\n","protected":false},"author":3,"featured_media":0,"parent":19772,"menu_order":84,"comment_status":"closed","ping_status":"closed","template":"","meta":{"footnotes":""},"class_list":["post-19786","page","type-page","status-publish","hentry"],"yoast_head":"<!-- This site is optimized with the Yoast SEO plugin v26.0 - https:\/\/yoast.com\/wordpress\/plugins\/seo\/ -->\n<title>Relaci\u00f3n con la ciudadan\u00eda - IVAM<\/title>\n<meta name=\"robots\" content=\"index, follow, max-snippet:-1, max-image-preview:large, max-video-preview:-1\" \/>\n<link rel=\"canonical\" href=\"https:\/\/ivam.es\/es\/ivam-obert-portal-de-transparencia-3\/relacion-con-la-ciudadania\/\" \/>\n<meta property=\"og:locale\" content=\"es_ES\" \/>\n<meta property=\"og:type\" content=\"article\" \/>\n<meta property=\"og:title\" content=\"Relaci\u00f3n con la ciudadan\u00eda - IVAM\" \/>\n<meta property=\"og:description\" content=\"B.1 Cartera de servicios (9.3.2.h) B.2 Relaci\u00f3n actualizada de procedimientos (9.3.2.g) Indicaci\u00f3n de los que est\u00e1n disponibles en formato electr\u00f3nico y sedes de los registros Horario del Registro general B.3 Informes de evaluaci\u00f3n de pol\u00edticas p\u00fablicas y calidad de servicios p\u00fablicos (9.3.2.k) B.4 Carta de servicios (9.3.2.h) Carta de servicios Procedimientos para quejas y reclamaciones [&hellip;]\" \/>\n<meta property=\"og:url\" content=\"https:\/\/ivam.es\/es\/ivam-obert-portal-de-transparencia-3\/relacion-con-la-ciudadania\/\" \/>\n<meta property=\"og:site_name\" content=\"IVAM\" \/>\n<meta property=\"article:modified_time\" content=\"2024-03-27T08:11:13+00:00\" \/>\n<meta name=\"twitter:card\" content=\"summary_large_image\" \/>\n<script type=\"application\/ld+json\" class=\"yoast-schema-graph\">{\"@context\":\"https:\/\/schema.org\",\"@graph\":[{\"@type\":\"WebPage\",\"@id\":\"https:\/\/ivam.es\/es\/ivam-obert-portal-de-transparencia-3\/relacion-con-la-ciudadania\/\",\"url\":\"https:\/\/ivam.es\/es\/ivam-obert-portal-de-transparencia-3\/relacion-con-la-ciudadania\/\",\"name\":\"Relaci\u00f3n con la ciudadan\u00eda - IVAM\",\"isPartOf\":{\"@id\":\"https:\/\/ivam.es\/es\/#website\"},\"datePublished\":\"2016-02-04T10:27:21+00:00\",\"dateModified\":\"2024-03-27T08:11:13+00:00\",\"breadcrumb\":{\"@id\":\"https:\/\/ivam.es\/es\/ivam-obert-portal-de-transparencia-3\/relacion-con-la-ciudadania\/#breadcrumb\"},\"inLanguage\":\"es\",\"potentialAction\":[{\"@type\":\"ReadAction\",\"target\":[\"https:\/\/ivam.es\/es\/ivam-obert-portal-de-transparencia-3\/relacion-con-la-ciudadania\/\"]}]},{\"@type\":\"BreadcrumbList\",\"@id\":\"https:\/\/ivam.es\/es\/ivam-obert-portal-de-transparencia-3\/relacion-con-la-ciudadania\/#breadcrumb\",\"itemListElement\":[{\"@type\":\"ListItem\",\"position\":1,\"name\":\"Home\",\"item\":\"https:\/\/ivam.es\/es\/\"},{\"@type\":\"ListItem\",\"position\":2,\"name\":\"IVAM OBERT. Portal de transparencia old\",\"item\":\"https:\/\/ivam.es\/es\/?page_id=19772\"},{\"@type\":\"ListItem\",\"position\":3,\"name\":\"Relaci\u00f3n con la ciudadan\u00eda\"}]},{\"@type\":\"WebSite\",\"@id\":\"https:\/\/ivam.es\/es\/#website\",\"url\":\"https:\/\/ivam.es\/es\/\",\"name\":\"IVAM\",\"description\":\"Institut Valenci\u00e0 d&#039;Art Modern\",\"publisher\":{\"@id\":\"https:\/\/ivam.es\/es\/#organization\"},\"potentialAction\":[{\"@type\":\"SearchAction\",\"target\":{\"@type\":\"EntryPoint\",\"urlTemplate\":\"https:\/\/ivam.es\/es\/?s={search_term_string}\"},\"query-input\":{\"@type\":\"PropertyValueSpecification\",\"valueRequired\":true,\"valueName\":\"search_term_string\"}}],\"inLanguage\":\"es\"},{\"@type\":\"Organization\",\"@id\":\"https:\/\/ivam.es\/es\/#organization\",\"name\":\"IVAM\",\"url\":\"https:\/\/ivam.es\/es\/\",\"logo\":{\"@type\":\"ImageObject\",\"inLanguage\":\"es\",\"@id\":\"https:\/\/ivam.es\/es\/#\/schema\/logo\/image\/\",\"url\":\"https:\/\/ivam.es\/wp-content\/uploads\/logo-ok-512.png\",\"contentUrl\":\"https:\/\/ivam.es\/wp-content\/uploads\/logo-ok-512.png\",\"width\":512,\"height\":512,\"caption\":\"IVAM\"},\"image\":{\"@id\":\"https:\/\/ivam.es\/es\/#\/schema\/logo\/image\/\"}}]}<\/script>\n<!-- \/ Yoast SEO plugin. -->","yoast_head_json":{"title":"Relaci\u00f3n con la ciudadan\u00eda - IVAM","robots":{"index":"index","follow":"follow","max-snippet":"max-snippet:-1","max-image-preview":"max-image-preview:large","max-video-preview":"max-video-preview:-1"},"canonical":"https:\/\/ivam.es\/es\/ivam-obert-portal-de-transparencia-3\/relacion-con-la-ciudadania\/","og_locale":"es_ES","og_type":"article","og_title":"Relaci\u00f3n con la ciudadan\u00eda - IVAM","og_description":"B.1 Cartera de servicios (9.3.2.h) B.2 Relaci\u00f3n actualizada de procedimientos (9.3.2.g) Indicaci\u00f3n de los que est\u00e1n disponibles en formato electr\u00f3nico y sedes de los registros Horario del Registro general B.3 Informes de evaluaci\u00f3n de pol\u00edticas p\u00fablicas y calidad de servicios p\u00fablicos (9.3.2.k) B.4 Carta de servicios (9.3.2.h) Carta de servicios Procedimientos para quejas y reclamaciones [&hellip;]","og_url":"https:\/\/ivam.es\/es\/ivam-obert-portal-de-transparencia-3\/relacion-con-la-ciudadania\/","og_site_name":"IVAM","article_modified_time":"2024-03-27T08:11:13+00:00","twitter_card":"summary_large_image","schema":{"@context":"https:\/\/schema.org","@graph":[{"@type":"WebPage","@id":"https:\/\/ivam.es\/es\/ivam-obert-portal-de-transparencia-3\/relacion-con-la-ciudadania\/","url":"https:\/\/ivam.es\/es\/ivam-obert-portal-de-transparencia-3\/relacion-con-la-ciudadania\/","name":"Relaci\u00f3n con la ciudadan\u00eda - IVAM","isPartOf":{"@id":"https:\/\/ivam.es\/es\/#website"},"datePublished":"2016-02-04T10:27:21+00:00","dateModified":"2024-03-27T08:11:13+00:00","breadcrumb":{"@id":"https:\/\/ivam.es\/es\/ivam-obert-portal-de-transparencia-3\/relacion-con-la-ciudadania\/#breadcrumb"},"inLanguage":"es","potentialAction":[{"@type":"ReadAction","target":["https:\/\/ivam.es\/es\/ivam-obert-portal-de-transparencia-3\/relacion-con-la-ciudadania\/"]}]},{"@type":"BreadcrumbList","@id":"https:\/\/ivam.es\/es\/ivam-obert-portal-de-transparencia-3\/relacion-con-la-ciudadania\/#breadcrumb","itemListElement":[{"@type":"ListItem","position":1,"name":"Home","item":"https:\/\/ivam.es\/es\/"},{"@type":"ListItem","position":2,"name":"IVAM OBERT. Portal de transparencia old","item":"https:\/\/ivam.es\/es\/?page_id=19772"},{"@type":"ListItem","position":3,"name":"Relaci\u00f3n con la ciudadan\u00eda"}]},{"@type":"WebSite","@id":"https:\/\/ivam.es\/es\/#website","url":"https:\/\/ivam.es\/es\/","name":"IVAM","description":"Institut Valenci\u00e0 d&#039;Art Modern","publisher":{"@id":"https:\/\/ivam.es\/es\/#organization"},"potentialAction":[{"@type":"SearchAction","target":{"@type":"EntryPoint","urlTemplate":"https:\/\/ivam.es\/es\/?s={search_term_string}"},"query-input":{"@type":"PropertyValueSpecification","valueRequired":true,"valueName":"search_term_string"}}],"inLanguage":"es"},{"@type":"Organization","@id":"https:\/\/ivam.es\/es\/#organization","name":"IVAM","url":"https:\/\/ivam.es\/es\/","logo":{"@type":"ImageObject","inLanguage":"es","@id":"https:\/\/ivam.es\/es\/#\/schema\/logo\/image\/","url":"https:\/\/ivam.es\/wp-content\/uploads\/logo-ok-512.png","contentUrl":"https:\/\/ivam.es\/wp-content\/uploads\/logo-ok-512.png","width":512,"height":512,"caption":"IVAM"},"image":{"@id":"https:\/\/ivam.es\/es\/#\/schema\/logo\/image\/"}}]}},"_links":{"self":[{"href":"https:\/\/ivam.es\/es\/wp-json\/wp\/v2\/pages\/19786","targetHints":{"allow":["GET"]}}],"collection":[{"href":"https:\/\/ivam.es\/es\/wp-json\/wp\/v2\/pages"}],"about":[{"href":"https:\/\/ivam.es\/es\/wp-json\/wp\/v2\/types\/page"}],"author":[{"embeddable":true,"href":"https:\/\/ivam.es\/es\/wp-json\/wp\/v2\/users\/3"}],"replies":[{"embeddable":true,"href":"https:\/\/ivam.es\/es\/wp-json\/wp\/v2\/comments?post=19786"}],"version-history":[{"count":13,"href":"https:\/\/ivam.es\/es\/wp-json\/wp\/v2\/pages\/19786\/revisions"}],"predecessor-version":[{"id":86386,"href":"https:\/\/ivam.es\/es\/wp-json\/wp\/v2\/pages\/19786\/revisions\/86386"}],"up":[{"embeddable":true,"href":"https:\/\/ivam.es\/es\/wp-json\/wp\/v2\/pages\/19772"}],"wp:attachment":[{"href":"https:\/\/ivam.es\/es\/wp-json\/wp\/v2\/media?parent=19786"}],"curies":[{"name":"wp","href":"https:\/\/api.w.org\/{rel}","templated":true}]}}