{"id":19144,"date":"2015-12-29T19:10:21","date_gmt":"2015-12-29T17:10:21","guid":{"rendered":"http:\/\/www.ivam.es\/?page_id=19144"},"modified":"2019-09-03T12:38:39","modified_gmt":"2019-09-03T10:38:39","slug":"catedra","status":"publish","type":"page","link":"https:\/\/ivam.es\/es\/catedra\/","title":{"rendered":"C\u00e1tedra"},"content":{"rendered":"<p><strong>\u00abCuerpo, imaginario social y cultura visual\u00bb<\/strong><\/p>\n<p style=\"text-align: justify;\">El \u00e1mbito de la visualidad, en el sentido expl\u00edcito de su valor cultural, de su producci\u00f3n e interpretaci\u00f3n, ofrece, desde la experiencia est\u00e9tica y la producci\u00f3n art\u00edstica, un espacio que es propicio para el estudio de los distintos significados y los diversos intereses que conforman la construcci\u00f3n identitaria de los sujetos, sobre todo por lo que se refiere a la producci\u00f3n de im\u00e1genes del cuerpo. Proponemos investigar las caracter\u00edsticas del campo de la imagen \u2013en sus contenidos, sus m\u00e9todos y sus relaciones- a trav\u00e9s de la producci\u00f3n del imaginario social y sus formas de difusi\u00f3n. Una teor\u00eda cr\u00edtica sobre los media y sus expresiones se constituye como un campo en que analizar los discursos sobre el cuerpo y en el que realizar una aportaci\u00f3n cr\u00edtica vinculada a su desarrollo en el medio social. Partiendo de estas premisas, nos proponemos revisar, en el Programa de la C\u00e1tedra de Estudios art\u00edsticos del IVAM, durante los pr\u00f3ximos dos a\u00f1os, los cruces y controversias de la perspectiva de g\u00e9nero abierta por el feminismo y los Gender Studies, en su confluencia con disciplinas como los estudios visuales y la cr\u00edtica cultural. Dado el c\u00famulo de temas que abre esta problem\u00e1tica, pondremos el acento en la representaci\u00f3n visual y audiovisual de la corporeidad, trabajando sobre los distintos conceptos de cuerpo, sus representaciones y sus relaciones con los imaginarios, con el entorno urbano y la arquitectura, con el entorno natural y las nuevas ecolog\u00edas, con la configuraci\u00f3n de los cuerpos desde las teor\u00edas decoloniales y epistemolog\u00edas del sur, y atenderemos especialmente a su relaci\u00f3n con la biopol\u00edtica, la econom\u00eda de los afectos y las guerras cotidianas abiertas por las tecnolog\u00edas sociales de g\u00e9nero, proponiendo desentra\u00f1ar discursos visuales cr\u00edticos o de resistencia. Para ello contaremos con invitados como Santiago Auser\u00f3n, In\u00e9s Par\u00eds, Rachele Borghi, Servando Rocha, Laura Mulvey, Rosa Tamburrino, Teresa de Lauretis, y Emanuele Vezzoli.<\/p>\n<p>M\u00e1s informaci\u00f3n: <a href=\"mailto:catedra@ivam.es\" target=\"_blank\" rel=\"noopener\">catedra@ivam.es<\/a><\/p>\n","protected":false},"excerpt":{"rendered":"<p>\u00abCuerpo, imaginario social y cultura visual\u00bb El \u00e1mbito de la visualidad, en el sentido expl\u00edcito de su valor cultural, de su producci\u00f3n e interpretaci\u00f3n, ofrece, desde la experiencia est\u00e9tica y la producci\u00f3n art\u00edstica, un espacio que es propicio para el estudio de los distintos significados y los diversos intereses que conforman la construcci\u00f3n identitaria de [&hellip;]<\/p>\n","protected":false},"author":3,"featured_media":0,"parent":0,"menu_order":90,"comment_status":"closed","ping_status":"closed","template":"custom-catedra.php","meta":{"footnotes":""},"class_list":["post-19144","page","type-page","status-publish","hentry"],"yoast_head":"<!-- This site is optimized with the Yoast SEO plugin v26.0 - https:\/\/yoast.com\/wordpress\/plugins\/seo\/ -->\n<title>C\u00e1tedra - IVAM<\/title>\n<meta name=\"robots\" content=\"index, follow, max-snippet:-1, max-image-preview:large, max-video-preview:-1\" \/>\n<link rel=\"canonical\" href=\"https:\/\/ivam.es\/es\/catedra\/\" \/>\n<meta property=\"og:locale\" content=\"es_ES\" \/>\n<meta property=\"og:type\" content=\"article\" \/>\n<meta property=\"og:title\" content=\"C\u00e1tedra - IVAM\" \/>\n<meta property=\"og:description\" content=\"\u00abCuerpo, imaginario social y cultura visual\u00bb El \u00e1mbito de la visualidad, en el sentido expl\u00edcito de su valor cultural, de su producci\u00f3n e interpretaci\u00f3n, ofrece, desde la experiencia est\u00e9tica y la producci\u00f3n art\u00edstica, un espacio que es propicio para el estudio de los distintos significados y los diversos intereses que conforman la construcci\u00f3n identitaria de [&hellip;]\" \/>\n<meta property=\"og:url\" content=\"https:\/\/ivam.es\/es\/catedra\/\" \/>\n<meta property=\"og:site_name\" content=\"IVAM\" \/>\n<meta property=\"article:modified_time\" content=\"2019-09-03T10:38:39+00:00\" \/>\n<meta name=\"twitter:card\" content=\"summary_large_image\" \/>\n<meta name=\"twitter:label1\" content=\"Tiempo de lectura\" \/>\n\t<meta name=\"twitter:data1\" content=\"2 minutos\" \/>\n<script type=\"application\/ld+json\" class=\"yoast-schema-graph\">{\"@context\":\"https:\/\/schema.org\",\"@graph\":[{\"@type\":\"WebPage\",\"@id\":\"https:\/\/ivam.es\/es\/catedra\/\",\"url\":\"https:\/\/ivam.es\/es\/catedra\/\",\"name\":\"C\u00e1tedra - IVAM\",\"isPartOf\":{\"@id\":\"https:\/\/ivam.es\/es\/#website\"},\"datePublished\":\"2015-12-29T17:10:21+00:00\",\"dateModified\":\"2019-09-03T10:38:39+00:00\",\"breadcrumb\":{\"@id\":\"https:\/\/ivam.es\/es\/catedra\/#breadcrumb\"},\"inLanguage\":\"es\",\"potentialAction\":[{\"@type\":\"ReadAction\",\"target\":[\"https:\/\/ivam.es\/es\/catedra\/\"]}]},{\"@type\":\"BreadcrumbList\",\"@id\":\"https:\/\/ivam.es\/es\/catedra\/#breadcrumb\",\"itemListElement\":[{\"@type\":\"ListItem\",\"position\":1,\"name\":\"Home\",\"item\":\"https:\/\/ivam.es\/es\/\"},{\"@type\":\"ListItem\",\"position\":2,\"name\":\"C\u00e1tedra\"}]},{\"@type\":\"WebSite\",\"@id\":\"https:\/\/ivam.es\/es\/#website\",\"url\":\"https:\/\/ivam.es\/es\/\",\"name\":\"IVAM\",\"description\":\"Institut Valenci\u00e0 d&#039;Art Modern\",\"publisher\":{\"@id\":\"https:\/\/ivam.es\/es\/#organization\"},\"potentialAction\":[{\"@type\":\"SearchAction\",\"target\":{\"@type\":\"EntryPoint\",\"urlTemplate\":\"https:\/\/ivam.es\/es\/?s={search_term_string}\"},\"query-input\":{\"@type\":\"PropertyValueSpecification\",\"valueRequired\":true,\"valueName\":\"search_term_string\"}}],\"inLanguage\":\"es\"},{\"@type\":\"Organization\",\"@id\":\"https:\/\/ivam.es\/es\/#organization\",\"name\":\"IVAM\",\"url\":\"https:\/\/ivam.es\/es\/\",\"logo\":{\"@type\":\"ImageObject\",\"inLanguage\":\"es\",\"@id\":\"https:\/\/ivam.es\/es\/#\/schema\/logo\/image\/\",\"url\":\"https:\/\/ivam.es\/wp-content\/uploads\/logo-ok-512.png\",\"contentUrl\":\"https:\/\/ivam.es\/wp-content\/uploads\/logo-ok-512.png\",\"width\":512,\"height\":512,\"caption\":\"IVAM\"},\"image\":{\"@id\":\"https:\/\/ivam.es\/es\/#\/schema\/logo\/image\/\"}}]}<\/script>\n<!-- \/ Yoast SEO plugin. -->","yoast_head_json":{"title":"C\u00e1tedra - IVAM","robots":{"index":"index","follow":"follow","max-snippet":"max-snippet:-1","max-image-preview":"max-image-preview:large","max-video-preview":"max-video-preview:-1"},"canonical":"https:\/\/ivam.es\/es\/catedra\/","og_locale":"es_ES","og_type":"article","og_title":"C\u00e1tedra - IVAM","og_description":"\u00abCuerpo, imaginario social y cultura visual\u00bb El \u00e1mbito de la visualidad, en el sentido expl\u00edcito de su valor cultural, de su producci\u00f3n e interpretaci\u00f3n, ofrece, desde la experiencia est\u00e9tica y la producci\u00f3n art\u00edstica, un espacio que es propicio para el estudio de los distintos significados y los diversos intereses que conforman la construcci\u00f3n identitaria de [&hellip;]","og_url":"https:\/\/ivam.es\/es\/catedra\/","og_site_name":"IVAM","article_modified_time":"2019-09-03T10:38:39+00:00","twitter_card":"summary_large_image","twitter_misc":{"Tiempo de lectura":"2 minutos"},"schema":{"@context":"https:\/\/schema.org","@graph":[{"@type":"WebPage","@id":"https:\/\/ivam.es\/es\/catedra\/","url":"https:\/\/ivam.es\/es\/catedra\/","name":"C\u00e1tedra - IVAM","isPartOf":{"@id":"https:\/\/ivam.es\/es\/#website"},"datePublished":"2015-12-29T17:10:21+00:00","dateModified":"2019-09-03T10:38:39+00:00","breadcrumb":{"@id":"https:\/\/ivam.es\/es\/catedra\/#breadcrumb"},"inLanguage":"es","potentialAction":[{"@type":"ReadAction","target":["https:\/\/ivam.es\/es\/catedra\/"]}]},{"@type":"BreadcrumbList","@id":"https:\/\/ivam.es\/es\/catedra\/#breadcrumb","itemListElement":[{"@type":"ListItem","position":1,"name":"Home","item":"https:\/\/ivam.es\/es\/"},{"@type":"ListItem","position":2,"name":"C\u00e1tedra"}]},{"@type":"WebSite","@id":"https:\/\/ivam.es\/es\/#website","url":"https:\/\/ivam.es\/es\/","name":"IVAM","description":"Institut Valenci\u00e0 d&#039;Art Modern","publisher":{"@id":"https:\/\/ivam.es\/es\/#organization"},"potentialAction":[{"@type":"SearchAction","target":{"@type":"EntryPoint","urlTemplate":"https:\/\/ivam.es\/es\/?s={search_term_string}"},"query-input":{"@type":"PropertyValueSpecification","valueRequired":true,"valueName":"search_term_string"}}],"inLanguage":"es"},{"@type":"Organization","@id":"https:\/\/ivam.es\/es\/#organization","name":"IVAM","url":"https:\/\/ivam.es\/es\/","logo":{"@type":"ImageObject","inLanguage":"es","@id":"https:\/\/ivam.es\/es\/#\/schema\/logo\/image\/","url":"https:\/\/ivam.es\/wp-content\/uploads\/logo-ok-512.png","contentUrl":"https:\/\/ivam.es\/wp-content\/uploads\/logo-ok-512.png","width":512,"height":512,"caption":"IVAM"},"image":{"@id":"https:\/\/ivam.es\/es\/#\/schema\/logo\/image\/"}}]}},"_links":{"self":[{"href":"https:\/\/ivam.es\/es\/wp-json\/wp\/v2\/pages\/19144","targetHints":{"allow":["GET"]}}],"collection":[{"href":"https:\/\/ivam.es\/es\/wp-json\/wp\/v2\/pages"}],"about":[{"href":"https:\/\/ivam.es\/es\/wp-json\/wp\/v2\/types\/page"}],"author":[{"embeddable":true,"href":"https:\/\/ivam.es\/es\/wp-json\/wp\/v2\/users\/3"}],"replies":[{"embeddable":true,"href":"https:\/\/ivam.es\/es\/wp-json\/wp\/v2\/comments?post=19144"}],"version-history":[{"count":41,"href":"https:\/\/ivam.es\/es\/wp-json\/wp\/v2\/pages\/19144\/revisions"}],"predecessor-version":[{"id":42467,"href":"https:\/\/ivam.es\/es\/wp-json\/wp\/v2\/pages\/19144\/revisions\/42467"}],"wp:attachment":[{"href":"https:\/\/ivam.es\/es\/wp-json\/wp\/v2\/media?parent=19144"}],"curies":[{"name":"wp","href":"https:\/\/api.w.org\/{rel}","templated":true}]}}