{"id":1456,"date":"2015-03-16T18:34:03","date_gmt":"2015-03-16T18:34:03","guid":{"rendered":"http:\/\/ivam.jomanetworks.com\/?page_id=1456"},"modified":"2016-11-15T18:09:49","modified_gmt":"2016-11-15T16:09:49","slug":"otros-beneficiarios-de-entrada-libre-en-el-ivam","status":"publish","type":"page","link":"https:\/\/ivam.es\/es\/otros-beneficiarios-de-entrada-libre-en-el-ivam\/","title":{"rendered":"Otros beneficiarios de entrada libre en el IVAM"},"content":{"rendered":"<p>Amigos del IVAM<\/p>\n<p>Amigos del IVAM Estudiante<\/p>\n<p>Miembro de honor (2 personas)<\/p>\n<p>Patrocinadores del IVAM<\/p>\n<p>Amigos Guggenheim<\/p>\n<p>Amigos Patio Herreriano<\/p>\n<p>Amigos Museo Picasso<\/p>\n<p>Amigo Centro de Arte Contempor\u00e1neo<\/p>\n<p>Asociaci\u00f3n MAV (Asociaci\u00f3n Mujeres de las Artes Visuales Contempor\u00e1neas)<\/p>\n<p>Asociaci\u00f3n de Artistas de Catalu\u00f1a<\/p>\n<p>Acompa\u00f1ante discapacitado<\/p>\n<p>Familia numerosa<\/p>\n<p>Prensa<\/p>\n<p>Instituto Arte Contempor\u00e1neo<\/p>\n<p>Personal Filmoteca<\/p>\n<p>Gu\u00edas oficiales de Valencia<\/p>\n<p>Profesores<\/p>\n<p>Carnet ICOM<\/p>\n<p>Carnet CIMAM<\/p>\n<p>Acta Hoteles<\/p>\n","protected":false},"excerpt":{"rendered":"<p>Amigos del IVAM Amigos del IVAM Estudiante Miembro de honor (2 personas) Patrocinadores del IVAM Amigos Guggenheim Amigos Patio Herreriano Amigos Museo Picasso Amigo Centro de Arte Contempor\u00e1neo Asociaci\u00f3n MAV (Asociaci\u00f3n Mujeres de las Artes Visuales Contempor\u00e1neas) Asociaci\u00f3n de Artistas de Catalu\u00f1a Acompa\u00f1ante discapacitado Familia numerosa Prensa Instituto Arte Contempor\u00e1neo Personal Filmoteca Gu\u00edas oficiales de [&hellip;]<\/p>\n","protected":false},"author":3,"featured_media":0,"parent":0,"menu_order":265,"comment_status":"closed","ping_status":"closed","template":"","meta":{"footnotes":""},"class_list":["post-1456","page","type-page","status-publish","hentry"],"yoast_head":"<!-- This site is optimized with the Yoast SEO plugin v26.0 - https:\/\/yoast.com\/wordpress\/plugins\/seo\/ -->\n<title>Otros beneficiarios de entrada libre en el IVAM - IVAM<\/title>\n<meta name=\"robots\" content=\"index, follow, max-snippet:-1, max-image-preview:large, max-video-preview:-1\" \/>\n<link rel=\"canonical\" href=\"https:\/\/ivam.es\/es\/otros-beneficiarios-de-entrada-libre-en-el-ivam\/\" \/>\n<meta property=\"og:locale\" content=\"es_ES\" \/>\n<meta property=\"og:type\" content=\"article\" \/>\n<meta property=\"og:title\" content=\"Otros beneficiarios de entrada libre en el IVAM - IVAM\" \/>\n<meta property=\"og:description\" content=\"Amigos del IVAM Amigos del IVAM Estudiante Miembro de honor (2 personas) Patrocinadores del IVAM Amigos Guggenheim Amigos Patio Herreriano Amigos Museo Picasso Amigo Centro de Arte Contempor\u00e1neo Asociaci\u00f3n MAV (Asociaci\u00f3n Mujeres de las Artes Visuales Contempor\u00e1neas) Asociaci\u00f3n de Artistas de Catalu\u00f1a Acompa\u00f1ante discapacitado Familia numerosa Prensa Instituto Arte Contempor\u00e1neo Personal Filmoteca Gu\u00edas oficiales de [&hellip;]\" \/>\n<meta property=\"og:url\" content=\"https:\/\/ivam.es\/es\/otros-beneficiarios-de-entrada-libre-en-el-ivam\/\" \/>\n<meta property=\"og:site_name\" content=\"IVAM\" \/>\n<meta property=\"article:modified_time\" content=\"2016-11-15T16:09:49+00:00\" \/>\n<meta name=\"twitter:card\" content=\"summary_large_image\" \/>\n<script type=\"application\/ld+json\" class=\"yoast-schema-graph\">{\"@context\":\"https:\/\/schema.org\",\"@graph\":[{\"@type\":\"WebPage\",\"@id\":\"https:\/\/ivam.es\/es\/otros-beneficiarios-de-entrada-libre-en-el-ivam\/\",\"url\":\"https:\/\/ivam.es\/es\/otros-beneficiarios-de-entrada-libre-en-el-ivam\/\",\"name\":\"Otros beneficiarios de entrada libre en el IVAM - IVAM\",\"isPartOf\":{\"@id\":\"https:\/\/ivam.es\/es\/#website\"},\"datePublished\":\"2015-03-16T18:34:03+00:00\",\"dateModified\":\"2016-11-15T16:09:49+00:00\",\"breadcrumb\":{\"@id\":\"https:\/\/ivam.es\/es\/otros-beneficiarios-de-entrada-libre-en-el-ivam\/#breadcrumb\"},\"inLanguage\":\"es\",\"potentialAction\":[{\"@type\":\"ReadAction\",\"target\":[\"https:\/\/ivam.es\/es\/otros-beneficiarios-de-entrada-libre-en-el-ivam\/\"]}]},{\"@type\":\"BreadcrumbList\",\"@id\":\"https:\/\/ivam.es\/es\/otros-beneficiarios-de-entrada-libre-en-el-ivam\/#breadcrumb\",\"itemListElement\":[{\"@type\":\"ListItem\",\"position\":1,\"name\":\"Home\",\"item\":\"https:\/\/ivam.es\/es\/\"},{\"@type\":\"ListItem\",\"position\":2,\"name\":\"Otros beneficiarios de entrada libre en el IVAM\"}]},{\"@type\":\"WebSite\",\"@id\":\"https:\/\/ivam.es\/es\/#website\",\"url\":\"https:\/\/ivam.es\/es\/\",\"name\":\"IVAM\",\"description\":\"Institut Valenci\u00e0 d&#039;Art Modern\",\"publisher\":{\"@id\":\"https:\/\/ivam.es\/es\/#organization\"},\"potentialAction\":[{\"@type\":\"SearchAction\",\"target\":{\"@type\":\"EntryPoint\",\"urlTemplate\":\"https:\/\/ivam.es\/es\/?s={search_term_string}\"},\"query-input\":{\"@type\":\"PropertyValueSpecification\",\"valueRequired\":true,\"valueName\":\"search_term_string\"}}],\"inLanguage\":\"es\"},{\"@type\":\"Organization\",\"@id\":\"https:\/\/ivam.es\/es\/#organization\",\"name\":\"IVAM\",\"url\":\"https:\/\/ivam.es\/es\/\",\"logo\":{\"@type\":\"ImageObject\",\"inLanguage\":\"es\",\"@id\":\"https:\/\/ivam.es\/es\/#\/schema\/logo\/image\/\",\"url\":\"https:\/\/ivam.es\/wp-content\/uploads\/logo-ok-512.png\",\"contentUrl\":\"https:\/\/ivam.es\/wp-content\/uploads\/logo-ok-512.png\",\"width\":512,\"height\":512,\"caption\":\"IVAM\"},\"image\":{\"@id\":\"https:\/\/ivam.es\/es\/#\/schema\/logo\/image\/\"}}]}<\/script>\n<!-- \/ Yoast SEO plugin. -->","yoast_head_json":{"title":"Otros beneficiarios de entrada libre en el IVAM - IVAM","robots":{"index":"index","follow":"follow","max-snippet":"max-snippet:-1","max-image-preview":"max-image-preview:large","max-video-preview":"max-video-preview:-1"},"canonical":"https:\/\/ivam.es\/es\/otros-beneficiarios-de-entrada-libre-en-el-ivam\/","og_locale":"es_ES","og_type":"article","og_title":"Otros beneficiarios de entrada libre en el IVAM - IVAM","og_description":"Amigos del IVAM Amigos del IVAM Estudiante Miembro de honor (2 personas) Patrocinadores del IVAM Amigos Guggenheim Amigos Patio Herreriano Amigos Museo Picasso Amigo Centro de Arte Contempor\u00e1neo Asociaci\u00f3n MAV (Asociaci\u00f3n Mujeres de las Artes Visuales Contempor\u00e1neas) Asociaci\u00f3n de Artistas de Catalu\u00f1a Acompa\u00f1ante discapacitado Familia numerosa Prensa Instituto Arte Contempor\u00e1neo Personal Filmoteca Gu\u00edas oficiales de [&hellip;]","og_url":"https:\/\/ivam.es\/es\/otros-beneficiarios-de-entrada-libre-en-el-ivam\/","og_site_name":"IVAM","article_modified_time":"2016-11-15T16:09:49+00:00","twitter_card":"summary_large_image","schema":{"@context":"https:\/\/schema.org","@graph":[{"@type":"WebPage","@id":"https:\/\/ivam.es\/es\/otros-beneficiarios-de-entrada-libre-en-el-ivam\/","url":"https:\/\/ivam.es\/es\/otros-beneficiarios-de-entrada-libre-en-el-ivam\/","name":"Otros beneficiarios de entrada libre en el IVAM - IVAM","isPartOf":{"@id":"https:\/\/ivam.es\/es\/#website"},"datePublished":"2015-03-16T18:34:03+00:00","dateModified":"2016-11-15T16:09:49+00:00","breadcrumb":{"@id":"https:\/\/ivam.es\/es\/otros-beneficiarios-de-entrada-libre-en-el-ivam\/#breadcrumb"},"inLanguage":"es","potentialAction":[{"@type":"ReadAction","target":["https:\/\/ivam.es\/es\/otros-beneficiarios-de-entrada-libre-en-el-ivam\/"]}]},{"@type":"BreadcrumbList","@id":"https:\/\/ivam.es\/es\/otros-beneficiarios-de-entrada-libre-en-el-ivam\/#breadcrumb","itemListElement":[{"@type":"ListItem","position":1,"name":"Home","item":"https:\/\/ivam.es\/es\/"},{"@type":"ListItem","position":2,"name":"Otros beneficiarios de entrada libre en el IVAM"}]},{"@type":"WebSite","@id":"https:\/\/ivam.es\/es\/#website","url":"https:\/\/ivam.es\/es\/","name":"IVAM","description":"Institut Valenci\u00e0 d&#039;Art Modern","publisher":{"@id":"https:\/\/ivam.es\/es\/#organization"},"potentialAction":[{"@type":"SearchAction","target":{"@type":"EntryPoint","urlTemplate":"https:\/\/ivam.es\/es\/?s={search_term_string}"},"query-input":{"@type":"PropertyValueSpecification","valueRequired":true,"valueName":"search_term_string"}}],"inLanguage":"es"},{"@type":"Organization","@id":"https:\/\/ivam.es\/es\/#organization","name":"IVAM","url":"https:\/\/ivam.es\/es\/","logo":{"@type":"ImageObject","inLanguage":"es","@id":"https:\/\/ivam.es\/es\/#\/schema\/logo\/image\/","url":"https:\/\/ivam.es\/wp-content\/uploads\/logo-ok-512.png","contentUrl":"https:\/\/ivam.es\/wp-content\/uploads\/logo-ok-512.png","width":512,"height":512,"caption":"IVAM"},"image":{"@id":"https:\/\/ivam.es\/es\/#\/schema\/logo\/image\/"}}]}},"_links":{"self":[{"href":"https:\/\/ivam.es\/es\/wp-json\/wp\/v2\/pages\/1456","targetHints":{"allow":["GET"]}}],"collection":[{"href":"https:\/\/ivam.es\/es\/wp-json\/wp\/v2\/pages"}],"about":[{"href":"https:\/\/ivam.es\/es\/wp-json\/wp\/v2\/types\/page"}],"author":[{"embeddable":true,"href":"https:\/\/ivam.es\/es\/wp-json\/wp\/v2\/users\/3"}],"replies":[{"embeddable":true,"href":"https:\/\/ivam.es\/es\/wp-json\/wp\/v2\/comments?post=1456"}],"version-history":[{"count":11,"href":"https:\/\/ivam.es\/es\/wp-json\/wp\/v2\/pages\/1456\/revisions"}],"predecessor-version":[{"id":29856,"href":"https:\/\/ivam.es\/es\/wp-json\/wp\/v2\/pages\/1456\/revisions\/29856"}],"wp:attachment":[{"href":"https:\/\/ivam.es\/es\/wp-json\/wp\/v2\/media?parent=1456"}],"curies":[{"name":"wp","href":"https:\/\/api.w.org\/{rel}","templated":true}]}}