{"id":112048,"date":"2025-11-28T13:21:05","date_gmt":"2025-11-28T11:21:05","guid":{"rendered":"https:\/\/ivam.es\/?page_id=112048"},"modified":"2026-04-10T11:26:21","modified_gmt":"2026-04-10T09:26:21","slug":"museo-anfibio","status":"publish","type":"page","link":"https:\/\/ivam.es\/es\/museo-anfibio\/","title":{"rendered":"Museo Anfibio"},"content":{"rendered":"\n<p><em>Museo\u00a0Anfibio<\/em>\u00a0es un\u00a0museo\u00a0dentro del\u00a0museo, un impulso del IVAM hacia entender la propia instituci\u00f3n como un organismo en s\u00ed mismo, un ser h\u00edbrido, simb\u00f3lico, conector y, a su vez, activador de una programaci\u00f3n que se entreteje en las acciones y proyectos del\u00a0museo.<\/p>\n\n\n\n<p class=\"has-text-align-left\">Haciendo uso de esta met\u00e1fora, el IVAM se piensa como un&nbsp;museo&nbsp;anfibio, una parainstituci\u00f3n mediadora entre distintos territorios f\u00edsicos y simb\u00f3licos, generando nutrientes y vida, memorias y saberes&nbsp;a trav\u00e9s de propuestas que engloban las exposiciones, el trabajo con artistas, acciones y actividades diversas, as\u00ed como una l\u00ednea editorial espec\u00edfica. <\/p>\n\n\n\n<p>En este apartado web se desglosan todas las acciones anfibias, \u00a1os esperamos en ellas!<\/p>\n\n\n\n<p><\/p>\n\n\n\n<p><\/p>\n","protected":false},"excerpt":{"rendered":"<p>Museo\u00a0Anfibio\u00a0es un\u00a0museo\u00a0dentro del\u00a0museo, un impulso del IVAM hacia entender la propia instituci\u00f3n como un organismo en s\u00ed mismo, un ser h\u00edbrido, simb\u00f3lico, conector y, a su vez, activador de una programaci\u00f3n que se entreteje en las acciones y proyectos del\u00a0museo. Haciendo uso de esta met\u00e1fora, el IVAM se piensa como un&nbsp;museo&nbsp;anfibio, una parainstituci\u00f3n mediadora entre [&hellip;]<\/p>\n","protected":false},"author":296,"featured_media":0,"parent":0,"menu_order":0,"comment_status":"closed","ping_status":"closed","template":"custom-museo-anfibio.php","meta":{"footnotes":""},"class_list":["post-112048","page","type-page","status-publish","hentry"],"yoast_head":"<!-- This site is optimized with the Yoast SEO plugin v26.0 - https:\/\/yoast.com\/wordpress\/plugins\/seo\/ -->\n<title>Museo Anfibio - IVAM<\/title>\n<meta name=\"description\" content=\"Desde esta visi\u00f3n se desarrollar\u00e1n proyectos curatoriales y art\u00edsticos que incorporar\u00e1n formatos h\u00edbridos.\" \/>\n<meta name=\"robots\" content=\"index, follow, max-snippet:-1, max-image-preview:large, max-video-preview:-1\" \/>\n<link rel=\"canonical\" href=\"https:\/\/ivam.es\/es\/museo-anfibio\/\" \/>\n<meta property=\"og:locale\" content=\"es_ES\" \/>\n<meta property=\"og:type\" content=\"article\" \/>\n<meta property=\"og:title\" content=\"Museo Anfibio - IVAM\" \/>\n<meta property=\"og:description\" content=\"Desde esta visi\u00f3n se desarrollar\u00e1n proyectos curatoriales y art\u00edsticos que incorporar\u00e1n formatos h\u00edbridos.\" \/>\n<meta property=\"og:url\" content=\"https:\/\/ivam.es\/es\/museo-anfibio\/\" \/>\n<meta property=\"og:site_name\" content=\"IVAM\" \/>\n<meta property=\"article:modified_time\" content=\"2026-04-10T09:26:21+00:00\" \/>\n<meta name=\"twitter:card\" content=\"summary_large_image\" \/>\n<meta name=\"twitter:label1\" content=\"Tiempo de lectura\" \/>\n\t<meta name=\"twitter:data1\" content=\"1 minuto\" \/>\n<script type=\"application\/ld+json\" class=\"yoast-schema-graph\">{\"@context\":\"https:\/\/schema.org\",\"@graph\":[{\"@type\":\"WebPage\",\"@id\":\"https:\/\/ivam.es\/es\/museo-anfibio\/\",\"url\":\"https:\/\/ivam.es\/es\/museo-anfibio\/\",\"name\":\"Museo Anfibio - IVAM\",\"isPartOf\":{\"@id\":\"https:\/\/ivam.es\/es\/#website\"},\"datePublished\":\"2025-11-28T11:21:05+00:00\",\"dateModified\":\"2026-04-10T09:26:21+00:00\",\"description\":\"Desde esta visi\u00f3n se desarrollar\u00e1n proyectos curatoriales y art\u00edsticos que incorporar\u00e1n formatos h\u00edbridos.\",\"breadcrumb\":{\"@id\":\"https:\/\/ivam.es\/es\/museo-anfibio\/#breadcrumb\"},\"inLanguage\":\"es\",\"potentialAction\":[{\"@type\":\"ReadAction\",\"target\":[\"https:\/\/ivam.es\/es\/museo-anfibio\/\"]}]},{\"@type\":\"BreadcrumbList\",\"@id\":\"https:\/\/ivam.es\/es\/museo-anfibio\/#breadcrumb\",\"itemListElement\":[{\"@type\":\"ListItem\",\"position\":1,\"name\":\"Home\",\"item\":\"https:\/\/ivam.es\/es\/\"},{\"@type\":\"ListItem\",\"position\":2,\"name\":\"Museo Anfibio\"}]},{\"@type\":\"WebSite\",\"@id\":\"https:\/\/ivam.es\/es\/#website\",\"url\":\"https:\/\/ivam.es\/es\/\",\"name\":\"IVAM\",\"description\":\"Institut Valenci\u00e0 d&#039;Art Modern\",\"publisher\":{\"@id\":\"https:\/\/ivam.es\/es\/#organization\"},\"potentialAction\":[{\"@type\":\"SearchAction\",\"target\":{\"@type\":\"EntryPoint\",\"urlTemplate\":\"https:\/\/ivam.es\/es\/?s={search_term_string}\"},\"query-input\":{\"@type\":\"PropertyValueSpecification\",\"valueRequired\":true,\"valueName\":\"search_term_string\"}}],\"inLanguage\":\"es\"},{\"@type\":\"Organization\",\"@id\":\"https:\/\/ivam.es\/es\/#organization\",\"name\":\"IVAM\",\"url\":\"https:\/\/ivam.es\/es\/\",\"logo\":{\"@type\":\"ImageObject\",\"inLanguage\":\"es\",\"@id\":\"https:\/\/ivam.es\/es\/#\/schema\/logo\/image\/\",\"url\":\"https:\/\/ivam.es\/wp-content\/uploads\/logo-ok-512.png\",\"contentUrl\":\"https:\/\/ivam.es\/wp-content\/uploads\/logo-ok-512.png\",\"width\":512,\"height\":512,\"caption\":\"IVAM\"},\"image\":{\"@id\":\"https:\/\/ivam.es\/es\/#\/schema\/logo\/image\/\"}}]}<\/script>\n<!-- \/ Yoast SEO plugin. -->","yoast_head_json":{"title":"Museo Anfibio - IVAM","description":"Desde esta visi\u00f3n se desarrollar\u00e1n proyectos curatoriales y art\u00edsticos que incorporar\u00e1n formatos h\u00edbridos.","robots":{"index":"index","follow":"follow","max-snippet":"max-snippet:-1","max-image-preview":"max-image-preview:large","max-video-preview":"max-video-preview:-1"},"canonical":"https:\/\/ivam.es\/es\/museo-anfibio\/","og_locale":"es_ES","og_type":"article","og_title":"Museo Anfibio - IVAM","og_description":"Desde esta visi\u00f3n se desarrollar\u00e1n proyectos curatoriales y art\u00edsticos que incorporar\u00e1n formatos h\u00edbridos.","og_url":"https:\/\/ivam.es\/es\/museo-anfibio\/","og_site_name":"IVAM","article_modified_time":"2026-04-10T09:26:21+00:00","twitter_card":"summary_large_image","twitter_misc":{"Tiempo de lectura":"1 minuto"},"schema":{"@context":"https:\/\/schema.org","@graph":[{"@type":"WebPage","@id":"https:\/\/ivam.es\/es\/museo-anfibio\/","url":"https:\/\/ivam.es\/es\/museo-anfibio\/","name":"Museo Anfibio - IVAM","isPartOf":{"@id":"https:\/\/ivam.es\/es\/#website"},"datePublished":"2025-11-28T11:21:05+00:00","dateModified":"2026-04-10T09:26:21+00:00","description":"Desde esta visi\u00f3n se desarrollar\u00e1n proyectos curatoriales y art\u00edsticos que incorporar\u00e1n formatos h\u00edbridos.","breadcrumb":{"@id":"https:\/\/ivam.es\/es\/museo-anfibio\/#breadcrumb"},"inLanguage":"es","potentialAction":[{"@type":"ReadAction","target":["https:\/\/ivam.es\/es\/museo-anfibio\/"]}]},{"@type":"BreadcrumbList","@id":"https:\/\/ivam.es\/es\/museo-anfibio\/#breadcrumb","itemListElement":[{"@type":"ListItem","position":1,"name":"Home","item":"https:\/\/ivam.es\/es\/"},{"@type":"ListItem","position":2,"name":"Museo Anfibio"}]},{"@type":"WebSite","@id":"https:\/\/ivam.es\/es\/#website","url":"https:\/\/ivam.es\/es\/","name":"IVAM","description":"Institut Valenci\u00e0 d&#039;Art Modern","publisher":{"@id":"https:\/\/ivam.es\/es\/#organization"},"potentialAction":[{"@type":"SearchAction","target":{"@type":"EntryPoint","urlTemplate":"https:\/\/ivam.es\/es\/?s={search_term_string}"},"query-input":{"@type":"PropertyValueSpecification","valueRequired":true,"valueName":"search_term_string"}}],"inLanguage":"es"},{"@type":"Organization","@id":"https:\/\/ivam.es\/es\/#organization","name":"IVAM","url":"https:\/\/ivam.es\/es\/","logo":{"@type":"ImageObject","inLanguage":"es","@id":"https:\/\/ivam.es\/es\/#\/schema\/logo\/image\/","url":"https:\/\/ivam.es\/wp-content\/uploads\/logo-ok-512.png","contentUrl":"https:\/\/ivam.es\/wp-content\/uploads\/logo-ok-512.png","width":512,"height":512,"caption":"IVAM"},"image":{"@id":"https:\/\/ivam.es\/es\/#\/schema\/logo\/image\/"}}]}},"_links":{"self":[{"href":"https:\/\/ivam.es\/es\/wp-json\/wp\/v2\/pages\/112048","targetHints":{"allow":["GET"]}}],"collection":[{"href":"https:\/\/ivam.es\/es\/wp-json\/wp\/v2\/pages"}],"about":[{"href":"https:\/\/ivam.es\/es\/wp-json\/wp\/v2\/types\/page"}],"author":[{"embeddable":true,"href":"https:\/\/ivam.es\/es\/wp-json\/wp\/v2\/users\/296"}],"replies":[{"embeddable":true,"href":"https:\/\/ivam.es\/es\/wp-json\/wp\/v2\/comments?post=112048"}],"version-history":[{"count":28,"href":"https:\/\/ivam.es\/es\/wp-json\/wp\/v2\/pages\/112048\/revisions"}],"predecessor-version":[{"id":115430,"href":"https:\/\/ivam.es\/es\/wp-json\/wp\/v2\/pages\/112048\/revisions\/115430"}],"wp:attachment":[{"href":"https:\/\/ivam.es\/es\/wp-json\/wp\/v2\/media?parent=112048"}],"curies":[{"name":"wp","href":"https:\/\/api.w.org\/{rel}","templated":true}]}}