{"id":79745,"date":"2023-11-15T11:13:47","date_gmt":"2023-11-15T09:13:47","guid":{"rendered":"https:\/\/ivam.es\/?page_id=79745"},"modified":"2023-08-30T09:22:13","modified_gmt":"2023-08-30T07:22:13","slug":"articulacions-ivam-uv-upv-study-programme-23-24","status":"publish","type":"page","link":"https:\/\/ivam.es\/en\/articulacions-ivam-uv-upv-study-programme-23-24\/","title":{"rendered":"Articulacions &#8211; IVAM \u00b7 UV \u00b7 UPV study programme 23\/24"},"content":{"rendered":"<p style=\"text-align: justify;\"><strong>2nd EDITION. 4 October 2023 \u2013 28 June 2024<\/strong><\/p>\n<p>The word \u201carticulate\u201d derives from the Latin <em>articulus<\/em>, meaning a joint, a connective part. An <em>articulus <\/em>is something able to bridge what is externally visible with the microscopically invisible, joining micro to macro and shifting the dualistic debate around scale to the issue of articulating, joining or relating. As an adjective, \u201carticulate\u201d refers to the ability to use language to express complex concepts, to hold layers of meaning, and to eloquently enable listening. Accompanied by the term \u201creticulated\u201d, however, it refers to the ability to create a skin, a membrane, or embodied knowledge.<\/p>\n<p>The programme ARTICULACIONS 2023\/24 aims at \u201creticulated articulation\u201d. The strength to transform words, gestures or the politics of images and acts into a weave, an epidermis or envelopment gives continuity to our understanding of the IVAM as a living organism. The museum opens up and deploys a series of organs with the will to make a body, a body that feeds off friction with other circulating bodies, no matter what their scale or nature. Our study programme in collaboration with the Universitat Polit\u00e8cnica de Val\u00e8ncia and the Universitat de Val\u00e8ncia is a means to strengthen our public vocation, while also enabling a transdisciplinary pedagogical experiment sensitive to the emergencies of our wounded planet, which so badly needs other ways of being in the world.<\/p>\n<p>The four modules of the programme: <em>Contemporary metabolic practices; Ruptures and remediations of discourse; Walking with our heads, thinking with our feet; and Singular\/Plural<\/em>, will allow us to rehearse new working methods assisted by post-identity feminisms, popular and decolonial practices, processes of globalisation and virtualisation, speculative and collective narratives, and environmental caring.<\/p>\n<p>Students of this programme will be part of a heterodox institutional project which focuses on careful attention to social, creative and thought processes rather than simple results. By joining this programme, you \u201cpractice with\u201d a community of students, professors with different professional and academic profiles, from different geographies, whose practices incisively and critically mould how different contemporary art expressions are understood, practised and thought about.<\/p>\n<p>You will be given the critical capacities to analyse, design and create different types of cultural projects both individually and collectively. Final projects will be materialised at the IVAM and associated entities, giving you the chance to carry out your programme and practice in the real world.<\/p>\n<p>You can explore the archive generated from the various encounters and records of the first edition <a href=\"https:\/\/ivam.es\/es\/actividades\/articulacions-programa-publico-22-23\/\">here<\/a>.<\/p>\n<p><strong><a href=\"https:\/\/ivam.es\/wp-content\/uploads\/FAQS-articulacions-23-24_OK_GAL-05-agosto.pdf\">Frequently Questions<\/a><\/strong><\/p>\n<p><strong>MODULES<\/strong><\/p>\n<p>Each module addresses the urgent issues of the present through <strong>practices, discourses, methodologies and projects<\/strong> in dialogue with the following core subjects:<\/p>\n<ul>\n<li>post-identity feminisms<\/li>\n<li>popular and decolonial practices<\/li>\n<li>processes of globalisation and virtualisation<\/li>\n<li>speculative and collective narratives<\/li>\n<li>environmental caring<\/li>\n<\/ul>\n<p><strong>Module 1 \u00b7 Practices<\/strong><br \/>\n<strong><em>Contemporary metabolic practices<\/em><\/strong><br \/>\nArtistic practices and mediation define the first unit, in which we will delve into the civilian processes that have shaped our archives and collections. By immersing ourselves in the museum and other social organisations, and seeing things through the practical perspectives of professionals in talks, laboratories and workshops, we will acquire a complex, critical view of artistic ecology. These metabolic practices will serve as a bridge between the museum and academic studies, but also between the institutions and reality.<\/p>\n<p><strong>Module 2 \u00b7 Discourses<\/strong><br \/>\n<strong><em>Ruptures and remediations of discourse<\/em><\/strong><em>\u00a0<\/em><br \/>\nModule 2 of the programme is defined by thinking in action, the discourses which have shaped what we know as modernity, and the ruptures that have managed to destabilise the status quo. Through talks, conferences, seminars and workshops, participants in the programme will undergo a learning process that will open up new paths for understanding how to approach ruptures in civilisation by developing new, democratic, feminist, ecological, decolonial, technological, urban and citizen-based forms of remediation.<\/p>\n<p><strong>Module 3 \u00b7 Methodologies<\/strong><br \/>\n<strong><em>Walking with our heads, thinking with our feet\u00a0<\/em><\/strong><br \/>\nIn Module 3, we \u201cdigest\u201d the theoretical premises and cultural practices developed in the programme (forms of critical knowledge, management, mediation, artistic production, research, etc.) in order to articulate the methodological approaches that will define the final projects. A diverse experience of reading groups and experimental methodologies will help to broaden the roles, tools and spaces that define the \u201ccontemporary\u201d.<\/p>\n<p><strong>Module 4 \u00b7 Singular \/ Plural<\/strong><br \/>\nAn expanded writing (singular) project, and a programming, mediation, creation or performative (plural) project will give shape to the final project. In June 2024, presentations open to the public will be given as part of the IVAM and associated entities\u2019 programmes.<\/p>\n<p><strong>ACADEMIC STAFF<\/strong><\/p>\n<p><strong>Academic directors:<\/strong> Laura Vall\u00e9s V\u00edlchez (IVAM), Hasan G. L\u00f3pez (UV), Eva \u00c1lvarez, Carlos G\u00f3mez (UPV)<\/p>\n<p><strong>Accompaniment and consultancy: <\/strong>Societat Doctor Alonso (Sof\u00eda Asencio, Tom\u00e1s Aragay), Taller Placer (Paula Miralles, Vicente Arlandis), Migue Mart\u00ednez<\/p>\n<p><strong>Contemporary metabolic practices<\/strong><\/p>\n<p>IVAM: Alejandra Riera (artist), Otobong Nkanga (artist), Fabrizio Terranova (filmmaker), Laura Vall\u00e9s V\u00edlchez (curator and director of Concreta), Bulegoa (art and knowledge office), La repartidora (associative bookstore), Antonio Collados ( researcher), Andrea Soto Calder\u00f3n (philosopher and writer), Jara Rocha (researcher), Laurence Rassel (director of erg), Caja Negra (publisher), Sandi Hilal (architect); Tania Adam (journalist and cultural producer); Yinka Esi Graves (flamenco dancer); Elvira Espejo Ayca (weaver, speaker and director of the MUSEF); Andr\u00e9 Lepecki (writer and performance curator) Pedro G. Romero (artist); Carlos A. Saur\u00ed (curator and director of the Espai d&#8217;Art Contemporani de Castell\u00f3) and Mar\u00eda Puig de la Bellacasa (researcher)<\/p>\n<p><strong>Ruptures and remediations of discourse<\/strong><\/p>\n<p>University of Valencia: Mireia Ferrer \u00c1lvarez (professor in the Art History area of \u200b\u200bthe Faculty of Geography and History); Anacleto Ferrer Mas (professor of the area of \u200b\u200bAesthetics and Theory of the Arts of the Faculty of Philosophy); Hasan G. L\u00f3pez (professor in the area of \u200b\u200bAesthetics and Theory of Art at the Faculty of Philosophy); Eva Momp\u00f3 L\u00f3pez (professor in the Didactics and School Organization area of \u200b\u200bthe Faculty of Education Sciences); Nicol\u00e1s S\u00e1nchez Dur\u00e1 (professor of the Metaphysics area of \u200b\u200bthe Faculty of Philosophy); Teresa Vicente Rabanaque (professor in the area of \u200b\u200bSocial and Cultural Anthropology at the Faculty of Social Sciences); Vanessa Vidal (professor in the area of \u200b\u200bAesthetics and Theory of Art at the Faculty of Philosophy); Luis Vives (Professor of Art History) and Pau Carazo (Professor of Zoology)<\/p>\n<p>Polytechnic University of Valencia: Juan Vicente Aliaga (professor of gender, sexuality, politics in contemporary artistic practices at the Faculty of Fine Arts); Eva \u00c1lvarez (professor in the Department of Architectural Projects at the UPV); Carlos G\u00f3mez (professor in the Department of Architectural Projects at the UPV); Mijo Miquel (professor of Theory and Visual Practices in the Contemporary City at the Faculty of Fine Arts); Guille Palau (director of the Department of Rural and Agri-Food Engineering, expert in applied creativity, innovation and team management), Marina Pastor (director of the Department of Sculpture at the Faculty of Fine Arts), Elena Rocamora (professor of aesthetics and visual culture at the Faculty of Fine Arts) and Guillermo Ros (a sculpture professor at the Faculty of Fine Arts)<\/p>\n<p><strong>Walking with our heads, thinking with our feet <\/strong><\/p>\n<p>Migue Mart\u00ednez Garc\u00eda (researcher); Societat Doctor Alonso (Sof\u00eda Asencio and Tom\u00e1s Aragay, playwrights and performers), Taller Placer (Paula Miralles, Vicente Arlandis, artists)<\/p>\n<p><strong>Singular \/ Plural<\/strong><\/p>\n<p>Academic managers and managers of accompaniments and consultancies<\/p>\n<p><strong>QUALIFICATIONS:<\/strong>\u00a0\u00a0UV: Certificate in \u00a0<em>Articulations.\u00a0<\/em><em>Thinking and Critical Practices\u00a0IVAM<\/em>\u00a0(30 ECTS) + UPV: Diploma of University Extension in\u00a0<em>Articulations. IVAM Contemporary Artistic Practices<\/em>\u00a0(30 ECTS).<br \/>\nThe programme of studies is designed to be followed jointly and simultaneously at the IVAM and students must therefore enrol for both qualifications. The IVAM will provide a certificate of achievement.<\/p>\n<p><strong>DATES:<\/strong>\u00a004.10.23 \u2013 28.06.2024<\/p>\n<p><strong>REQUIREMENTS<\/strong>: Interest in contemporary art practices, critical thinking, aesthetics and art histories. No prior qualifications are required.<\/p>\n<p><strong>REGISTRATION: <\/strong>1900\u20ac (includes both certificates)<\/p>\n<p><strong>MODALIDAD:<\/strong>\u00a0\u00a0In person<\/p>\n<p><strong>TIMETABLE:<\/strong>\u00a0 Monday \u2013 Friday, 10.00 \u2013 14.00<\/p>\n<p><strong>VENUE:<\/strong>\u00a0IVAM. Centre Julio Gonz\u00e1lez<br \/>\nSome sessions may be held at the universities and other associate venues.<\/p>\n<p><strong>CONTACT:\u00a0<\/strong><a href=\"mailto:Coord_ext_articulacions@ivam.es\">coord_ext_articulacions@ivam.es<\/a><\/p>\n<p><strong>+ INFO:<\/strong>\u00a0www.ivam.es\/articulacions<\/p>\n","protected":false},"excerpt":{"rendered":"<p>2nd EDITION. 4 October 2023 \u2013 28 June 2024 The word \u201carticulate\u201d derives from the Latin articulus, meaning a joint, a connective part. An articulus is something able to bridge what is externally visible with the microscopically invisible, joining micro to macro and shifting the dualistic debate around scale to the issue of articulating, joining [&hellip;]<\/p>\n","protected":false},"author":291,"featured_media":0,"parent":0,"menu_order":0,"comment_status":"closed","ping_status":"closed","template":"","meta":{"footnotes":""},"class_list":["post-79745","page","type-page","status-publish","hentry"],"yoast_head":"<!-- This site is optimized with the Yoast SEO plugin v26.0 - https:\/\/yoast.com\/wordpress\/plugins\/seo\/ -->\n<title>Articulacions - IVAM \u00b7 UV \u00b7 UPV study programme 23\/24 - IVAM<\/title>\n<meta name=\"robots\" content=\"index, follow, max-snippet:-1, max-image-preview:large, max-video-preview:-1\" \/>\n<link rel=\"canonical\" href=\"https:\/\/ivam.es\/en\/articulacions-ivam-uv-upv-study-programme-23-24\/\" \/>\n<meta property=\"og:locale\" content=\"en_US\" \/>\n<meta property=\"og:type\" content=\"article\" \/>\n<meta property=\"og:title\" content=\"Articulacions - IVAM \u00b7 UV \u00b7 UPV study programme 23\/24 - IVAM\" \/>\n<meta property=\"og:description\" content=\"2nd EDITION. 4 October 2023 \u2013 28 June 2024 The word \u201carticulate\u201d derives from the Latin articulus, meaning a joint, a connective part. An articulus is something able to bridge what is externally visible with the microscopically invisible, joining micro to macro and shifting the dualistic debate around scale to the issue of articulating, joining [&hellip;]\" \/>\n<meta property=\"og:url\" content=\"https:\/\/ivam.es\/en\/articulacions-ivam-uv-upv-study-programme-23-24\/\" \/>\n<meta property=\"og:site_name\" content=\"IVAM\" \/>\n<meta name=\"twitter:card\" content=\"summary_large_image\" \/>\n<meta name=\"twitter:label1\" content=\"Est. reading time\" \/>\n\t<meta name=\"twitter:data1\" content=\"6 minutes\" \/>\n<script type=\"application\/ld+json\" class=\"yoast-schema-graph\">{\"@context\":\"https:\/\/schema.org\",\"@graph\":[{\"@type\":\"WebPage\",\"@id\":\"https:\/\/ivam.es\/en\/articulacions-ivam-uv-upv-study-programme-23-24\/\",\"url\":\"https:\/\/ivam.es\/en\/articulacions-ivam-uv-upv-study-programme-23-24\/\",\"name\":\"Articulacions - IVAM \u00b7 UV \u00b7 UPV study programme 23\/24 - IVAM\",\"isPartOf\":{\"@id\":\"https:\/\/ivam.es\/en\/#website\"},\"datePublished\":\"2023-11-15T09:13:47+00:00\",\"breadcrumb\":{\"@id\":\"https:\/\/ivam.es\/en\/articulacions-ivam-uv-upv-study-programme-23-24\/#breadcrumb\"},\"inLanguage\":\"en-US\",\"potentialAction\":[{\"@type\":\"ReadAction\",\"target\":[\"https:\/\/ivam.es\/en\/articulacions-ivam-uv-upv-study-programme-23-24\/\"]}]},{\"@type\":\"BreadcrumbList\",\"@id\":\"https:\/\/ivam.es\/en\/articulacions-ivam-uv-upv-study-programme-23-24\/#breadcrumb\",\"itemListElement\":[{\"@type\":\"ListItem\",\"position\":1,\"name\":\"Home\",\"item\":\"https:\/\/ivam.es\/en\/\"},{\"@type\":\"ListItem\",\"position\":2,\"name\":\"Articulacions &#8211; IVAM \u00b7 UV \u00b7 UPV study programme 23\/24\"}]},{\"@type\":\"WebSite\",\"@id\":\"https:\/\/ivam.es\/en\/#website\",\"url\":\"https:\/\/ivam.es\/en\/\",\"name\":\"IVAM\",\"description\":\"Institut Valenci\u00e0 d&#039;Art Modern\",\"publisher\":{\"@id\":\"https:\/\/ivam.es\/en\/#organization\"},\"potentialAction\":[{\"@type\":\"SearchAction\",\"target\":{\"@type\":\"EntryPoint\",\"urlTemplate\":\"https:\/\/ivam.es\/en\/?s={search_term_string}\"},\"query-input\":{\"@type\":\"PropertyValueSpecification\",\"valueRequired\":true,\"valueName\":\"search_term_string\"}}],\"inLanguage\":\"en-US\"},{\"@type\":\"Organization\",\"@id\":\"https:\/\/ivam.es\/en\/#organization\",\"name\":\"IVAM\",\"url\":\"https:\/\/ivam.es\/en\/\",\"logo\":{\"@type\":\"ImageObject\",\"inLanguage\":\"en-US\",\"@id\":\"https:\/\/ivam.es\/en\/#\/schema\/logo\/image\/\",\"url\":\"https:\/\/ivam.es\/wp-content\/uploads\/logo-ok-512.png\",\"contentUrl\":\"https:\/\/ivam.es\/wp-content\/uploads\/logo-ok-512.png\",\"width\":512,\"height\":512,\"caption\":\"IVAM\"},\"image\":{\"@id\":\"https:\/\/ivam.es\/en\/#\/schema\/logo\/image\/\"}}]}<\/script>\n<!-- \/ Yoast SEO plugin. -->","yoast_head_json":{"title":"Articulacions - IVAM \u00b7 UV \u00b7 UPV study programme 23\/24 - IVAM","robots":{"index":"index","follow":"follow","max-snippet":"max-snippet:-1","max-image-preview":"max-image-preview:large","max-video-preview":"max-video-preview:-1"},"canonical":"https:\/\/ivam.es\/en\/articulacions-ivam-uv-upv-study-programme-23-24\/","og_locale":"en_US","og_type":"article","og_title":"Articulacions - IVAM \u00b7 UV \u00b7 UPV study programme 23\/24 - IVAM","og_description":"2nd EDITION. 4 October 2023 \u2013 28 June 2024 The word \u201carticulate\u201d derives from the Latin articulus, meaning a joint, a connective part. An articulus is something able to bridge what is externally visible with the microscopically invisible, joining micro to macro and shifting the dualistic debate around scale to the issue of articulating, joining [&hellip;]","og_url":"https:\/\/ivam.es\/en\/articulacions-ivam-uv-upv-study-programme-23-24\/","og_site_name":"IVAM","twitter_card":"summary_large_image","twitter_misc":{"Est. reading time":"6 minutes"},"schema":{"@context":"https:\/\/schema.org","@graph":[{"@type":"WebPage","@id":"https:\/\/ivam.es\/en\/articulacions-ivam-uv-upv-study-programme-23-24\/","url":"https:\/\/ivam.es\/en\/articulacions-ivam-uv-upv-study-programme-23-24\/","name":"Articulacions - IVAM \u00b7 UV \u00b7 UPV study programme 23\/24 - IVAM","isPartOf":{"@id":"https:\/\/ivam.es\/en\/#website"},"datePublished":"2023-11-15T09:13:47+00:00","breadcrumb":{"@id":"https:\/\/ivam.es\/en\/articulacions-ivam-uv-upv-study-programme-23-24\/#breadcrumb"},"inLanguage":"en-US","potentialAction":[{"@type":"ReadAction","target":["https:\/\/ivam.es\/en\/articulacions-ivam-uv-upv-study-programme-23-24\/"]}]},{"@type":"BreadcrumbList","@id":"https:\/\/ivam.es\/en\/articulacions-ivam-uv-upv-study-programme-23-24\/#breadcrumb","itemListElement":[{"@type":"ListItem","position":1,"name":"Home","item":"https:\/\/ivam.es\/en\/"},{"@type":"ListItem","position":2,"name":"Articulacions &#8211; IVAM \u00b7 UV \u00b7 UPV study programme 23\/24"}]},{"@type":"WebSite","@id":"https:\/\/ivam.es\/en\/#website","url":"https:\/\/ivam.es\/en\/","name":"IVAM","description":"Institut Valenci\u00e0 d&#039;Art Modern","publisher":{"@id":"https:\/\/ivam.es\/en\/#organization"},"potentialAction":[{"@type":"SearchAction","target":{"@type":"EntryPoint","urlTemplate":"https:\/\/ivam.es\/en\/?s={search_term_string}"},"query-input":{"@type":"PropertyValueSpecification","valueRequired":true,"valueName":"search_term_string"}}],"inLanguage":"en-US"},{"@type":"Organization","@id":"https:\/\/ivam.es\/en\/#organization","name":"IVAM","url":"https:\/\/ivam.es\/en\/","logo":{"@type":"ImageObject","inLanguage":"en-US","@id":"https:\/\/ivam.es\/en\/#\/schema\/logo\/image\/","url":"https:\/\/ivam.es\/wp-content\/uploads\/logo-ok-512.png","contentUrl":"https:\/\/ivam.es\/wp-content\/uploads\/logo-ok-512.png","width":512,"height":512,"caption":"IVAM"},"image":{"@id":"https:\/\/ivam.es\/en\/#\/schema\/logo\/image\/"}}]}},"_links":{"self":[{"href":"https:\/\/ivam.es\/en\/wp-json\/wp\/v2\/pages\/79745","targetHints":{"allow":["GET"]}}],"collection":[{"href":"https:\/\/ivam.es\/en\/wp-json\/wp\/v2\/pages"}],"about":[{"href":"https:\/\/ivam.es\/en\/wp-json\/wp\/v2\/types\/page"}],"author":[{"embeddable":true,"href":"https:\/\/ivam.es\/en\/wp-json\/wp\/v2\/users\/291"}],"replies":[{"embeddable":true,"href":"https:\/\/ivam.es\/en\/wp-json\/wp\/v2\/comments?post=79745"}],"version-history":[{"count":13,"href":"https:\/\/ivam.es\/en\/wp-json\/wp\/v2\/pages\/79745\/revisions"}],"predecessor-version":[{"id":82356,"href":"https:\/\/ivam.es\/en\/wp-json\/wp\/v2\/pages\/79745\/revisions\/82356"}],"wp:attachment":[{"href":"https:\/\/ivam.es\/en\/wp-json\/wp\/v2\/media?parent=79745"}],"curies":[{"name":"wp","href":"https:\/\/api.w.org\/{rel}","templated":true}]}}