{"id":46097,"date":"2020-06-02T12:22:35","date_gmt":"2020-06-02T10:22:35","guid":{"rendered":"\/?page_id=46097"},"modified":"2020-06-02T13:37:41","modified_gmt":"2020-06-02T11:37:41","slug":"oyvind-fahlstrom","status":"publish","type":"page","link":"https:\/\/ivam.es\/en\/oyvind-fahlstrom\/","title":{"rendered":"\u00d3YVIND FAHLSTR\u00d6M"},"content":{"rendered":"<p><a href=\"\/wp-content\/uploads\/page\/auto-draft\/Fahlstrom-Red-Seasaw-scaled.jpg\"><img loading=\"lazy\" decoding=\"async\" class=\"alignnone wp-image-45989\" src=\"\/wp-content\/uploads\/page\/auto-draft\/Fahlstrom-Red-Seasaw-300x223.jpg\" alt=\"\" width=\"808\" height=\"600\" srcset=\"https:\/\/ivam.es\/wp-content\/uploads\/page\/auto-draft\/Fahlstrom-Red-Seasaw-300x223.jpg 300w, https:\/\/ivam.es\/wp-content\/uploads\/page\/auto-draft\/Fahlstrom-Red-Seasaw-1024x760.jpg 1024w, https:\/\/ivam.es\/wp-content\/uploads\/page\/auto-draft\/Fahlstrom-Red-Seasaw-768x570.jpg 768w, https:\/\/ivam.es\/wp-content\/uploads\/page\/auto-draft\/Fahlstrom-Red-Seasaw-1536x1140.jpg 1536w, https:\/\/ivam.es\/wp-content\/uploads\/page\/auto-draft\/Fahlstrom-Red-Seasaw-2048x1520.jpg 2048w, https:\/\/ivam.es\/wp-content\/uploads\/page\/auto-draft\/Fahlstrom-Red-Seasaw-280x208.jpg 280w, https:\/\/ivam.es\/wp-content\/uploads\/page\/auto-draft\/Fahlstrom-Red-Seasaw-467x347.jpg 467w, https:\/\/ivam.es\/wp-content\/uploads\/page\/auto-draft\/Fahlstrom-Red-Seasaw-231x171.jpg 231w, https:\/\/ivam.es\/wp-content\/uploads\/page\/auto-draft\/Fahlstrom-Red-Seasaw-500x371.jpg 500w\" sizes=\"auto, (max-width: 808px) 100vw, 808px\" \/><\/a><\/p>\n<h4>Red Seesaw, 1968-69<br \/>\nWood, metal, cardboard and paint<br \/>\n115 \u00d7 233.7 \u00d7 18.5 cm<\/h4>\n<p>&nbsp;<\/p>\n<p><strong>\u00d3yvind Fahlstr\u00f6m (S\u00e3o Paulo, Brasil, 1928-Stockholm, 1976)<\/strong><\/p>\n<p>Swedish artist, poet and filmmaker \u00d3yvind Fahlstr\u00f6m is considered a pioneer in multimedia and interactive art. His work, originated under the influence of surrealism and focused on the search for new aesthetic and narrative codes, came to adopt the characteristic ingredients of pop culture. However, his motivations were very different from those of the rest of the authors who participated in this movement: his work always had the awareness and denunciation of the economic, political and social dominance systems as its ultimate purpose, with the Vietnam War, imperialism and the Cold War in the background.<\/p>\n<p>His work, beyond its appearance as a game with elements coming from the world of comics, advertising and the media, reflects the financial mechanisms regulating power relations in an ironical, revealing, sharp and ferocious way. Fahlstr\u00f6m was an artist convinced of the need for a transformative art that would analyse and influence the contradictions of society.<\/p>\n<p>Pop imagery is three-dimensionally displayed in the form of a swing in <em>Red Seesaw<\/em> with magnetised cut-outs whose position can be modified on its particular base, offering scenes that go over the present time: the two frogs that maintain the precarious balance of both the communist and capitalist blocks, the Church\u2019s castrating role with its 1968 disapproval of contraceptive methods against the individual and collective liberties that fuelled the student protests and the hippie revolt, among other icons of the ideological conflict back then and now.<\/p>\n<p>This moralising role of his work seeks the complicity of the public, who is invited to \u201cmanipulate the world\u201d and reveal the absurdity that surrounds us with the help of the images provided by the artist.<\/p>\n<h4>Josep Salvador<br \/>\nCurator<\/h4>\n","protected":false},"excerpt":{"rendered":"<p>Red Seesaw, 1968-69 Wood, metal, cardboard and paint 115 \u00d7 233.7 \u00d7 18.5 cm &nbsp; \u00d3yvind Fahlstr\u00f6m (S\u00e3o Paulo, Brasil, 1928-Stockholm, 1976) Swedish artist, poet and filmmaker \u00d3yvind Fahlstr\u00f6m is considered a pioneer in multimedia and interactive art. His work, originated under the influence of surrealism and focused on the search for new aesthetic and [&hellip;]<\/p>\n","protected":false},"author":3,"featured_media":0,"parent":0,"menu_order":237,"comment_status":"closed","ping_status":"closed","template":"","meta":{"footnotes":""},"class_list":["post-46097","page","type-page","status-publish","hentry"],"yoast_head":"<!-- This site is optimized with the Yoast SEO plugin v26.0 - https:\/\/yoast.com\/wordpress\/plugins\/seo\/ -->\n<title>\u00d3YVIND FAHLSTR\u00d6M - IVAM<\/title>\n<meta name=\"robots\" content=\"index, follow, max-snippet:-1, max-image-preview:large, max-video-preview:-1\" \/>\n<link rel=\"canonical\" href=\"https:\/\/ivam.es\/en\/oyvind-fahlstrom\/\" \/>\n<meta property=\"og:locale\" content=\"en_US\" \/>\n<meta property=\"og:type\" content=\"article\" \/>\n<meta property=\"og:title\" content=\"\u00d3YVIND FAHLSTR\u00d6M - IVAM\" \/>\n<meta property=\"og:description\" content=\"Red Seesaw, 1968-69 Wood, metal, cardboard and paint 115 \u00d7 233.7 \u00d7 18.5 cm &nbsp; \u00d3yvind Fahlstr\u00f6m (S\u00e3o Paulo, Brasil, 1928-Stockholm, 1976) Swedish artist, poet and filmmaker \u00d3yvind Fahlstr\u00f6m is considered a pioneer in multimedia and interactive art. His work, originated under the influence of surrealism and focused on the search for new aesthetic and [&hellip;]\" \/>\n<meta property=\"og:url\" content=\"https:\/\/ivam.es\/en\/oyvind-fahlstrom\/\" \/>\n<meta property=\"og:site_name\" content=\"IVAM\" \/>\n<meta property=\"article:modified_time\" content=\"2020-06-02T11:37:41+00:00\" \/>\n<meta name=\"twitter:card\" content=\"summary_large_image\" \/>\n<meta name=\"twitter:label1\" content=\"Est. reading time\" \/>\n\t<meta name=\"twitter:data1\" content=\"1 minute\" \/>\n<script type=\"application\/ld+json\" class=\"yoast-schema-graph\">{\"@context\":\"https:\/\/schema.org\",\"@graph\":[{\"@type\":\"WebPage\",\"@id\":\"https:\/\/ivam.es\/en\/oyvind-fahlstrom\/\",\"url\":\"https:\/\/ivam.es\/en\/oyvind-fahlstrom\/\",\"name\":\"\u00d3YVIND FAHLSTR\u00d6M - IVAM\",\"isPartOf\":{\"@id\":\"https:\/\/ivam.es\/en\/#website\"},\"datePublished\":\"2020-06-02T10:22:35+00:00\",\"dateModified\":\"2020-06-02T11:37:41+00:00\",\"breadcrumb\":{\"@id\":\"https:\/\/ivam.es\/en\/oyvind-fahlstrom\/#breadcrumb\"},\"inLanguage\":\"en-US\",\"potentialAction\":[{\"@type\":\"ReadAction\",\"target\":[\"https:\/\/ivam.es\/en\/oyvind-fahlstrom\/\"]}]},{\"@type\":\"BreadcrumbList\",\"@id\":\"https:\/\/ivam.es\/en\/oyvind-fahlstrom\/#breadcrumb\",\"itemListElement\":[{\"@type\":\"ListItem\",\"position\":1,\"name\":\"Home\",\"item\":\"https:\/\/ivam.es\/en\/\"},{\"@type\":\"ListItem\",\"position\":2,\"name\":\"\u00d3YVIND FAHLSTR\u00d6M\"}]},{\"@type\":\"WebSite\",\"@id\":\"https:\/\/ivam.es\/en\/#website\",\"url\":\"https:\/\/ivam.es\/en\/\",\"name\":\"IVAM\",\"description\":\"Institut Valenci\u00e0 d&#039;Art Modern\",\"publisher\":{\"@id\":\"https:\/\/ivam.es\/en\/#organization\"},\"potentialAction\":[{\"@type\":\"SearchAction\",\"target\":{\"@type\":\"EntryPoint\",\"urlTemplate\":\"https:\/\/ivam.es\/en\/?s={search_term_string}\"},\"query-input\":{\"@type\":\"PropertyValueSpecification\",\"valueRequired\":true,\"valueName\":\"search_term_string\"}}],\"inLanguage\":\"en-US\"},{\"@type\":\"Organization\",\"@id\":\"https:\/\/ivam.es\/en\/#organization\",\"name\":\"IVAM\",\"url\":\"https:\/\/ivam.es\/en\/\",\"logo\":{\"@type\":\"ImageObject\",\"inLanguage\":\"en-US\",\"@id\":\"https:\/\/ivam.es\/en\/#\/schema\/logo\/image\/\",\"url\":\"https:\/\/ivam.es\/wp-content\/uploads\/logo-ok-512.png\",\"contentUrl\":\"https:\/\/ivam.es\/wp-content\/uploads\/logo-ok-512.png\",\"width\":512,\"height\":512,\"caption\":\"IVAM\"},\"image\":{\"@id\":\"https:\/\/ivam.es\/en\/#\/schema\/logo\/image\/\"}}]}<\/script>\n<!-- \/ Yoast SEO plugin. -->","yoast_head_json":{"title":"\u00d3YVIND FAHLSTR\u00d6M - IVAM","robots":{"index":"index","follow":"follow","max-snippet":"max-snippet:-1","max-image-preview":"max-image-preview:large","max-video-preview":"max-video-preview:-1"},"canonical":"https:\/\/ivam.es\/en\/oyvind-fahlstrom\/","og_locale":"en_US","og_type":"article","og_title":"\u00d3YVIND FAHLSTR\u00d6M - IVAM","og_description":"Red Seesaw, 1968-69 Wood, metal, cardboard and paint 115 \u00d7 233.7 \u00d7 18.5 cm &nbsp; \u00d3yvind Fahlstr\u00f6m (S\u00e3o Paulo, Brasil, 1928-Stockholm, 1976) Swedish artist, poet and filmmaker \u00d3yvind Fahlstr\u00f6m is considered a pioneer in multimedia and interactive art. His work, originated under the influence of surrealism and focused on the search for new aesthetic and [&hellip;]","og_url":"https:\/\/ivam.es\/en\/oyvind-fahlstrom\/","og_site_name":"IVAM","article_modified_time":"2020-06-02T11:37:41+00:00","twitter_card":"summary_large_image","twitter_misc":{"Est. reading time":"1 minute"},"schema":{"@context":"https:\/\/schema.org","@graph":[{"@type":"WebPage","@id":"https:\/\/ivam.es\/en\/oyvind-fahlstrom\/","url":"https:\/\/ivam.es\/en\/oyvind-fahlstrom\/","name":"\u00d3YVIND FAHLSTR\u00d6M - IVAM","isPartOf":{"@id":"https:\/\/ivam.es\/en\/#website"},"datePublished":"2020-06-02T10:22:35+00:00","dateModified":"2020-06-02T11:37:41+00:00","breadcrumb":{"@id":"https:\/\/ivam.es\/en\/oyvind-fahlstrom\/#breadcrumb"},"inLanguage":"en-US","potentialAction":[{"@type":"ReadAction","target":["https:\/\/ivam.es\/en\/oyvind-fahlstrom\/"]}]},{"@type":"BreadcrumbList","@id":"https:\/\/ivam.es\/en\/oyvind-fahlstrom\/#breadcrumb","itemListElement":[{"@type":"ListItem","position":1,"name":"Home","item":"https:\/\/ivam.es\/en\/"},{"@type":"ListItem","position":2,"name":"\u00d3YVIND FAHLSTR\u00d6M"}]},{"@type":"WebSite","@id":"https:\/\/ivam.es\/en\/#website","url":"https:\/\/ivam.es\/en\/","name":"IVAM","description":"Institut Valenci\u00e0 d&#039;Art Modern","publisher":{"@id":"https:\/\/ivam.es\/en\/#organization"},"potentialAction":[{"@type":"SearchAction","target":{"@type":"EntryPoint","urlTemplate":"https:\/\/ivam.es\/en\/?s={search_term_string}"},"query-input":{"@type":"PropertyValueSpecification","valueRequired":true,"valueName":"search_term_string"}}],"inLanguage":"en-US"},{"@type":"Organization","@id":"https:\/\/ivam.es\/en\/#organization","name":"IVAM","url":"https:\/\/ivam.es\/en\/","logo":{"@type":"ImageObject","inLanguage":"en-US","@id":"https:\/\/ivam.es\/en\/#\/schema\/logo\/image\/","url":"https:\/\/ivam.es\/wp-content\/uploads\/logo-ok-512.png","contentUrl":"https:\/\/ivam.es\/wp-content\/uploads\/logo-ok-512.png","width":512,"height":512,"caption":"IVAM"},"image":{"@id":"https:\/\/ivam.es\/en\/#\/schema\/logo\/image\/"}}]}},"_links":{"self":[{"href":"https:\/\/ivam.es\/en\/wp-json\/wp\/v2\/pages\/46097","targetHints":{"allow":["GET"]}}],"collection":[{"href":"https:\/\/ivam.es\/en\/wp-json\/wp\/v2\/pages"}],"about":[{"href":"https:\/\/ivam.es\/en\/wp-json\/wp\/v2\/types\/page"}],"author":[{"embeddable":true,"href":"https:\/\/ivam.es\/en\/wp-json\/wp\/v2\/users\/3"}],"replies":[{"embeddable":true,"href":"https:\/\/ivam.es\/en\/wp-json\/wp\/v2\/comments?post=46097"}],"version-history":[{"count":3,"href":"https:\/\/ivam.es\/en\/wp-json\/wp\/v2\/pages\/46097\/revisions"}],"predecessor-version":[{"id":46100,"href":"https:\/\/ivam.es\/en\/wp-json\/wp\/v2\/pages\/46097\/revisions\/46100"}],"wp:attachment":[{"href":"https:\/\/ivam.es\/en\/wp-json\/wp\/v2\/media?parent=46097"}],"curies":[{"name":"wp","href":"https:\/\/api.w.org\/{rel}","templated":true}]}}