{"id":45686,"date":"2020-05-06T08:22:21","date_gmt":"2020-05-06T06:22:21","guid":{"rendered":"\/?page_id=45686"},"modified":"2020-05-06T12:17:40","modified_gmt":"2020-05-06T10:17:40","slug":"angela-garcia-codoner","status":"publish","type":"page","link":"https:\/\/ivam.es\/en\/angela-garcia-codoner\/","title":{"rendered":"\u00c1ngela Garc\u00eda Codo\u00f1er"},"content":{"rendered":"<p><a href=\"\/wp-content\/uploads\/page\/angela-garcia-codoner\/Composicion-Angela-Garcia-1974-scaled.jpg\"><img loading=\"lazy\" decoding=\"async\" class=\"alignnone wp-image-45518 size-large\" src=\"\/wp-content\/uploads\/page\/angela-garcia-codoner\/Composicion-Angela-Garcia-1974-1021x1024.jpg\" alt=\"\u00c1ngela Garc\u00eda Codo\u00f1er \/ Serie Misses. Los concursos de belleza. Composici\u00f3n, 1974\" width=\"1021\" height=\"1024\" srcset=\"https:\/\/ivam.es\/wp-content\/uploads\/page\/angela-garcia-codoner\/Composicion-Angela-Garcia-1974-1021x1024.jpg 1021w, https:\/\/ivam.es\/wp-content\/uploads\/page\/angela-garcia-codoner\/Composicion-Angela-Garcia-1974-300x300.jpg 300w, https:\/\/ivam.es\/wp-content\/uploads\/page\/angela-garcia-codoner\/Composicion-Angela-Garcia-1974-150x150.jpg 150w, https:\/\/ivam.es\/wp-content\/uploads\/page\/angela-garcia-codoner\/Composicion-Angela-Garcia-1974-768x770.jpg 768w, https:\/\/ivam.es\/wp-content\/uploads\/page\/angela-garcia-codoner\/Composicion-Angela-Garcia-1974-1532x1536.jpg 1532w, https:\/\/ivam.es\/wp-content\/uploads\/page\/angela-garcia-codoner\/Composicion-Angela-Garcia-1974-2043x2048.jpg 2043w, https:\/\/ivam.es\/wp-content\/uploads\/page\/angela-garcia-codoner\/Composicion-Angela-Garcia-1974-280x281.jpg 280w, https:\/\/ivam.es\/wp-content\/uploads\/page\/angela-garcia-codoner\/Composicion-Angela-Garcia-1974-467x468.jpg 467w, https:\/\/ivam.es\/wp-content\/uploads\/page\/angela-garcia-codoner\/Composicion-Angela-Garcia-1974-231x232.jpg 231w, https:\/\/ivam.es\/wp-content\/uploads\/page\/angela-garcia-codoner\/Composicion-Angela-Garcia-1974-500x501.jpg 500w\" sizes=\"auto, (max-width: 1021px) 100vw, 1021px\" \/><\/a><\/p>\n<h4 class=\"text-left\">Serie Misses. Beauty contests. Composition, 1974<\/h4>\n<p>The series Misses is framed within a group of works under the heading of the feminist art genre, which began to stand out in Spain in the 1970s and involved vindictive works made by women who refused to accept the role that such society had imposed upon them.<\/p>\n<p>This work, a mixture of painting and collage, organises the composition of the pictures expressed in vertical strips. The different changes of scale give verticality to the pictures, some of them painted previously and others taken from women\u2019s magazines and fairy comics.<\/p>\n<p><strong>\u00c1ngela Garc\u00eda Codo\u00f1er<\/strong><\/p>\n","protected":false},"excerpt":{"rendered":"<p>Serie Misses. Beauty contests. Composition, 1974 The series Misses is framed within a group of works under the heading of the feminist art genre, which began to stand out in Spain in the 1970s and involved vindictive works made by women who refused to accept the role that such society had imposed upon them. This [&hellip;]<\/p>\n","protected":false},"author":3,"featured_media":0,"parent":0,"menu_order":274,"comment_status":"closed","ping_status":"closed","template":"","meta":{"footnotes":""},"class_list":["post-45686","page","type-page","status-publish","hentry"],"yoast_head":"<!-- This site is optimized with the Yoast SEO plugin v26.0 - https:\/\/yoast.com\/wordpress\/plugins\/seo\/ -->\n<title>\u00c1ngela Garc\u00eda Codo\u00f1er - IVAM<\/title>\n<meta name=\"robots\" content=\"index, follow, max-snippet:-1, max-image-preview:large, max-video-preview:-1\" \/>\n<link rel=\"canonical\" href=\"https:\/\/ivam.es\/en\/angela-garcia-codoner\/\" \/>\n<meta property=\"og:locale\" content=\"en_US\" \/>\n<meta property=\"og:type\" content=\"article\" \/>\n<meta property=\"og:title\" content=\"\u00c1ngela Garc\u00eda Codo\u00f1er - IVAM\" \/>\n<meta property=\"og:description\" content=\"Serie Misses. Beauty contests. Composition, 1974 The series Misses is framed within a group of works under the heading of the feminist art genre, which began to stand out in Spain in the 1970s and involved vindictive works made by women who refused to accept the role that such society had imposed upon them. This [&hellip;]\" \/>\n<meta property=\"og:url\" content=\"https:\/\/ivam.es\/en\/angela-garcia-codoner\/\" \/>\n<meta property=\"og:site_name\" content=\"IVAM\" \/>\n<meta property=\"article:modified_time\" content=\"2020-05-06T10:17:40+00:00\" \/>\n<meta name=\"twitter:card\" content=\"summary_large_image\" \/>\n<meta name=\"twitter:label1\" content=\"Est. reading time\" \/>\n\t<meta name=\"twitter:data1\" content=\"1 minute\" \/>\n<script type=\"application\/ld+json\" class=\"yoast-schema-graph\">{\"@context\":\"https:\/\/schema.org\",\"@graph\":[{\"@type\":\"WebPage\",\"@id\":\"https:\/\/ivam.es\/en\/angela-garcia-codoner\/\",\"url\":\"https:\/\/ivam.es\/en\/angela-garcia-codoner\/\",\"name\":\"\u00c1ngela Garc\u00eda Codo\u00f1er - IVAM\",\"isPartOf\":{\"@id\":\"https:\/\/ivam.es\/en\/#website\"},\"datePublished\":\"2020-05-06T06:22:21+00:00\",\"dateModified\":\"2020-05-06T10:17:40+00:00\",\"breadcrumb\":{\"@id\":\"https:\/\/ivam.es\/en\/angela-garcia-codoner\/#breadcrumb\"},\"inLanguage\":\"en-US\",\"potentialAction\":[{\"@type\":\"ReadAction\",\"target\":[\"https:\/\/ivam.es\/en\/angela-garcia-codoner\/\"]}]},{\"@type\":\"BreadcrumbList\",\"@id\":\"https:\/\/ivam.es\/en\/angela-garcia-codoner\/#breadcrumb\",\"itemListElement\":[{\"@type\":\"ListItem\",\"position\":1,\"name\":\"Home\",\"item\":\"https:\/\/ivam.es\/en\/\"},{\"@type\":\"ListItem\",\"position\":2,\"name\":\"\u00c1ngela Garc\u00eda Codo\u00f1er\"}]},{\"@type\":\"WebSite\",\"@id\":\"https:\/\/ivam.es\/en\/#website\",\"url\":\"https:\/\/ivam.es\/en\/\",\"name\":\"IVAM\",\"description\":\"Institut Valenci\u00e0 d&#039;Art Modern\",\"publisher\":{\"@id\":\"https:\/\/ivam.es\/en\/#organization\"},\"potentialAction\":[{\"@type\":\"SearchAction\",\"target\":{\"@type\":\"EntryPoint\",\"urlTemplate\":\"https:\/\/ivam.es\/en\/?s={search_term_string}\"},\"query-input\":{\"@type\":\"PropertyValueSpecification\",\"valueRequired\":true,\"valueName\":\"search_term_string\"}}],\"inLanguage\":\"en-US\"},{\"@type\":\"Organization\",\"@id\":\"https:\/\/ivam.es\/en\/#organization\",\"name\":\"IVAM\",\"url\":\"https:\/\/ivam.es\/en\/\",\"logo\":{\"@type\":\"ImageObject\",\"inLanguage\":\"en-US\",\"@id\":\"https:\/\/ivam.es\/en\/#\/schema\/logo\/image\/\",\"url\":\"https:\/\/ivam.es\/wp-content\/uploads\/logo-ok-512.png\",\"contentUrl\":\"https:\/\/ivam.es\/wp-content\/uploads\/logo-ok-512.png\",\"width\":512,\"height\":512,\"caption\":\"IVAM\"},\"image\":{\"@id\":\"https:\/\/ivam.es\/en\/#\/schema\/logo\/image\/\"}}]}<\/script>\n<!-- \/ Yoast SEO plugin. -->","yoast_head_json":{"title":"\u00c1ngela Garc\u00eda Codo\u00f1er - IVAM","robots":{"index":"index","follow":"follow","max-snippet":"max-snippet:-1","max-image-preview":"max-image-preview:large","max-video-preview":"max-video-preview:-1"},"canonical":"https:\/\/ivam.es\/en\/angela-garcia-codoner\/","og_locale":"en_US","og_type":"article","og_title":"\u00c1ngela Garc\u00eda Codo\u00f1er - IVAM","og_description":"Serie Misses. Beauty contests. Composition, 1974 The series Misses is framed within a group of works under the heading of the feminist art genre, which began to stand out in Spain in the 1970s and involved vindictive works made by women who refused to accept the role that such society had imposed upon them. This [&hellip;]","og_url":"https:\/\/ivam.es\/en\/angela-garcia-codoner\/","og_site_name":"IVAM","article_modified_time":"2020-05-06T10:17:40+00:00","twitter_card":"summary_large_image","twitter_misc":{"Est. reading time":"1 minute"},"schema":{"@context":"https:\/\/schema.org","@graph":[{"@type":"WebPage","@id":"https:\/\/ivam.es\/en\/angela-garcia-codoner\/","url":"https:\/\/ivam.es\/en\/angela-garcia-codoner\/","name":"\u00c1ngela Garc\u00eda Codo\u00f1er - IVAM","isPartOf":{"@id":"https:\/\/ivam.es\/en\/#website"},"datePublished":"2020-05-06T06:22:21+00:00","dateModified":"2020-05-06T10:17:40+00:00","breadcrumb":{"@id":"https:\/\/ivam.es\/en\/angela-garcia-codoner\/#breadcrumb"},"inLanguage":"en-US","potentialAction":[{"@type":"ReadAction","target":["https:\/\/ivam.es\/en\/angela-garcia-codoner\/"]}]},{"@type":"BreadcrumbList","@id":"https:\/\/ivam.es\/en\/angela-garcia-codoner\/#breadcrumb","itemListElement":[{"@type":"ListItem","position":1,"name":"Home","item":"https:\/\/ivam.es\/en\/"},{"@type":"ListItem","position":2,"name":"\u00c1ngela Garc\u00eda Codo\u00f1er"}]},{"@type":"WebSite","@id":"https:\/\/ivam.es\/en\/#website","url":"https:\/\/ivam.es\/en\/","name":"IVAM","description":"Institut Valenci\u00e0 d&#039;Art Modern","publisher":{"@id":"https:\/\/ivam.es\/en\/#organization"},"potentialAction":[{"@type":"SearchAction","target":{"@type":"EntryPoint","urlTemplate":"https:\/\/ivam.es\/en\/?s={search_term_string}"},"query-input":{"@type":"PropertyValueSpecification","valueRequired":true,"valueName":"search_term_string"}}],"inLanguage":"en-US"},{"@type":"Organization","@id":"https:\/\/ivam.es\/en\/#organization","name":"IVAM","url":"https:\/\/ivam.es\/en\/","logo":{"@type":"ImageObject","inLanguage":"en-US","@id":"https:\/\/ivam.es\/en\/#\/schema\/logo\/image\/","url":"https:\/\/ivam.es\/wp-content\/uploads\/logo-ok-512.png","contentUrl":"https:\/\/ivam.es\/wp-content\/uploads\/logo-ok-512.png","width":512,"height":512,"caption":"IVAM"},"image":{"@id":"https:\/\/ivam.es\/en\/#\/schema\/logo\/image\/"}}]}},"_links":{"self":[{"href":"https:\/\/ivam.es\/en\/wp-json\/wp\/v2\/pages\/45686","targetHints":{"allow":["GET"]}}],"collection":[{"href":"https:\/\/ivam.es\/en\/wp-json\/wp\/v2\/pages"}],"about":[{"href":"https:\/\/ivam.es\/en\/wp-json\/wp\/v2\/types\/page"}],"author":[{"embeddable":true,"href":"https:\/\/ivam.es\/en\/wp-json\/wp\/v2\/users\/3"}],"replies":[{"embeddable":true,"href":"https:\/\/ivam.es\/en\/wp-json\/wp\/v2\/comments?post=45686"}],"version-history":[{"count":1,"href":"https:\/\/ivam.es\/en\/wp-json\/wp\/v2\/pages\/45686\/revisions"}],"predecessor-version":[{"id":45687,"href":"https:\/\/ivam.es\/en\/wp-json\/wp\/v2\/pages\/45686\/revisions\/45687"}],"wp:attachment":[{"href":"https:\/\/ivam.es\/en\/wp-json\/wp\/v2\/media?parent=45686"}],"curies":[{"name":"wp","href":"https:\/\/api.w.org\/{rel}","templated":true}]}}