{"id":45472,"date":"2020-04-29T08:32:54","date_gmt":"2020-04-29T06:32:54","guid":{"rendered":"\/?page_id=45472"},"modified":"2020-04-29T08:32:54","modified_gmt":"2020-04-29T06:32:54","slug":"rula-halawani","status":"publish","type":"page","link":"https:\/\/ivam.es\/en\/rula-halawani\/","title":{"rendered":"RULA HALAWANI"},"content":{"rendered":"<p><a href=\"\/wp-content\/uploads\/page\/rula-halawani\/rula_halawani.png\"><img loading=\"lazy\" decoding=\"async\" class=\"alignnone wp-image-45358 size-full\" src=\"\/wp-content\/uploads\/page\/rula-halawani\/rula_halawani.png\" alt=\"Rula Halawani \/ Untitled III (S\u00edn t\u00edtulo III), de la serie Negative Incursion (Incursi\u00f3n negativa), 2002\" width=\"1280\" height=\"800\" srcset=\"https:\/\/ivam.es\/wp-content\/uploads\/page\/rula-halawani\/rula_halawani.png 1280w, https:\/\/ivam.es\/wp-content\/uploads\/page\/rula-halawani\/rula_halawani-300x188.png 300w, https:\/\/ivam.es\/wp-content\/uploads\/page\/rula-halawani\/rula_halawani-1024x640.png 1024w, https:\/\/ivam.es\/wp-content\/uploads\/page\/rula-halawani\/rula_halawani-768x480.png 768w, https:\/\/ivam.es\/wp-content\/uploads\/page\/rula-halawani\/rula_halawani-280x175.png 280w, https:\/\/ivam.es\/wp-content\/uploads\/page\/rula-halawani\/rula_halawani-467x292.png 467w, https:\/\/ivam.es\/wp-content\/uploads\/page\/rula-halawani\/rula_halawani-231x144.png 231w, https:\/\/ivam.es\/wp-content\/uploads\/page\/rula-halawani\/rula_halawani-500x313.png 500w\" sizes=\"auto, (max-width: 1280px) 100vw, 1280px\" \/><\/a><\/p>\n<h4>Untitled III, from the series Negative Incursions, 2002<br \/>\nPhotography (archival print). Ed. 1 of 5<br \/>\n90 x 124 cm<\/h4>\n<p>&nbsp;<\/p>\n<p><strong>Rula Halawani (Jerusalem, 1963)<\/strong><\/p>\n<p>The series <em>Negative Incursions<\/em> of Rula Halawani was taken during a month after the Israeli occupation of one of the Palestinian areas. Halawani puts into practice her training and work as a photojournalist, conveying through her photography the consequences of the conflict, as well as her life experience in her own place of origin. But the artist goes further, working with and challenging the appearance of the usual images perceived by the audience on the other side of the media, which deal with these distant realities from a sensationalist point of view.<\/p>\n<p>Halawani displays her photographs in negative and, by using this strategy, she creates some phantasmagorical scenes that depict the result of violence as an element introduced in the daily life of a town. In <em>Untitled III<\/em>, the public space has become a mass of unidentifiable fragments, a figure of a woman in the foreground with her facial features depersonalised and unrecognisable with a completely dark sky, in darkness.<\/p>\n<h4>Sandra Moros<br \/>\nCurrator<\/h4>\n","protected":false},"excerpt":{"rendered":"<p>Untitled III, from the series Negative Incursions, 2002 Photography (archival print). Ed. 1 of 5 90 x 124 cm &nbsp; Rula Halawani (Jerusalem, 1963) The series Negative Incursions of Rula Halawani was taken during a month after the Israeli occupation of one of the Palestinian areas. Halawani puts into practice her training and work as [&hellip;]<\/p>\n","protected":false},"author":3,"featured_media":0,"parent":0,"menu_order":312,"comment_status":"closed","ping_status":"closed","template":"","meta":{"footnotes":""},"class_list":["post-45472","page","type-page","status-publish","hentry"],"yoast_head":"<!-- This site is optimized with the Yoast SEO plugin v26.0 - https:\/\/yoast.com\/wordpress\/plugins\/seo\/ -->\n<title>RULA HALAWANI - IVAM<\/title>\n<meta name=\"robots\" content=\"index, follow, max-snippet:-1, max-image-preview:large, max-video-preview:-1\" \/>\n<link rel=\"canonical\" href=\"https:\/\/ivam.es\/en\/rula-halawani\/\" \/>\n<meta property=\"og:locale\" content=\"en_US\" \/>\n<meta property=\"og:type\" content=\"article\" \/>\n<meta property=\"og:title\" content=\"RULA HALAWANI - IVAM\" \/>\n<meta property=\"og:description\" content=\"Untitled III, from the series Negative Incursions, 2002 Photography (archival print). Ed. 1 of 5 90 x 124 cm &nbsp; Rula Halawani (Jerusalem, 1963) The series Negative Incursions of Rula Halawani was taken during a month after the Israeli occupation of one of the Palestinian areas. Halawani puts into practice her training and work as [&hellip;]\" \/>\n<meta property=\"og:url\" content=\"https:\/\/ivam.es\/en\/rula-halawani\/\" \/>\n<meta property=\"og:site_name\" content=\"IVAM\" \/>\n<meta name=\"twitter:card\" content=\"summary_large_image\" \/>\n<meta name=\"twitter:label1\" content=\"Est. reading time\" \/>\n\t<meta name=\"twitter:data1\" content=\"1 minute\" \/>\n<script type=\"application\/ld+json\" class=\"yoast-schema-graph\">{\"@context\":\"https:\/\/schema.org\",\"@graph\":[{\"@type\":\"WebPage\",\"@id\":\"https:\/\/ivam.es\/en\/rula-halawani\/\",\"url\":\"https:\/\/ivam.es\/en\/rula-halawani\/\",\"name\":\"RULA HALAWANI - IVAM\",\"isPartOf\":{\"@id\":\"https:\/\/ivam.es\/en\/#website\"},\"datePublished\":\"2020-04-29T06:32:54+00:00\",\"breadcrumb\":{\"@id\":\"https:\/\/ivam.es\/en\/rula-halawani\/#breadcrumb\"},\"inLanguage\":\"en-US\",\"potentialAction\":[{\"@type\":\"ReadAction\",\"target\":[\"https:\/\/ivam.es\/en\/rula-halawani\/\"]}]},{\"@type\":\"BreadcrumbList\",\"@id\":\"https:\/\/ivam.es\/en\/rula-halawani\/#breadcrumb\",\"itemListElement\":[{\"@type\":\"ListItem\",\"position\":1,\"name\":\"Home\",\"item\":\"https:\/\/ivam.es\/en\/\"},{\"@type\":\"ListItem\",\"position\":2,\"name\":\"RULA HALAWANI\"}]},{\"@type\":\"WebSite\",\"@id\":\"https:\/\/ivam.es\/en\/#website\",\"url\":\"https:\/\/ivam.es\/en\/\",\"name\":\"IVAM\",\"description\":\"Institut Valenci\u00e0 d&#039;Art Modern\",\"publisher\":{\"@id\":\"https:\/\/ivam.es\/en\/#organization\"},\"potentialAction\":[{\"@type\":\"SearchAction\",\"target\":{\"@type\":\"EntryPoint\",\"urlTemplate\":\"https:\/\/ivam.es\/en\/?s={search_term_string}\"},\"query-input\":{\"@type\":\"PropertyValueSpecification\",\"valueRequired\":true,\"valueName\":\"search_term_string\"}}],\"inLanguage\":\"en-US\"},{\"@type\":\"Organization\",\"@id\":\"https:\/\/ivam.es\/en\/#organization\",\"name\":\"IVAM\",\"url\":\"https:\/\/ivam.es\/en\/\",\"logo\":{\"@type\":\"ImageObject\",\"inLanguage\":\"en-US\",\"@id\":\"https:\/\/ivam.es\/en\/#\/schema\/logo\/image\/\",\"url\":\"https:\/\/ivam.es\/wp-content\/uploads\/logo-ok-512.png\",\"contentUrl\":\"https:\/\/ivam.es\/wp-content\/uploads\/logo-ok-512.png\",\"width\":512,\"height\":512,\"caption\":\"IVAM\"},\"image\":{\"@id\":\"https:\/\/ivam.es\/en\/#\/schema\/logo\/image\/\"}}]}<\/script>\n<!-- \/ Yoast SEO plugin. -->","yoast_head_json":{"title":"RULA HALAWANI - IVAM","robots":{"index":"index","follow":"follow","max-snippet":"max-snippet:-1","max-image-preview":"max-image-preview:large","max-video-preview":"max-video-preview:-1"},"canonical":"https:\/\/ivam.es\/en\/rula-halawani\/","og_locale":"en_US","og_type":"article","og_title":"RULA HALAWANI - IVAM","og_description":"Untitled III, from the series Negative Incursions, 2002 Photography (archival print). Ed. 1 of 5 90 x 124 cm &nbsp; Rula Halawani (Jerusalem, 1963) The series Negative Incursions of Rula Halawani was taken during a month after the Israeli occupation of one of the Palestinian areas. Halawani puts into practice her training and work as [&hellip;]","og_url":"https:\/\/ivam.es\/en\/rula-halawani\/","og_site_name":"IVAM","twitter_card":"summary_large_image","twitter_misc":{"Est. reading time":"1 minute"},"schema":{"@context":"https:\/\/schema.org","@graph":[{"@type":"WebPage","@id":"https:\/\/ivam.es\/en\/rula-halawani\/","url":"https:\/\/ivam.es\/en\/rula-halawani\/","name":"RULA HALAWANI - IVAM","isPartOf":{"@id":"https:\/\/ivam.es\/en\/#website"},"datePublished":"2020-04-29T06:32:54+00:00","breadcrumb":{"@id":"https:\/\/ivam.es\/en\/rula-halawani\/#breadcrumb"},"inLanguage":"en-US","potentialAction":[{"@type":"ReadAction","target":["https:\/\/ivam.es\/en\/rula-halawani\/"]}]},{"@type":"BreadcrumbList","@id":"https:\/\/ivam.es\/en\/rula-halawani\/#breadcrumb","itemListElement":[{"@type":"ListItem","position":1,"name":"Home","item":"https:\/\/ivam.es\/en\/"},{"@type":"ListItem","position":2,"name":"RULA HALAWANI"}]},{"@type":"WebSite","@id":"https:\/\/ivam.es\/en\/#website","url":"https:\/\/ivam.es\/en\/","name":"IVAM","description":"Institut Valenci\u00e0 d&#039;Art Modern","publisher":{"@id":"https:\/\/ivam.es\/en\/#organization"},"potentialAction":[{"@type":"SearchAction","target":{"@type":"EntryPoint","urlTemplate":"https:\/\/ivam.es\/en\/?s={search_term_string}"},"query-input":{"@type":"PropertyValueSpecification","valueRequired":true,"valueName":"search_term_string"}}],"inLanguage":"en-US"},{"@type":"Organization","@id":"https:\/\/ivam.es\/en\/#organization","name":"IVAM","url":"https:\/\/ivam.es\/en\/","logo":{"@type":"ImageObject","inLanguage":"en-US","@id":"https:\/\/ivam.es\/en\/#\/schema\/logo\/image\/","url":"https:\/\/ivam.es\/wp-content\/uploads\/logo-ok-512.png","contentUrl":"https:\/\/ivam.es\/wp-content\/uploads\/logo-ok-512.png","width":512,"height":512,"caption":"IVAM"},"image":{"@id":"https:\/\/ivam.es\/en\/#\/schema\/logo\/image\/"}}]}},"_links":{"self":[{"href":"https:\/\/ivam.es\/en\/wp-json\/wp\/v2\/pages\/45472","targetHints":{"allow":["GET"]}}],"collection":[{"href":"https:\/\/ivam.es\/en\/wp-json\/wp\/v2\/pages"}],"about":[{"href":"https:\/\/ivam.es\/en\/wp-json\/wp\/v2\/types\/page"}],"author":[{"embeddable":true,"href":"https:\/\/ivam.es\/en\/wp-json\/wp\/v2\/users\/3"}],"replies":[{"embeddable":true,"href":"https:\/\/ivam.es\/en\/wp-json\/wp\/v2\/comments?post=45472"}],"version-history":[{"count":1,"href":"https:\/\/ivam.es\/en\/wp-json\/wp\/v2\/pages\/45472\/revisions"}],"predecessor-version":[{"id":45473,"href":"https:\/\/ivam.es\/en\/wp-json\/wp\/v2\/pages\/45472\/revisions\/45473"}],"wp:attachment":[{"href":"https:\/\/ivam.es\/en\/wp-json\/wp\/v2\/media?parent=45472"}],"curies":[{"name":"wp","href":"https:\/\/api.w.org\/{rel}","templated":true}]}}