{"id":44599,"date":"2020-04-06T15:04:51","date_gmt":"2020-04-06T13:04:51","guid":{"rendered":"\/?page_id=44599"},"modified":"2026-01-07T11:47:07","modified_gmt":"2026-01-07T09:47:07","slug":"julio-gonzalez","status":"publish","type":"page","link":"https:\/\/ivam.es\/en\/julio-gonzalez\/","title":{"rendered":"JULIO GONZ\u00c1LEZ"},"content":{"rendered":"<div class=\"wp-block-image\">\n<figure class=\"aligncenter size-large\"><a href=\"https:\/\/ivam.es\/wp-content\/uploads\/page\/julio-gonzalez\/9854a64e-911f-4cd0-ac79-3b27aba65a74-2-605x1024.jpg\"><img loading=\"lazy\" decoding=\"async\" width=\"605\" height=\"1024\" src=\"https:\/\/ivam.es\/wp-content\/uploads\/page\/julio-gonzalez\/9854a64e-911f-4cd0-ac79-3b27aba65a74-2-605x1024.jpg\" alt=\"\" class=\"wp-image-113700\" srcset=\"https:\/\/ivam.es\/wp-content\/uploads\/page\/julio-gonzalez\/9854a64e-911f-4cd0-ac79-3b27aba65a74-2-605x1024.jpg 605w, https:\/\/ivam.es\/wp-content\/uploads\/page\/julio-gonzalez\/9854a64e-911f-4cd0-ac79-3b27aba65a74-2-177x300.jpg 177w, https:\/\/ivam.es\/wp-content\/uploads\/page\/julio-gonzalez\/9854a64e-911f-4cd0-ac79-3b27aba65a74-2-768x1300.jpg 768w, https:\/\/ivam.es\/wp-content\/uploads\/page\/julio-gonzalez\/9854a64e-911f-4cd0-ac79-3b27aba65a74-2-280x474.jpg 280w, https:\/\/ivam.es\/wp-content\/uploads\/page\/julio-gonzalez\/9854a64e-911f-4cd0-ac79-3b27aba65a74-2-467x791.jpg 467w, https:\/\/ivam.es\/wp-content\/uploads\/page\/julio-gonzalez\/9854a64e-911f-4cd0-ac79-3b27aba65a74-2-231x391.jpg 231w, https:\/\/ivam.es\/wp-content\/uploads\/page\/julio-gonzalez\/9854a64e-911f-4cd0-ac79-3b27aba65a74-2-500x846.jpg 500w, https:\/\/ivam.es\/wp-content\/uploads\/page\/julio-gonzalez\/9854a64e-911f-4cd0-ac79-3b27aba65a74-2-416x704.jpg 416w, https:\/\/ivam.es\/wp-content\/uploads\/page\/julio-gonzalez\/9854a64e-911f-4cd0-ac79-3b27aba65a74-2.jpg 837w\" sizes=\"auto, (max-width: 605px) 100vw, 605px\" \/><\/a><figcaption class=\"wp-element-caption\">Femme au miroir (Woman before the mirror), 1936-37<br>Wrought and welded iron<br>203.8 \u00d7 60 \u00d7 46 cm<\/figcaption><\/figure>\n<\/div>\n\n<p>\u00a0<\/p>\n<p style=\"text-align: justify;\"><strong>Julio Gonz\u00e1lez (Barcelona, 1876 &#8211; Par\u00eds, 1942)<\/strong><\/p>\n<p style=\"text-align: justify;\">The work of the sculptor Julio Gonz\u00e1lez is an essential reference in the period of the European artistic avant-garde of the interwar period. His commitment to the new values of humanism in the face of authoritarian tendencies continues to justify the IVAM dedicating one of its permanent rooms to his constructive achievements. He knew how to put his technical mastery of forging and welding at the service of an unprecedented vision of the shape that incorporated the expressive possibilities of vacuum. His three-dimensional work that defined how to \u201cdraw in space\u201d never abandoned his interest in the human figure in all its emotional and existential complexity.<\/p>\n<p style=\"text-align: justify;\">In 1936 and 1937 we witnessed the culmination of the proclamations of the new modern sensitivity, integrating the avant-garde advances of the first decades around surrealist concepts and abstraction. The World Fair and the exhibition dedicated to Origins and development of independent international art, both held in Paris in 1937, would provide two privileged settings to show the social impact and communication capacity of these ways of modernisation and progress. Julio Gonz\u00e1lez participated in both exhibitions. First, he thought about exhibiting his large-format sculpture <em>Femme au miroir (Woman before the mirror)<\/em> in the Spanish pavilion of the World Fair. However, the doubts of the organising committee convinced him to replace it with <em>Montserrat<\/em>, which was a more dramatic work. Fortunately, the critics led the sculpture discarded for the pavilion to end in the most specifically artistic context focused on independent international art and where the first systematic overview of the artistic trends of the first third of the last century was offered.<\/p>\n<p style=\"text-align: justify;\"><strong>Josep Salvador<\/strong><br \/><strong>Curator<\/strong><\/p>\n\n\n<p><\/p>\n","protected":false},"excerpt":{"rendered":"<p>\u00a0 Julio Gonz\u00e1lez (Barcelona, 1876 &#8211; Par\u00eds, 1942) The work of the sculptor Julio Gonz\u00e1lez is an essential reference in the period of the European artistic avant-garde of the interwar period. His commitment to the new values of humanism in the face of authoritarian tendencies continues to justify the IVAM dedicating one of its permanent [&hellip;]<\/p>\n","protected":false},"author":3,"featured_media":0,"parent":0,"menu_order":36,"comment_status":"closed","ping_status":"closed","template":"","meta":{"footnotes":""},"class_list":["post-44599","page","type-page","status-publish","hentry"],"yoast_head":"<!-- This site is optimized with the Yoast SEO plugin v26.0 - https:\/\/yoast.com\/wordpress\/plugins\/seo\/ -->\n<title>JULIO GONZ\u00c1LEZ - IVAM<\/title>\n<meta name=\"robots\" content=\"index, follow, max-snippet:-1, max-image-preview:large, max-video-preview:-1\" \/>\n<link rel=\"canonical\" href=\"https:\/\/ivam.es\/en\/julio-gonzalez\/\" \/>\n<meta property=\"og:locale\" content=\"en_US\" \/>\n<meta property=\"og:type\" content=\"article\" \/>\n<meta property=\"og:title\" content=\"JULIO GONZ\u00c1LEZ - IVAM\" \/>\n<meta property=\"og:description\" content=\"\u00a0 Julio Gonz\u00e1lez (Barcelona, 1876 &#8211; Par\u00eds, 1942) The work of the sculptor Julio Gonz\u00e1lez is an essential reference in the period of the European artistic avant-garde of the interwar period. His commitment to the new values of humanism in the face of authoritarian tendencies continues to justify the IVAM dedicating one of its permanent [&hellip;]\" \/>\n<meta property=\"og:url\" content=\"https:\/\/ivam.es\/en\/julio-gonzalez\/\" \/>\n<meta property=\"og:site_name\" content=\"IVAM\" \/>\n<meta property=\"article:modified_time\" content=\"2026-01-07T09:47:07+00:00\" \/>\n<meta property=\"og:image\" content=\"https:\/\/ivam.es\/wp-content\/uploads\/page\/julio-gonzalez\/9854a64e-911f-4cd0-ac79-3b27aba65a74-2.jpg\" \/>\n\t<meta property=\"og:image:width\" content=\"837\" \/>\n\t<meta property=\"og:image:height\" content=\"1417\" \/>\n\t<meta property=\"og:image:type\" content=\"image\/jpeg\" \/>\n<meta name=\"twitter:card\" content=\"summary_large_image\" \/>\n<meta name=\"twitter:label1\" content=\"Est. reading time\" \/>\n\t<meta name=\"twitter:data1\" content=\"2 minutes\" \/>\n<script type=\"application\/ld+json\" class=\"yoast-schema-graph\">{\"@context\":\"https:\/\/schema.org\",\"@graph\":[{\"@type\":\"WebPage\",\"@id\":\"https:\/\/ivam.es\/en\/julio-gonzalez\/\",\"url\":\"https:\/\/ivam.es\/en\/julio-gonzalez\/\",\"name\":\"JULIO GONZ\u00c1LEZ - IVAM\",\"isPartOf\":{\"@id\":\"https:\/\/ivam.es\/en\/#website\"},\"primaryImageOfPage\":{\"@id\":\"https:\/\/ivam.es\/en\/julio-gonzalez\/#primaryimage\"},\"image\":{\"@id\":\"https:\/\/ivam.es\/en\/julio-gonzalez\/#primaryimage\"},\"thumbnailUrl\":\"https:\/\/ivam.es\/wp-content\/uploads\/page\/julio-gonzalez\/9854a64e-911f-4cd0-ac79-3b27aba65a74-2-605x1024.jpg\",\"datePublished\":\"2020-04-06T13:04:51+00:00\",\"dateModified\":\"2026-01-07T09:47:07+00:00\",\"breadcrumb\":{\"@id\":\"https:\/\/ivam.es\/en\/julio-gonzalez\/#breadcrumb\"},\"inLanguage\":\"en-US\",\"potentialAction\":[{\"@type\":\"ReadAction\",\"target\":[\"https:\/\/ivam.es\/en\/julio-gonzalez\/\"]}]},{\"@type\":\"ImageObject\",\"inLanguage\":\"en-US\",\"@id\":\"https:\/\/ivam.es\/en\/julio-gonzalez\/#primaryimage\",\"url\":\"https:\/\/ivam.es\/wp-content\/uploads\/page\/julio-gonzalez\/9854a64e-911f-4cd0-ac79-3b27aba65a74-2-605x1024.jpg\",\"contentUrl\":\"https:\/\/ivam.es\/wp-content\/uploads\/page\/julio-gonzalez\/9854a64e-911f-4cd0-ac79-3b27aba65a74-2-605x1024.jpg\"},{\"@type\":\"BreadcrumbList\",\"@id\":\"https:\/\/ivam.es\/en\/julio-gonzalez\/#breadcrumb\",\"itemListElement\":[{\"@type\":\"ListItem\",\"position\":1,\"name\":\"Home\",\"item\":\"https:\/\/ivam.es\/en\/\"},{\"@type\":\"ListItem\",\"position\":2,\"name\":\"JULIO GONZ\u00c1LEZ\"}]},{\"@type\":\"WebSite\",\"@id\":\"https:\/\/ivam.es\/en\/#website\",\"url\":\"https:\/\/ivam.es\/en\/\",\"name\":\"IVAM\",\"description\":\"Institut Valenci\u00e0 d&#039;Art Modern\",\"publisher\":{\"@id\":\"https:\/\/ivam.es\/en\/#organization\"},\"potentialAction\":[{\"@type\":\"SearchAction\",\"target\":{\"@type\":\"EntryPoint\",\"urlTemplate\":\"https:\/\/ivam.es\/en\/?s={search_term_string}\"},\"query-input\":{\"@type\":\"PropertyValueSpecification\",\"valueRequired\":true,\"valueName\":\"search_term_string\"}}],\"inLanguage\":\"en-US\"},{\"@type\":\"Organization\",\"@id\":\"https:\/\/ivam.es\/en\/#organization\",\"name\":\"IVAM\",\"url\":\"https:\/\/ivam.es\/en\/\",\"logo\":{\"@type\":\"ImageObject\",\"inLanguage\":\"en-US\",\"@id\":\"https:\/\/ivam.es\/en\/#\/schema\/logo\/image\/\",\"url\":\"https:\/\/ivam.es\/wp-content\/uploads\/logo-ok-512.png\",\"contentUrl\":\"https:\/\/ivam.es\/wp-content\/uploads\/logo-ok-512.png\",\"width\":512,\"height\":512,\"caption\":\"IVAM\"},\"image\":{\"@id\":\"https:\/\/ivam.es\/en\/#\/schema\/logo\/image\/\"}}]}<\/script>\n<!-- \/ Yoast SEO plugin. -->","yoast_head_json":{"title":"JULIO GONZ\u00c1LEZ - IVAM","robots":{"index":"index","follow":"follow","max-snippet":"max-snippet:-1","max-image-preview":"max-image-preview:large","max-video-preview":"max-video-preview:-1"},"canonical":"https:\/\/ivam.es\/en\/julio-gonzalez\/","og_locale":"en_US","og_type":"article","og_title":"JULIO GONZ\u00c1LEZ - IVAM","og_description":"\u00a0 Julio Gonz\u00e1lez (Barcelona, 1876 &#8211; Par\u00eds, 1942) The work of the sculptor Julio Gonz\u00e1lez is an essential reference in the period of the European artistic avant-garde of the interwar period. His commitment to the new values of humanism in the face of authoritarian tendencies continues to justify the IVAM dedicating one of its permanent [&hellip;]","og_url":"https:\/\/ivam.es\/en\/julio-gonzalez\/","og_site_name":"IVAM","article_modified_time":"2026-01-07T09:47:07+00:00","og_image":[{"width":837,"height":1417,"url":"https:\/\/ivam.es\/wp-content\/uploads\/page\/julio-gonzalez\/9854a64e-911f-4cd0-ac79-3b27aba65a74-2.jpg","type":"image\/jpeg"}],"twitter_card":"summary_large_image","twitter_misc":{"Est. reading time":"2 minutes"},"schema":{"@context":"https:\/\/schema.org","@graph":[{"@type":"WebPage","@id":"https:\/\/ivam.es\/en\/julio-gonzalez\/","url":"https:\/\/ivam.es\/en\/julio-gonzalez\/","name":"JULIO GONZ\u00c1LEZ - IVAM","isPartOf":{"@id":"https:\/\/ivam.es\/en\/#website"},"primaryImageOfPage":{"@id":"https:\/\/ivam.es\/en\/julio-gonzalez\/#primaryimage"},"image":{"@id":"https:\/\/ivam.es\/en\/julio-gonzalez\/#primaryimage"},"thumbnailUrl":"https:\/\/ivam.es\/wp-content\/uploads\/page\/julio-gonzalez\/9854a64e-911f-4cd0-ac79-3b27aba65a74-2-605x1024.jpg","datePublished":"2020-04-06T13:04:51+00:00","dateModified":"2026-01-07T09:47:07+00:00","breadcrumb":{"@id":"https:\/\/ivam.es\/en\/julio-gonzalez\/#breadcrumb"},"inLanguage":"en-US","potentialAction":[{"@type":"ReadAction","target":["https:\/\/ivam.es\/en\/julio-gonzalez\/"]}]},{"@type":"ImageObject","inLanguage":"en-US","@id":"https:\/\/ivam.es\/en\/julio-gonzalez\/#primaryimage","url":"https:\/\/ivam.es\/wp-content\/uploads\/page\/julio-gonzalez\/9854a64e-911f-4cd0-ac79-3b27aba65a74-2-605x1024.jpg","contentUrl":"https:\/\/ivam.es\/wp-content\/uploads\/page\/julio-gonzalez\/9854a64e-911f-4cd0-ac79-3b27aba65a74-2-605x1024.jpg"},{"@type":"BreadcrumbList","@id":"https:\/\/ivam.es\/en\/julio-gonzalez\/#breadcrumb","itemListElement":[{"@type":"ListItem","position":1,"name":"Home","item":"https:\/\/ivam.es\/en\/"},{"@type":"ListItem","position":2,"name":"JULIO GONZ\u00c1LEZ"}]},{"@type":"WebSite","@id":"https:\/\/ivam.es\/en\/#website","url":"https:\/\/ivam.es\/en\/","name":"IVAM","description":"Institut Valenci\u00e0 d&#039;Art Modern","publisher":{"@id":"https:\/\/ivam.es\/en\/#organization"},"potentialAction":[{"@type":"SearchAction","target":{"@type":"EntryPoint","urlTemplate":"https:\/\/ivam.es\/en\/?s={search_term_string}"},"query-input":{"@type":"PropertyValueSpecification","valueRequired":true,"valueName":"search_term_string"}}],"inLanguage":"en-US"},{"@type":"Organization","@id":"https:\/\/ivam.es\/en\/#organization","name":"IVAM","url":"https:\/\/ivam.es\/en\/","logo":{"@type":"ImageObject","inLanguage":"en-US","@id":"https:\/\/ivam.es\/en\/#\/schema\/logo\/image\/","url":"https:\/\/ivam.es\/wp-content\/uploads\/logo-ok-512.png","contentUrl":"https:\/\/ivam.es\/wp-content\/uploads\/logo-ok-512.png","width":512,"height":512,"caption":"IVAM"},"image":{"@id":"https:\/\/ivam.es\/en\/#\/schema\/logo\/image\/"}}]}},"_links":{"self":[{"href":"https:\/\/ivam.es\/en\/wp-json\/wp\/v2\/pages\/44599","targetHints":{"allow":["GET"]}}],"collection":[{"href":"https:\/\/ivam.es\/en\/wp-json\/wp\/v2\/pages"}],"about":[{"href":"https:\/\/ivam.es\/en\/wp-json\/wp\/v2\/types\/page"}],"author":[{"embeddable":true,"href":"https:\/\/ivam.es\/en\/wp-json\/wp\/v2\/users\/3"}],"replies":[{"embeddable":true,"href":"https:\/\/ivam.es\/en\/wp-json\/wp\/v2\/comments?post=44599"}],"version-history":[{"count":6,"href":"https:\/\/ivam.es\/en\/wp-json\/wp\/v2\/pages\/44599\/revisions"}],"predecessor-version":[{"id":113706,"href":"https:\/\/ivam.es\/en\/wp-json\/wp\/v2\/pages\/44599\/revisions\/113706"}],"wp:attachment":[{"href":"https:\/\/ivam.es\/en\/wp-json\/wp\/v2\/media?parent=44599"}],"curies":[{"name":"wp","href":"https:\/\/api.w.org\/{rel}","templated":true}]}}