{"id":44588,"date":"2020-04-07T10:14:37","date_gmt":"2020-04-07T08:14:37","guid":{"rendered":"\/?page_id=44588"},"modified":"2020-04-07T10:14:37","modified_gmt":"2020-04-07T08:14:37","slug":"alexander-calder","status":"publish","type":"page","link":"https:\/\/ivam.es\/en\/alexander-calder\/","title":{"rendered":"ALEXANDER CALDER"},"content":{"rendered":"<p><a href=\"\/wp-content\/uploads\/page\/alexander-calder\/CALDER.jpg\"><img loading=\"lazy\" decoding=\"async\" class=\"alignnone size-medium wp-image-44505\" style=\"width: 100%; height: auto;\" src=\"\/wp-content\/uploads\/page\/alexander-calder\/CALDER-300x247.jpg\" alt=\"\" width=\"300\" height=\"247\" srcset=\"https:\/\/ivam.es\/wp-content\/uploads\/page\/alexander-calder\/CALDER-300x247.jpg 300w, https:\/\/ivam.es\/wp-content\/uploads\/page\/alexander-calder\/CALDER-1024x843.jpg 1024w, https:\/\/ivam.es\/wp-content\/uploads\/page\/alexander-calder\/CALDER-768x632.jpg 768w, https:\/\/ivam.es\/wp-content\/uploads\/page\/alexander-calder\/CALDER-280x230.jpg 280w, https:\/\/ivam.es\/wp-content\/uploads\/page\/alexander-calder\/CALDER-467x384.jpg 467w, https:\/\/ivam.es\/wp-content\/uploads\/page\/alexander-calder\/CALDER-231x190.jpg 231w, https:\/\/ivam.es\/wp-content\/uploads\/page\/alexander-calder\/CALDER-500x412.jpg 500w, https:\/\/ivam.es\/wp-content\/uploads\/page\/alexander-calder\/CALDER.jpg 1300w\" sizes=\"auto, (max-width: 300px) 100vw, 300px\" \/><\/a><\/p>\n<p>&nbsp;<\/p>\n<h4 style=\"text-align: justify;\">Untitled, ca. 1934<br \/>\nWood, metal<br \/>\n85 \u00d7 170 cm<\/h4>\n<p style=\"text-align: justify;\"><em>\u201c(&#8230;) the various objects of the universe may be constant, at times, but their reciprocal relationships always vary\u201d.<\/em> Alexander Calder<\/p>\n<p style=\"text-align: justify;\"><strong>Alexander CALDER (Lawton, USA, 1898-New York, 1976)<\/strong><\/p>\n<p style=\"text-align: justify;\">Calder is one of the most influential artists of the 20th century. He started by creating small pieces made of wood and wire that he twisted and flexed, drawing with it small three-dimensional figures inspired by the world of the circus. These figures were gradually simplified and abstracted while they were given movement to gain dynamism. This is how, in the 1930s, his first mobiles emerged: sculptures formed by abstract and organic pieces of wood or metal and suspended in the air that swing in a smooth, harmonious and almost hypnotic and imperceptible way. The changing shadows and lights, together with the slight sound generated by the figures colliding with each other, make the ensemble change its shape to continuously generate infinite shapes.<\/p>\n<p style=\"text-align: justify;\"><strong>Ma\u00edta Ca\u00f1am\u00e1s<\/strong><br \/>\n<strong>Curator<\/strong><\/p>\n","protected":false},"excerpt":{"rendered":"<p>&nbsp; Untitled, ca. 1934 Wood, metal 85 \u00d7 170 cm \u201c(&#8230;) the various objects of the universe may be constant, at times, but their reciprocal relationships always vary\u201d. Alexander Calder Alexander CALDER (Lawton, USA, 1898-New York, 1976) Calder is one of the most influential artists of the 20th century. He started by creating small pieces [&hellip;]<\/p>\n","protected":false},"author":3,"featured_media":0,"parent":0,"menu_order":25,"comment_status":"closed","ping_status":"closed","template":"","meta":{"footnotes":""},"class_list":["post-44588","page","type-page","status-publish","hentry"],"yoast_head":"<!-- This site is optimized with the Yoast SEO plugin v26.0 - https:\/\/yoast.com\/wordpress\/plugins\/seo\/ -->\n<title>ALEXANDER CALDER - IVAM<\/title>\n<meta name=\"robots\" content=\"index, follow, max-snippet:-1, max-image-preview:large, max-video-preview:-1\" \/>\n<link rel=\"canonical\" href=\"https:\/\/ivam.es\/en\/alexander-calder\/\" \/>\n<meta property=\"og:locale\" content=\"en_US\" \/>\n<meta property=\"og:type\" content=\"article\" \/>\n<meta property=\"og:title\" content=\"ALEXANDER CALDER - IVAM\" \/>\n<meta property=\"og:description\" content=\"&nbsp; Untitled, ca. 1934 Wood, metal 85 \u00d7 170 cm \u201c(&#8230;) the various objects of the universe may be constant, at times, but their reciprocal relationships always vary\u201d. Alexander Calder Alexander CALDER (Lawton, USA, 1898-New York, 1976) Calder is one of the most influential artists of the 20th century. He started by creating small pieces [&hellip;]\" \/>\n<meta property=\"og:url\" content=\"https:\/\/ivam.es\/en\/alexander-calder\/\" \/>\n<meta property=\"og:site_name\" content=\"IVAM\" \/>\n<meta name=\"twitter:card\" content=\"summary_large_image\" \/>\n<meta name=\"twitter:label1\" content=\"Est. reading time\" \/>\n\t<meta name=\"twitter:data1\" content=\"1 minute\" \/>\n<script type=\"application\/ld+json\" class=\"yoast-schema-graph\">{\"@context\":\"https:\/\/schema.org\",\"@graph\":[{\"@type\":\"WebPage\",\"@id\":\"https:\/\/ivam.es\/en\/alexander-calder\/\",\"url\":\"https:\/\/ivam.es\/en\/alexander-calder\/\",\"name\":\"ALEXANDER CALDER - IVAM\",\"isPartOf\":{\"@id\":\"https:\/\/ivam.es\/en\/#website\"},\"datePublished\":\"2020-04-07T08:14:37+00:00\",\"breadcrumb\":{\"@id\":\"https:\/\/ivam.es\/en\/alexander-calder\/#breadcrumb\"},\"inLanguage\":\"en-US\",\"potentialAction\":[{\"@type\":\"ReadAction\",\"target\":[\"https:\/\/ivam.es\/en\/alexander-calder\/\"]}]},{\"@type\":\"BreadcrumbList\",\"@id\":\"https:\/\/ivam.es\/en\/alexander-calder\/#breadcrumb\",\"itemListElement\":[{\"@type\":\"ListItem\",\"position\":1,\"name\":\"Home\",\"item\":\"https:\/\/ivam.es\/en\/\"},{\"@type\":\"ListItem\",\"position\":2,\"name\":\"ALEXANDER CALDER\"}]},{\"@type\":\"WebSite\",\"@id\":\"https:\/\/ivam.es\/en\/#website\",\"url\":\"https:\/\/ivam.es\/en\/\",\"name\":\"IVAM\",\"description\":\"Institut Valenci\u00e0 d&#039;Art Modern\",\"publisher\":{\"@id\":\"https:\/\/ivam.es\/en\/#organization\"},\"potentialAction\":[{\"@type\":\"SearchAction\",\"target\":{\"@type\":\"EntryPoint\",\"urlTemplate\":\"https:\/\/ivam.es\/en\/?s={search_term_string}\"},\"query-input\":{\"@type\":\"PropertyValueSpecification\",\"valueRequired\":true,\"valueName\":\"search_term_string\"}}],\"inLanguage\":\"en-US\"},{\"@type\":\"Organization\",\"@id\":\"https:\/\/ivam.es\/en\/#organization\",\"name\":\"IVAM\",\"url\":\"https:\/\/ivam.es\/en\/\",\"logo\":{\"@type\":\"ImageObject\",\"inLanguage\":\"en-US\",\"@id\":\"https:\/\/ivam.es\/en\/#\/schema\/logo\/image\/\",\"url\":\"https:\/\/ivam.es\/wp-content\/uploads\/logo-ok-512.png\",\"contentUrl\":\"https:\/\/ivam.es\/wp-content\/uploads\/logo-ok-512.png\",\"width\":512,\"height\":512,\"caption\":\"IVAM\"},\"image\":{\"@id\":\"https:\/\/ivam.es\/en\/#\/schema\/logo\/image\/\"}}]}<\/script>\n<!-- \/ Yoast SEO plugin. -->","yoast_head_json":{"title":"ALEXANDER CALDER - IVAM","robots":{"index":"index","follow":"follow","max-snippet":"max-snippet:-1","max-image-preview":"max-image-preview:large","max-video-preview":"max-video-preview:-1"},"canonical":"https:\/\/ivam.es\/en\/alexander-calder\/","og_locale":"en_US","og_type":"article","og_title":"ALEXANDER CALDER - IVAM","og_description":"&nbsp; Untitled, ca. 1934 Wood, metal 85 \u00d7 170 cm \u201c(&#8230;) the various objects of the universe may be constant, at times, but their reciprocal relationships always vary\u201d. Alexander Calder Alexander CALDER (Lawton, USA, 1898-New York, 1976) Calder is one of the most influential artists of the 20th century. He started by creating small pieces [&hellip;]","og_url":"https:\/\/ivam.es\/en\/alexander-calder\/","og_site_name":"IVAM","twitter_card":"summary_large_image","twitter_misc":{"Est. reading time":"1 minute"},"schema":{"@context":"https:\/\/schema.org","@graph":[{"@type":"WebPage","@id":"https:\/\/ivam.es\/en\/alexander-calder\/","url":"https:\/\/ivam.es\/en\/alexander-calder\/","name":"ALEXANDER CALDER - IVAM","isPartOf":{"@id":"https:\/\/ivam.es\/en\/#website"},"datePublished":"2020-04-07T08:14:37+00:00","breadcrumb":{"@id":"https:\/\/ivam.es\/en\/alexander-calder\/#breadcrumb"},"inLanguage":"en-US","potentialAction":[{"@type":"ReadAction","target":["https:\/\/ivam.es\/en\/alexander-calder\/"]}]},{"@type":"BreadcrumbList","@id":"https:\/\/ivam.es\/en\/alexander-calder\/#breadcrumb","itemListElement":[{"@type":"ListItem","position":1,"name":"Home","item":"https:\/\/ivam.es\/en\/"},{"@type":"ListItem","position":2,"name":"ALEXANDER CALDER"}]},{"@type":"WebSite","@id":"https:\/\/ivam.es\/en\/#website","url":"https:\/\/ivam.es\/en\/","name":"IVAM","description":"Institut Valenci\u00e0 d&#039;Art Modern","publisher":{"@id":"https:\/\/ivam.es\/en\/#organization"},"potentialAction":[{"@type":"SearchAction","target":{"@type":"EntryPoint","urlTemplate":"https:\/\/ivam.es\/en\/?s={search_term_string}"},"query-input":{"@type":"PropertyValueSpecification","valueRequired":true,"valueName":"search_term_string"}}],"inLanguage":"en-US"},{"@type":"Organization","@id":"https:\/\/ivam.es\/en\/#organization","name":"IVAM","url":"https:\/\/ivam.es\/en\/","logo":{"@type":"ImageObject","inLanguage":"en-US","@id":"https:\/\/ivam.es\/en\/#\/schema\/logo\/image\/","url":"https:\/\/ivam.es\/wp-content\/uploads\/logo-ok-512.png","contentUrl":"https:\/\/ivam.es\/wp-content\/uploads\/logo-ok-512.png","width":512,"height":512,"caption":"IVAM"},"image":{"@id":"https:\/\/ivam.es\/en\/#\/schema\/logo\/image\/"}}]}},"_links":{"self":[{"href":"https:\/\/ivam.es\/en\/wp-json\/wp\/v2\/pages\/44588","targetHints":{"allow":["GET"]}}],"collection":[{"href":"https:\/\/ivam.es\/en\/wp-json\/wp\/v2\/pages"}],"about":[{"href":"https:\/\/ivam.es\/en\/wp-json\/wp\/v2\/types\/page"}],"author":[{"embeddable":true,"href":"https:\/\/ivam.es\/en\/wp-json\/wp\/v2\/users\/3"}],"replies":[{"embeddable":true,"href":"https:\/\/ivam.es\/en\/wp-json\/wp\/v2\/comments?post=44588"}],"version-history":[{"count":4,"href":"https:\/\/ivam.es\/en\/wp-json\/wp\/v2\/pages\/44588\/revisions"}],"predecessor-version":[{"id":44636,"href":"https:\/\/ivam.es\/en\/wp-json\/wp\/v2\/pages\/44588\/revisions\/44636"}],"wp:attachment":[{"href":"https:\/\/ivam.es\/en\/wp-json\/wp\/v2\/media?parent=44588"}],"curies":[{"name":"wp","href":"https:\/\/api.w.org\/{rel}","templated":true}]}}