{"id":2516,"date":"2015-03-12T18:34:27","date_gmt":"2015-03-12T16:34:27","guid":{"rendered":"http:\/\/ivam.jomanetworks.com\/?page_id=2516"},"modified":"2026-02-23T14:39:12","modified_gmt":"2026-02-23T12:39:12","slug":"2516-2","status":"publish","type":"page","link":"https:\/\/ivam.es\/en\/2516-2\/","title":{"rendered":"IVAM\u2019s team"},"content":{"rendered":"<p><strong>Director<\/strong><br \/>Blanca de la Torre<\/p>\n<p><strong>Manager (Gerent)<\/strong><br \/>Mar\u00eda Ayuso<\/p>\n<p><strong>Deputy Director<\/strong><br \/>Kristine Guzm\u00e1n<\/p>\n<p><strong>Director&#8217;s Secretary<\/strong><br \/>Carmen Aguilera<\/p>\n<p><strong>Assistant to the Director&#8217;s Secretary<\/strong><br \/>Luis Royo<\/p>\n<p><strong>Manager&#8217;s Secretary<\/strong><br \/>Ana Garc\u00eda<\/p>\n<p><strong>Registry<\/strong><br \/>Cristina Mulinas, Pepe Talavera, Yolanda Monta\u00f1\u00e9s, M\u00aa \u00c1ngeles Valiente<\/p>\n<p><strong>Assembly\/Mounting<\/strong><br \/>Jorge Garc\u00eda, Pilar Mart\u00ednez, Toni Romero<\/p>\n<p><strong>Restoration<\/strong><br \/>Maite Mart\u00ednez, Isidre Sabater, Cristina V\u00e1zquez<\/p>\n<p><strong>Conservation<\/strong><br \/>Raquel Guti\u00e9rrez, Marta Arroyo, J. Ram\u00f3n Escriv\u00e0, M\u00aa Jes\u00fas Folch, Teresa Millet, Sandra Moros, Josep Salvador, Yolanda Franco<\/p>\n<p><strong>Economic Management<\/strong><br \/>Vanesa Abad, Sara Ruiz, M\u00f3nica Bernad, \u00c1ngel L\u00f3pez<\/p>\n<p><strong>Administrative Management<\/strong><br \/>Livia P\u00e9rez, Roseta Blasco, Lourdes Fari\u00f1as, Lola Chiner, Marisa Mart\u00ednez, Marina Sarri\u00f3n, Mar\u00eda Moreno, Laura Pallard\u00f3<\/p>\n<p><strong>Publications<\/strong><br \/>Vicky Menor, Juan Ram\u00f3n L\u00f3pez, Josu\u00e9 Domene, Concepci\u00f3n Santacana, Patricia Marzal<\/p>\n<p><strong>Communication and Social Networks<\/strong><br \/>Juana Camps, Carmen Sim\u00f3n, M\u00aa Jes\u00fas Sendra<\/p>\n<p><strong>Audience Management<\/strong><br \/>Ana Valls<\/p>\n<p><strong>Cultural and Educational Programs<\/strong><br \/>Irene Ll\u00e0cer, Olivia Rico, Jos\u00e9 Agust\u00edn Mart\u00ednez, Encarnaci\u00f3n Mart\u00ednez, Ana Guill\u00e9n<\/p>\n<p><strong>Library and<\/strong><strong>\u00a0Documentation Center<\/strong><br \/>Elo\u00edsa Garc\u00eda, F\u00e9lix Salas,\u00a0Alejandro Ituarte<\/p>\n<p><strong>Photography<\/strong><br \/>Juan Garc\u00eda Rosell<\/p>\n<p><strong>Information and Communication Technologies (ICT)<\/strong><br \/>Alberto Mata, Rafael Estruch, Toni Montiel<\/p>\n<p><strong>Maintenance<\/strong><br \/>Daniel C\u00e1mara, Manolo Peris, Dani Ll\u00e1cer, \u00d3scar Esteban, Vicente Barber\u00e1, Vicente Mart\u00ednez<\/p>\n<p><strong>Security<\/strong><br \/>Jos\u00e9 Ram\u00f3n L\u00f3pez<\/p>\n<p><strong>Internal Auditor<\/strong><br \/>Paula Fuster<\/p>\n\n\n<p><\/p>\n","protected":false},"excerpt":{"rendered":"<p>DirectorBlanca de la Torre Manager (Gerent)Mar\u00eda Ayuso Deputy DirectorKristine Guzm\u00e1n Director&#8217;s SecretaryCarmen Aguilera Assistant to the Director&#8217;s SecretaryLuis Royo Manager&#8217;s SecretaryAna Garc\u00eda RegistryCristina Mulinas, Pepe Talavera, Yolanda Monta\u00f1\u00e9s, M\u00aa \u00c1ngeles Valiente Assembly\/MountingJorge Garc\u00eda, Pilar Mart\u00ednez, Toni Romero RestorationMaite Mart\u00ednez, Isidre Sabater, Cristina V\u00e1zquez ConservationRaquel Guti\u00e9rrez, Marta Arroyo, J. Ram\u00f3n Escriv\u00e0, M\u00aa Jes\u00fas Folch, Teresa Millet, [&hellip;]<\/p>\n","protected":false},"author":3,"featured_media":0,"parent":0,"menu_order":279,"comment_status":"closed","ping_status":"closed","template":"","meta":{"footnotes":""},"class_list":["post-2516","page","type-page","status-publish","hentry"],"yoast_head":"<!-- This site is optimized with the Yoast SEO plugin v26.0 - https:\/\/yoast.com\/wordpress\/plugins\/seo\/ -->\n<title>IVAM\u2019s team - IVAM<\/title>\n<meta name=\"robots\" content=\"index, follow, max-snippet:-1, max-image-preview:large, max-video-preview:-1\" \/>\n<link rel=\"canonical\" href=\"https:\/\/ivam.es\/en\/2516-2\/\" \/>\n<meta property=\"og:locale\" content=\"en_US\" \/>\n<meta property=\"og:type\" content=\"article\" \/>\n<meta property=\"og:title\" content=\"IVAM\u2019s team - IVAM\" \/>\n<meta property=\"og:description\" content=\"DirectorBlanca de la Torre Manager (Gerent)Mar\u00eda Ayuso Deputy DirectorKristine Guzm\u00e1n Director&#8217;s SecretaryCarmen Aguilera Assistant to the Director&#8217;s SecretaryLuis Royo Manager&#8217;s SecretaryAna Garc\u00eda RegistryCristina Mulinas, Pepe Talavera, Yolanda Monta\u00f1\u00e9s, M\u00aa \u00c1ngeles Valiente Assembly\/MountingJorge Garc\u00eda, Pilar Mart\u00ednez, Toni Romero RestorationMaite Mart\u00ednez, Isidre Sabater, Cristina V\u00e1zquez ConservationRaquel Guti\u00e9rrez, Marta Arroyo, J. Ram\u00f3n Escriv\u00e0, M\u00aa Jes\u00fas Folch, Teresa Millet, [&hellip;]\" \/>\n<meta property=\"og:url\" content=\"https:\/\/ivam.es\/en\/2516-2\/\" \/>\n<meta property=\"og:site_name\" content=\"IVAM\" \/>\n<meta property=\"article:modified_time\" content=\"2026-02-23T12:39:12+00:00\" \/>\n<meta name=\"twitter:card\" content=\"summary_large_image\" \/>\n<meta name=\"twitter:label1\" content=\"Est. reading time\" \/>\n\t<meta name=\"twitter:data1\" content=\"1 minute\" \/>\n<script type=\"application\/ld+json\" class=\"yoast-schema-graph\">{\"@context\":\"https:\/\/schema.org\",\"@graph\":[{\"@type\":\"WebPage\",\"@id\":\"https:\/\/ivam.es\/en\/2516-2\/\",\"url\":\"https:\/\/ivam.es\/en\/2516-2\/\",\"name\":\"IVAM\u2019s team - IVAM\",\"isPartOf\":{\"@id\":\"https:\/\/ivam.es\/en\/#website\"},\"datePublished\":\"2015-03-12T16:34:27+00:00\",\"dateModified\":\"2026-02-23T12:39:12+00:00\",\"breadcrumb\":{\"@id\":\"https:\/\/ivam.es\/en\/2516-2\/#breadcrumb\"},\"inLanguage\":\"en-US\",\"potentialAction\":[{\"@type\":\"ReadAction\",\"target\":[\"https:\/\/ivam.es\/en\/2516-2\/\"]}]},{\"@type\":\"BreadcrumbList\",\"@id\":\"https:\/\/ivam.es\/en\/2516-2\/#breadcrumb\",\"itemListElement\":[{\"@type\":\"ListItem\",\"position\":1,\"name\":\"Home\",\"item\":\"https:\/\/ivam.es\/en\/\"},{\"@type\":\"ListItem\",\"position\":2,\"name\":\"IVAM\u2019s team\"}]},{\"@type\":\"WebSite\",\"@id\":\"https:\/\/ivam.es\/en\/#website\",\"url\":\"https:\/\/ivam.es\/en\/\",\"name\":\"IVAM\",\"description\":\"Institut Valenci\u00e0 d&#039;Art Modern\",\"publisher\":{\"@id\":\"https:\/\/ivam.es\/en\/#organization\"},\"potentialAction\":[{\"@type\":\"SearchAction\",\"target\":{\"@type\":\"EntryPoint\",\"urlTemplate\":\"https:\/\/ivam.es\/en\/?s={search_term_string}\"},\"query-input\":{\"@type\":\"PropertyValueSpecification\",\"valueRequired\":true,\"valueName\":\"search_term_string\"}}],\"inLanguage\":\"en-US\"},{\"@type\":\"Organization\",\"@id\":\"https:\/\/ivam.es\/en\/#organization\",\"name\":\"IVAM\",\"url\":\"https:\/\/ivam.es\/en\/\",\"logo\":{\"@type\":\"ImageObject\",\"inLanguage\":\"en-US\",\"@id\":\"https:\/\/ivam.es\/en\/#\/schema\/logo\/image\/\",\"url\":\"https:\/\/ivam.es\/wp-content\/uploads\/logo-ok-512.png\",\"contentUrl\":\"https:\/\/ivam.es\/wp-content\/uploads\/logo-ok-512.png\",\"width\":512,\"height\":512,\"caption\":\"IVAM\"},\"image\":{\"@id\":\"https:\/\/ivam.es\/en\/#\/schema\/logo\/image\/\"}}]}<\/script>\n<!-- \/ Yoast SEO plugin. -->","yoast_head_json":{"title":"IVAM\u2019s team - IVAM","robots":{"index":"index","follow":"follow","max-snippet":"max-snippet:-1","max-image-preview":"max-image-preview:large","max-video-preview":"max-video-preview:-1"},"canonical":"https:\/\/ivam.es\/en\/2516-2\/","og_locale":"en_US","og_type":"article","og_title":"IVAM\u2019s team - IVAM","og_description":"DirectorBlanca de la Torre Manager (Gerent)Mar\u00eda Ayuso Deputy DirectorKristine Guzm\u00e1n Director&#8217;s SecretaryCarmen Aguilera Assistant to the Director&#8217;s SecretaryLuis Royo Manager&#8217;s SecretaryAna Garc\u00eda RegistryCristina Mulinas, Pepe Talavera, Yolanda Monta\u00f1\u00e9s, M\u00aa \u00c1ngeles Valiente Assembly\/MountingJorge Garc\u00eda, Pilar Mart\u00ednez, Toni Romero RestorationMaite Mart\u00ednez, Isidre Sabater, Cristina V\u00e1zquez ConservationRaquel Guti\u00e9rrez, Marta Arroyo, J. Ram\u00f3n Escriv\u00e0, M\u00aa Jes\u00fas Folch, Teresa Millet, [&hellip;]","og_url":"https:\/\/ivam.es\/en\/2516-2\/","og_site_name":"IVAM","article_modified_time":"2026-02-23T12:39:12+00:00","twitter_card":"summary_large_image","twitter_misc":{"Est. reading time":"1 minute"},"schema":{"@context":"https:\/\/schema.org","@graph":[{"@type":"WebPage","@id":"https:\/\/ivam.es\/en\/2516-2\/","url":"https:\/\/ivam.es\/en\/2516-2\/","name":"IVAM\u2019s team - IVAM","isPartOf":{"@id":"https:\/\/ivam.es\/en\/#website"},"datePublished":"2015-03-12T16:34:27+00:00","dateModified":"2026-02-23T12:39:12+00:00","breadcrumb":{"@id":"https:\/\/ivam.es\/en\/2516-2\/#breadcrumb"},"inLanguage":"en-US","potentialAction":[{"@type":"ReadAction","target":["https:\/\/ivam.es\/en\/2516-2\/"]}]},{"@type":"BreadcrumbList","@id":"https:\/\/ivam.es\/en\/2516-2\/#breadcrumb","itemListElement":[{"@type":"ListItem","position":1,"name":"Home","item":"https:\/\/ivam.es\/en\/"},{"@type":"ListItem","position":2,"name":"IVAM\u2019s team"}]},{"@type":"WebSite","@id":"https:\/\/ivam.es\/en\/#website","url":"https:\/\/ivam.es\/en\/","name":"IVAM","description":"Institut Valenci\u00e0 d&#039;Art Modern","publisher":{"@id":"https:\/\/ivam.es\/en\/#organization"},"potentialAction":[{"@type":"SearchAction","target":{"@type":"EntryPoint","urlTemplate":"https:\/\/ivam.es\/en\/?s={search_term_string}"},"query-input":{"@type":"PropertyValueSpecification","valueRequired":true,"valueName":"search_term_string"}}],"inLanguage":"en-US"},{"@type":"Organization","@id":"https:\/\/ivam.es\/en\/#organization","name":"IVAM","url":"https:\/\/ivam.es\/en\/","logo":{"@type":"ImageObject","inLanguage":"en-US","@id":"https:\/\/ivam.es\/en\/#\/schema\/logo\/image\/","url":"https:\/\/ivam.es\/wp-content\/uploads\/logo-ok-512.png","contentUrl":"https:\/\/ivam.es\/wp-content\/uploads\/logo-ok-512.png","width":512,"height":512,"caption":"IVAM"},"image":{"@id":"https:\/\/ivam.es\/en\/#\/schema\/logo\/image\/"}}]}},"_links":{"self":[{"href":"https:\/\/ivam.es\/en\/wp-json\/wp\/v2\/pages\/2516","targetHints":{"allow":["GET"]}}],"collection":[{"href":"https:\/\/ivam.es\/en\/wp-json\/wp\/v2\/pages"}],"about":[{"href":"https:\/\/ivam.es\/en\/wp-json\/wp\/v2\/types\/page"}],"author":[{"embeddable":true,"href":"https:\/\/ivam.es\/en\/wp-json\/wp\/v2\/users\/3"}],"replies":[{"embeddable":true,"href":"https:\/\/ivam.es\/en\/wp-json\/wp\/v2\/comments?post=2516"}],"version-history":[{"count":96,"href":"https:\/\/ivam.es\/en\/wp-json\/wp\/v2\/pages\/2516\/revisions"}],"predecessor-version":[{"id":114558,"href":"https:\/\/ivam.es\/en\/wp-json\/wp\/v2\/pages\/2516\/revisions\/114558"}],"wp:attachment":[{"href":"https:\/\/ivam.es\/en\/wp-json\/wp\/v2\/media?parent=2516"}],"curies":[{"name":"wp","href":"https:\/\/api.w.org\/{rel}","templated":true}]}}