{"id":2500,"date":"2015-03-12T13:06:55","date_gmt":"2015-03-12T11:06:55","guid":{"rendered":"http:\/\/ivam.jomanetworks.com\/?page_id=2500"},"modified":"2019-09-30T12:37:32","modified_gmt":"2019-09-30T10:37:32","slug":"building","status":"publish","type":"page","link":"https:\/\/ivam.es\/en\/building\/","title":{"rendered":"Building"},"content":{"rendered":"<p>The IVAM (Valencian Institute of Modern Art) was designed by valencian architects Emilio Gim\u00e9nez and Carlos Salvadores. It is a newly-constructed building opened in 1989, and it was remodeled in 2000 by Emilio Gim\u00e9nez and Juli\u00e1n Esteban.<\/p>\n<p>It occupies an area of 18,200 m<sup>2<\/sup>\u00a0and contains eight galleries for permanent and temporary exhibitions. One, the Board of the Wall, has independent access and display the foundations of the old medieval walls of Valencia, built in the second half of the fourteenth century.<\/p>\n","protected":false},"excerpt":{"rendered":"<p>The IVAM (Valencian Institute of Modern Art) was designed by valencian architects Emilio Gim\u00e9nez and Carlos Salvadores. It is a newly-constructed building opened in 1989, and it was remodeled in 2000 by Emilio Gim\u00e9nez and Juli\u00e1n Esteban. It occupies an area of 18,200 m2\u00a0and contains eight galleries for permanent and temporary exhibitions. One, the Board [&hellip;]<\/p>\n","protected":false},"author":3,"featured_media":0,"parent":0,"menu_order":283,"comment_status":"closed","ping_status":"closed","template":"","meta":{"footnotes":""},"class_list":["post-2500","page","type-page","status-publish","hentry"],"yoast_head":"<!-- This site is optimized with the Yoast SEO plugin v26.0 - https:\/\/yoast.com\/wordpress\/plugins\/seo\/ -->\n<title>Building - IVAM<\/title>\n<meta name=\"robots\" content=\"index, follow, max-snippet:-1, max-image-preview:large, max-video-preview:-1\" \/>\n<link rel=\"canonical\" href=\"https:\/\/ivam.es\/en\/building\/\" \/>\n<meta property=\"og:locale\" content=\"en_US\" \/>\n<meta property=\"og:type\" content=\"article\" \/>\n<meta property=\"og:title\" content=\"Building - IVAM\" \/>\n<meta property=\"og:description\" content=\"The IVAM (Valencian Institute of Modern Art) was designed by valencian architects Emilio Gim\u00e9nez and Carlos Salvadores. It is a newly-constructed building opened in 1989, and it was remodeled in 2000 by Emilio Gim\u00e9nez and Juli\u00e1n Esteban. It occupies an area of 18,200 m2\u00a0and contains eight galleries for permanent and temporary exhibitions. One, the Board [&hellip;]\" \/>\n<meta property=\"og:url\" content=\"https:\/\/ivam.es\/en\/building\/\" \/>\n<meta property=\"og:site_name\" content=\"IVAM\" \/>\n<meta property=\"article:modified_time\" content=\"2019-09-30T10:37:32+00:00\" \/>\n<meta name=\"twitter:card\" content=\"summary_large_image\" \/>\n<script type=\"application\/ld+json\" class=\"yoast-schema-graph\">{\"@context\":\"https:\/\/schema.org\",\"@graph\":[{\"@type\":\"WebPage\",\"@id\":\"https:\/\/ivam.es\/en\/building\/\",\"url\":\"https:\/\/ivam.es\/en\/building\/\",\"name\":\"Building - IVAM\",\"isPartOf\":{\"@id\":\"https:\/\/ivam.es\/en\/#website\"},\"datePublished\":\"2015-03-12T11:06:55+00:00\",\"dateModified\":\"2019-09-30T10:37:32+00:00\",\"breadcrumb\":{\"@id\":\"https:\/\/ivam.es\/en\/building\/#breadcrumb\"},\"inLanguage\":\"en-US\",\"potentialAction\":[{\"@type\":\"ReadAction\",\"target\":[\"https:\/\/ivam.es\/en\/building\/\"]}]},{\"@type\":\"BreadcrumbList\",\"@id\":\"https:\/\/ivam.es\/en\/building\/#breadcrumb\",\"itemListElement\":[{\"@type\":\"ListItem\",\"position\":1,\"name\":\"Home\",\"item\":\"https:\/\/ivam.es\/en\/\"},{\"@type\":\"ListItem\",\"position\":2,\"name\":\"Building\"}]},{\"@type\":\"WebSite\",\"@id\":\"https:\/\/ivam.es\/en\/#website\",\"url\":\"https:\/\/ivam.es\/en\/\",\"name\":\"IVAM\",\"description\":\"Institut Valenci\u00e0 d&#039;Art Modern\",\"publisher\":{\"@id\":\"https:\/\/ivam.es\/en\/#organization\"},\"potentialAction\":[{\"@type\":\"SearchAction\",\"target\":{\"@type\":\"EntryPoint\",\"urlTemplate\":\"https:\/\/ivam.es\/en\/?s={search_term_string}\"},\"query-input\":{\"@type\":\"PropertyValueSpecification\",\"valueRequired\":true,\"valueName\":\"search_term_string\"}}],\"inLanguage\":\"en-US\"},{\"@type\":\"Organization\",\"@id\":\"https:\/\/ivam.es\/en\/#organization\",\"name\":\"IVAM\",\"url\":\"https:\/\/ivam.es\/en\/\",\"logo\":{\"@type\":\"ImageObject\",\"inLanguage\":\"en-US\",\"@id\":\"https:\/\/ivam.es\/en\/#\/schema\/logo\/image\/\",\"url\":\"https:\/\/ivam.es\/wp-content\/uploads\/logo-ok-512.png\",\"contentUrl\":\"https:\/\/ivam.es\/wp-content\/uploads\/logo-ok-512.png\",\"width\":512,\"height\":512,\"caption\":\"IVAM\"},\"image\":{\"@id\":\"https:\/\/ivam.es\/en\/#\/schema\/logo\/image\/\"}}]}<\/script>\n<!-- \/ Yoast SEO plugin. -->","yoast_head_json":{"title":"Building - IVAM","robots":{"index":"index","follow":"follow","max-snippet":"max-snippet:-1","max-image-preview":"max-image-preview:large","max-video-preview":"max-video-preview:-1"},"canonical":"https:\/\/ivam.es\/en\/building\/","og_locale":"en_US","og_type":"article","og_title":"Building - IVAM","og_description":"The IVAM (Valencian Institute of Modern Art) was designed by valencian architects Emilio Gim\u00e9nez and Carlos Salvadores. It is a newly-constructed building opened in 1989, and it was remodeled in 2000 by Emilio Gim\u00e9nez and Juli\u00e1n Esteban. It occupies an area of 18,200 m2\u00a0and contains eight galleries for permanent and temporary exhibitions. One, the Board [&hellip;]","og_url":"https:\/\/ivam.es\/en\/building\/","og_site_name":"IVAM","article_modified_time":"2019-09-30T10:37:32+00:00","twitter_card":"summary_large_image","schema":{"@context":"https:\/\/schema.org","@graph":[{"@type":"WebPage","@id":"https:\/\/ivam.es\/en\/building\/","url":"https:\/\/ivam.es\/en\/building\/","name":"Building - IVAM","isPartOf":{"@id":"https:\/\/ivam.es\/en\/#website"},"datePublished":"2015-03-12T11:06:55+00:00","dateModified":"2019-09-30T10:37:32+00:00","breadcrumb":{"@id":"https:\/\/ivam.es\/en\/building\/#breadcrumb"},"inLanguage":"en-US","potentialAction":[{"@type":"ReadAction","target":["https:\/\/ivam.es\/en\/building\/"]}]},{"@type":"BreadcrumbList","@id":"https:\/\/ivam.es\/en\/building\/#breadcrumb","itemListElement":[{"@type":"ListItem","position":1,"name":"Home","item":"https:\/\/ivam.es\/en\/"},{"@type":"ListItem","position":2,"name":"Building"}]},{"@type":"WebSite","@id":"https:\/\/ivam.es\/en\/#website","url":"https:\/\/ivam.es\/en\/","name":"IVAM","description":"Institut Valenci\u00e0 d&#039;Art Modern","publisher":{"@id":"https:\/\/ivam.es\/en\/#organization"},"potentialAction":[{"@type":"SearchAction","target":{"@type":"EntryPoint","urlTemplate":"https:\/\/ivam.es\/en\/?s={search_term_string}"},"query-input":{"@type":"PropertyValueSpecification","valueRequired":true,"valueName":"search_term_string"}}],"inLanguage":"en-US"},{"@type":"Organization","@id":"https:\/\/ivam.es\/en\/#organization","name":"IVAM","url":"https:\/\/ivam.es\/en\/","logo":{"@type":"ImageObject","inLanguage":"en-US","@id":"https:\/\/ivam.es\/en\/#\/schema\/logo\/image\/","url":"https:\/\/ivam.es\/wp-content\/uploads\/logo-ok-512.png","contentUrl":"https:\/\/ivam.es\/wp-content\/uploads\/logo-ok-512.png","width":512,"height":512,"caption":"IVAM"},"image":{"@id":"https:\/\/ivam.es\/en\/#\/schema\/logo\/image\/"}}]}},"_links":{"self":[{"href":"https:\/\/ivam.es\/en\/wp-json\/wp\/v2\/pages\/2500","targetHints":{"allow":["GET"]}}],"collection":[{"href":"https:\/\/ivam.es\/en\/wp-json\/wp\/v2\/pages"}],"about":[{"href":"https:\/\/ivam.es\/en\/wp-json\/wp\/v2\/types\/page"}],"author":[{"embeddable":true,"href":"https:\/\/ivam.es\/en\/wp-json\/wp\/v2\/users\/3"}],"replies":[{"embeddable":true,"href":"https:\/\/ivam.es\/en\/wp-json\/wp\/v2\/comments?post=2500"}],"version-history":[{"count":2,"href":"https:\/\/ivam.es\/en\/wp-json\/wp\/v2\/pages\/2500\/revisions"}],"predecessor-version":[{"id":2503,"href":"https:\/\/ivam.es\/en\/wp-json\/wp\/v2\/pages\/2500\/revisions\/2503"}],"wp:attachment":[{"href":"https:\/\/ivam.es\/en\/wp-json\/wp\/v2\/media?parent=2500"}],"curies":[{"name":"wp","href":"https:\/\/api.w.org\/{rel}","templated":true}]}}