{"id":113993,"date":"2023-01-25T13:55:52","date_gmt":"2023-01-25T11:55:52","guid":{"rendered":"https:\/\/ivam.es\/indicaciones-de-visita\/"},"modified":"2026-02-04T13:16:39","modified_gmt":"2026-02-04T11:16:39","slug":"indicaciones-de-visita","status":"publish","type":"page","link":"https:\/\/ivam.es\/en\/indicaciones-de-visita\/","title":{"rendered":"Visiting directions"},"content":{"rendered":"\n<p>To ensure a pleasant and safe visit to the IVAM, the following recommendations apply to individual visits, group visits, and visits through organized activities.<\/p>\n\n\n\n<p><strong>Access<\/strong><\/p>\n\n\n\n<p>To access the exhibitions at the IVAM&#8217;s Centre Julio Gonz\u00e1lez, a ticket is required. Tickets can be issued by the staff at the reception desk or purchased online. Upon request, the ticket must be shown to security or access personnel in the galleries.<\/p>\n\n\n\n<p>For group visits, tickets must be purchased at least 24 hours in advance through the museum&#8217;s website, specifying the date and time of the visit. The IVAM will provide a special locker for the personal belongings of each group.<\/p>\n\n\n\n<p>For the smooth running of the visit, groups are limited to a maximum of 30 people, one of whom will be the group leader. For educational groups, the maximum group size is 35 people or the number specified for each activity.<\/p>\n\n\n\n<p>Pursuant to Article 23 of Law 4\/2003 of the Valencian Regional Government, the museum reserves the right of admission.<\/p>\n\n\n\n<p><strong>Opening Hours<\/strong><\/p>\n\n\n\n<p>In order to close the museum on time, visitors will begin to leave the galleries fifteen minutes before closing time, except for visits and activities scheduled outside of regular museum hours.<\/p>\n\n\n\n<p><strong>Children<\/strong><\/p>\n\n\n\n<p>Children under 12 years of age visiting the museum independently, without being part of a group or specific activity, must be accompanied by a responsible adult.<\/p>\n\n\n\n<p><strong>Babies<\/strong><\/p>\n\n\n\n<p>Baby strollers are permitted in the exhibition galleries. <\/p>\n\n\n\n<p><strong>Permitted Items<\/strong><\/p>\n\n\n\n<p>For security reasons, umbrellas, bags, backpacks, and similar items must be stored in the lockers in the cloakroom, which is free for visitors. The dimensions are: small (35 \u00d7 45 \u00d7 48.50 cm) and large (35 \u00d7 66 \u00d7 48.50 cm). Deposited items must be removed before the museum closes. The IVAM is not responsible for items stored in the lockers.<\/p>\n\n\n\n<p>In case of loss of the locker slip, the visitor must prove ownership of the personal items deposited by providing a detailed description.<\/p>\n\n\n\n<p>To ensure a safe visit for museum visitors and the artworks on display, sharp or pointed objects and the use of laser pointers are not permitted in the galleries.<\/p>\n\n\n\n<p><strong>Scooters<\/strong><\/p>\n\n\n\n<p>Scooters, skateboards, and electric scooters may be stored in the lockers provided their dimensions are compatible with the available space.<\/p>\n\n\n\n<p><strong>Bicycles<\/strong><\/p>\n\n\n\n<p>Public bicycle parking is available outside the IVAM&#8217;s Centre Julio Gonz\u00e1lez.<\/p>\n\n\n\n<p>In front of the IVAM&#8217;s Julio Gonz\u00e1lez Centre is a Valenbisi station, and another one is located 200 meters away on Calle Corona.<\/p>\n\n\n\n<p><strong>Photography, Video, and Drawing<\/strong><\/p>\n\n\n\n<p>Photography is permitted without flash, tripod, selfie stick, or any other camera stabilization device, except where otherwise indicated.<\/p>\n\n\n\n<p>Filming for informational and\/or commercial purposes requires express authorization from the IVAM&#8217;s communications department, which can be obtained by sending an email to comunicacion@ivam.es.<\/p>\n\n\n\n<p>Sketching of the exhibited artworks is permitted using small sketchbooks and colored pencils. The use of easels is not allowed.<\/p>\n\n\n\n<p><strong>Exhibition Temperature<\/strong><\/p>\n\n\n\n<p>The exhibition galleries are maintained at a constant temperature of 21-22\u00baC, necessary for the preservation of the artworks.<\/p>\n\n\n\n<p><strong>Animals<\/strong><\/p>\n\n\n\n<p>For the preservation of cultural heritage, animals are not allowed except for assistance dogs and emotional support dogs (with proper justification).<\/p>\n\n\n\n<p><strong>WiFi<\/strong><\/p>\n\n\n\n<p>The IVAM has a public Wi-Fi network.<\/p>\n\n\n\n<p><strong>Accessibility<\/strong><\/p>\n\n\n\n<p>See the accessibility section for specific recommendations and services.<\/p>\n\n\n\n<p><strong>Rest, Food, and Drinks<\/strong><\/p>\n\n\n\n<p>The IVAM has rest areas in the main hall and in the lobbies on the first and second floors.<\/p>\n\n\n\n<p>For food and drinks, we recommend using the IVAM caf\u00e9 or the terrace, as it is not permitted in the galleries or their access areas. This restriction does not apply to infants and children under 2 years old.<\/p>\n\n\n\n<p><strong>Community Space<\/strong><\/p>\n\n\n\n<p>Within the exhibition galleries, and during your visit, access will be facilitated at all times for other visitors, as well as for educational or cultural groups or those participating in an activity.<\/p>\n\n\n\n<p>To ensure your visit to the IVAM is a pleasant experience and a space for cultural exchange, we ask that you:<\/p>\n\n\n\n<p>Maintain a respectful demeanor<\/p>\n","protected":false},"excerpt":{"rendered":"<p>To ensure a pleasant and safe visit to the IVAM, the following recommendations apply to individual visits, group visits, and visits through organized activities. Access To access the exhibitions at the IVAM&#8217;s Centre Julio Gonz\u00e1lez, a ticket is required. Tickets can be issued by the staff at the reception desk or purchased online. Upon request, [&hellip;]<\/p>\n","protected":false},"author":291,"featured_media":0,"parent":0,"menu_order":0,"comment_status":"closed","ping_status":"closed","template":"","meta":{"footnotes":""},"class_list":["post-113993","page","type-page","status-publish","hentry"],"yoast_head":"<!-- This site is optimized with the Yoast SEO plugin v26.0 - https:\/\/yoast.com\/wordpress\/plugins\/seo\/ -->\n<title>Visiting directions - IVAM<\/title>\n<meta name=\"robots\" content=\"index, follow, max-snippet:-1, max-image-preview:large, max-video-preview:-1\" \/>\n<link rel=\"canonical\" href=\"https:\/\/ivam.es\/en\/indicaciones-de-visita\/\" \/>\n<meta property=\"og:locale\" content=\"en_US\" \/>\n<meta property=\"og:type\" content=\"article\" \/>\n<meta property=\"og:title\" content=\"Visiting directions - IVAM\" \/>\n<meta property=\"og:description\" content=\"To ensure a pleasant and safe visit to the IVAM, the following recommendations apply to individual visits, group visits, and visits through organized activities. Access To access the exhibitions at the IVAM&#8217;s Centre Julio Gonz\u00e1lez, a ticket is required. Tickets can be issued by the staff at the reception desk or purchased online. Upon request, [&hellip;]\" \/>\n<meta property=\"og:url\" content=\"https:\/\/ivam.es\/en\/indicaciones-de-visita\/\" \/>\n<meta property=\"og:site_name\" content=\"IVAM\" \/>\n<meta property=\"article:modified_time\" content=\"2026-02-04T11:16:39+00:00\" \/>\n<meta name=\"twitter:card\" content=\"summary_large_image\" \/>\n<meta name=\"twitter:label1\" content=\"Est. reading time\" \/>\n\t<meta name=\"twitter:data1\" content=\"3 minutes\" \/>\n<script type=\"application\/ld+json\" class=\"yoast-schema-graph\">{\"@context\":\"https:\/\/schema.org\",\"@graph\":[{\"@type\":\"WebPage\",\"@id\":\"https:\/\/ivam.es\/en\/indicaciones-de-visita\/\",\"url\":\"https:\/\/ivam.es\/en\/indicaciones-de-visita\/\",\"name\":\"Visiting directions - IVAM\",\"isPartOf\":{\"@id\":\"https:\/\/ivam.es\/en\/#website\"},\"datePublished\":\"2023-01-25T11:55:52+00:00\",\"dateModified\":\"2026-02-04T11:16:39+00:00\",\"breadcrumb\":{\"@id\":\"https:\/\/ivam.es\/en\/indicaciones-de-visita\/#breadcrumb\"},\"inLanguage\":\"en-US\",\"potentialAction\":[{\"@type\":\"ReadAction\",\"target\":[\"https:\/\/ivam.es\/en\/indicaciones-de-visita\/\"]}]},{\"@type\":\"BreadcrumbList\",\"@id\":\"https:\/\/ivam.es\/en\/indicaciones-de-visita\/#breadcrumb\",\"itemListElement\":[{\"@type\":\"ListItem\",\"position\":1,\"name\":\"Home\",\"item\":\"https:\/\/ivam.es\/en\/\"},{\"@type\":\"ListItem\",\"position\":2,\"name\":\"Visiting directions\"}]},{\"@type\":\"WebSite\",\"@id\":\"https:\/\/ivam.es\/en\/#website\",\"url\":\"https:\/\/ivam.es\/en\/\",\"name\":\"IVAM\",\"description\":\"Institut Valenci\u00e0 d&#039;Art Modern\",\"publisher\":{\"@id\":\"https:\/\/ivam.es\/en\/#organization\"},\"potentialAction\":[{\"@type\":\"SearchAction\",\"target\":{\"@type\":\"EntryPoint\",\"urlTemplate\":\"https:\/\/ivam.es\/en\/?s={search_term_string}\"},\"query-input\":{\"@type\":\"PropertyValueSpecification\",\"valueRequired\":true,\"valueName\":\"search_term_string\"}}],\"inLanguage\":\"en-US\"},{\"@type\":\"Organization\",\"@id\":\"https:\/\/ivam.es\/en\/#organization\",\"name\":\"IVAM\",\"url\":\"https:\/\/ivam.es\/en\/\",\"logo\":{\"@type\":\"ImageObject\",\"inLanguage\":\"en-US\",\"@id\":\"https:\/\/ivam.es\/en\/#\/schema\/logo\/image\/\",\"url\":\"https:\/\/ivam.es\/wp-content\/uploads\/logo-ok-512.png\",\"contentUrl\":\"https:\/\/ivam.es\/wp-content\/uploads\/logo-ok-512.png\",\"width\":512,\"height\":512,\"caption\":\"IVAM\"},\"image\":{\"@id\":\"https:\/\/ivam.es\/en\/#\/schema\/logo\/image\/\"}}]}<\/script>\n<!-- \/ Yoast SEO plugin. -->","yoast_head_json":{"title":"Visiting directions - IVAM","robots":{"index":"index","follow":"follow","max-snippet":"max-snippet:-1","max-image-preview":"max-image-preview:large","max-video-preview":"max-video-preview:-1"},"canonical":"https:\/\/ivam.es\/en\/indicaciones-de-visita\/","og_locale":"en_US","og_type":"article","og_title":"Visiting directions - IVAM","og_description":"To ensure a pleasant and safe visit to the IVAM, the following recommendations apply to individual visits, group visits, and visits through organized activities. Access To access the exhibitions at the IVAM&#8217;s Centre Julio Gonz\u00e1lez, a ticket is required. Tickets can be issued by the staff at the reception desk or purchased online. Upon request, [&hellip;]","og_url":"https:\/\/ivam.es\/en\/indicaciones-de-visita\/","og_site_name":"IVAM","article_modified_time":"2026-02-04T11:16:39+00:00","twitter_card":"summary_large_image","twitter_misc":{"Est. reading time":"3 minutes"},"schema":{"@context":"https:\/\/schema.org","@graph":[{"@type":"WebPage","@id":"https:\/\/ivam.es\/en\/indicaciones-de-visita\/","url":"https:\/\/ivam.es\/en\/indicaciones-de-visita\/","name":"Visiting directions - IVAM","isPartOf":{"@id":"https:\/\/ivam.es\/en\/#website"},"datePublished":"2023-01-25T11:55:52+00:00","dateModified":"2026-02-04T11:16:39+00:00","breadcrumb":{"@id":"https:\/\/ivam.es\/en\/indicaciones-de-visita\/#breadcrumb"},"inLanguage":"en-US","potentialAction":[{"@type":"ReadAction","target":["https:\/\/ivam.es\/en\/indicaciones-de-visita\/"]}]},{"@type":"BreadcrumbList","@id":"https:\/\/ivam.es\/en\/indicaciones-de-visita\/#breadcrumb","itemListElement":[{"@type":"ListItem","position":1,"name":"Home","item":"https:\/\/ivam.es\/en\/"},{"@type":"ListItem","position":2,"name":"Visiting directions"}]},{"@type":"WebSite","@id":"https:\/\/ivam.es\/en\/#website","url":"https:\/\/ivam.es\/en\/","name":"IVAM","description":"Institut Valenci\u00e0 d&#039;Art Modern","publisher":{"@id":"https:\/\/ivam.es\/en\/#organization"},"potentialAction":[{"@type":"SearchAction","target":{"@type":"EntryPoint","urlTemplate":"https:\/\/ivam.es\/en\/?s={search_term_string}"},"query-input":{"@type":"PropertyValueSpecification","valueRequired":true,"valueName":"search_term_string"}}],"inLanguage":"en-US"},{"@type":"Organization","@id":"https:\/\/ivam.es\/en\/#organization","name":"IVAM","url":"https:\/\/ivam.es\/en\/","logo":{"@type":"ImageObject","inLanguage":"en-US","@id":"https:\/\/ivam.es\/en\/#\/schema\/logo\/image\/","url":"https:\/\/ivam.es\/wp-content\/uploads\/logo-ok-512.png","contentUrl":"https:\/\/ivam.es\/wp-content\/uploads\/logo-ok-512.png","width":512,"height":512,"caption":"IVAM"},"image":{"@id":"https:\/\/ivam.es\/en\/#\/schema\/logo\/image\/"}}]}},"_links":{"self":[{"href":"https:\/\/ivam.es\/en\/wp-json\/wp\/v2\/pages\/113993","targetHints":{"allow":["GET"]}}],"collection":[{"href":"https:\/\/ivam.es\/en\/wp-json\/wp\/v2\/pages"}],"about":[{"href":"https:\/\/ivam.es\/en\/wp-json\/wp\/v2\/types\/page"}],"author":[{"embeddable":true,"href":"https:\/\/ivam.es\/en\/wp-json\/wp\/v2\/users\/291"}],"replies":[{"embeddable":true,"href":"https:\/\/ivam.es\/en\/wp-json\/wp\/v2\/comments?post=113993"}],"version-history":[{"count":8,"href":"https:\/\/ivam.es\/en\/wp-json\/wp\/v2\/pages\/113993\/revisions"}],"predecessor-version":[{"id":114134,"href":"https:\/\/ivam.es\/en\/wp-json\/wp\/v2\/pages\/113993\/revisions\/114134"}],"wp:attachment":[{"href":"https:\/\/ivam.es\/en\/wp-json\/wp\/v2\/media?parent=113993"}],"curies":[{"name":"wp","href":"https:\/\/api.w.org\/{rel}","templated":true}]}}